{"id":2314,"date":"2025-06-25T15:56:28","date_gmt":"2025-06-25T18:56:28","guid":{"rendered":"https:\/\/ufpr.br\/prpi\/?page_id=2314"},"modified":"2025-08-20T11:56:57","modified_gmt":"2025-08-20T14:56:57","slug":"edital-no-17-2025-prpi-cofpi-apoio-a-manutencao-de-equipamentos-de-pesquisa","status":"publish","type":"page","link":"https:\/\/ufpr.br\/prpi\/edital-no-17-2025-prpi-cofpi-apoio-a-manutencao-de-equipamentos-de-pesquisa\/","title":{"rendered":"Edital n\u00ba 17\/2025 PRPI\/COFPI &#8211; Apoio \u00e0 Manuten\u00e7\u00e3o de Equipamentos de Pesquisa"},"content":{"rendered":"\n<p><strong>A Pr\u00f3-reitoria de Pesquisa e Inova\u00e7\u00e3o (PRPI)<\/strong>, por meio da&nbsp;<strong>Coordenadoria de Fomento a Projetos Institucionais (COFPI)<\/strong>, torna p\u00fablico edital para submiss\u00e3o de propostas visando o apoio financeiro para a manuten\u00e7\u00e3o de equipamentos de pesquisa. O objetivo \u00e9 custear as manuten\u00e7\u00f5es corretivas e preventivas de equipamentos, bem como a renova\u00e7\u00e3o de licen\u00e7as de softwares, em prol das atividades de pesquisa desenvolvidas na institui\u00e7\u00e3o.<\/p>\n\n\n\n<p><strong>INFORMA\u00c7\u00d5ES<\/strong><\/p>\n\n\n\n<ul class=\"wp-block-list\">\n<li>Avisamos que est\u00e3o suspensas temporariamente importa\u00e7\u00f5es de pe\u00e7as e servi\u00e7os.<\/li>\n\n\n\n<li><a href=\"https:\/\/ufpr.br\/prpi\/wp-content\/uploads\/2025\/08\/SEI_8070952_Edital_17_2025.pdf\" target=\"_blank\" rel=\"noreferrer noopener\">Edital 17\/2025 PRPI\/COFPI \u2013 Apoio \u00e0 Manuten\u00e7\u00e3o de Equipamentos de Pesquisa<\/a><\/li>\n<\/ul>\n\n\n\n<p><strong>ANEXOS<\/strong><\/p>\n\n\n\n<ul class=\"wp-block-list\">\n<li><a href=\"https:\/\/ufpr.br\/prpi\/wp-content\/uploads\/2025\/07\/Anexo-I-edital-de-manutencao.pdf\" target=\"_blank\" rel=\"noreferrer noopener\">Anexo I \u2013 Formul\u00e1rio de Solicita\u00e7\u00e3o de Apoio \u00e0 Manuten\u00e7\u00e3o de Equipamentos de Pesquisa<\/a><\/li>\n<\/ul>\n\n\n\n<p><\/p>\n\n\n\n<p><\/p>\n","protected":false},"excerpt":{"rendered":"<p>A Pr\u00f3-reitoria de Pesquisa e Inova\u00e7\u00e3o (PRPI), por meio da&nbsp;Coordenadoria de Fomento a Projetos Institucionais (COFPI), torna p\u00fablico edital para submiss\u00e3o de propostas visando o apoio financeiro para a manuten\u00e7\u00e3o de equipamentos de pesquisa. O objetivo \u00e9 custear as manuten\u00e7\u00f5es corretivas e preventivas de equipamentos, bem como a renova\u00e7\u00e3o de licen\u00e7as de softwares, em prol [&hellip;]<\/p>\n","protected":false},"author":21,"featured_media":0,"parent":0,"menu_order":0,"comment_status":"closed","ping_status":"closed","template":"","meta":{"footnotes":""},"class_list":["post-2314","page","type-page","status-publish","hentry"],"_links":{"self":[{"href":"https:\/\/ufpr.br\/prpi\/wp-json\/wp\/v2\/pages\/2314","targetHints":{"allow":["GET"]}}],"collection":[{"href":"https:\/\/ufpr.br\/prpi\/wp-json\/wp\/v2\/pages"}],"about":[{"href":"https:\/\/ufpr.br\/prpi\/wp-json\/wp\/v2\/types\/page"}],"author":[{"embeddable":true,"href":"https:\/\/ufpr.br\/prpi\/wp-json\/wp\/v2\/users\/21"}],"replies":[{"embeddable":true,"href":"https:\/\/ufpr.br\/prpi\/wp-json\/wp\/v2\/comments?post=2314"}],"version-history":[{"count":12,"href":"https:\/\/ufpr.br\/prpi\/wp-json\/wp\/v2\/pages\/2314\/revisions"}],"predecessor-version":[{"id":2760,"href":"https:\/\/ufpr.br\/prpi\/wp-json\/wp\/v2\/pages\/2314\/revisions\/2760"}],"wp:attachment":[{"href":"https:\/\/ufpr.br\/prpi\/wp-json\/wp\/v2\/media?parent=2314"}],"curies":[{"name":"wp","href":"https:\/\/api.w.org\/{rel}","templated":true}]}}