{"id":2239,"date":"2025-06-13T15:12:53","date_gmt":"2025-06-13T18:12:53","guid":{"rendered":"https:\/\/ufpr.br\/prpi\/?page_id=2239"},"modified":"2025-06-27T15:01:29","modified_gmt":"2025-06-27T18:01:29","slug":"edital-no-14-2025-nit-prpi-selecao-de-bolsista-de-design","status":"publish","type":"page","link":"https:\/\/ufpr.br\/prpi\/edital-no-14-2025-nit-prpi-selecao-de-bolsista-de-design\/","title":{"rendered":"Edital n\u00ba 14\/2025 NIT\/PRPI &#8211; Sele\u00e7\u00e3o de bolsista de Design"},"content":{"rendered":"\n<p>O N\u00facleo de Inova\u00e7\u00e3o Tecnol\u00f3gica (NIT) da Pr\u00f3-Reitoria de Pesquisa e Inova\u00e7\u00e3o (PRPI) torna p\u00fablico o Edital 14\/2025, de sele\u00e7\u00e3o de bolsista de Design para atuar no projeto \u201cEst\u00edmulo a atividades de inova\u00e7\u00e3o na UFPR.<\/p>\n\n\n\n<ul class=\"wp-block-list\">\n<li><a href=\"https:\/\/ufpr.br\/prpi\/wp-content\/uploads\/2025\/06\/SEI_7855356_SUPRI_CPAR__Edital_selecao_aluno.pdf\">Edital n\u00ba 14\/2025 &#8211; Sele\u00e7\u00e3o de Bolsista de Design <\/a><\/li>\n\n\n\n<li><a href=\"https:\/\/ufpr.br\/prpi\/wp-content\/uploads\/2025\/06\/DESIGN.pdf\" data-type=\"link\" data-id=\"https:\/\/ufpr.br\/prpi\/wp-content\/uploads\/2025\/06\/DESIGN.pdf\">Resultado final<\/a><\/li>\n\n\n\n<li><a href=\"https:\/\/ufpr.br\/prpi\/wp-content\/uploads\/2025\/06\/DESIGN.pdf\" data-type=\"link\" data-id=\"https:\/\/ufpr.br\/prpi\/wp-content\/uploads\/2025\/06\/DESIGN.pdf\">Resultado Preliminar<\/a><\/li>\n<\/ul>\n\n\n\n<p><\/p>\n","protected":false},"excerpt":{"rendered":"<p>O N\u00facleo de Inova\u00e7\u00e3o Tecnol\u00f3gica (NIT) da Pr\u00f3-Reitoria de Pesquisa e Inova\u00e7\u00e3o (PRPI) torna p\u00fablico o Edital 14\/2025, de sele\u00e7\u00e3o de bolsista de Design para atuar no projeto \u201cEst\u00edmulo a atividades de inova\u00e7\u00e3o na UFPR.<\/p>\n","protected":false},"author":14,"featured_media":0,"parent":0,"menu_order":0,"comment_status":"closed","ping_status":"closed","template":"","meta":{"footnotes":""},"class_list":["post-2239","page","type-page","status-publish","hentry"],"_links":{"self":[{"href":"https:\/\/ufpr.br\/prpi\/wp-json\/wp\/v2\/pages\/2239","targetHints":{"allow":["GET"]}}],"collection":[{"href":"https:\/\/ufpr.br\/prpi\/wp-json\/wp\/v2\/pages"}],"about":[{"href":"https:\/\/ufpr.br\/prpi\/wp-json\/wp\/v2\/types\/page"}],"author":[{"embeddable":true,"href":"https:\/\/ufpr.br\/prpi\/wp-json\/wp\/v2\/users\/14"}],"replies":[{"embeddable":true,"href":"https:\/\/ufpr.br\/prpi\/wp-json\/wp\/v2\/comments?post=2239"}],"version-history":[{"count":3,"href":"https:\/\/ufpr.br\/prpi\/wp-json\/wp\/v2\/pages\/2239\/revisions"}],"predecessor-version":[{"id":2380,"href":"https:\/\/ufpr.br\/prpi\/wp-json\/wp\/v2\/pages\/2239\/revisions\/2380"}],"wp:attachment":[{"href":"https:\/\/ufpr.br\/prpi\/wp-json\/wp\/v2\/media?parent=2239"}],"curies":[{"name":"wp","href":"https:\/\/api.w.org\/{rel}","templated":true}]}}