{"id":2230,"date":"2025-06-13T14:59:16","date_gmt":"2025-06-13T17:59:16","guid":{"rendered":"https:\/\/ufpr.br\/prpi\/?page_id=2230"},"modified":"2025-06-27T15:02:32","modified_gmt":"2025-06-27T18:02:32","slug":"edital-no-15-2025-nit-prpi-selecao-de-bolsista-de-comunicacao","status":"publish","type":"page","link":"https:\/\/ufpr.br\/prpi\/edital-no-15-2025-nit-prpi-selecao-de-bolsista-de-comunicacao\/","title":{"rendered":"Edital n\u00ba 15\/2025 NIT\/ PRPI &#8211; Sele\u00e7\u00e3o de bolsista de Comunica\u00e7\u00e3o"},"content":{"rendered":"\n<p>O N\u00facleo de Inova\u00e7\u00e3o Tecnol\u00f3gica (NIT) da Pr\u00f3-Reitoria de Pesquisa e Inova\u00e7\u00e3o (PRPI) torna p\u00fablico o Edital 15\/2025, de sele\u00e7\u00e3o de bolsista de Comunica\u00e7\u00e3o para atuar no projeto \u201cEst\u00edmulo a atividades de inova\u00e7\u00e3o na UFPR\u201d.<\/p>\n\n\n\n<ul class=\"wp-block-list\">\n<li><a href=\"http:\/\/O N\u00facleo de Inova\u00e7\u00e3o Tecnol\u00f3gica (NIT) da Pr\u00f3-Reitoria de Pesquisa e Inova\u00e7\u00e3o (PRPI) torna p\u00fablico o Edital 15\/2025, de sele\u00e7\u00e3o de bolsista de Comunica\u00e7\u00e3o para atuar no projeto \u201cEst\u00edmulo a atividades de inova\u00e7\u00e3o na UFPR\u201d.\" target=\"_blank\" rel=\"noreferrer noopener\">Edital n\u00ba 15\/2025 &#8211; NIT\/PRPI &#8211; Sele\u00e7\u00e3o de Bolsista de Comunica\u00e7\u00e3o <\/a><\/li>\n\n\n\n<li><a href=\"https:\/\/ufpr.br\/prpi\/wp-content\/uploads\/2025\/06\/COMUNICACAO.pdf\" data-type=\"link\" data-id=\"https:\/\/ufpr.br\/prpi\/wp-content\/uploads\/2025\/06\/COMUNICACAO.pdf\">Resultado Preliminar<\/a><\/li>\n\n\n\n<li><a href=\"https:\/\/ufpr.br\/prpi\/wp-content\/uploads\/2025\/06\/COMUNICACAO.pdf\" data-type=\"link\" data-id=\"https:\/\/ufpr.br\/prpi\/wp-content\/uploads\/2025\/06\/COMUNICACAO.pdf\">Resultado final<\/a><\/li>\n<\/ul>\n","protected":false},"excerpt":{"rendered":"<p>O N\u00facleo de Inova\u00e7\u00e3o Tecnol\u00f3gica (NIT) da Pr\u00f3-Reitoria de Pesquisa e Inova\u00e7\u00e3o (PRPI) torna p\u00fablico o Edital 15\/2025, de sele\u00e7\u00e3o de bolsista de Comunica\u00e7\u00e3o para atuar no projeto \u201cEst\u00edmulo a atividades de inova\u00e7\u00e3o na UFPR\u201d.<\/p>\n","protected":false},"author":14,"featured_media":0,"parent":0,"menu_order":0,"comment_status":"closed","ping_status":"closed","template":"","meta":{"footnotes":""},"class_list":["post-2230","page","type-page","status-publish","hentry"],"_links":{"self":[{"href":"https:\/\/ufpr.br\/prpi\/wp-json\/wp\/v2\/pages\/2230","targetHints":{"allow":["GET"]}}],"collection":[{"href":"https:\/\/ufpr.br\/prpi\/wp-json\/wp\/v2\/pages"}],"about":[{"href":"https:\/\/ufpr.br\/prpi\/wp-json\/wp\/v2\/types\/page"}],"author":[{"embeddable":true,"href":"https:\/\/ufpr.br\/prpi\/wp-json\/wp\/v2\/users\/14"}],"replies":[{"embeddable":true,"href":"https:\/\/ufpr.br\/prpi\/wp-json\/wp\/v2\/comments?post=2230"}],"version-history":[{"count":3,"href":"https:\/\/ufpr.br\/prpi\/wp-json\/wp\/v2\/pages\/2230\/revisions"}],"predecessor-version":[{"id":2382,"href":"https:\/\/ufpr.br\/prpi\/wp-json\/wp\/v2\/pages\/2230\/revisions\/2382"}],"wp:attachment":[{"href":"https:\/\/ufpr.br\/prpi\/wp-json\/wp\/v2\/media?parent=2230"}],"curies":[{"name":"wp","href":"https:\/\/api.w.org\/{rel}","templated":true}]}}