{"id":2159,"date":"2025-06-10T16:51:57","date_gmt":"2025-06-10T19:51:57","guid":{"rendered":"https:\/\/ufpr.br\/prpi\/?page_id=2159"},"modified":"2025-06-10T17:18:51","modified_gmt":"2025-06-10T20:18:51","slug":"edital-no-01-2024-agencia-de-inovacao-spin-selecao-interna-de-projetos-pdi","status":"publish","type":"page","link":"https:\/\/ufpr.br\/prpi\/edital-no-01-2024-agencia-de-inovacao-spin-selecao-interna-de-projetos-pdi\/","title":{"rendered":"Edital n\u00ba 01\/2024 \u2013 Ag\u00eancia de Inova\u00e7\u00e3o\/SPIn \u2013 Sele\u00e7\u00e3o Interna de Projetos P,D&amp;I"},"content":{"rendered":"\n<p>A&nbsp;<strong>Superintend\u00eancia de Parcerias e Inova\u00e7\u00e3o (SPIn)<\/strong>, por meio da&nbsp;<strong>Ag\u00eancia de Inova\u00e7\u00e3o<\/strong>, em parceria com o&nbsp;<strong>Instituto de Ci\u00eancia e Tecnologia ITA\u00da<\/strong>, anuncia a abertura do&nbsp;<strong>Edital n\u00ba 01\/2024<\/strong>&nbsp;para sele\u00e7\u00e3o de projetos de Pesquisa, Desenvolvimento e Inova\u00e7\u00e3o (P,D&amp;I) no \u00e2mbito do&nbsp;<strong>Programa de Bolsas Ita\u00fa para Pesquisa, Desenvolvimento e Inova\u00e7\u00e3o \u2013 P,D&amp;I<\/strong>.<\/p>\n\n\n\n<h5 class=\"wp-block-heading\">Sobre o edital<\/h5>\n\n\n\n<p>O edital tem como objetivo selecionar projetos voltados para \u00e1reas estrat\u00e9gicas, incluindo:<\/p>\n\n\n\n<ul class=\"wp-block-list\">\n<li>Dados e intelig\u00eancia artificial;<\/li>\n\n\n\n<li>Automa\u00e7\u00e3o e digitaliza\u00e7\u00e3o de jornadas;<\/li>\n\n\n\n<li>Seguran\u00e7a da informa\u00e7\u00e3o e preven\u00e7\u00e3o \u00e0 fraude;<\/li>\n\n\n\n<li>Computa\u00e7\u00e3o em nuvem e arquiteturas avan\u00e7adas;<\/li>\n\n\n\n<li>Sistemas de integra\u00e7\u00e3o e comunica\u00e7\u00e3o.<\/li>\n<\/ul>\n\n\n\n<p>Os projetos selecionados contar\u00e3o com bolsas de pesquisa para estudantes de gradua\u00e7\u00e3o e p\u00f3s-gradua\u00e7\u00e3o, al\u00e9m de valores para orientadores, conforme tabela dispon\u00edvel no edital.<\/p>\n\n\n\n<h5 class=\"wp-block-heading\">Quem pode participar?<\/h5>\n\n\n\n<ul class=\"wp-block-list\">\n<li><strong>Docentes da UFPR:<\/strong>&nbsp;Como coordenadores dos projetos, devem apresentar propostas com grau de inova\u00e7\u00e3o alinhadas \u00e0s \u00e1reas estrat\u00e9gicas do programa.<\/li>\n<\/ul>\n\n\n\n<h5 class=\"wp-block-heading\">Inscri\u00e7\u00f5es<\/h5>\n\n\n\n<p>As inscri\u00e7\u00f5es ser\u00e3o realizadas&nbsp;<strong>em fluxo cont\u00ednuo<\/strong>. Os interessados devem submeter a documenta\u00e7\u00e3o exigida para os e-mails&nbsp;<a href=\"mailto:prpi.nit@ufpr.br\"><strong>prpi.nit@ufpr.br<\/strong><\/a>.<\/p>\n\n\n\n<ul class=\"wp-block-list\">\n<li><a href=\"https:\/\/ufpr.br\/prpi\/wp-content\/uploads\/2025\/06\/Edital0124-UFPR_ITAU-1.pdf\">Edital 01\/2024 \u2013 Ag\u00eancia de Inova\u00e7\u00e3o\/SPIn<\/a>\u00a0\u2013 Publicado em 03\/12\/2024<\/li>\n\n\n\n<li><a href=\"https:\/\/ufpr.br\/prpi\/wp-content\/uploads\/2025\/06\/Modelo-de-Projeto_PBI.docx\">Modelo de Projeto (Modelo Edit\u00e1vel)<\/a>\u00a0<\/li>\n\n\n\n<li><a href=\"https:\/\/ufpr.br\/prpi\/wp-content\/uploads\/2025\/06\/Anexo-II-Linhas-de-Pesquisa-PBI.pdf\" target=\"_blank\" rel=\"noreferrer noopener\">Anexo II-Linhas de Pesquisa PBI\u00a0<\/a>\u00a0\u2013 Publicado em 13\/02\/2025<\/li>\n\n\n\n<li><a href=\"https:\/\/ufpr.br\/prpi\/wp-content\/uploads\/2025\/06\/Retificacao-Edital-Itau.pdf\" target=\"_blank\" rel=\"noreferrer noopener\">Retifica\u00e7\u00e3o Edital Ita\u00fa\u00a0<\/a>\u2013 Publicado em 13\/02\/2025<\/li>\n\n\n\n<li><a href=\"https:\/\/ufpr.br\/prpi\/wp-content\/uploads\/2025\/06\/Resultado-1-trimestre-ITAU-x-UFPR.pdf\" target=\"_blank\" rel=\"noreferrer noopener\">Resultado 1\u00ba Trimestre ITA\u00daxUFPR<\/a>\u00a0\u2013 Publicado em 19\/03\/2025<\/li>\n<\/ul>\n\n\n\n<p>D\u00favidas sobre o Edital podem ser direcionadas para&nbsp;<a href=\"mailto:prpi.nit@ufpr.br\"><strong>prpi.nit@ufpr.br<\/strong><\/a><\/p>\n","protected":false},"excerpt":{"rendered":"<p>A&nbsp;Superintend\u00eancia de Parcerias e Inova\u00e7\u00e3o (SPIn), por meio da&nbsp;Ag\u00eancia de Inova\u00e7\u00e3o, em parceria com o&nbsp;Instituto de Ci\u00eancia e Tecnologia ITA\u00da, anuncia a abertura do&nbsp;Edital n\u00ba 01\/2024&nbsp;para sele\u00e7\u00e3o de projetos de Pesquisa, Desenvolvimento e Inova\u00e7\u00e3o (P,D&amp;I) no \u00e2mbito do&nbsp;Programa de Bolsas Ita\u00fa para Pesquisa, Desenvolvimento e Inova\u00e7\u00e3o \u2013 P,D&amp;I. Sobre o edital O edital tem como [&hellip;]<\/p>\n","protected":false},"author":14,"featured_media":0,"parent":0,"menu_order":0,"comment_status":"closed","ping_status":"closed","template":"","meta":{"footnotes":""},"class_list":["post-2159","page","type-page","status-publish","hentry"],"_links":{"self":[{"href":"https:\/\/ufpr.br\/prpi\/wp-json\/wp\/v2\/pages\/2159","targetHints":{"allow":["GET"]}}],"collection":[{"href":"https:\/\/ufpr.br\/prpi\/wp-json\/wp\/v2\/pages"}],"about":[{"href":"https:\/\/ufpr.br\/prpi\/wp-json\/wp\/v2\/types\/page"}],"author":[{"embeddable":true,"href":"https:\/\/ufpr.br\/prpi\/wp-json\/wp\/v2\/users\/14"}],"replies":[{"embeddable":true,"href":"https:\/\/ufpr.br\/prpi\/wp-json\/wp\/v2\/comments?post=2159"}],"version-history":[{"count":3,"href":"https:\/\/ufpr.br\/prpi\/wp-json\/wp\/v2\/pages\/2159\/revisions"}],"predecessor-version":[{"id":2186,"href":"https:\/\/ufpr.br\/prpi\/wp-json\/wp\/v2\/pages\/2159\/revisions\/2186"}],"wp:attachment":[{"href":"https:\/\/ufpr.br\/prpi\/wp-json\/wp\/v2\/media?parent=2159"}],"curies":[{"name":"wp","href":"https:\/\/api.w.org\/{rel}","templated":true}]}}