{"id":2025,"date":"2025-05-30T23:21:31","date_gmt":"2025-05-31T02:21:31","guid":{"rendered":"https:\/\/ufpr.br\/prpi\/?page_id=2025"},"modified":"2025-05-30T23:32:53","modified_gmt":"2025-05-31T02:32:53","slug":"cofpi-laboratorios-de-pesquisa","status":"publish","type":"page","link":"https:\/\/ufpr.br\/prpi\/cofpi-laboratorios-de-pesquisa\/","title":{"rendered":"Laborat\u00f3rios de Pesquisa"},"content":{"rendered":"\n<div class=\"wp-block-columns has-white-background-color has-background is-layout-flex wp-container-core-columns-is-layout-1 wp-block-columns-is-layout-flex\">\n<div class=\"wp-block-column is-layout-flow wp-block-column-is-layout-flow\" style=\"flex-basis:80%\">\n<h2 class=\"wp-block-heading\"><mark style=\"background-color:#f3b8b2;color:#00558f\" class=\"has-inline-color\">Cadastro de laborat\u00f3rio da UFPR na Plataforma Nacional de Infraestrutura de Pesquisa no Minist\u00e9rio da Ci\u00eancia, Tecnologia e Inova\u00e7\u00e3o (PNIPE\/MCTI)<\/mark><\/h2>\n<\/div>\n\n\n\n<div class=\"wp-block-column is-layout-flow wp-block-column-is-layout-flow\"><div class=\"wp-block-image\">\n<figure class=\"aligncenter size-full\"><img loading=\"lazy\" decoding=\"async\" width=\"120\" height=\"124\" src=\"https:\/\/ufpr.br\/prpi\/wp-content\/uploads\/2025\/05\/image.png\" alt=\"\" class=\"wp-image-2027\" style=\"aspect-ratio:1;object-fit:contain\" srcset=\"https:\/\/ufpr.br\/prpi\/wp-content\/uploads\/2025\/05\/image.png 120w, https:\/\/ufpr.br\/prpi\/wp-content\/uploads\/2025\/05\/image-95x98.png 95w, https:\/\/ufpr.br\/prpi\/wp-content\/uploads\/2025\/05\/image-55x57.png 55w\" sizes=\"auto, (max-width: 120px) 100vw, 120px\" \/><\/figure><\/div><\/div>\n<\/div>\n\n\n\n<div class=\"wp-block-columns has-black-color has-white-background-color has-text-color has-background has-link-color wp-elements-6451772aa59bf51dd5d1c28e0ab39bd0 is-layout-flex wp-container-core-columns-is-layout-2 wp-block-columns-is-layout-flex\">\n<div class=\"wp-block-column is-layout-flow wp-block-column-is-layout-flow\">\n<p>A Plataforma Nacional de Infraestrutura de Pesquisa \u2013 MCTI (PNIPE) \u00e9 um instrumento que tem por objetivo mapear e reunir, de maneira sistem\u00e1tica, informa\u00e7\u00f5es sobre a infraestrutura de pesquisa nas Institui\u00e7\u00f5es Cient\u00edficas, Tecnol\u00f3gicas e de Inova\u00e7\u00e3o (ICTs) no Pa\u00eds, possibilitando o acesso da comunidade cient\u00edfica\/tecnol\u00f3gica e de empresas \u00e0s instala\u00e7\u00f5es laboratoriais e aos equipamentos de pesquisa existentes e promovendo seu uso compartilhado. Para acessar a plataforma basta acessar o link:&nbsp;<a href=\"https:\/\/pnipe.mcti.gov.br\/\">https:\/\/pnipe.mcti.gov.br\/<\/a><\/p>\n\n\n\n<p>A UFPR conta com mais de uma centena de laborat\u00f3rios de diversas \u00e1reas do conhecimento j\u00e1 cadastrados na PNIPE\/MCTI. Os laborat\u00f3rios cadastrados realizam pesquisa e presta\u00e7\u00e3o de servi\u00e7os \u00e0s comunidades interna e externa. O n\u00famero de laborat\u00f3rios da UFPR registrados encontra-se em constante amplia\u00e7\u00e3o. Caso queira acessar diretamente a rela\u00e7\u00e3o de laborat\u00f3rios da UFPR atualmente cadastrados na plataforma basta acessar o link:&nbsp;<a href=\"https:\/\/pnipe.mcti.gov.br\/search?term=UFPR\">https:\/\/pnipe.mcti.gov.br\/search?term=UFPR<\/a><\/p>\n\n\n\n<p>Abaixo seguem orienta\u00e7\u00f5es aos coordenadores dos laborat\u00f3rios da UFPR (servidores docentes e t\u00e9cnicos) interessados em realizar a inclus\u00e3o de laborat\u00f3rios da institui\u00e7\u00e3o na plataforma.<\/p>\n<\/div>\n<\/div>\n\n\n\n<div class=\"wp-block-columns has-black-color has-white-background-color has-text-color has-background has-link-color wp-elements-7da0bef4ed49be7f816659467b1727fc is-layout-flex wp-container-core-columns-is-layout-3 wp-block-columns-is-layout-flex\">\n<div class=\"wp-block-column has-white-background-color has-background is-layout-flow wp-block-column-is-layout-flow\">\n<div class=\"wp-block-cover is-light\" style=\"min-height:172px;aspect-ratio:unset;\"><span aria-hidden=\"true\" class=\"wp-block-cover__background has-background-dim-0 has-background-dim\" style=\"background-color:#bdbaba\"><\/span><img loading=\"lazy\" decoding=\"async\" width=\"1000\" height=\"760\" class=\"wp-block-cover__image-background wp-image-2049\" alt=\"\" src=\"https:\/\/ufpr.br\/prpi\/wp-content\/uploads\/2025\/05\/2148882100-1.jpg\" style=\"object-position:89% 73%\" data-object-fit=\"cover\" data-object-position=\"89% 73%\" srcset=\"https:\/\/ufpr.br\/prpi\/wp-content\/uploads\/2025\/05\/2148882100-1.jpg 1000w, https:\/\/ufpr.br\/prpi\/wp-content\/uploads\/2025\/05\/2148882100-1-300x228.jpg 300w, https:\/\/ufpr.br\/prpi\/wp-content\/uploads\/2025\/05\/2148882100-1-768x584.jpg 768w, https:\/\/ufpr.br\/prpi\/wp-content\/uploads\/2025\/05\/2148882100-1-129x98.jpg 129w, https:\/\/ufpr.br\/prpi\/wp-content\/uploads\/2025\/05\/2148882100-1-75x57.jpg 75w\" sizes=\"auto, (max-width: 1000px) 100vw, 1000px\" \/><div class=\"wp-block-cover__inner-container is-layout-constrained wp-block-cover-is-layout-constrained\">\n<p class=\"has-text-align-center has-large-font-size\"><\/p>\n<\/div><\/div>\n\n\n\n<div style=\"height:20px\" aria-hidden=\"true\" class=\"wp-block-spacer\"><\/div>\n\n\n\n<h2 class=\"wp-block-heading\"><mark style=\"background-color:#f3b8b2;color:#00558f\" class=\"has-inline-color\">Como realizar o cadastro dos Laborat\u00f3rios e Centros da UFPR na Plataforma PNIPE\/MCTI<\/mark><\/h2>\n\n\n\n<div style=\"height:20px\" aria-hidden=\"true\" class=\"wp-block-spacer\"><\/div>\n\n\n\n<p><strong><mark style=\"background-color:#ffffff;color:#e0655b\" class=\"has-inline-color\">1. Como cadastrar um laborat\u00f3rio ou centro na Plataforma Nacional de Infraestrutura de Pesquisa (PNIPE) do MCTI?<\/mark><\/strong><\/p>\n\n\n\n<p>Para realizar o cadastro \u00e9 necess\u00e1rio acessar a p\u00e1gina:\u00a0<a href=\"https:\/\/pnipe.mcti.gov.br\/\">https:\/\/pnipe.mcti.gov.br\/<\/a>\u00a0e seguir as orienta\u00e7\u00f5es constantes na p\u00e1gina:\u00a0<a href=\"https:\/\/pnipe.mcti.gov.br\/register\">https:\/\/pnipe.mcti.gov.br\/register<\/a>.<br>Ap\u00f3s terminar o cadastro do laborat\u00f3rio na plataforma, gentileza informar a Coordenadoria de Pesquisa sobre a finaliza\u00e7\u00e3o do registro no PNIPE uma vez que cabe \u00e0 PRPI a valida\u00e7\u00e3o dos cadastros no sistema. Para tanto, basta encaminhar um e-mail com a solicita\u00e7\u00e3o para: prpi.cofpi@ufpr.br.<\/p>\n\n\n\n<p>A etapa de valida\u00e7\u00e3o \u00e9 obrigat\u00f3ria para que os coordenadores possam incluir&nbsp; as informa\u00e7\u00f5es sobre os equipamentos que comp\u00f5em as unidades. Ap\u00f3s a inclus\u00e3o dos equipamentos, cabe aos coordenadores realizarem a publica\u00e7\u00e3o do laborat\u00f3rio. Ap\u00f3s realizada a publica\u00e7\u00e3o o laborat\u00f3rio ficar\u00e1 dispon\u00edvel para consulta p\u00fablica na plataforma.<\/p>\n\n\n\n<p><strong><mark style=\"background-color:#ffffff;color:#e0655b\" class=\"has-inline-color\">2. Qual a defini\u00e7\u00e3o de laborat\u00f3rio adotada pelo PNIPE\/MCTI?\u00a0<\/mark><\/strong><\/p>\n\n\n\n<p>Dever\u00e3o ser cadastrados na plataforma os laborat\u00f3rios que se enquadrem na defini\u00e7\u00e3o prevista pelo MCTI, conforme informado a seguir:<\/p>\n\n\n\n<p>Laborat\u00f3rios: Unidades laboratoriais, n\u00facleos ou centros de pesquisa dotados de infraestrutura f\u00edsica, instrumental e material com capacidade para o desenvolvimento e realiza\u00e7\u00e3o de ensaio, m\u00e9todos, an\u00e1lises, exames etc., tendo como objeto os mais diversos materiais e\/ou amostras nas v\u00e1rias \u00e1reas do conhecimento que requerem pesquisa experimental e an\u00e1lise instrumental.<\/p>\n\n\n\n<p><strong><mark style=\"background-color:#ffffff;color:#e0655b\" class=\"has-inline-color\">3. Qual o documento a ser inclu\u00eddo como comprovante de v\u00ednculo do respons\u00e1vel com o laborat\u00f3rio?\u00a0<\/mark><\/strong><\/p>\n\n\n\n<p>Recomendamos a juntada na plataforma PNIPE\/MCTI de declara\u00e7\u00e3o emitida pela chefia (ou vice\/suplente) do departamento na qual conste: a designa\u00e7\u00e3o do servidor respons\u00e1vel pelo laborat\u00f3rio cadastrado, indicando o endere\u00e7o do laborat\u00f3rio com demais informa\u00e7\u00f5es que auxiliem na localiza\u00e7\u00e3o (sala, pr\u00e9dio, bloco, entre outros).<\/p>\n\n\n\n<p>O documento de comprova\u00e7\u00e3o de v\u00ednculo pode ser emitido atrav\u00e9s do sistema SEI, e assinado eletronicamente pela chefia (ou vice\/suplente), devendo ser extra\u00eddo do sistema em formato de arquivo \u201c.pdf\u201d para inclus\u00e3o na plataforma. O comprovante referido deve ser anexado na plataforma no momento do cadastro inicial do laborat\u00f3rio, o qual ser\u00e1 tamb\u00e9m verificado pela PRPI.<\/p>\n\n\n\n<div style=\"height:20px\" aria-hidden=\"true\" class=\"wp-block-spacer\"><\/div>\n\n\n\n<div class=\"wp-block-buttons is-layout-flex wp-block-buttons-is-layout-flex\">\n<div class=\"wp-block-button\"><a class=\"wp-block-button__link has-background wp-element-button\" href=\"https:\/\/ufpr.br\/prpi\/wp-content\/uploads\/2025\/05\/PNIPE_GuiaPraticoUtilizacao-1.pdf\" style=\"border-radius:20px;background:linear-gradient(200deg,rgb(224,101,91) 0%,rgb(0,85,143) 98%)\"><strong>PNIPE &#8211; Guia Pr\u00e1tico de Utiliza\u00e7\u00e3o 1.0<\/strong><\/a><\/div>\n<\/div>\n<\/div>\n<\/div>\n","protected":false},"excerpt":{"rendered":"<p>Cadastro de laborat\u00f3rio da UFPR na Plataforma Nacional de Infraestrutura de Pesquisa no Minist\u00e9rio da Ci\u00eancia, Tecnologia e Inova\u00e7\u00e3o (PNIPE\/MCTI) A Plataforma Nacional de Infraestrutura de Pesquisa \u2013 MCTI (PNIPE) \u00e9 um instrumento que tem por objetivo mapear e reunir, de maneira sistem\u00e1tica, informa\u00e7\u00f5es sobre a infraestrutura de pesquisa nas Institui\u00e7\u00f5es Cient\u00edficas, Tecnol\u00f3gicas e de [&hellip;]<\/p>\n","protected":false},"author":11,"featured_media":0,"parent":0,"menu_order":0,"comment_status":"closed","ping_status":"closed","template":"","meta":{"footnotes":""},"class_list":["post-2025","page","type-page","status-publish","hentry"],"_links":{"self":[{"href":"https:\/\/ufpr.br\/prpi\/wp-json\/wp\/v2\/pages\/2025","targetHints":{"allow":["GET"]}}],"collection":[{"href":"https:\/\/ufpr.br\/prpi\/wp-json\/wp\/v2\/pages"}],"about":[{"href":"https:\/\/ufpr.br\/prpi\/wp-json\/wp\/v2\/types\/page"}],"author":[{"embeddable":true,"href":"https:\/\/ufpr.br\/prpi\/wp-json\/wp\/v2\/users\/11"}],"replies":[{"embeddable":true,"href":"https:\/\/ufpr.br\/prpi\/wp-json\/wp\/v2\/comments?post=2025"}],"version-history":[{"count":12,"href":"https:\/\/ufpr.br\/prpi\/wp-json\/wp\/v2\/pages\/2025\/revisions"}],"predecessor-version":[{"id":2058,"href":"https:\/\/ufpr.br\/prpi\/wp-json\/wp\/v2\/pages\/2025\/revisions\/2058"}],"wp:attachment":[{"href":"https:\/\/ufpr.br\/prpi\/wp-json\/wp\/v2\/media?parent=2025"}],"curies":[{"name":"wp","href":"https:\/\/api.w.org\/{rel}","templated":true}]}}