{"id":1926,"date":"2025-05-28T17:49:28","date_gmt":"2025-05-28T20:49:28","guid":{"rendered":"https:\/\/ufpr.br\/prpi\/?page_id=1926"},"modified":"2025-07-09T13:40:49","modified_gmt":"2025-07-09T16:40:49","slug":"edital-no-13-2025-selecao-de-empresas-incubadora-ufpr-invitrall-e-particles4you","status":"publish","type":"page","link":"https:\/\/ufpr.br\/prpi\/edital-no-13-2025-selecao-de-empresas-incubadora-ufpr-invitrall-e-particles4you\/","title":{"rendered":"Edital n\u00ba 13\/2025 &#8211; Sele\u00e7\u00e3o de Empresas &#8211; Incubadora UFPR"},"content":{"rendered":"\n<p><strong>A UNIVERSIDADE FEDERAL DO PARAN\u00c1 \u2013 UFPR,<\/strong>&nbsp;por meio da&nbsp;<strong>Unidade Promotora de Ambientes de Inova\u00e7\u00e3o (UPAI)<\/strong>, do&nbsp;<strong>N\u00facleo de Inova\u00e7\u00e3o Tecnol\u00f3gica (NIT) da Pr\u00f3-Reitoria de Pesquisa e Inova\u00e7\u00e3o (PRPI)<\/strong>, anuncia a publica\u00e7\u00e3o do&nbsp;<strong>Edital n\u00ba 13\/2025<\/strong>&nbsp;com as empresas selecionadas para ingresso na Incubadora de Empresas da UFPR, nas modalidades residente e n\u00e3o residente.<\/p>\n\n\n\n<ul class=\"wp-block-list\">\n<li><a href=\"https:\/\/ufpr.br\/prpi\/wp-content\/uploads\/2025\/05\/SEI_7819814_Edital_13_2025.pdf\">Edital n\u00ba 13\/2025 &#8211; Sele\u00e7\u00e3o de Empresas- Incubadora UFPR: INVITRALL E PARTICLES4YOU<\/a><\/li>\n\n\n\n<li><a href=\"https:\/\/ufpr.br\/prpi\/wp-content\/uploads\/2025\/07\/edital-resultado-Kimbotech.pdf\" data-type=\"link\" data-id=\"https:\/\/ufpr.br\/prpi\/wp-content\/uploads\/2025\/07\/edital-resultado-Kimbotech.pdf\">Edital n\u00ba 13\/2025 &#8211; Sele\u00e7\u00e3o de Empresas &#8211; Incubadora UFPR: KIMBOTECH<\/a><\/li>\n<\/ul>\n\n\n\n<p><\/p>\n","protected":false},"excerpt":{"rendered":"<p>A UNIVERSIDADE FEDERAL DO PARAN\u00c1 \u2013 UFPR,&nbsp;por meio da&nbsp;Unidade Promotora de Ambientes de Inova\u00e7\u00e3o (UPAI), do&nbsp;N\u00facleo de Inova\u00e7\u00e3o Tecnol\u00f3gica (NIT) da Pr\u00f3-Reitoria de Pesquisa e Inova\u00e7\u00e3o (PRPI), anuncia a publica\u00e7\u00e3o do&nbsp;Edital n\u00ba 13\/2025&nbsp;com as empresas selecionadas para ingresso na Incubadora de Empresas da UFPR, nas modalidades residente e n\u00e3o residente.<\/p>\n","protected":false},"author":14,"featured_media":0,"parent":0,"menu_order":0,"comment_status":"closed","ping_status":"closed","template":"","meta":{"footnotes":""},"class_list":["post-1926","page","type-page","status-publish","hentry"],"_links":{"self":[{"href":"https:\/\/ufpr.br\/prpi\/wp-json\/wp\/v2\/pages\/1926","targetHints":{"allow":["GET"]}}],"collection":[{"href":"https:\/\/ufpr.br\/prpi\/wp-json\/wp\/v2\/pages"}],"about":[{"href":"https:\/\/ufpr.br\/prpi\/wp-json\/wp\/v2\/types\/page"}],"author":[{"embeddable":true,"href":"https:\/\/ufpr.br\/prpi\/wp-json\/wp\/v2\/users\/14"}],"replies":[{"embeddable":true,"href":"https:\/\/ufpr.br\/prpi\/wp-json\/wp\/v2\/comments?post=1926"}],"version-history":[{"count":3,"href":"https:\/\/ufpr.br\/prpi\/wp-json\/wp\/v2\/pages\/1926\/revisions"}],"predecessor-version":[{"id":2502,"href":"https:\/\/ufpr.br\/prpi\/wp-json\/wp\/v2\/pages\/1926\/revisions\/2502"}],"wp:attachment":[{"href":"https:\/\/ufpr.br\/prpi\/wp-json\/wp\/v2\/media?parent=1926"}],"curies":[{"name":"wp","href":"https:\/\/api.w.org\/{rel}","templated":true}]}}