{"id":190,"date":"2025-04-02T15:28:00","date_gmt":"2025-04-02T18:28:00","guid":{"rendered":"https:\/\/ufpr.br\/prpi\/?page_id=190"},"modified":"2026-03-04T14:29:30","modified_gmt":"2026-03-04T17:29:30","slug":"nit-empreendedorismo","status":"publish","type":"page","link":"https:\/\/ufpr.br\/prpi\/nit-empreendedorismo\/","title":{"rendered":"Empreendedorismo"},"content":{"rendered":"\n<p class=\"has-black-color has-text-color has-link-color wp-elements-b2bf8c9b78a07f293c7691aed9fcd41d\">A Pr\u00f3-Reitoria de Pesquisa e Inova\u00e7\u00e3o, por meio do NIT, tem o objetivo de disseminar a cultura empreendedora para toda a comunidade universit\u00e1ria e estimular o processo de pr\u00e9-incuba\u00e7\u00e3o e incuba\u00e7\u00e3o de&nbsp;empresas inovadoras de base tecnol\u00f3gica&nbsp;no \u00e2mbito da UFPR. A inten\u00e7\u00e3o \u00e9 contribuir com o desenvolvimento de compet\u00eancias empreendedoras dos estudantes, permitindo novas op\u00e7\u00f5es de carreira e a possibilidade de converter seus trabalhos acad\u00eamicos realizados nos cursos em solu\u00e7\u00f5es inovadoras para a sociedade.&nbsp;<\/p>\n\n\n\n<p class=\"has-black-color has-text-color has-link-color wp-elements-55531dba00e6639e3ee4c8e189ab24e5\">Entre em contato:<br>empreendedorismo@ufpr.br&nbsp;<\/p>\n\n\n<div class=\"wp-block-image\">\n<figure class=\"alignright is-resized\"><img decoding=\"async\" src=\"https:\/\/spin.ufpr.br\/wp-content\/uploads\/2021\/08\/design-workflow.jpg\" alt=\"\" class=\"wp-image-142\" style=\"width:537px;height:auto\" \/><\/figure><\/div>\n\n\n<h2 class=\"wp-block-heading\"><mark style=\"background-color:#f3b8b2;color:#00558f\" class=\"has-inline-color\">\u00c1reas de auta\u00e7\u00e3o<\/mark><\/h2>\n\n\n\n<p><\/p>\n\n\n\n<ul class=\"wp-block-list\">\n<li class=\"has-black-color has-text-color has-link-color wp-elements-de13c42037a2bfbabd7183c405694270\">Cursos, palestras e workshops;<\/li>\n\n\n\n<li class=\"has-black-color has-text-color has-link-color wp-elements-58d4e36cc8c8107ab2277afa3240408c\">Consultorias especializadas sobre gest\u00e3o empresarial e temas correlatos \u00e0 atividade empreendedora;<\/li>\n\n\n\n<li class=\"has-black-color has-text-color has-link-color wp-elements-1d92fb5d6ac5d818539ee34fa6960483\">Orienta\u00e7\u00e3o e organiza\u00e7\u00e3o de a\u00e7\u00f5es para apresenta\u00e7\u00e3o do projeto aos investidores e nas rodadas de neg\u00f3cio;<\/li>\n\n\n\n<li class=\"has-black-color has-text-color has-link-color wp-elements-0cfa711ba1311875ab53d2e00ab02271\">Orienta\u00e7\u00e3o no registro de propriedade intelectual ;<\/li>\n\n\n\n<li class=\"has-black-color has-text-color has-link-color wp-elements-3e9cc7f55e3eac25848282215ba91851\">Interface com a UFPR para integra\u00e7\u00e3o com pesquisadores e acesso a laborat\u00f3rios;<\/li>\n\n\n\n<li class=\"has-black-color has-text-color has-link-color wp-elements-1ec461cd7c05634411cd03d828404332\">Consultoria na elabora\u00e7\u00e3o de projetos de capta\u00e7\u00e3o de recursos junto \u00e0s ag\u00eancias de fomento;<\/li>\n\n\n\n<li class=\"has-black-color has-text-color has-link-color wp-elements-e754b9ad9f4060bc5b1b26e8efbd71d5\">Interface com outras Incubadoras do Estado do Paran\u00e1 e demais regi\u00f5es;<\/li>\n\n\n\n<li class=\"has-black-color has-text-color has-link-color wp-elements-7aff49e403f8886b192fb5a1897f53af\">Acompanhamento do desenvolvimento da empresa incubada.<\/li>\n<\/ul>\n\n\n\n<div style=\"height:48px\" aria-hidden=\"true\" class=\"wp-block-spacer\"><\/div>\n\n\n\n<h2 class=\"wp-block-heading\"><mark style=\"background-color:#f3b8b2;color:#00558f\" class=\"has-inline-color\">Inbubadora Tecnol\u00f3gica<\/mark><\/h2>\n\n\n\n<p><\/p>\n\n\n\n<div class=\"wp-block-columns are-vertically-aligned-bottom is-layout-flex wp-container-core-columns-is-layout-1 wp-block-columns-is-layout-flex\">\n<div class=\"wp-block-column is-vertically-aligned-bottom is-layout-flow wp-block-column-is-layout-flow\" style=\"flex-basis:100%\">\n<div class=\"wp-block-group is-horizontal is-content-justification-left is-nowrap is-layout-flex wp-container-core-group-is-layout-1 wp-block-group-is-layout-flex\">\n<figure class=\"wp-block-gallery has-nested-images columns-5 is-cropped wp-block-gallery-1 is-layout-flex wp-block-gallery-is-layout-flex\">\n<figure class=\"wp-block-image size-full\"><img loading=\"lazy\" decoding=\"async\" width=\"1080\" height=\"1440\" src=\"https:\/\/ufpr.br\/prpi\/wp-content\/uploads\/2025\/06\/Artboard-1-1.png\" alt=\"\" class=\"wp-image-2400\" srcset=\"https:\/\/ufpr.br\/prpi\/wp-content\/uploads\/2025\/06\/Artboard-1-1.png 1080w, https:\/\/ufpr.br\/prpi\/wp-content\/uploads\/2025\/06\/Artboard-1-1-225x300.png 225w, https:\/\/ufpr.br\/prpi\/wp-content\/uploads\/2025\/06\/Artboard-1-1-768x1024.png 768w, https:\/\/ufpr.br\/prpi\/wp-content\/uploads\/2025\/06\/Artboard-1-1-74x98.png 74w, https:\/\/ufpr.br\/prpi\/wp-content\/uploads\/2025\/06\/Artboard-1-1-43x57.png 43w\" sizes=\"auto, (max-width: 1080px) 100vw, 1080px\" \/><\/figure>\n\n\n\n<figure class=\"wp-block-image size-full\"><img loading=\"lazy\" decoding=\"async\" width=\"1080\" height=\"1440\" src=\"https:\/\/ufpr.br\/prpi\/wp-content\/uploads\/2025\/06\/Artboard-2-1.png\" alt=\"\" class=\"wp-image-2401\" srcset=\"https:\/\/ufpr.br\/prpi\/wp-content\/uploads\/2025\/06\/Artboard-2-1.png 1080w, https:\/\/ufpr.br\/prpi\/wp-content\/uploads\/2025\/06\/Artboard-2-1-225x300.png 225w, https:\/\/ufpr.br\/prpi\/wp-content\/uploads\/2025\/06\/Artboard-2-1-768x1024.png 768w, https:\/\/ufpr.br\/prpi\/wp-content\/uploads\/2025\/06\/Artboard-2-1-74x98.png 74w, https:\/\/ufpr.br\/prpi\/wp-content\/uploads\/2025\/06\/Artboard-2-1-43x57.png 43w\" sizes=\"auto, (max-width: 1080px) 100vw, 1080px\" \/><\/figure>\n\n\n\n<figure class=\"wp-block-image size-full\"><img loading=\"lazy\" decoding=\"async\" width=\"1080\" height=\"1440\" src=\"https:\/\/ufpr.br\/prpi\/wp-content\/uploads\/2025\/06\/Artboard-3-1.png\" alt=\"\" class=\"wp-image-2413\" srcset=\"https:\/\/ufpr.br\/prpi\/wp-content\/uploads\/2025\/06\/Artboard-3-1.png 1080w, https:\/\/ufpr.br\/prpi\/wp-content\/uploads\/2025\/06\/Artboard-3-1-225x300.png 225w, https:\/\/ufpr.br\/prpi\/wp-content\/uploads\/2025\/06\/Artboard-3-1-768x1024.png 768w, https:\/\/ufpr.br\/prpi\/wp-content\/uploads\/2025\/06\/Artboard-3-1-74x98.png 74w, https:\/\/ufpr.br\/prpi\/wp-content\/uploads\/2025\/06\/Artboard-3-1-43x57.png 43w\" sizes=\"auto, (max-width: 1080px) 100vw, 1080px\" \/><\/figure>\n\n\n\n<figure class=\"wp-block-image size-full\"><img loading=\"lazy\" decoding=\"async\" width=\"1080\" height=\"1440\" src=\"https:\/\/ufpr.br\/prpi\/wp-content\/uploads\/2025\/06\/Artboard-9-1.png\" alt=\"\" class=\"wp-image-2402\" srcset=\"https:\/\/ufpr.br\/prpi\/wp-content\/uploads\/2025\/06\/Artboard-9-1.png 1080w, https:\/\/ufpr.br\/prpi\/wp-content\/uploads\/2025\/06\/Artboard-9-1-225x300.png 225w, https:\/\/ufpr.br\/prpi\/wp-content\/uploads\/2025\/06\/Artboard-9-1-768x1024.png 768w, https:\/\/ufpr.br\/prpi\/wp-content\/uploads\/2025\/06\/Artboard-9-1-74x98.png 74w, https:\/\/ufpr.br\/prpi\/wp-content\/uploads\/2025\/06\/Artboard-9-1-43x57.png 43w\" sizes=\"auto, (max-width: 1080px) 100vw, 1080px\" \/><\/figure>\n\n\n\n<figure class=\"wp-block-image size-full\"><img loading=\"lazy\" decoding=\"async\" width=\"1080\" height=\"1440\" src=\"https:\/\/ufpr.br\/prpi\/wp-content\/uploads\/2025\/06\/Artboard-8-1.png\" alt=\"\" class=\"wp-image-2407\" srcset=\"https:\/\/ufpr.br\/prpi\/wp-content\/uploads\/2025\/06\/Artboard-8-1.png 1080w, https:\/\/ufpr.br\/prpi\/wp-content\/uploads\/2025\/06\/Artboard-8-1-225x300.png 225w, https:\/\/ufpr.br\/prpi\/wp-content\/uploads\/2025\/06\/Artboard-8-1-768x1024.png 768w, https:\/\/ufpr.br\/prpi\/wp-content\/uploads\/2025\/06\/Artboard-8-1-74x98.png 74w, https:\/\/ufpr.br\/prpi\/wp-content\/uploads\/2025\/06\/Artboard-8-1-43x57.png 43w\" sizes=\"auto, (max-width: 1080px) 100vw, 1080px\" \/><\/figure>\n\n\n\n<figure class=\"wp-block-image size-full\"><img loading=\"lazy\" decoding=\"async\" width=\"1080\" height=\"1440\" src=\"https:\/\/ufpr.br\/prpi\/wp-content\/uploads\/2025\/06\/Artboard-7-1.png\" alt=\"\" class=\"wp-image-2409\" srcset=\"https:\/\/ufpr.br\/prpi\/wp-content\/uploads\/2025\/06\/Artboard-7-1.png 1080w, https:\/\/ufpr.br\/prpi\/wp-content\/uploads\/2025\/06\/Artboard-7-1-225x300.png 225w, https:\/\/ufpr.br\/prpi\/wp-content\/uploads\/2025\/06\/Artboard-7-1-768x1024.png 768w, https:\/\/ufpr.br\/prpi\/wp-content\/uploads\/2025\/06\/Artboard-7-1-74x98.png 74w, https:\/\/ufpr.br\/prpi\/wp-content\/uploads\/2025\/06\/Artboard-7-1-43x57.png 43w\" sizes=\"auto, (max-width: 1080px) 100vw, 1080px\" \/><\/figure>\n\n\n\n<figure class=\"wp-block-image size-full\"><img loading=\"lazy\" decoding=\"async\" width=\"1080\" height=\"1440\" src=\"https:\/\/ufpr.br\/prpi\/wp-content\/uploads\/2025\/06\/Artboard-6-1.png\" alt=\"\" class=\"wp-image-2405\" srcset=\"https:\/\/ufpr.br\/prpi\/wp-content\/uploads\/2025\/06\/Artboard-6-1.png 1080w, https:\/\/ufpr.br\/prpi\/wp-content\/uploads\/2025\/06\/Artboard-6-1-225x300.png 225w, https:\/\/ufpr.br\/prpi\/wp-content\/uploads\/2025\/06\/Artboard-6-1-768x1024.png 768w, https:\/\/ufpr.br\/prpi\/wp-content\/uploads\/2025\/06\/Artboard-6-1-74x98.png 74w, https:\/\/ufpr.br\/prpi\/wp-content\/uploads\/2025\/06\/Artboard-6-1-43x57.png 43w\" sizes=\"auto, (max-width: 1080px) 100vw, 1080px\" \/><\/figure>\n\n\n\n<figure class=\"wp-block-image size-full\"><img loading=\"lazy\" decoding=\"async\" width=\"1080\" height=\"1440\" src=\"https:\/\/ufpr.br\/prpi\/wp-content\/uploads\/2025\/06\/Artboard-5-1.png\" alt=\"\" class=\"wp-image-2411\" srcset=\"https:\/\/ufpr.br\/prpi\/wp-content\/uploads\/2025\/06\/Artboard-5-1.png 1080w, https:\/\/ufpr.br\/prpi\/wp-content\/uploads\/2025\/06\/Artboard-5-1-225x300.png 225w, https:\/\/ufpr.br\/prpi\/wp-content\/uploads\/2025\/06\/Artboard-5-1-768x1024.png 768w, https:\/\/ufpr.br\/prpi\/wp-content\/uploads\/2025\/06\/Artboard-5-1-74x98.png 74w, https:\/\/ufpr.br\/prpi\/wp-content\/uploads\/2025\/06\/Artboard-5-1-43x57.png 43w\" sizes=\"auto, (max-width: 1080px) 100vw, 1080px\" \/><\/figure>\n\n\n\n<figure class=\"wp-block-image size-full\"><img loading=\"lazy\" decoding=\"async\" width=\"1080\" height=\"1440\" src=\"https:\/\/ufpr.br\/prpi\/wp-content\/uploads\/2025\/06\/Artboard-4-1.png\" alt=\"\" class=\"wp-image-2412\" srcset=\"https:\/\/ufpr.br\/prpi\/wp-content\/uploads\/2025\/06\/Artboard-4-1.png 1080w, https:\/\/ufpr.br\/prpi\/wp-content\/uploads\/2025\/06\/Artboard-4-1-225x300.png 225w, https:\/\/ufpr.br\/prpi\/wp-content\/uploads\/2025\/06\/Artboard-4-1-768x1024.png 768w, https:\/\/ufpr.br\/prpi\/wp-content\/uploads\/2025\/06\/Artboard-4-1-74x98.png 74w, https:\/\/ufpr.br\/prpi\/wp-content\/uploads\/2025\/06\/Artboard-4-1-43x57.png 43w\" sizes=\"auto, (max-width: 1080px) 100vw, 1080px\" \/><\/figure>\n<\/figure>\n<\/div>\n<\/div>\n<\/div>\n\n\n\n<h2 class=\"wp-block-heading\"><mark style=\"background-color:#f3b8b2;color:#00558f\" class=\"has-inline-color\">Startup Garage UFPR + Sebrae<\/mark><\/h2>\n\n\n\n<p><\/p>\n\n\n\n<p class=\"has-black-color has-text-color has-link-color wp-elements-cf8b1ab2714a31c3a42e305f97694d65\">O Startup Garage UFPR \u00e9 uma trilha de capacita\u00e7\u00e3o, realizado em parceria com o Sebrae, que ajuda na transforma\u00e7\u00e3o de ideias e problemas em solu\u00e7\u00f5es para a sociedade. O prop\u00f3sito \u00e9 ajudar empreendedores a transformarem ideias de neg\u00f3cio em modelos de neg\u00f3cio vi\u00e1veis, com est\u00edmulo \u00e0 inova\u00e7\u00e3o.<\/p>\n\n\n\n<p class=\"has-black-color has-text-color has-link-color wp-elements-8ab45f4b1f465a0b1256b11ad058f1bb\">A trilha conta com orienta\u00e7\u00f5es, treinamentos presenciais e via web, al\u00e9m da oferta de mentorias realizadas por professores da UFPR e por profissionais de mercado com atua\u00e7\u00e3o nos temas apresentados.<\/p>\n\n\n\n<p class=\"has-black-color has-text-color has-link-color wp-elements-38148cb7cbcaef85c42bb45afc3eb513\">Fiquem ligados e venham empreender.<\/p>\n\n\n\n<p><a href=\"https:\/\/spin.ufpr.br\/empreendedorismo\/startup-garage\" target=\"_blank\" rel=\"noreferrer noopener\">Saiba mais<\/a><\/p>\n\n\n\n<h2 class=\"wp-block-heading\"><mark style=\"background-color:#f3b8b2;color:#00558f\" class=\"has-inline-color\">Incubadora Tecnol\u00f3gica &#8211; Sele\u00e7\u00e3o de Mentores Volunt\u00e1rios 2024<\/mark><\/h2>\n\n\n\n<p><\/p>\n\n\n\n<p class=\"has-black-color has-text-color has-link-color wp-elements-85e7c9b0fd5c46552ca5d418823a6067\">Inscri\u00e7\u00f5es abertas para sele\u00e7\u00e3o cont\u00ednua de mentores volunt\u00e1rios para apoio a Incubadora Tecnol\u00f3gica da UFPR. O objetivo \u00e9 possibilitar a conex\u00e3o entre mentores volunt\u00e1rios e os empreendedores pr\u00e9-incubados ou incubados na UFPR, nas \u00e1reas de gest\u00e3o empresarial, tecnol\u00f3gica, de inova\u00e7\u00e3o, cont\u00e1bil, financeira, de recursos humanos e jur\u00eddica.<\/p>\n\n\n\n<p class=\"has-black-color has-text-color has-link-color wp-elements-67c5cd59bb5f0baed6cf588abb170561\">Para participar, \u00e9 necess\u00e1rio comprovar experi\u00eancia e conhecimentos t\u00e9cnicos em pelo menos uma das \u00e1reas a seguir:<\/p>\n\n\n\n<ul class=\"wp-block-list\">\n<li class=\"has-black-color has-text-color has-link-color wp-elements-640a41183da3521b145a08236d54d12d\">&nbsp;Gest\u00e3o<\/li>\n\n\n\n<li class=\"has-black-color has-text-color has-link-color wp-elements-b8d35d7d2ef6928c5e63d81770095b72\">&nbsp;Comercial<\/li>\n\n\n\n<li class=\"has-black-color has-text-color has-link-color wp-elements-4ecbb477337a776bb6399e7997c736b6\">&nbsp;Propaganda e Marketing<\/li>\n\n\n\n<li class=\"has-black-color has-text-color has-link-color wp-elements-ad6b7fc935543f459e9957b88718dbe0\">&nbsp;Finan\u00e7as<\/li>\n\n\n\n<li class=\"has-black-color has-text-color has-link-color wp-elements-527e12805a13e520d1eb1545a1b8d9fe\">&nbsp;Inova\u00e7\u00e3o<\/li>\n\n\n\n<li class=\"has-black-color has-text-color has-link-color wp-elements-da4000319be6d4a19fcc87f9c90aa5cc\">&nbsp;Tecnologia<\/li>\n\n\n\n<li class=\"has-black-color has-text-color has-link-color wp-elements-baed4aff43ff8a3e0f2a4624a16000d1\">&nbsp;Recursos Humanos<\/li>\n\n\n\n<li class=\"has-black-color has-text-color has-link-color wp-elements-76eb26bfea8bfa84720029ae311ff1ea\">&nbsp;Jur\u00eddica<\/li>\n\n\n\n<li class=\"has-black-color has-text-color has-link-color wp-elements-bc62afb3bfbfb455d43506373421442d\">&nbsp;Design<\/li>\n<\/ul>\n\n\n\n<p class=\"has-black-color has-text-color has-link-color wp-elements-1593de9a5d1268fe8ddb310a753f1f56\">Os candidatos aprovados neste edital, far\u00e3o parte do banco de mentores volunt\u00e1rios da Incubadora Tecnol\u00f3gica UFPR.<\/p>\n\n\n\n<p><a href=\"https:\/\/spin.ufpr.br\/wp-content\/uploads\/2024\/06\/SEI_6714816_Edital_01-1.pdf\" target=\"_blank\" rel=\"noreferrer noopener\">Edital de Mentoria Volunt\u00e1ria<\/a><\/p>\n\n\n\n<p><a href=\"https:\/\/forms.office.com\/Pages\/ResponsePage.aspx?id=ozd7w-Lp-UK8Z0ubc44d8Az1n4-VFZZCq3mHsWoqh_9UOEEzOFFNQVZLTUpMUDdUOVlMRFEwU0lLRS4u\" target=\"_blank\" rel=\"noreferrer noopener\">Formul\u00e1rio de inscri\u00e7\u00e3o<\/a><\/p>\n\n\n\n<h2 class=\"wp-block-heading\"><mark style=\"background-color:#f3b8b2;color:#00558f\" class=\"has-inline-color\">Pr\u00e9-Incuba\u00e7\u00e3o e Incuba\u00e7\u00e3o de Empresas na UFPR<\/mark><\/h2>\n\n\n\n<p><\/p>\n\n\n\n<p class=\"has-black-color has-text-color has-link-color wp-elements-c8551500b2e584c692c94d047cb3ab8a\">Destina-se a membros da comunidade da UFPR e da comunidade externa, com projetos ou prot\u00f3tipos funcionais inovadores e\/ou de base tecnol\u00f3gica.<\/p>\n\n\n\n<p class=\"has-black-color has-text-color has-link-color wp-elements-fab03d1385586a6af2485412859edda4\">A Unidade Promotora de Ambientes de Inova\u00e7\u00e3o \u00e9 a respons\u00e1vel pela supervis\u00e3o das atividades de pr\u00e9-incuba\u00e7\u00e3o e incuba\u00e7\u00e3o de empresas na UFPR e por articular as a\u00e7\u00f5es de empreendedorismo no contexto institucional.&nbsp;<\/p>\n\n\n\n<p class=\"has-black-color has-text-color has-link-color wp-elements-41f0fa4ecae018b9c1b1e2c4f051de9d\">O processo de pr\u00e9-incuba\u00e7\u00e3o e de incuba\u00e7\u00e3o \u00e9 normatizado por editais de fluxo cont\u00ednuo, voltados para empresas de base tecnol\u00f3gica e\/ou inovadoras.&nbsp;<\/p>\n\n\n\n<p><a href=\"https:\/\/spin.ufpr.br\/empreendedorismo\/empresas-incubadas\">Empresas Incubadas<\/a><\/p>\n\n\n\n<h2 class=\"wp-block-heading\"><mark style=\"background-color:#f3b8b2;color:#00558f\" class=\"has-inline-color\">Edital de Pr\u00e9-Incuba\u00e7\u00e3o e Incuba\u00e7\u00e3o de Empresas 2022<\/mark><\/h2>\n\n\n\n<p><\/p>\n\n\n\n<p class=\"has-black-color has-text-color has-link-color wp-elements-875408b5b46ab1eac37dfceca9a5be63\">Edital de fluxo cont\u00ednuo para sele\u00e7\u00e3o de propostas de neg\u00f3cios inovadores a serem abrigados na Incubadora de Empresas da UFPR:&nbsp;<\/p>\n\n\n\n<ul class=\"wp-block-list\">\n<li><strong><a href=\"https:\/\/spin.ufpr.br\/wp-content\/uploads\/2024\/10\/Edital-Incubacao-e-pre-incubacao-Versao-24102024.pdf\" target=\"_blank\" rel=\"noreferrer noopener\">Edital de Pr\u00e9-Incuba\u00e7\u00e3o e Incuba\u00e7\u00e3o UFPR N\u00ba 01\/2022<\/a>&nbsp;\u2013&nbsp;ENCERRADO EM 04\/08\/2025 <\/strong>&#8211; O Edital N\u00ba 01\/2022 est\u00e1 encerrado a partir de 04\/08\/2025. H\u00e1 previs\u00e3o de abertura de um novo edital at\u00e9 o in\u00edcio de 2026. At\u00e9 a abertura do novo edital, o processo seletivo de novas startups para o Programa de Incuba\u00e7\u00e3o da UFPR est\u00e1 suspenso.<\/li>\n\n\n\n<li><a href=\"https:\/\/spin.ufpr.br\/wp-content\/uploads\/2023\/12\/Anexo-I-Modelo-de-Termo-de-Compartilhamento-051223.docx\" target=\"_blank\" rel=\"noreferrer noopener\">Anexo I<\/a>&nbsp;&nbsp;<\/li>\n\n\n\n<li><a href=\"https:\/\/spin.ufpr.br\/wp-content\/uploads\/2022\/03\/Edital_Incubadora_UFPR_2022_Anexo-II.docx\" target=\"_blank\" rel=\"noreferrer noopener\">Anexo II&nbsp;<\/a><\/li>\n\n\n\n<li><a href=\"https:\/\/spin.ufpr.br\/wp-content\/uploads\/2022\/03\/Edital_Incubadora_UFPR_2022_Anexo-III.docx\" target=\"_blank\" rel=\"noreferrer noopener\">Anexo III&nbsp;<\/a><\/li>\n\n\n\n<li><a href=\"https:\/\/spin.ufpr.br\/wp-content\/uploads\/2022\/03\/Edital_Incubadora_UFPR_2022_Anexo-IV.docx\" target=\"_blank\" rel=\"noreferrer noopener\">Anexo IV&nbsp;<\/a><\/li>\n\n\n\n<li><a href=\"https:\/\/spin.ufpr.br\/wp-content\/uploads\/2022\/03\/Edital_Incubadora_UFPR_2022_Anexo-V.docx\" target=\"_blank\" rel=\"noreferrer noopener\">Anexo V<\/a><\/li>\n<\/ul>\n\n\n\n<ul class=\"wp-block-list\">\n<li><a href=\"https:\/\/spin.ufpr.br\/wp-content\/uploads\/2022\/07\/Edital-02-2022-Resultado-Incubadora-UFPR.pdf\" target=\"_blank\" rel=\"noreferrer noopener\">Edital&nbsp;n\u00ba 02\/2022<\/a>&nbsp;\u2013 Resultado de Avalia\u00e7\u00e3o<\/li>\n\n\n\n<li><a href=\"https:\/\/spin.ufpr.br\/wp-content\/uploads\/2022\/10\/Edital-Resultado-03-2022-Selecao-de-empresas.pdf\">Edital n\u00ba 03\/2022<\/a>&nbsp;\u2013 Resultado de Avalia\u00e7\u00e3o&nbsp;<\/li>\n<\/ul>\n","protected":false},"excerpt":{"rendered":"<p>A Pr\u00f3-Reitoria de Pesquisa e Inova\u00e7\u00e3o, por meio do NIT, tem o objetivo de disseminar a cultura empreendedora para toda a comunidade universit\u00e1ria e estimular o processo de pr\u00e9-incuba\u00e7\u00e3o e incuba\u00e7\u00e3o de&nbsp;empresas inovadoras de base tecnol\u00f3gica&nbsp;no \u00e2mbito da UFPR. A inten\u00e7\u00e3o \u00e9 contribuir com o desenvolvimento de compet\u00eancias empreendedoras dos estudantes, permitindo novas op\u00e7\u00f5es de [&hellip;]<\/p>\n","protected":false},"author":14,"featured_media":0,"parent":0,"menu_order":0,"comment_status":"closed","ping_status":"closed","template":"","meta":{"footnotes":""},"class_list":["post-190","page","type-page","status-publish","hentry"],"_links":{"self":[{"href":"https:\/\/ufpr.br\/prpi\/wp-json\/wp\/v2\/pages\/190","targetHints":{"allow":["GET"]}}],"collection":[{"href":"https:\/\/ufpr.br\/prpi\/wp-json\/wp\/v2\/pages"}],"about":[{"href":"https:\/\/ufpr.br\/prpi\/wp-json\/wp\/v2\/types\/page"}],"author":[{"embeddable":true,"href":"https:\/\/ufpr.br\/prpi\/wp-json\/wp\/v2\/users\/14"}],"replies":[{"embeddable":true,"href":"https:\/\/ufpr.br\/prpi\/wp-json\/wp\/v2\/comments?post=190"}],"version-history":[{"count":27,"href":"https:\/\/ufpr.br\/prpi\/wp-json\/wp\/v2\/pages\/190\/revisions"}],"predecessor-version":[{"id":4763,"href":"https:\/\/ufpr.br\/prpi\/wp-json\/wp\/v2\/pages\/190\/revisions\/4763"}],"wp:attachment":[{"href":"https:\/\/ufpr.br\/prpi\/wp-json\/wp\/v2\/media?parent=190"}],"curies":[{"name":"wp","href":"https:\/\/api.w.org\/{rel}","templated":true}]}}