{"id":1703,"date":"2025-05-23T14:40:45","date_gmt":"2025-05-23T17:40:45","guid":{"rendered":"https:\/\/ufpr.br\/prpi\/?page_id=1703"},"modified":"2026-03-31T11:41:11","modified_gmt":"2026-03-31T14:41:11","slug":"unibio-tmm-mta-assinados-com-outras-instituicoes-do-exterior","status":"publish","type":"page","link":"https:\/\/ufpr.br\/prpi\/unibio-tmm-mta-assinados-com-outras-instituicoes-do-exterior\/","title":{"rendered":"Rela\u00e7\u00e3o dos TMM\/MTA assinados com outras Institui\u00e7\u00f5es do Exterior"},"content":{"rendered":"\n<div class=\"wp-block-columns has-white-background-color has-background is-layout-flex wp-container-core-columns-is-layout-1 wp-block-columns-is-layout-flex\">\n<div class=\"wp-block-column has-black-color has-text-color has-link-color wp-elements-eaf5bb735f6d12ca7b3cddd8a9905f48 is-layout-flow wp-block-column-is-layout-flow\">\n<p class=\"has-black-color has-text-color has-link-color wp-elements-1ef8702089bd921cd369be9457326f58\">Em conformidade com a Lei Geral de Prote\u00e7\u00e3o de Dados Pessoais (Lei n\u00ba 13.709\/2018), especialmente os princ\u00edpios da finalidade, necessidade e seguran\u00e7a (art. 6\u00ba, incisos I, III e VII), o acesso ao TTM\/MTA, que cont\u00e9m dados pessoais n\u00e3o p\u00fablicos, deve ser solicitado formalmente por <strong>e-mail institucional do pesquisador<\/strong> \u00e0 <strong><mark style=\"background-color:#f3b8b2\" class=\"has-inline-color has-black-color\"><a href=\"mailto:unibio@ufpr.br\">unibio@ufpr.br<\/a><\/mark><\/strong>, garantindo a rastreabilidade e a prote\u00e7\u00e3o das informa\u00e7\u00f5es. O TTM\/MTA fornecido dever\u00e1 ser mantido sob a guarda do pesquisador respons\u00e1vel e n\u00e3o poder\u00e1 ser compartilhado com terceiros, em respeito aos direitos dos dados dos representantes legais.<\/p>\n\n\n\n<p>Utilize as instru\u00e7\u00f5es contidas na <a href=\"https:\/\/ufpr.br\/prpi\/wp-content\/uploads\/2025\/07\/BASE-de-CONHECIMENTO-para-Termo-de-Transferencia-de-Material_072025.pdf\"><span style=\"text-decoration: underline\"><mark style=\"background-color:#f3b8b2\" class=\"has-inline-color has-black-color\">base de conhecimento<\/mark><\/span><\/a> para preencher processo SEI, quando for solicitar um <strong>novo <\/strong> Termo de Transfer\u00eancia de Materiais.<\/p>\n\n\n\n<figure class=\"wp-block-table is-style-stripes has-small-font-size\"><table class=\"has-black-color has-text-color has-link-color has-fixed-layout\"><tbody><tr><td>American Museum of Natural History &nbsp;<\/td><td>Naturalis Biodiversity Center<\/td><\/tr><tr><td>Arizona State University&nbsp;<\/td><td>New York Botanical Garden<\/td><\/tr><tr><td>Australian National Insect Collection<\/td><td>Okinawa Institute of Science and Technology School Corporation<\/td><\/tr><tr><td>Biodiversity Institute of Ontario<\/td><td>Pivot Bio<\/td><\/tr><tr><td>California Academy of Sciences<\/td><td>Presidente and Fellows of Harvard College<\/td><\/tr><tr><td>California State Collection of Arthropods<\/td><td>Purdue University<\/td><\/tr><tr><td><a href=\"https:\/\/pesquisa.in.gov.br\/imprensa\/jsp\/visualiza\/index.jsp?jornal=530&amp;pagina=77&amp;data=10\/11\/2025\"><span style=\"text-decoration: underline\">Canadian Museum of Nature<\/span><\/a><\/td><td>Royal Ontario Museum<\/td><\/tr><tr><td>Centre of Expertise in Mycology Radbouumc\/Nijmegend<\/td><td>Rush University<\/td><\/tr><tr><td>China Agricultural University<\/td><td>Senckenberg Gesellschaft f\u00fcr Naturforschung \u2013 Frankfurt<\/td><\/tr><tr><td>Cornell University<\/td><td>South Australian Museum<\/td><\/tr><tr><td>EMD Milipore Corporation<\/td><td><a href=\"https:\/\/pesquisa.in.gov.br\/imprensa\/jsp\/visualiza\/index.jsp?data=19\/12\/2025&amp;jornal=530&amp;pagina=138&amp;totalArquivos=418\" data-type=\"link\" data-id=\"https:\/\/pesquisa.in.gov.br\/imprensa\/jsp\/visualiza\/index.jsp?data=19\/12\/2025&amp;jornal=530&amp;pagina=138&amp;totalArquivos=418\"><span style=\"text-decoration: underline\">Southwest University<\/span><\/a><\/td><\/tr><tr><td>Field Museum of Natural History<\/td><td>&nbsp;<a href=\"https:\/\/pesquisa.in.gov.br\/imprensa\/jsp\/visualiza\/index.jsp?jornal=530&amp;pagina=49&amp;data=09\/09\/2025\" data-type=\"link\" data-id=\"https:\/\/pesquisa.in.gov.br\/imprensa\/jsp\/visualiza\/index.jsp?jornal=530&amp;pagina=49&amp;data=09\/09\/2025\" target=\"_blank\" rel=\"noreferrer noopener\"><span style=\"text-decoration: underline\">The Regents of the University of Michigan<\/span><\/a><\/td><\/tr><tr><td>Florida State Collection of Arthropods<\/td><td>Tytgat Institute for Liver and Intestinal Research<\/td><\/tr><tr><td>George Washington University<\/td><td>Universidad Autonoma Nacional de Mexico &#8211; UNAM<\/td><\/tr><tr><td>Hawkesbury Institute for the Environment<\/td><td><a href=\"https:\/\/pesquisa.in.gov.br\/imprensa\/jsp\/visualiza\/index.jsp?jornal=530&amp;pagina=70&amp;data=27\/11\/2025\" target=\"_blank\" rel=\"noreferrer noopener\"><span style=\"text-decoration: underline\">Universidad de C\u00e1diz<\/span><\/a><\/td><\/tr><tr><td>Institute of Entomology &#8211; Biology Centre of The Czech Academy of Sciences &#8211; Republica Tcheca&nbsp;<\/td><td>Universit\u00e9 Claude Bernard-Lyon 1<\/td><\/tr><tr><td>Katholieke Universiteit Leuven<\/td><td>Universit\u00e9 de Reims Champagne-Ardenne<\/td><\/tr><tr><td><a href=\"https:\/\/pesquisa.in.gov.br\/imprensa\/jsp\/visualiza\/index.jsp?jornal=530&amp;pagina=72&amp;data=19\/11\/2025\" target=\"_blank\" rel=\"noreferrer noopener\"><span style=\"text-decoration: underline\">Monash University<\/span><\/a><\/td><td>University College Dublin<\/td><\/tr><tr><td>Montgomery Botanical Center<\/td><td>University of California \u2013 San Diego Campus<\/td><\/tr><tr><td>Museo Argentino de Ciencias Naturales &#8220;Bernardino Rivadavia&#8221;&nbsp;<\/td><td>University of Florida Board of Trustees<\/td><\/tr><tr><td>Museo de La Plata<\/td><td><a href=\"https:\/\/pesquisa.in.gov.br\/imprensa\/jsp\/visualiza\/index.jsp?jornal=530&amp;pagina=69&amp;data=17\/10\/2025\" target=\"_blank\" rel=\"noreferrer noopener\"><span style=\"text-decoration: underline\">University of Guelph<\/span><\/a><\/td><\/tr><tr><td>Mus\u00e9um D\u2019Histoire Naturelle \u2013 Geneve<\/td><td>Westrerdijk Fungal Biodiversity Institute<\/td><\/tr><tr><td>Museum National d&#8217;Histoire Naturelle&nbsp;<\/td><td><\/td><\/tr><tr><td>National Museum of Natural History Smithsonian Institution<\/td><td><\/td><\/tr><\/tbody><\/table><\/figure>\n<\/div>\n<\/div>\n","protected":false},"excerpt":{"rendered":"<p>Em conformidade com a Lei Geral de Prote\u00e7\u00e3o de Dados Pessoais (Lei n\u00ba 13.709\/2018), especialmente os princ\u00edpios da finalidade, necessidade e seguran\u00e7a (art. 6\u00ba, incisos I, III e VII), o acesso ao TTM\/MTA, que cont\u00e9m dados pessoais n\u00e3o p\u00fablicos, deve ser solicitado formalmente por e-mail institucional do pesquisador \u00e0 unibio@ufpr.br, garantindo a rastreabilidade e a [&hellip;]<\/p>\n","protected":false},"author":11,"featured_media":0,"parent":0,"menu_order":0,"comment_status":"closed","ping_status":"closed","template":"","meta":{"footnotes":""},"class_list":["post-1703","page","type-page","status-publish","hentry"],"_links":{"self":[{"href":"https:\/\/ufpr.br\/prpi\/wp-json\/wp\/v2\/pages\/1703","targetHints":{"allow":["GET"]}}],"collection":[{"href":"https:\/\/ufpr.br\/prpi\/wp-json\/wp\/v2\/pages"}],"about":[{"href":"https:\/\/ufpr.br\/prpi\/wp-json\/wp\/v2\/types\/page"}],"author":[{"embeddable":true,"href":"https:\/\/ufpr.br\/prpi\/wp-json\/wp\/v2\/users\/11"}],"replies":[{"embeddable":true,"href":"https:\/\/ufpr.br\/prpi\/wp-json\/wp\/v2\/comments?post=1703"}],"version-history":[{"count":20,"href":"https:\/\/ufpr.br\/prpi\/wp-json\/wp\/v2\/pages\/1703\/revisions"}],"predecessor-version":[{"id":5268,"href":"https:\/\/ufpr.br\/prpi\/wp-json\/wp\/v2\/pages\/1703\/revisions\/5268"}],"wp:attachment":[{"href":"https:\/\/ufpr.br\/prpi\/wp-json\/wp\/v2\/media?parent=1703"}],"curies":[{"name":"wp","href":"https:\/\/api.w.org\/{rel}","templated":true}]}}