{"id":1599,"date":"2025-05-16T10:49:07","date_gmt":"2025-05-16T13:49:07","guid":{"rendered":"https:\/\/ufpr.br\/prpi\/?page_id=1599"},"modified":"2026-04-06T18:28:34","modified_gmt":"2026-04-06T21:28:34","slug":"legislacao-transparencia","status":"publish","type":"page","link":"https:\/\/ufpr.br\/prpi\/legislacao-transparencia\/","title":{"rendered":"Legisla\u00e7\u00e3o | Transpar\u00eancia"},"content":{"rendered":"\n<div class=\"wp-block-columns is-layout-flex wp-container-core-columns-is-layout-1 wp-block-columns-is-layout-flex\">\n<div class=\"wp-block-column is-layout-flow wp-block-column-is-layout-flow\">\n<div class=\"wp-block-cover is-light\" style=\"min-height:136px;aspect-ratio:unset;\"><span aria-hidden=\"true\" class=\"wp-block-cover__background has-background-dim-0 has-background-dim\" style=\"background-color:#b7b4b2\"><\/span><img loading=\"lazy\" decoding=\"async\" width=\"7360\" height=\"4912\" class=\"wp-block-cover__image-background wp-image-3119\" alt=\"\" src=\"https:\/\/ufpr.br\/prpi\/wp-content\/uploads\/2025\/09\/standard-quality-control-concept-m-1.jpg\" style=\"object-position:55% 64%\" data-object-fit=\"cover\" data-object-position=\"55% 64%\" \/><div class=\"wp-block-cover__inner-container is-layout-constrained wp-block-cover-is-layout-constrained\">\n<p class=\"has-text-align-center has-large-font-size\"><\/p>\n<\/div><\/div>\n<\/div>\n<\/div>\n\n\n\n<div class=\"wp-block-columns is-layout-flex wp-container-core-columns-is-layout-2 wp-block-columns-is-layout-flex\">\n<div class=\"wp-block-column is-layout-flow wp-block-column-is-layout-flow\">\n<div class=\"wp-block-group\"><div class=\"wp-block-group__inner-container is-layout-constrained wp-block-group-is-layout-constrained\">\n<div class=\"wp-block-group\"><div class=\"wp-block-group__inner-container is-layout-constrained wp-block-group-is-layout-constrained\">\n<h2 class=\"wp-block-heading has-text-align-center has-text-color has-background has-link-color wp-elements-2fd3b8002b8ea0e83799a88b739b2ce6\" style=\"color:#00558f;background-color:#f3b8b2\">Documentos gerais<\/h2>\n\n\n\n<figure class=\"wp-block-table is-style-stripes\"><table class=\"has-black-color has-text-color has-link-color has-fixed-layout\"><thead><tr><th>Documento<\/th><th>ASSUNTO\/TEMA<\/th><th>LINK PARA ACESSO<\/th><\/tr><\/thead><tbody><tr><td>Memorando circular n\u00ba01\/2026 UFPR\/R\/SUPRI\/CPAR<\/td><td><em>Credenciamento &#8211; Funda\u00e7\u00e3o de Apoio<\/em><\/td><td><a href=\"https:\/\/ufpr.br\/prpi\/wp-content\/uploads\/2026\/04\/SEI_8719793_Memorando_circular_1-1.pdf\">https:\/\/ufpr.br\/prpi\/wp-content\/uploads\/2026\/04\/SEI_8719793_Memorando_circular_1-1.pdf<\/a><\/td><\/tr><tr><td><\/td><td><\/td><td><\/td><\/tr><\/tbody><\/table><\/figure>\n\n\n\n<h2 class=\"wp-block-heading has-text-align-center has-text-color has-background has-link-color wp-elements-008cf66e5c1c456cdb98c3b1ddda3124\" style=\"color:#00558f;background-color:#f3b8b2\"><strong>Portarias PRPI<\/strong><\/h2>\n\n\n\n<figure class=\"wp-block-table is-style-stripes\"><table class=\"has-black-color has-text-color has-link-color has-fixed-layout\"><thead><tr><th>Portaria<\/th><th>ASSUNTO\/TEMA<\/th><th>LINK PARA ACESSO<\/th><\/tr><\/thead><tbody><tr><td>Portaria n\u00ba01\/2026<\/td><td><em>Comiss\u00e3o de patrim\u00f4nio PRPI<\/em><\/td><td><a href=\"https:\/\/ufpr.br\/prpi\/wp-content\/uploads\/2026\/03\/Portaria-01-2026-PRPI-comissao-de-patrimonio.pdf\">https:\/\/ufpr.br\/prpi\/wp-content\/uploads\/2026\/03\/Portaria-01-2026-PRPI-comissao-de-patrimonio.pdf<\/a><\/td><\/tr><tr><td>Portaria n\u00ba03\/2026<\/td><td><em>Comiss\u00e3o de avalia\u00e7\u00e3o recursal em 2\u00aainst\u00e2ncia &#8211; editais e chamadas gerenciados pela PRPI<\/em><\/td><td><a href=\"https:\/\/ufpr.br\/prpi\/wp-content\/uploads\/2026\/03\/Portaria-03-2026-PRPI-comissao-recurso-de-2a-instancia.pdf\">https:\/\/ufpr.br\/prpi\/wp-content\/uploads\/2026\/03\/Portaria-03-2026-PRPI-comissao-recurso-de-2a-instancia.pdf<\/a><\/td><\/tr><tr><td>Portaria n\u00ba04\/2026    <\/td><td>comiss\u00e3o de avalia\u00e7\u00e3o e<br>sele\u00e7\u00e3o do projeto Institucional referente ao Edital n\u00ba 03\/2026 COPI\/PRPI \u2013 Chamada P\u00fablica Edital Centros Tem\u00e1ticos &#8211; MCTI\/FINEP\/FNDCT &#8211; Pesquisa Aplicada 2025<\/td><td><a href=\"https:\/\/ufpr.br\/prpi\/wp-content\/uploads\/2026\/04\/portaria-04-2026-prpi.pdf\">https:\/\/ufpr.br\/prpi\/wp-content\/uploads\/2026\/04\/portaria-04-2026-prpi.pdf<\/a><\/td><\/tr><\/tbody><\/table><\/figure>\n\n\n\n<h2 class=\"wp-block-heading has-text-align-center has-text-color has-background has-link-color wp-elements-227489434e7d808bfb16f00309500daa\" style=\"color:#00558f;background-color:#f3b8b2\"><strong>Instru\u00e7\u00f5es Normativas \/ PRPI<\/strong><\/h2>\n<\/div><\/div>\n<\/div><\/div>\n<\/div>\n<\/div>\n\n\n\n<div class=\"wp-block-columns is-layout-flex wp-container-core-columns-is-layout-3 wp-block-columns-is-layout-flex\">\n<div class=\"wp-block-column is-layout-flow wp-block-column-is-layout-flow\">\n<div class=\"wp-block-group\"><div class=\"wp-block-group__inner-container is-layout-constrained wp-block-group-is-layout-constrained\">\n<figure class=\"wp-block-table is-style-stripes\"><table class=\"has-black-color has-text-color has-link-color has-fixed-layout\"><thead><tr><th>IN<\/th><th>ASSUNTO\/TEMA<\/th><th>LINK PARA ACESSO<\/th><\/tr><\/thead><tbody><tr><td>IN n\u00ba 02\/2026 PRPI<\/td><td><em>Disp\u00f5e sobre o uso e a gest\u00e3o das redes sociais institucionais vinculadas \u00e0 Pr\u00f3-Reitoria de Pesquisa e Inova\u00e7\u00e3o da Universidade Federal do Paran\u00e1 (PRPI\/UFPR)<\/em><\/td><td><a href=\"https:\/\/ufpr.br\/prpi\/wp-content\/uploads\/2026\/03\/IN-02-2026-redes-sociais-PRPI.pdf\">https:\/\/ufpr.br\/prpi\/wp-content\/uploads\/2026\/03\/IN-02-2026-redes-sociais-PRPI.pdf<\/a><\/td><\/tr><tr><td>IN n\u00ba 01\/2025 PRPI<\/td><td>Procedimentos para Levantamento de Dados, Consolida\u00e7\u00e3o e Elabora\u00e7\u00e3o do Relat\u00f3rio Anual de Atividades Potencialmente Poluidoras (RAPP\/IBAMA) na UFPR<\/td><td><a href=\"https:\/\/ufpr.br\/prpi\/wp-content\/uploads\/2025\/10\/SEI_8172345_Instrucao_Normativa.pdf\">https:\/\/ufpr.br\/prpi\/wp-content\/uploads\/2025\/10\/SEI_8172345_Instrucao_Normativa.pdf<\/a><\/td><\/tr><tr><td>IN n\u00ba 02\/2025 PRPI<\/td><td>Disp\u00f5e sobre orienta\u00e7\u00f5es gerais, fluxos e normas para a utiliza\u00e7\u00e3o do <strong>Cart\u00e3o Pesquisador<\/strong> UFPR, no \u00e2mbito da Pr\u00f3 Reitoria de Pesquisa e Inova\u00e7\u00e3o da UFPR (PRPI\/UFPR)<\/td><td><a href=\"https:\/\/ufpr.br\/prpi\/wp-content\/uploads\/2025\/10\/IN-02.2025-Cartao-Pesquisador.pdf\">https:\/\/ufpr.br\/prpi\/wp-content\/uploads\/2025\/10\/SEI_8242810_Instrucao_Normativa-02.2025-PRPI-Cartao-Pesquisador.pdf<\/a><\/td><\/tr><\/tbody><\/table><\/figure>\n<\/div><\/div>\n<\/div>\n<\/div>\n\n\n\n<div class=\"wp-block-columns is-layout-flex wp-container-core-columns-is-layout-4 wp-block-columns-is-layout-flex\">\n<div class=\"wp-block-column is-layout-flow wp-block-column-is-layout-flow\">\n<h2 class=\"wp-block-heading has-text-align-center has-text-color has-background has-link-color wp-elements-86948826665a24e898572410e591ffeb\" style=\"color:#00558f;background-color:#f3b8b2\"><strong>Resolu\u00e7\u00f5es relacionadas \u00e0 atividade de Pesquisa<\/strong><\/h2>\n<\/div>\n<\/div>\n\n\n\n<div class=\"wp-block-columns is-layout-flex wp-container-core-columns-is-layout-5 wp-block-columns-is-layout-flex\">\n<div class=\"wp-block-column is-layout-flow wp-block-column-is-layout-flow\">\n<figure class=\"wp-block-table is-style-stripes\"><table class=\"has-black-color has-text-color has-link-color has-fixed-layout\"><thead><tr><th>RESOLU\u00c7\u00c3O<\/th><th class=\"has-text-align-left\" data-align=\"left\">ASSUNTO\/TEMA<\/th><th>LINK PARA ACESSO<\/th><\/tr><\/thead><tbody><tr><td>Resolu\u00e7\u00e3o n\u00ba 25\/20 CEPE<\/td><td class=\"has-text-align-left\" data-align=\"left\">Cria e regulamenta o funcionamento do Comit\u00ea Assessor de Pesquisa (CAPq), do Comit\u00ea Assessor de Inicia\u00e7\u00e3o Cient\u00edfica (CAIC), dos Comit\u00eas Setoriais de Pesquisa (CSPq) e estabelece crit\u00e9rios para sua composi\u00e7\u00e3o, atribui\u00e7\u00e3o e d\u00e1 outras provid\u00eancias. Universidade Federal do Paran\u00e1.<\/td><td><a href=\"https:\/\/soc.ufpr.br\/wp-content\/uploads\/2020\/05\/RESOLU%C3%87%C3%83O-N%C2%BA-25-2020-%E2%80%93-CEPE.pdf\">https:\/\/soc.ufpr.br\/wp-content\/uploads\/2020\/05\/RESOLU%C3%87%C3%83O-N%C2%BA-25-2020-%E2%80%93-CEPE.pdf<\/a><\/td><\/tr><tr><td>Resolu\u00e7\u00e3o n\u00ba 01\/23 CEPE<\/td><td class=\"has-text-align-left\" data-align=\"left\">Estabelece normas para registro de projetos de pesquisa cient\u00edfica, de desenvolvimento tecnol\u00f3gico e de inova\u00e7\u00e3o e define os produtos de pesquisa na Universidade Federal do Paran\u00e1.<\/td><td><a href=\"https:\/\/soc.ufpr.br\/wp-content\/uploads\/2023\/02\/RESOLU%C3%87%C3%83O-N%C2%BA-01-23-CEPE.pdf\">https:\/\/soc.ufpr.br\/wp-content\/uploads\/2023\/02\/RESOLU%C3%87%C3%83O-N%C2%BA-01-23-CEPE.pdf<\/a><\/td><\/tr><tr><td>Resolu\u00e7\u00e3o n\u00ba 02\/23 CEPE<\/td><td class=\"has-text-align-left\" data-align=\"left\">Aprovar a possibilidade de t\u00e9cnicos administrativos em educa\u00e7\u00e3o coordenarem projetos de pesquisa cient\u00edfica.<\/td><td><a href=\"https:\/\/soc.ufpr.br\/wp-content\/uploads\/2023\/02\/RESOLU%C3%87%C3%83O-N%C2%BA-02-23-CEPE.pdf\">https:\/\/soc.ufpr.br\/wp-content\/uploads\/2023\/02\/RESOLU%C3%87%C3%83O-N%C2%BA-02-23-CEPE.pd<\/a><\/td><\/tr><tr><td>Resolu\u00e7\u00e3o n\u00ba 40\/25 COPLAD           <\/td><td class=\"has-text-align-left\" data-align=\"left\"><mark style=\"background-color:#ffffff\" class=\"has-inline-color\">Normatiza, no \u00e2mbito da Universidade Federal do Paran\u00e1 &#8211; UFPR, o suporte de funda\u00e7\u00e3o registrada e credenciada como funda\u00e7\u00e3o de apoio a projetos de<br>ensino, pesquisa, extens\u00e3o, desenvolvimento institucional, cient\u00edfico e tecnol\u00f3gico e est\u00edmulo \u00e0 inova\u00e7\u00e3o de interesse da UFPR e, primordialmente, ao<br>desenvolvimento da inova\u00e7\u00e3o e da pesquisa cient\u00edfica e tecnol\u00f3gica.<\/mark><\/td><td><a href=\"https:\/\/ufpr.br\/prpi\/wp-content\/uploads\/2026\/01\/Res.-40-25-COPLAD-Normatiza-o-relacionamento-da-UFPR-com-as-fundacoes-de-apoio-1.pdf\">https:\/\/ufpr.br\/prpi\/wp-content\/uploads\/2026\/01\/Res.-40-25-COPLAD-Normatiza-o-relacionamento-da-UFPR-com-as-fundacoes-de-apoio-1.pdf<\/a><\/td><\/tr><\/tbody><\/table><\/figure>\n<\/div>\n<\/div>\n\n\n\n<p class=\"has-text-align-left\"><\/p>\n\n\n\n<p class=\"has-text-align-left\"><\/p>\n\n\n\n<p class=\"has-text-align-left\"><\/p>\n\n\n\n<p class=\"has-text-align-left\"><\/p>\n\n\n\n<p class=\"has-text-align-left\"><\/p>\n\n\n\n<p class=\"has-text-align-left\"><\/p>\n\n\n\n<p class=\"has-text-align-left\"><\/p>\n\n\n\n<p class=\"has-text-align-left\"><\/p>\n\n\n\n<p><\/p>\n","protected":false},"excerpt":{"rendered":"<p>Documentos gerais Documento ASSUNTO\/TEMA LINK PARA ACESSO Memorando circular n\u00ba01\/2026 UFPR\/R\/SUPRI\/CPAR Credenciamento &#8211; Funda\u00e7\u00e3o de Apoio https:\/\/ufpr.br\/prpi\/wp-content\/uploads\/2026\/04\/SEI_8719793_Memorando_circular_1-1.pdf Portarias PRPI Portaria ASSUNTO\/TEMA LINK PARA ACESSO Portaria n\u00ba01\/2026 Comiss\u00e3o de patrim\u00f4nio PRPI https:\/\/ufpr.br\/prpi\/wp-content\/uploads\/2026\/03\/Portaria-01-2026-PRPI-comissao-de-patrimonio.pdf Portaria n\u00ba03\/2026 Comiss\u00e3o de avalia\u00e7\u00e3o recursal em 2\u00aainst\u00e2ncia &#8211; editais e chamadas gerenciados pela PRPI https:\/\/ufpr.br\/prpi\/wp-content\/uploads\/2026\/03\/Portaria-03-2026-PRPI-comissao-recurso-de-2a-instancia.pdf Portaria n\u00ba04\/2026 comiss\u00e3o de avalia\u00e7\u00e3o esele\u00e7\u00e3o do projeto [&hellip;]<\/p>\n","protected":false},"author":11,"featured_media":0,"parent":0,"menu_order":0,"comment_status":"closed","ping_status":"closed","template":"","meta":{"footnotes":""},"class_list":["post-1599","page","type-page","status-publish","hentry"],"_links":{"self":[{"href":"https:\/\/ufpr.br\/prpi\/wp-json\/wp\/v2\/pages\/1599","targetHints":{"allow":["GET"]}}],"collection":[{"href":"https:\/\/ufpr.br\/prpi\/wp-json\/wp\/v2\/pages"}],"about":[{"href":"https:\/\/ufpr.br\/prpi\/wp-json\/wp\/v2\/types\/page"}],"author":[{"embeddable":true,"href":"https:\/\/ufpr.br\/prpi\/wp-json\/wp\/v2\/users\/11"}],"replies":[{"embeddable":true,"href":"https:\/\/ufpr.br\/prpi\/wp-json\/wp\/v2\/comments?post=1599"}],"version-history":[{"count":23,"href":"https:\/\/ufpr.br\/prpi\/wp-json\/wp\/v2\/pages\/1599\/revisions"}],"predecessor-version":[{"id":5491,"href":"https:\/\/ufpr.br\/prpi\/wp-json\/wp\/v2\/pages\/1599\/revisions\/5491"}],"wp:attachment":[{"href":"https:\/\/ufpr.br\/prpi\/wp-json\/wp\/v2\/media?parent=1599"}],"curies":[{"name":"wp","href":"https:\/\/api.w.org\/{rel}","templated":true}]}}