{"id":1596,"date":"2025-05-16T10:48:30","date_gmt":"2025-05-16T13:48:30","guid":{"rendered":"https:\/\/ufpr.br\/prpi\/?page_id=1596"},"modified":"2026-04-15T15:44:41","modified_gmt":"2026-04-15T18:44:41","slug":"sustentabilidade","status":"publish","type":"page","link":"https:\/\/ufpr.br\/prpi\/sustentabilidade\/","title":{"rendered":"Sustentabilidade"},"content":{"rendered":"\n<figure class=\"wp-block-image size-full\"><img loading=\"lazy\" decoding=\"async\" width=\"1350\" height=\"250\" src=\"https:\/\/ufpr.br\/prpi\/wp-content\/uploads\/2026\/03\/OK.png\" alt=\"\" class=\"wp-image-5015\" srcset=\"https:\/\/ufpr.br\/prpi\/wp-content\/uploads\/2026\/03\/OK.png 1350w, https:\/\/ufpr.br\/prpi\/wp-content\/uploads\/2026\/03\/OK-300x56.png 300w, https:\/\/ufpr.br\/prpi\/wp-content\/uploads\/2026\/03\/OK-1024x190.png 1024w, https:\/\/ufpr.br\/prpi\/wp-content\/uploads\/2026\/03\/OK-768x142.png 768w, https:\/\/ufpr.br\/prpi\/wp-content\/uploads\/2026\/03\/OK-175x32.png 175w, https:\/\/ufpr.br\/prpi\/wp-content\/uploads\/2026\/03\/OK-75x14.png 75w\" sizes=\"auto, (max-width: 1350px) 100vw, 1350px\" \/><\/figure>\n\n\n\n<div class=\"wp-block-buttons is-layout-flex wp-container-core-buttons-is-layout-1 wp-block-buttons-is-layout-flex\">\n<div class=\"wp-block-button has-custom-font-size is-style-outline is-style-outline--1\" style=\"font-size:14px\"><a class=\"wp-block-button__link has-text-color has-link-color wp-element-button\" href=\"https:\/\/ufpr.br\/prpi\/sustentabilidade\/observatorio-de-sustentabilidade-sobre\/\" style=\"color:#109953\">SOBRE<\/a><\/div>\n\n\n\n<div class=\"wp-block-button has-custom-font-size is-style-outline is-style-outline--2\" style=\"font-size:14px\"><a class=\"wp-block-button__link has-text-color has-link-color wp-element-button\" href=\"#ods_na_ufpr\" style=\"color:#109953\">ODS NA UFPR<\/a><\/div>\n\n\n\n<div class=\"wp-block-button has-custom-font-size is-style-outline is-style-outline--3\" style=\"font-size:14px\"><a class=\"wp-block-button__link has-text-color has-link-color wp-element-button\" href=\"#guia_docente\" style=\"color:#109953\">GUIA DOCENTE<\/a><\/div>\n\n\n\n<div class=\"wp-block-button has-custom-font-size is-style-outline is-style-outline--4\" style=\"font-size:14px\"><a class=\"wp-block-button__link has-text-color has-link-color wp-element-button\" style=\"color:#109953\">INDICADORES E DADOS<\/a><\/div>\n\n\n\n<div class=\"wp-block-button has-custom-font-size is-style-outline is-style-outline--5\" style=\"font-size:14px\"><a class=\"wp-block-button__link has-text-color has-link-color wp-element-button\" href=\"https:\/\/ufpr.br\/?s=sustentabilidade\" style=\"color:#109953\">NOT\u00cdCIAS<\/a><\/div>\n\n\n\n<div class=\"wp-block-button has-custom-font-size is-style-outline is-style-outline--6\" style=\"font-size:14px\"><a class=\"wp-block-button__link has-text-color has-link-color wp-element-button\" href=\"https:\/\/ufpr.br\/prpi\/sustentabilidade\/contato\/\" style=\"color:#109953\">CONTATO<\/a><\/div>\n<\/div>\n\n\n\n<div style=\"height:16px\" aria-hidden=\"true\" class=\"wp-block-spacer\"><\/div>\n\n\n\n<p>Um espa\u00e7o para reunir, dar visibilidade e fortalecer as a\u00e7\u00f5es de sustentabilidade desenvolvidas na UFPR. O <strong>Observat\u00f3rio de Sustentabilidade UFPR<\/strong> nasce com o prop\u00f3sito de mapear iniciativas, conectar pessoas e setores, organizar informa\u00e7\u00f5es estrat\u00e9gicas e ampliar a presen\u00e7a institucional da sustentabilidade na universidade. Ao integrar ensino, pesquisa, extens\u00e3o, gest\u00e3o e inova\u00e7\u00e3o, busca apoiar decis\u00f5es, valorizar conquistas e contribuir para uma UFPR cada vez mais comprometida com a transforma\u00e7\u00e3o socioambiental.<\/p>\n\n\n\n<div style=\"height:13px\" aria-hidden=\"true\" class=\"wp-block-spacer\"><\/div>\n\n\n\n<h1 class=\"wp-block-heading has-black-color has-text-color has-link-color wp-elements-403c703a3c0bbfc245e13e784194f526\" id=\"ods_na_ufpr\" style=\"font-size:20px\"><strong><a href=\"#ods_na_ufpr\" data-type=\"internal\" data-id=\"#ods_na_ufpr\">Explore os ODS na UFPR:<\/a><\/strong><\/h1>\n\n\n\n<p style=\"font-size:18px\">Conhe\u00e7a e acompanhe pesquisas, projetos e outras iniciativas acad\u00eamicas desenvolvidas em cada \u00e1rea.<br>[ EM BREVE ]<\/p>\n\n\n\n<div class=\"wp-block-group is-layout-grid wp-container-core-group-is-layout-1 wp-block-group-is-layout-grid\">\n<figure class=\"wp-block-image size-thumbnail\"><img loading=\"lazy\" decoding=\"async\" width=\"150\" height=\"150\" src=\"https:\/\/ufpr.br\/prpi\/wp-content\/uploads\/2026\/04\/01_1-150x150.png\" alt=\"\" class=\"wp-image-5607\" srcset=\"https:\/\/ufpr.br\/prpi\/wp-content\/uploads\/2026\/04\/01_1-150x150.png 150w, https:\/\/ufpr.br\/prpi\/wp-content\/uploads\/2026\/04\/01_1-300x300.png 300w, https:\/\/ufpr.br\/prpi\/wp-content\/uploads\/2026\/04\/01_1-1024x1024.png 1024w, https:\/\/ufpr.br\/prpi\/wp-content\/uploads\/2026\/04\/01_1-768x768.png 768w, https:\/\/ufpr.br\/prpi\/wp-content\/uploads\/2026\/04\/01_1-98x98.png 98w, https:\/\/ufpr.br\/prpi\/wp-content\/uploads\/2026\/04\/01_1-57x57.png 57w, https:\/\/ufpr.br\/prpi\/wp-content\/uploads\/2026\/04\/01_1.png 1250w\" sizes=\"auto, (max-width: 150px) 100vw, 150px\" \/><\/figure>\n\n\n\n<figure class=\"wp-block-image size-thumbnail\"><img loading=\"lazy\" decoding=\"async\" width=\"150\" height=\"150\" src=\"https:\/\/ufpr.br\/prpi\/wp-content\/uploads\/2026\/04\/02_0-150x150.png\" alt=\"\" class=\"wp-image-5609\" srcset=\"https:\/\/ufpr.br\/prpi\/wp-content\/uploads\/2026\/04\/02_0-150x150.png 150w, https:\/\/ufpr.br\/prpi\/wp-content\/uploads\/2026\/04\/02_0-300x300.png 300w, https:\/\/ufpr.br\/prpi\/wp-content\/uploads\/2026\/04\/02_0-98x98.png 98w, https:\/\/ufpr.br\/prpi\/wp-content\/uploads\/2026\/04\/02_0-57x57.png 57w, https:\/\/ufpr.br\/prpi\/wp-content\/uploads\/2026\/04\/02_0.png 466w\" sizes=\"auto, (max-width: 150px) 100vw, 150px\" \/><\/figure>\n\n\n\n<figure class=\"wp-block-image size-thumbnail\"><img loading=\"lazy\" decoding=\"async\" width=\"150\" height=\"150\" src=\"https:\/\/ufpr.br\/prpi\/wp-content\/uploads\/2026\/04\/03_0-150x150.png\" alt=\"\" class=\"wp-image-5610\" srcset=\"https:\/\/ufpr.br\/prpi\/wp-content\/uploads\/2026\/04\/03_0-150x150.png 150w, https:\/\/ufpr.br\/prpi\/wp-content\/uploads\/2026\/04\/03_0-300x300.png 300w, https:\/\/ufpr.br\/prpi\/wp-content\/uploads\/2026\/04\/03_0-98x98.png 98w, https:\/\/ufpr.br\/prpi\/wp-content\/uploads\/2026\/04\/03_0-57x57.png 57w, https:\/\/ufpr.br\/prpi\/wp-content\/uploads\/2026\/04\/03_0.png 466w\" sizes=\"auto, (max-width: 150px) 100vw, 150px\" \/><\/figure>\n\n\n\n<figure class=\"wp-block-image size-thumbnail\"><img loading=\"lazy\" decoding=\"async\" width=\"150\" height=\"150\" src=\"https:\/\/ufpr.br\/prpi\/wp-content\/uploads\/2026\/04\/04_0-150x150.png\" alt=\"\" class=\"wp-image-5611\" srcset=\"https:\/\/ufpr.br\/prpi\/wp-content\/uploads\/2026\/04\/04_0-150x150.png 150w, https:\/\/ufpr.br\/prpi\/wp-content\/uploads\/2026\/04\/04_0-300x300.png 300w, https:\/\/ufpr.br\/prpi\/wp-content\/uploads\/2026\/04\/04_0-98x98.png 98w, https:\/\/ufpr.br\/prpi\/wp-content\/uploads\/2026\/04\/04_0-57x57.png 57w, https:\/\/ufpr.br\/prpi\/wp-content\/uploads\/2026\/04\/04_0.png 466w\" sizes=\"auto, (max-width: 150px) 100vw, 150px\" \/><\/figure>\n\n\n\n<figure class=\"wp-block-image size-thumbnail\"><img loading=\"lazy\" decoding=\"async\" width=\"150\" height=\"150\" src=\"https:\/\/ufpr.br\/prpi\/wp-content\/uploads\/2026\/04\/05_0-150x150.png\" alt=\"\" class=\"wp-image-5612\" srcset=\"https:\/\/ufpr.br\/prpi\/wp-content\/uploads\/2026\/04\/05_0-150x150.png 150w, https:\/\/ufpr.br\/prpi\/wp-content\/uploads\/2026\/04\/05_0-300x300.png 300w, https:\/\/ufpr.br\/prpi\/wp-content\/uploads\/2026\/04\/05_0-98x98.png 98w, https:\/\/ufpr.br\/prpi\/wp-content\/uploads\/2026\/04\/05_0-57x57.png 57w, https:\/\/ufpr.br\/prpi\/wp-content\/uploads\/2026\/04\/05_0.png 466w\" sizes=\"auto, (max-width: 150px) 100vw, 150px\" \/><\/figure>\n\n\n\n<figure class=\"wp-block-image size-thumbnail\"><img loading=\"lazy\" decoding=\"async\" width=\"150\" height=\"150\" src=\"https:\/\/ufpr.br\/prpi\/wp-content\/uploads\/2026\/04\/06_0-150x150.png\" alt=\"\" class=\"wp-image-5615\" srcset=\"https:\/\/ufpr.br\/prpi\/wp-content\/uploads\/2026\/04\/06_0-150x150.png 150w, https:\/\/ufpr.br\/prpi\/wp-content\/uploads\/2026\/04\/06_0-300x300.png 300w, https:\/\/ufpr.br\/prpi\/wp-content\/uploads\/2026\/04\/06_0-98x98.png 98w, https:\/\/ufpr.br\/prpi\/wp-content\/uploads\/2026\/04\/06_0-57x57.png 57w, https:\/\/ufpr.br\/prpi\/wp-content\/uploads\/2026\/04\/06_0.png 466w\" sizes=\"auto, (max-width: 150px) 100vw, 150px\" \/><\/figure>\n\n\n\n<figure class=\"wp-block-image size-thumbnail\"><img loading=\"lazy\" decoding=\"async\" width=\"150\" height=\"150\" src=\"https:\/\/ufpr.br\/prpi\/wp-content\/uploads\/2026\/04\/07_0-150x150.png\" alt=\"\" class=\"wp-image-5618\" srcset=\"https:\/\/ufpr.br\/prpi\/wp-content\/uploads\/2026\/04\/07_0-150x150.png 150w, https:\/\/ufpr.br\/prpi\/wp-content\/uploads\/2026\/04\/07_0-300x300.png 300w, https:\/\/ufpr.br\/prpi\/wp-content\/uploads\/2026\/04\/07_0-98x98.png 98w, https:\/\/ufpr.br\/prpi\/wp-content\/uploads\/2026\/04\/07_0-57x57.png 57w, https:\/\/ufpr.br\/prpi\/wp-content\/uploads\/2026\/04\/07_0.png 466w\" sizes=\"auto, (max-width: 150px) 100vw, 150px\" \/><\/figure>\n\n\n\n<figure class=\"wp-block-image size-thumbnail\"><img loading=\"lazy\" decoding=\"async\" width=\"150\" height=\"150\" src=\"https:\/\/ufpr.br\/prpi\/wp-content\/uploads\/2026\/04\/08_0-150x150.png\" alt=\"\" class=\"wp-image-5620\" srcset=\"https:\/\/ufpr.br\/prpi\/wp-content\/uploads\/2026\/04\/08_0-150x150.png 150w, https:\/\/ufpr.br\/prpi\/wp-content\/uploads\/2026\/04\/08_0-300x300.png 300w, https:\/\/ufpr.br\/prpi\/wp-content\/uploads\/2026\/04\/08_0-98x98.png 98w, https:\/\/ufpr.br\/prpi\/wp-content\/uploads\/2026\/04\/08_0-57x57.png 57w, https:\/\/ufpr.br\/prpi\/wp-content\/uploads\/2026\/04\/08_0.png 466w\" sizes=\"auto, (max-width: 150px) 100vw, 150px\" \/><\/figure>\n\n\n\n<figure class=\"wp-block-image size-thumbnail\"><img loading=\"lazy\" decoding=\"async\" width=\"150\" height=\"150\" src=\"https:\/\/ufpr.br\/prpi\/wp-content\/uploads\/2026\/04\/09_0-150x150.png\" alt=\"\" class=\"wp-image-5622\" srcset=\"https:\/\/ufpr.br\/prpi\/wp-content\/uploads\/2026\/04\/09_0-150x150.png 150w, https:\/\/ufpr.br\/prpi\/wp-content\/uploads\/2026\/04\/09_0-300x300.png 300w, https:\/\/ufpr.br\/prpi\/wp-content\/uploads\/2026\/04\/09_0-98x98.png 98w, https:\/\/ufpr.br\/prpi\/wp-content\/uploads\/2026\/04\/09_0-57x57.png 57w, https:\/\/ufpr.br\/prpi\/wp-content\/uploads\/2026\/04\/09_0.png 466w\" sizes=\"auto, (max-width: 150px) 100vw, 150px\" \/><\/figure>\n\n\n\n<figure class=\"wp-block-image size-thumbnail\"><img loading=\"lazy\" decoding=\"async\" width=\"150\" height=\"150\" src=\"https:\/\/ufpr.br\/prpi\/wp-content\/uploads\/2026\/04\/10_0-150x150.png\" alt=\"\" class=\"wp-image-5624\" srcset=\"https:\/\/ufpr.br\/prpi\/wp-content\/uploads\/2026\/04\/10_0-150x150.png 150w, https:\/\/ufpr.br\/prpi\/wp-content\/uploads\/2026\/04\/10_0-300x300.png 300w, https:\/\/ufpr.br\/prpi\/wp-content\/uploads\/2026\/04\/10_0-98x98.png 98w, https:\/\/ufpr.br\/prpi\/wp-content\/uploads\/2026\/04\/10_0-57x57.png 57w, https:\/\/ufpr.br\/prpi\/wp-content\/uploads\/2026\/04\/10_0.png 670w\" sizes=\"auto, (max-width: 150px) 100vw, 150px\" \/><\/figure>\n\n\n\n<figure class=\"wp-block-image size-thumbnail\"><img loading=\"lazy\" decoding=\"async\" width=\"150\" height=\"150\" src=\"https:\/\/ufpr.br\/prpi\/wp-content\/uploads\/2026\/04\/11_0-150x150.png\" alt=\"\" class=\"wp-image-5627\" srcset=\"https:\/\/ufpr.br\/prpi\/wp-content\/uploads\/2026\/04\/11_0-150x150.png 150w, https:\/\/ufpr.br\/prpi\/wp-content\/uploads\/2026\/04\/11_0-300x300.png 300w, https:\/\/ufpr.br\/prpi\/wp-content\/uploads\/2026\/04\/11_0-98x98.png 98w, https:\/\/ufpr.br\/prpi\/wp-content\/uploads\/2026\/04\/11_0-57x57.png 57w, https:\/\/ufpr.br\/prpi\/wp-content\/uploads\/2026\/04\/11_0.png 466w\" sizes=\"auto, (max-width: 150px) 100vw, 150px\" \/><\/figure>\n\n\n\n<figure class=\"wp-block-image size-thumbnail\"><img loading=\"lazy\" decoding=\"async\" width=\"150\" height=\"150\" src=\"https:\/\/ufpr.br\/prpi\/wp-content\/uploads\/2026\/04\/12_0-150x150.png\" alt=\"\" class=\"wp-image-5630\" srcset=\"https:\/\/ufpr.br\/prpi\/wp-content\/uploads\/2026\/04\/12_0-150x150.png 150w, https:\/\/ufpr.br\/prpi\/wp-content\/uploads\/2026\/04\/12_0-300x300.png 300w, https:\/\/ufpr.br\/prpi\/wp-content\/uploads\/2026\/04\/12_0-98x98.png 98w, https:\/\/ufpr.br\/prpi\/wp-content\/uploads\/2026\/04\/12_0-57x57.png 57w, https:\/\/ufpr.br\/prpi\/wp-content\/uploads\/2026\/04\/12_0.png 466w\" sizes=\"auto, (max-width: 150px) 100vw, 150px\" \/><\/figure>\n\n\n\n<figure class=\"wp-block-image size-thumbnail\"><img loading=\"lazy\" decoding=\"async\" width=\"150\" height=\"150\" src=\"https:\/\/ufpr.br\/prpi\/wp-content\/uploads\/2026\/04\/13_0-150x150.png\" alt=\"\" class=\"wp-image-5631\" srcset=\"https:\/\/ufpr.br\/prpi\/wp-content\/uploads\/2026\/04\/13_0-150x150.png 150w, https:\/\/ufpr.br\/prpi\/wp-content\/uploads\/2026\/04\/13_0-300x300.png 300w, https:\/\/ufpr.br\/prpi\/wp-content\/uploads\/2026\/04\/13_0-98x98.png 98w, https:\/\/ufpr.br\/prpi\/wp-content\/uploads\/2026\/04\/13_0-57x57.png 57w, https:\/\/ufpr.br\/prpi\/wp-content\/uploads\/2026\/04\/13_0.png 466w\" sizes=\"auto, (max-width: 150px) 100vw, 150px\" \/><\/figure>\n\n\n\n<figure class=\"wp-block-image size-thumbnail\"><img loading=\"lazy\" decoding=\"async\" width=\"150\" height=\"150\" src=\"https:\/\/ufpr.br\/prpi\/wp-content\/uploads\/2026\/04\/14_0-150x150.png\" alt=\"\" class=\"wp-image-5633\" srcset=\"https:\/\/ufpr.br\/prpi\/wp-content\/uploads\/2026\/04\/14_0-150x150.png 150w, https:\/\/ufpr.br\/prpi\/wp-content\/uploads\/2026\/04\/14_0-300x300.png 300w, https:\/\/ufpr.br\/prpi\/wp-content\/uploads\/2026\/04\/14_0-98x98.png 98w, https:\/\/ufpr.br\/prpi\/wp-content\/uploads\/2026\/04\/14_0-57x57.png 57w, https:\/\/ufpr.br\/prpi\/wp-content\/uploads\/2026\/04\/14_0.png 466w\" sizes=\"auto, (max-width: 150px) 100vw, 150px\" \/><\/figure>\n\n\n\n<figure class=\"wp-block-image size-thumbnail\"><img loading=\"lazy\" decoding=\"async\" width=\"150\" height=\"150\" src=\"https:\/\/ufpr.br\/prpi\/wp-content\/uploads\/2026\/04\/15_0-150x150.png\" alt=\"\" class=\"wp-image-5636\" srcset=\"https:\/\/ufpr.br\/prpi\/wp-content\/uploads\/2026\/04\/15_0-150x150.png 150w, https:\/\/ufpr.br\/prpi\/wp-content\/uploads\/2026\/04\/15_0-300x300.png 300w, https:\/\/ufpr.br\/prpi\/wp-content\/uploads\/2026\/04\/15_0-98x98.png 98w, https:\/\/ufpr.br\/prpi\/wp-content\/uploads\/2026\/04\/15_0-57x57.png 57w, https:\/\/ufpr.br\/prpi\/wp-content\/uploads\/2026\/04\/15_0.png 466w\" sizes=\"auto, (max-width: 150px) 100vw, 150px\" \/><\/figure>\n\n\n\n<figure class=\"wp-block-image size-thumbnail\"><img loading=\"lazy\" decoding=\"async\" width=\"150\" height=\"150\" src=\"https:\/\/ufpr.br\/prpi\/wp-content\/uploads\/2026\/04\/16_0-150x150.png\" alt=\"\" class=\"wp-image-5639\" srcset=\"https:\/\/ufpr.br\/prpi\/wp-content\/uploads\/2026\/04\/16_0-150x150.png 150w, https:\/\/ufpr.br\/prpi\/wp-content\/uploads\/2026\/04\/16_0-300x300.png 300w, https:\/\/ufpr.br\/prpi\/wp-content\/uploads\/2026\/04\/16_0-98x98.png 98w, https:\/\/ufpr.br\/prpi\/wp-content\/uploads\/2026\/04\/16_0-57x57.png 57w, https:\/\/ufpr.br\/prpi\/wp-content\/uploads\/2026\/04\/16_0.png 466w\" sizes=\"auto, (max-width: 150px) 100vw, 150px\" \/><\/figure>\n\n\n\n<figure class=\"wp-block-image size-thumbnail\"><img loading=\"lazy\" decoding=\"async\" width=\"150\" height=\"150\" src=\"https:\/\/ufpr.br\/prpi\/wp-content\/uploads\/2026\/04\/17_0-150x150.png\" alt=\"\" class=\"wp-image-5640\" srcset=\"https:\/\/ufpr.br\/prpi\/wp-content\/uploads\/2026\/04\/17_0-150x150.png 150w, https:\/\/ufpr.br\/prpi\/wp-content\/uploads\/2026\/04\/17_0-300x300.png 300w, https:\/\/ufpr.br\/prpi\/wp-content\/uploads\/2026\/04\/17_0-98x98.png 98w, https:\/\/ufpr.br\/prpi\/wp-content\/uploads\/2026\/04\/17_0-57x57.png 57w, https:\/\/ufpr.br\/prpi\/wp-content\/uploads\/2026\/04\/17_0.png 466w\" sizes=\"auto, (max-width: 150px) 100vw, 150px\" \/><\/figure>\n\n\n\n<figure class=\"wp-block-image size-thumbnail\"><img loading=\"lazy\" decoding=\"async\" width=\"150\" height=\"150\" src=\"https:\/\/ufpr.br\/prpi\/wp-content\/uploads\/2026\/04\/brenda_gomes_0-150x150.png\" alt=\"\" class=\"wp-image-5642\" srcset=\"https:\/\/ufpr.br\/prpi\/wp-content\/uploads\/2026\/04\/brenda_gomes_0-150x150.png 150w, https:\/\/ufpr.br\/prpi\/wp-content\/uploads\/2026\/04\/brenda_gomes_0-300x300.png 300w, https:\/\/ufpr.br\/prpi\/wp-content\/uploads\/2026\/04\/brenda_gomes_0-1024x1024.png 1024w, https:\/\/ufpr.br\/prpi\/wp-content\/uploads\/2026\/04\/brenda_gomes_0-768x768.png 768w, https:\/\/ufpr.br\/prpi\/wp-content\/uploads\/2026\/04\/brenda_gomes_0-98x98.png 98w, https:\/\/ufpr.br\/prpi\/wp-content\/uploads\/2026\/04\/brenda_gomes_0-57x57.png 57w, https:\/\/ufpr.br\/prpi\/wp-content\/uploads\/2026\/04\/brenda_gomes_0.png 1270w\" sizes=\"auto, (max-width: 150px) 100vw, 150px\" \/><\/figure>\n<\/div>\n\n\n\n<div style=\"height:52px\" aria-hidden=\"true\" class=\"wp-block-spacer\"><\/div>\n\n\n\n<hr class=\"wp-block-separator has-alpha-channel-opacity is-style-wide\" \/>\n\n\n\n<div style=\"height:34px\" aria-hidden=\"true\" class=\"wp-block-spacer\"><\/div>\n\n\n\n<h1 class=\"wp-block-heading has-black-color has-text-color has-link-color wp-elements-51e50415413d638daf54a347d7a0e5a0\" id=\"guia_docente\" style=\"font-size:20px\"><a href=\"#guia_docente\" data-type=\"internal\" data-id=\"#guia_docente\">GUIA DOCENTE |<strong> Integra\u00e7\u00e3o dos Objetivos de Desenvolvimento Sustent\u00e1vel (ODS) no ensino da UFPR<\/strong><\/a><\/h1>\n\n\n\n<div style=\"height:35px\" aria-hidden=\"true\" class=\"wp-block-spacer\"><\/div>\n\n\n\n<p style=\"font-size:18px\">Elaborado com o objetivo de apoiar docentes da gradua\u00e7\u00e3o, da p\u00f3s-gradua\u00e7\u00e3o e da educa\u00e7\u00e3o profissional e tecnol\u00f3gica na identifica\u00e7\u00e3o de conex\u00f5es entre suas disciplinas e os temas da Agenda 2030 das Na\u00e7\u00f5es Unidas, a fim da implementa\u00e7\u00e3o da <a href=\"https:\/\/ufprbr0.sharepoint.com\/:b:\/r\/sites\/ObservatrioSustentabilidade\/Documentos%20Compartilhados\/General\/---%20IN%20001-2026%20ODS\/IN%20Aplica%C3%A7%C3%A3o%20da%20ODS%20no%20ensino.pdf?csf=1&amp;web=1&amp;e=NKnbTg\">Instru\u00e7\u00e3o Normativa PRPI\/UFPR N\u00ba 001\/2026<\/a>.<\/p>\n\n\n\n<div style=\"height:15px\" aria-hidden=\"true\" class=\"wp-block-spacer\"><\/div>\n\n\n\n<div class=\"wp-block-media-text is-stacked-on-mobile\" style=\"grid-template-columns:39% auto\"><figure class=\"wp-block-media-text__media\"><img loading=\"lazy\" decoding=\"async\" width=\"1024\" height=\"643\" src=\"https:\/\/ufpr.br\/prpi\/wp-content\/uploads\/2026\/04\/Design-sem-nome-5-1024x643.png\" alt=\"\" class=\"wp-image-5670 size-full\" srcset=\"https:\/\/ufpr.br\/prpi\/wp-content\/uploads\/2026\/04\/Design-sem-nome-5-1024x643.png 1024w, https:\/\/ufpr.br\/prpi\/wp-content\/uploads\/2026\/04\/Design-sem-nome-5-300x188.png 300w, https:\/\/ufpr.br\/prpi\/wp-content\/uploads\/2026\/04\/Design-sem-nome-5-768x482.png 768w, https:\/\/ufpr.br\/prpi\/wp-content\/uploads\/2026\/04\/Design-sem-nome-5-1536x964.png 1536w, https:\/\/ufpr.br\/prpi\/wp-content\/uploads\/2026\/04\/Design-sem-nome-5-156x98.png 156w, https:\/\/ufpr.br\/prpi\/wp-content\/uploads\/2026\/04\/Design-sem-nome-5-75x47.png 75w, https:\/\/ufpr.br\/prpi\/wp-content\/uploads\/2026\/04\/Design-sem-nome-5.png 1720w\" sizes=\"auto, (max-width: 1024px) 100vw, 1024px\" \/><\/figure><div class=\"wp-block-media-text__content\">\n<p>Com car\u00e1ter pedag\u00f3gico, orientativo e flex\u00edvel, o material oferece subs\u00eddios para a incorpora\u00e7\u00e3o dos ODS sempre que houver alinhamento tem\u00e1tico, respeitando a autonomia docente, a diversidade epistemol\u00f3gica e as especificidades das diferentes \u00e1reas do conhecimento. <\/p>\n\n\n\n<p>O guia re\u00fane refer\u00eancias conceituais, sugest\u00f5es de abordagens em disciplinas e uma <strong>matriz de apoio que relaciona os cursos da UFPR aos ODS<\/strong>, indicando n\u00edveis de ader\u00eancia direta e transversal. Trata-se de um instrumento que busca favorecer pr\u00e1ticas interdisciplinares e fortalecer a integra\u00e7\u00e3o entre ensino, pesquisa e extens\u00e3o.<\/p>\n<\/div><\/div>\n\n\n\n<div style=\"height:18px\" aria-hidden=\"true\" class=\"wp-block-spacer\"><\/div>\n\n\n\n<p>Ao disponibilizar este material, a UFPR reafirma seu compromisso com a forma\u00e7\u00e3o cr\u00edtica, a produ\u00e7\u00e3o de conhecimento socialmente referenciado e a contribui\u00e7\u00e3o para os desafios contempor\u00e2neos do desenvolvimento sustent\u00e1vel.<\/p>\n\n\n\n<div style=\"height:28px\" aria-hidden=\"true\" class=\"wp-block-spacer\"><\/div>\n\n\n\n<p style=\"font-size:18px\">\ud83d\udc49 Link para acesso (solicite download com seu e-mail @ufpr.br):\u00a0<br><a href=\"https:\/\/ufprbr0.sharepoint.com\/:b:\/s\/ObservatrioSustentabilidade\/IQAeOPyO_q5eSJ_OPeZ-Wby3AYWSyE-OfrKQQf6ZjqQKS6k?e=6sEwQl\"><a href=\"https:\/\/ufprbr0.sharepoint.com\/:b:\/r\/sites\/ObservatrioSustentabilidade\/Documentos%20Compartilhados\/General\/---%20IN%20001-2026%20ODS\/Guia%20docente%20para%20integra%C3%A7%C3%A3o%20dos%20Objetivos%20de%20Desenvolvimento%20Sustent%C3%A1vel%20(ODS)%20no%20ensino%20da%20UFPR.pdf?csf=1&amp;web=1&amp;e=Xbl1tz\">Guia docente para integra\u00e7\u00e3o dos Objetivos de Desenvolvimento Sustent\u00e1vel (ODS) no ensino da UFPR.pdf<\/a><\/a><\/p>\n","protected":false},"excerpt":{"rendered":"<p>Um espa\u00e7o para reunir, dar visibilidade e fortalecer as a\u00e7\u00f5es de sustentabilidade desenvolvidas na UFPR. O Observat\u00f3rio de Sustentabilidade UFPR nasce com o prop\u00f3sito de mapear iniciativas, conectar pessoas e setores, organizar informa\u00e7\u00f5es estrat\u00e9gicas e ampliar a presen\u00e7a institucional da sustentabilidade na universidade. Ao integrar ensino, pesquisa, extens\u00e3o, gest\u00e3o e inova\u00e7\u00e3o, busca apoiar decis\u00f5es, valorizar [&hellip;]<\/p>\n","protected":false},"author":46,"featured_media":0,"parent":0,"menu_order":0,"comment_status":"closed","ping_status":"closed","template":"","meta":{"footnotes":""},"class_list":["post-1596","page","type-page","status-publish","hentry"],"_links":{"self":[{"href":"https:\/\/ufpr.br\/prpi\/wp-json\/wp\/v2\/pages\/1596","targetHints":{"allow":["GET"]}}],"collection":[{"href":"https:\/\/ufpr.br\/prpi\/wp-json\/wp\/v2\/pages"}],"about":[{"href":"https:\/\/ufpr.br\/prpi\/wp-json\/wp\/v2\/types\/page"}],"author":[{"embeddable":true,"href":"https:\/\/ufpr.br\/prpi\/wp-json\/wp\/v2\/users\/46"}],"replies":[{"embeddable":true,"href":"https:\/\/ufpr.br\/prpi\/wp-json\/wp\/v2\/comments?post=1596"}],"version-history":[{"count":37,"href":"https:\/\/ufpr.br\/prpi\/wp-json\/wp\/v2\/pages\/1596\/revisions"}],"predecessor-version":[{"id":5688,"href":"https:\/\/ufpr.br\/prpi\/wp-json\/wp\/v2\/pages\/1596\/revisions\/5688"}],"wp:attachment":[{"href":"https:\/\/ufpr.br\/prpi\/wp-json\/wp\/v2\/media?parent=1596"}],"curies":[{"name":"wp","href":"https:\/\/api.w.org\/{rel}","templated":true}]}}