{"id":150,"date":"2025-03-25T19:02:34","date_gmt":"2025-03-25T22:02:34","guid":{"rendered":"https:\/\/ufpr.br\/prpi\/?page_id=150"},"modified":"2026-03-31T08:46:41","modified_gmt":"2026-03-31T11:46:41","slug":"editais","status":"publish","type":"page","link":"https:\/\/ufpr.br\/prpi\/editais\/","title":{"rendered":"Editais"},"content":{"rendered":"\n<div class=\"wp-block-columns is-layout-flex wp-container-core-columns-is-layout-1 wp-block-columns-is-layout-flex\">\n<div class=\"wp-block-column is-layout-flow wp-block-column-is-layout-flow\">\n<div class=\"wp-block-cover is-light\" style=\"min-height:136px;aspect-ratio:unset;\"><span aria-hidden=\"true\" class=\"wp-block-cover__background has-background-dim-0 has-background-dim\" style=\"background-color:#c3bcb4\"><\/span><img loading=\"lazy\" decoding=\"async\" width=\"1709\" height=\"2560\" class=\"wp-block-cover__image-background wp-image-2876\" alt=\"\" src=\"https:\/\/ufpr.br\/prpi\/wp-content\/uploads\/2025\/09\/unrecognizable-woman-sitting-desk-indoors-writing-planner-1-scaled.jpg\" style=\"object-position:54% 76%\" data-object-fit=\"cover\" data-object-position=\"54% 76%\" srcset=\"https:\/\/ufpr.br\/prpi\/wp-content\/uploads\/2025\/09\/unrecognizable-woman-sitting-desk-indoors-writing-planner-1-scaled.jpg 1709w, https:\/\/ufpr.br\/prpi\/wp-content\/uploads\/2025\/09\/unrecognizable-woman-sitting-desk-indoors-writing-planner-1-200x300.jpg 200w, https:\/\/ufpr.br\/prpi\/wp-content\/uploads\/2025\/09\/unrecognizable-woman-sitting-desk-indoors-writing-planner-1-683x1024.jpg 683w, https:\/\/ufpr.br\/prpi\/wp-content\/uploads\/2025\/09\/unrecognizable-woman-sitting-desk-indoors-writing-planner-1-768x1151.jpg 768w, https:\/\/ufpr.br\/prpi\/wp-content\/uploads\/2025\/09\/unrecognizable-woman-sitting-desk-indoors-writing-planner-1-1025x1536.jpg 1025w, https:\/\/ufpr.br\/prpi\/wp-content\/uploads\/2025\/09\/unrecognizable-woman-sitting-desk-indoors-writing-planner-1-1367x2048.jpg 1367w, https:\/\/ufpr.br\/prpi\/wp-content\/uploads\/2025\/09\/unrecognizable-woman-sitting-desk-indoors-writing-planner-1-65x98.jpg 65w, https:\/\/ufpr.br\/prpi\/wp-content\/uploads\/2025\/09\/unrecognizable-woman-sitting-desk-indoors-writing-planner-1-38x57.jpg 38w\" sizes=\"auto, (max-width: 1709px) 100vw, 1709px\" \/><div class=\"wp-block-cover__inner-container is-layout-constrained wp-block-cover-is-layout-constrained\">\n<p class=\"has-text-align-center has-large-font-size\"><\/p>\n<\/div><\/div>\n<\/div>\n<\/div>\n\n\n\n<div class=\"wp-block-columns is-layout-flex wp-container-core-columns-is-layout-2 wp-block-columns-is-layout-flex\">\n<div class=\"wp-block-column is-layout-flow wp-block-column-is-layout-flow\">\n<h2 class=\"wp-block-heading has-text-align-center has-text-color has-background has-link-color wp-elements-9393d4dfa0072ea721a9883feb9ac95e\" style=\"color:#00558f;background-color:#f3b8b2\"><strong>Editais com submiss\u00e3o aberta<\/strong><\/h2>\n<\/div>\n<\/div>\n\n\n\n<div class=\"wp-block-columns is-layout-flex wp-container-core-columns-is-layout-4 wp-block-columns-is-layout-flex\">\n<div class=\"wp-block-column is-layout-flow wp-block-column-is-layout-flow\">\n<div class=\"wp-block-columns is-layout-flex wp-container-core-columns-is-layout-3 wp-block-columns-is-layout-flex\">\n<div class=\"wp-block-column is-layout-flow wp-block-column-is-layout-flow\" style=\"flex-basis:100%\">\n<figure class=\"wp-block-table is-style-stripes\"><table class=\"has-fixed-layout\"><thead><tr><th>COORDENADORIA<\/th><th>EDITAL<\/th><th>P\u00c1G. DE ACOMPANHAMENTO<\/th><\/tr><\/thead><tbody><tr><td>NIT\/PRPI &#8211; N\u00facleo de Inova\u00e7\u00e3o Tecnol\u00f3gica<\/td><td><strong>Edital n\u00ba 04\/2026 PRPI\/NIT <\/strong>&#8211; STARTUP GARAGE 2026 \u2013 Edi\u00e7\u00e3o Curitiba \u2013 Turma 2026\/1<\/td><td><a href=\"https:\/\/ufpr.br\/prpi\/edital-no-04-2026-prpi-nit-startup-garage-2026-edicao-curitiba-turma-2026-1\/\">https:\/\/ufpr.br\/prpi\/edital-no-04-2026-prpi-nit-startup-garage-2026-edicao-curitiba-turma-2026-1\/<\/a><\/td><\/tr><tr><td>COFPI\/PRPI &#8211; Coordenadoria de Fomento aos Projetos Institucionais<\/td><td><strong>Edital n\u00ba 05\/2026 COFPI\/PRPI &#8211;<\/strong>APOIO \u00c0&nbsp;ORGANIZA\u00c7\u00c3O&nbsp;DE&nbsp;EVENTOS&nbsp;DA UFPR&nbsp; <\/td><td><a href=\"https:\/\/ufpr.br\/prpi\/edital-no-05-2026-ufpr-r-prpi-cofpi-apoio-a-organizacao-de-eventos-da-ufpr\">https:\/\/ufpr.br\/edital-no-05-2026-ufpr-r-prpi-cofpi-apoio-a-organizacao-de-eventos-da-ufpr<\/a><\/td><\/tr><tr><td>COFPI\/PRPI &#8211; Coordenadoria de Fomento aos Projetos Institucionais<\/td><td><strong>Edital n\u00ba 06\/2026 COFPI\/PRPI &#8211;<\/strong>APOIO \u00c0&nbsp;PARTICIPA\u00c7\u00c3O EM&nbsp;EVENTOS&nbsp;TECNICOS-CIENT\u00cdFICOS&nbsp;<\/td><td><a href=\"https:\/\/ufpr.br\/prpi\/edital-no-06-2026-ufpr-r-prpi-cofpi-apoio-apoio-a-participacao-em-eventos-tecnicos-cientificos\/\">https:\/\/ufpr.br\/prpi\/edital-no-06-2026-ufpr-r-prpi-cofpi-apoio-apoio-a-participacao-em-eventos-tecnicos-cientificos<\/a><\/td><\/tr><\/tbody><\/table><\/figure>\n<\/div>\n<\/div>\n<\/div>\n<\/div>\n\n\n\n<div class=\"wp-block-columns is-layout-flex wp-container-core-columns-is-layout-5 wp-block-columns-is-layout-flex\">\n<div class=\"wp-block-column is-layout-flow wp-block-column-is-layout-flow\">\n<h2 class=\"wp-block-heading has-text-align-center has-text-color has-background has-link-color wp-elements-62e9e8dfaa652ff71d2ec67d03ff7912\" style=\"color:#00558f;background-color:#f3b8b2\"><strong>Editais com submiss\u00e3o encerrada<\/strong><\/h2>\n<\/div>\n<\/div>\n\n\n\n<div class=\"wp-block-columns is-layout-flex wp-container-core-columns-is-layout-6 wp-block-columns-is-layout-flex\">\n<div class=\"wp-block-column is-layout-flow wp-block-column-is-layout-flow\">\n<div class=\"wp-block-group\"><div class=\"wp-block-group__inner-container is-layout-constrained wp-block-group-is-layout-constrained\">\n<figure class=\"wp-block-table is-style-stripes\"><table class=\"has-fixed-layout\"><thead><tr><th>COORDENADORIA<\/th><th>EDITAL<\/th><th>P\u00c1G. DE ACOMPANHAMENTO<\/th><\/tr><\/thead><tbody><tr><td>SPIN (Antiga)<\/td><td><strong>Edital n\u00ba 01\/2024 \u2013 <\/strong>Ag\u00eancia de Inova\u00e7\u00e3o\/Spin<\/td><td><a href=\"https:\/\/ufpr.br\/prpi\/nit-edital-no-01-2024-agencia-de-inovacao-spin-selecao-interna-de-projetos-pdampi\/\">https:\/\/ufpr.br\/prpi\/nit-edital-no-01-2024-agencia-de-inovacao-spin-selecao-interna-de-projetos-pdampi\/<\/a><\/td><\/tr><tr><td>PRPPG (Antiga)<\/td><td><strong>Edital n\u00ba 09\/2024 \u2013 <\/strong>PESQUISA\/PRPPG\/UFPR<\/td><td><a href=\"https:\/\/ufpr.br\/prpi\/cofpi-092024-participacao-em-eventos\/\">https:\/\/ufpr.br\/prpi\/cofpi-092024-participacao-em-eventos\/<\/a><\/td><\/tr><tr><td>COPI\/PRPI<\/td><td><strong>Edital n\u00ba 01\/2025 PRPI\/COPI \u2013 <\/strong>Submiss\u00e3o de Propostas \u2013 Edital de Chamada P\u00fablica ICS N\u00ba 01\/2025 do Instituto Clima e Sociedade<\/td><td><a href=\"https:\/\/ufpr.br\/prpi\/edital-no-01-2024-agencia-de-inovacao-spin-selecao-interna-de-projetos-pdi\/\"><\/a><a href=\"https:\/\/ufpr.br\/prpi\/wp-content\/uploads\/2025\/04\/sei_7440238_edital_01_2025_site.pdf\">Edital n\u00ba 01\/2025 PRPI\/COPI \u2013 Submiss\u00e3o de Propostas \u2013 Edital de Chamada P\u00fablica ICS N\u00ba 01\/2025 do Instituto Clima e Sociedade<\/a><\/td><\/tr><tr><td>COPI\/PRPI<\/td><td><strong>Edital n\u00ba 02\/2025 PRPI\/COPI \u2013 <\/strong>Submiss\u00e3o de Propostas \u2013 Chamada P\u00fablica MCTI\/FINEP\/FNDTC\/CENTROS TEM\u00c1TICOS 2024<\/td><td><a href=\"https:\/\/ufpr.br\/prpi\/wp-content\/uploads\/2025\/04\/sei_7458143_edital_02_2025_site.pdf\">Edital n\u00ba 02\/2025 PRPI\/COPI<\/a><\/td><\/tr><tr><td>NIT\/PRPI<\/td><td><strong>Edital n\u00ba 03\/2025 PRPI\/NIT <\/strong>\u2013 Sele\u00e7\u00e3o Interna de Estudantes Volunt\u00e1rios<\/td><td><a href=\"https:\/\/ufpr.br\/prpi\/edital-no-03-2025-prpi-nit-selecao-interna-de-estudantes-voluntarios\/\">https:\/\/ufpr.br\/prpi\/edital-no-03-2025-prpi-nit-selecao-interna-de-estudantes-voluntarios\/<\/a><\/td><\/tr><tr><td>COPI\/PRPI<\/td><td><strong>Edital n\u00ba 03\/2025 PRPI\/COPI <\/strong>\u2013 Submiss\u00e3o de Propostas \u2013 Chamada P\u00fablica MCTI\/FINEP\/FNDTC\/ PROINFRA 2024 EXPANS\u00c3O<\/td><td><a href=\"https:\/\/ufpr.br\/prpi\/wp-content\/uploads\/2025\/04\/sei_7473566_edital_03_2025_site.pdf\">Edital n\u00ba 03\/2025 \u2013 PRPI\/COPI<\/a><\/td><\/tr><tr><td>NIT\/PRPI<\/td><td><strong>Edital n\u00ba 04\/2025 PRPI\/NIT<\/strong> \u2013 Resultado da Sele\u00e7\u00e3o de Empresas \u2013 Incubadora UFPR<\/td><td><a href=\"https:\/\/ufpr.br\/prpi\/edital-no-04-2025-prpi-nit-resultado-da-selecao-de-empresas-incubadora-ufpr\/\">https:\/\/ufpr.br\/prpi\/edital-no-04-2025-prpi-nit-resultado-da-selecao-de-empresas-incubadora-ufpr\/<\/a><\/td><\/tr><tr><td>COPI\/PRPI<\/td><td><strong>Edital n\u00ba 04\/2025 PRPI\/COPI<\/strong> \u2013 Submiss\u00e3o de Propostas \u2013 Chamada P\u00fablica Edital para Ades\u00e3o de Centro de Pesquisa \u00e0 Rede de E-Ci\u00eancia<\/td><td><a href=\"https:\/\/ufpr.br\/prpi\/wp-content\/uploads\/2025\/04\/sei_7494156_edital_04_2025_site.pdf\">Edital n\u00ba 04\/2025 PRPI\/COPI<\/a><\/td><\/tr><tr><td>NIT\/PRPI<\/td><td><strong>Edital n\u00ba 05\/2025 PRPI\/NIT<\/strong> \u2013 Sele\u00e7\u00e3o de Bolsistas T\u00e9cnico em Agente Regional de Inova\u00e7\u00e3o<\/td><td><a href=\"https:\/\/ufpr.br\/prpi\/edital-no-05-2025-prpi-nit-selecao-de-bolsistas-tecnico-em-agente-regional-de-inovacao\/\">https:\/\/ufpr.br\/prpi\/edital-no-05-2025-prpi-nit-selecao-de-bolsistas-tecnico-em-agente-regional-de-inovacao\/<\/a><\/td><\/tr><tr><td>NIT\/PRPI<\/td><td><strong><strong>Edital n\u00ba 06\/2025 PRPI\/NIT<\/strong><\/strong> \u2013 Sele\u00e7\u00e3o de Bolsistas Agente de Apoio<\/td><td><a href=\"https:\/\/ufpr.br\/prpi\/edital-no-06-2025-prpi-nit-selecao-de-bolsistas-agente-de-apoio\/\">https:\/\/ufpr.br\/prpi\/edital-no-06-2025-prpi-nit-selecao-de-bolsistas-agente-de-apoio\/<\/a><\/td><\/tr><tr><td>NIT\/PRPI<\/td><td><strong><strong>Edital n\u00ba 07\/2025 PRPI\/NIT<\/strong><\/strong> \u2013 STARTUP GARAGE 2025 \u2013 Edi\u00e7\u00e3o Curitiba \u2013 Turma 2025\/1<\/td><td><a href=\"https:\/\/ufpr.br\/prpi\/edital-no-07-2025-prpi-nit-startup-garage-2025-edicao-curitiba-turma-2025-1\/\">https:\/\/ufpr.br\/prpi\/edital-no-07-2025-prpi-nit-startup-garage-2025-edicao-curitiba-turma-2025-1\/<\/a><\/td><\/tr><tr><td>NIT\/PRPI<\/td><td><strong><strong>Edital n\u00ba 11\/2025 PRPI\/NIT<\/strong><\/strong> \u2013 Sele\u00e7\u00e3o de Bolsista de Extens\u00e3o<\/td><td><a href=\"https:\/\/ufpr.br\/prpi\/edital-no-11-2025-prpi-nit-selecao-de-bolsista-de-extensao\/\">https:\/\/ufpr.br\/prpi\/edital-no-11-2025-prpi-nit-selecao-de-bolsista-de-extensao\/<\/a><\/td><\/tr><tr><td>NIT\/PRPI<\/td><td><strong>Edital n\u00ba 13\/2025 PRPI\/NIT<\/strong> \u2013 Resultado de Sele\u00e7\u00e3o de Empresas \u2013 Incubadora UFPR<\/td><td><a href=\"https:\/\/ufpr.br\/prpi\/edital-no-13-2025-selecao-de-empresas-incubadora-ufpr-invitrall-e-particles4you\/\">https:\/\/ufpr.br\/prpi\/edital-no-13-2025-selecao-de-empresas-incubadora-ufpr-invitrall-e-particles4you\/<\/a><\/td><\/tr><tr><td>NIT\/PRPI<\/td><td><strong>Edital n\u00ba 14\/2025 \u2013 NIT\/ PRPI<\/strong> \u2013 Sele\u00e7\u00e3o de Bolsista de Design<\/td><td><a href=\"https:\/\/ufpr.br\/prpi\/edital-no-14-2025-nit-prpi-selecao-de-bolsista-de-design\/\">https:\/\/ufpr.br\/prpi\/edital-no-14-2025-nit-prpi-selecao-de-bolsista-de-design\/<\/a><\/td><\/tr><tr><td>NIT\/PRPI<\/td><td><strong>Edital n\u00ba 15\/2025 NIT\/ PRPI<\/strong> \u2013 Sele\u00e7\u00e3o de Bolsista de Comunica\u00e7\u00e3o<\/td><td><a href=\"https:\/\/ufpr.br\/prpi\/edital-no-15-2025-nit-prpi-selecao-de-bolsista-de-comunicacao\/\">https:\/\/ufpr.br\/prpi\/edital-no-15-2025-nit-prpi-selecao-de-bolsista-de-comunicacao\/<\/a><\/td><\/tr><tr><td>NIT\/PRPI<\/td><td><strong>Edital n\u00ba 16\/2025 NIT\/PRPI<\/strong> \u2013 Sele\u00e7\u00e3o de Bolsista \u2013 N\u00edvel Superior<\/td><td><a href=\"https:\/\/ufpr.br\/prpi\/edital-nit-prpi-16-2025-selecao-de-bolsista-de-nivel-superior\/\">https:\/\/ufpr.br\/prpi\/edital-nit-prpi-16-2025-selecao-de-bolsista-de-nivel-superior\/<\/a><\/td><\/tr><tr><td>COFPI\/PRPI &#8211; Coordenadoria de Fomento aos Projetos Institucionais<\/td><td><strong>Edital n\u00ba 19\/2025 PRPI\/COFPI <\/strong>\u2013 Apoio \u00e0 Atividades de Pesquisa &#8211; Rec\u00e9m-Contratados<\/td><td><a href=\"https:\/\/ufpr.br\/prpi\/edital-no-19-2025-cofpi-prpi-apoio-a-atividades-de-pesquisa-para-recem-contratados-enxoval-para-pesquisa\/\">https:\/\/ufpr.br\/prpi\/edital-no-19-2025-cofpi-prpi-apoio-a-atividades-de-pesquisa-para-recem-contratados-enxoval-para-pesquisa\/<\/a><\/td><\/tr><tr><td>COFPI\/PRPI &#8211; Coordenadoria de Fomento aos Projetos Institucionais<\/td><td><strong>Edital n\u00ba 20\/2025 PRPI\/COFPI <\/strong>\u2013 Apoio \u00e0 Atividades de Pesquisa &#8211; Universal<\/td><td><a href=\"https:\/\/ufpr.br\/prpi\/edital-no-20-2025-cofpi-prpi-apoio-a-atividades-de-pesquisa-universal\/\">https:\/\/ufpr.br\/prpi\/edital-no-20-2025-cofpi-prpi-apoio-a-atividades-de-pesquisa-universal\/<\/a><\/td><\/tr><tr><td>COFPI\/PRPI &#8211; Coordenadoria de Fomento aos Projetos Institucionais<\/td><td><strong>Edital n\u00ba 17\/2025 PRPI\/COFPI <\/strong>\u2013 Apoio \u00e0 Manuten\u00e7\u00e3o de Equipamentos de Pesquisa<\/td><td><a href=\"https:\/\/ufpr.br\/prpi\/edital-no-17-2025-prpi-cofpi-apoio-a-manutencao-de-equipamentos-de-pesquisa\/\">https:\/\/ufpr.br\/prpi\/edital-no-17-2025-prpi-cofpi-apoio-a-manutencao-de-equipamentos-de-pesquisa\/<\/a><\/td><\/tr><tr><td>CIPIS\/PRPI &#8211; Coordenadoria de Indicadores de Pesquisa, Inova\u00e7\u00e3o e Sustentabilidade<\/td><td><strong>Edital n\u00ba 18\/2025<\/strong> \u2013 CIPIS\/PRPI\/UFPR \u2013 Apoio a Atividades de Pesquisa nos ODS<\/td><td><a href=\"https:\/\/ufpr.br\/prpi\/edital-no-18-2025-cipis-prpi-ufpr-apoio-a-atividades-de-pesquisa-nos-ods\/\">https:\/\/ufpr.br\/prpi\/edital-no-18-2025-cipis-prpi-ufpr-apoio-a-atividades-de-pesquisa-nos-ods\/<\/a><\/td><\/tr><tr><td>PRPI &#8211; Gabinete da PRPI<br><\/td><td><strong>Edital n\u00ba 21\/2025 PRPI <\/strong>&#8211; Ocupa\u00e7\u00e3o dos espa\u00e7os para laborat\u00f3rios de pesquisa no Complexo Piraquara da UFPR<\/td><td><a href=\"https:\/\/ufpr.br\/prpi\/edital-no-21-2025-ocupacao-dos-espacos-para-laboratorios-de-pesquisa-no-complexo-piraquara-da-ufpr\/\">https:\/\/ufpr.br\/prpi\/edital-no-21-2025-ocupacao-dos-espacos-para-laboratorios-de-pesquisa-no-complexo-piraquara-da-ufpr\/<\/a><\/td><\/tr><tr><td>UPAI\/NIT\/PRPI &#8211; Unidade Promotora de Ambientes<\/td><td><strong>Edital n\u00ba 22\/2025 UPAI\/NIT\/PRPI\/PRPI <\/strong>&#8211; Chamamento p\u00fablico para capta\u00e7\u00e3o de patroc\u00ednio para a III Semana do Empreendedorismo Feminino da UFPR<\/td><td><a href=\"https:\/\/ufpr.br\/prpi\/edital-no-22-2025-upai-nit-prpi-chamamento-publico-para-captacao-de-patrocinio-para-a-iii-semana-do-empreendedorismo-feminino-da-ufpr\/\">https:\/\/ufpr.br\/prpi\/edital-no-22-2025-upai-nit-prpi-chamamento-publico-para-captacao-de-patrocinio-para-a-iii-semana-do-empreendedorismo-feminino-da-ufpr\/<\/a><\/td><\/tr><tr><td>UPAI\/NIT\/PRPI &#8211; Unidade Promotora de Ambientes<\/td><td><strong>Edital n\u00ba 23\/2025 UPAI\/NIT\/PRPI\/PRPI <\/strong>&#8211; Sele\u00e7\u00e3o de Empreendedoras Femininas interessadas em comercializar produtos ou divulgar servi\u00e7os na Feira da Empreendedora, vinculada ao evento \u201cIII Semana do Empreendedorismo Feminino da UFPR\u201d<\/td><td><a href=\"https:\/\/ufpr.br\/prpi\/edital-no-23-2025-upai-nit-prpi-selecao-de-empreendedoras-femininas-interessadas-em-comercializar-produtos-ou-divulgar-servicos-na-feira-da-empreendedora-vinculada-ao-evento-iii-semana-do\/\">https:\/\/ufpr.br\/prpi\/edital-no-23-2025-upai-nit-prpi-selecao-de-empreendedoras-femininas-interessadas-em-comercializar-produtos-ou-divulgar-servicos-na-feira-da-empreendedora-vinculada-ao-evento-iii-semana-do\/<\/a><\/td><\/tr><tr><td>COPI\/PRPI &#8211; Coordenadoria de Projetos Institucionais<br><br><\/td><td><strong>Edital n\u00ba 05\/2025 COPI\/PRPI &#8211; <\/strong>Chamada P\u00fablica Edital &#8220;Energias Renov\u00e1veis IPES\/2025&#8221; &#8211; ITAIPU BINACIONAL<\/td><td><a href=\"https:\/\/ufpr.br\/prpi\/copi-chamada-publica-edital-energias-renovaveis-ipes-2025-itaipu-binacional\/\">https:\/\/ufpr.br\/prpi\/copi-chamada-publica-edital-energias-renovaveis-ipes-2025-itaipu-binacional\/<\/a><\/td><\/tr><tr><td>NIT\/PRPI &#8211; N\u00facleo de Inova\u00e7\u00e3o Tecnol\u00f3gica<\/td><td><strong>Edital n\u00ba 24\/2025 NIT\/PRPI <\/strong>&#8211; Edital para sele\u00e7\u00e3o de bolsistas Agente de Apoio<\/td><td><a href=\"https:\/\/ufpr.br\/prpi\/edital-no-24-2025-nit-prpi-edital-para-selecao-de-bolsistas-agentes-de-apoio\/\">https:\/\/ufpr.br\/prpi\/edital-no-24-2025-nit-prpi-edital-para-selecao-de-bolsistas-agentes-de-apoio\/<\/a><\/td><\/tr><tr><td>NIT\/PRPI &#8211; N\u00facleo de Inova\u00e7\u00e3o Tecnol\u00f3gica<\/td><td><strong>Edital n\u00ba 25\/2025 NIT\/PRPI<\/strong> &#8211; Edital para sele\u00e7\u00e3o interna de estudantes de gradua\u00e7\u00e3o volunt\u00e1rios<\/td><td><a href=\"https:\/\/ufpr.br\/prpi\/edital-no-25-2025-nit-prpi-selecao-interna-de-estudantes-de-graduacao-voluntarios\/\">https:\/\/ufpr.br\/prpi\/edital-no-25-2025-nit-prpi-selecao-interna-de-estudantes-de-graduacao-voluntarios\/<\/a><\/td><\/tr><tr><td>COPI\/PRPI &#8211; Coordenadoria de Projetos Institucionais<\/td><td><strong>Edital n\u00ba 01\/2026 COPI\/PRPI &#8211; <\/strong>Chamada P\u00fablica Edital EMBRAPII N\u00ba 03\/2025<\/td><td><a href=\"https:\/\/ufpr.br\/prpi\/copi-edital-no-05-2025-copi-prpi-chamada-publica-edital-embrapii-no-03-2025\/\">https:\/\/ufpr.br\/prpi\/copi-edital-no-05-2025-copi-prpi-chamada-publica-edital-embrapii-no-03-2025\/<\/a><\/td><\/tr><tr><td>COPI\/PRPI &#8211; Coordenadoria de Projetos Institucionais<\/td><td><strong>Edital n\u00ba 02\/2026 COPI\/PRPI &#8211; <\/strong>Chamada P\u00fablica Edital Infraestrutura de pesquisa \u2013 PROINFRA 2025 EXPANS\u00c3O | MCTI\/FINEP\/FNDCT<\/td><td><a href=\"https:\/\/ufpr.br\/prpi\/copi-edital-no-02-2026-copi-prpi-chamada-publica-edital-infraestrutura-de-pesquisa-proinfra-2025-expansao-mcti-finep-fndct\/\">https:\/\/ufpr.br\/prpi\/copi-edital-no-02-2026-copi-prpi-chamada-publica-edital-infraestrutura-de-pesquisa-proinfra-2025-expansao-mcti-finep-fndct\/<\/a><\/td><\/tr><tr><td>COPI\/PRPI &#8211; Coordenadoria de Projetos Institucionais<br><br><\/td><td><strong>Edital n\u00ba 03\/2026 COPI\/PRPI &#8211; <\/strong>Chamada P\u00fablica Edital Centros Tem\u00e1ticos \u2013 MCTI\/FINEP\/FNDCT \u2013 PESQUISA APLICADA 2025<\/td><td><a href=\"https:\/\/ufpr.br\/prpi\/copi-edital-no-03-2026-copi-prpi-chamada-publica-edital-mcti-finep-fndct-pesquisa-aplicada-centros-tematicos-2025\/\">https:\/\/ufpr.br\/prpi\/copi-edital-no-03-2026-copi-prpi-chamada-publica-edital-mcti-finep-fndct-pesquisa-aplicada-centros-tematicos-2025\/<\/a><\/td><\/tr><\/tbody><\/table><\/figure>\n<\/div><\/div>\n<\/div>\n<\/div>\n","protected":false},"excerpt":{"rendered":"<p>Editais com submiss\u00e3o aberta COORDENADORIA EDITAL P\u00c1G. DE ACOMPANHAMENTO NIT\/PRPI &#8211; N\u00facleo de Inova\u00e7\u00e3o Tecnol\u00f3gica Edital n\u00ba 04\/2026 PRPI\/NIT &#8211; STARTUP GARAGE 2026 \u2013 Edi\u00e7\u00e3o Curitiba \u2013 Turma 2026\/1 https:\/\/ufpr.br\/prpi\/edital-no-04-2026-prpi-nit-startup-garage-2026-edicao-curitiba-turma-2026-1\/ COFPI\/PRPI &#8211; Coordenadoria de Fomento aos Projetos Institucionais Edital n\u00ba 05\/2026 COFPI\/PRPI &#8211;APOIO \u00c0&nbsp;ORGANIZA\u00c7\u00c3O&nbsp;DE&nbsp;EVENTOS&nbsp;DA UFPR&nbsp; https:\/\/ufpr.br\/edital-no-05-2026-ufpr-r-prpi-cofpi-apoio-a-organizacao-de-eventos-da-ufpr COFPI\/PRPI &#8211; Coordenadoria de Fomento aos Projetos Institucionais Edital [&hellip;]<\/p>\n","protected":false},"author":14,"featured_media":0,"parent":0,"menu_order":0,"comment_status":"closed","ping_status":"closed","template":"","meta":{"footnotes":""},"class_list":["post-150","page","type-page","status-publish","hentry"],"_links":{"self":[{"href":"https:\/\/ufpr.br\/prpi\/wp-json\/wp\/v2\/pages\/150","targetHints":{"allow":["GET"]}}],"collection":[{"href":"https:\/\/ufpr.br\/prpi\/wp-json\/wp\/v2\/pages"}],"about":[{"href":"https:\/\/ufpr.br\/prpi\/wp-json\/wp\/v2\/types\/page"}],"author":[{"embeddable":true,"href":"https:\/\/ufpr.br\/prpi\/wp-json\/wp\/v2\/users\/14"}],"replies":[{"embeddable":true,"href":"https:\/\/ufpr.br\/prpi\/wp-json\/wp\/v2\/comments?post=150"}],"version-history":[{"count":103,"href":"https:\/\/ufpr.br\/prpi\/wp-json\/wp\/v2\/pages\/150\/revisions"}],"predecessor-version":[{"id":5262,"href":"https:\/\/ufpr.br\/prpi\/wp-json\/wp\/v2\/pages\/150\/revisions\/5262"}],"wp:attachment":[{"href":"https:\/\/ufpr.br\/prpi\/wp-json\/wp\/v2\/media?parent=150"}],"curies":[{"name":"wp","href":"https:\/\/api.w.org\/{rel}","templated":true}]}}