{"id":1486,"date":"2025-05-12T15:20:38","date_gmt":"2025-05-12T18:20:38","guid":{"rendered":"https:\/\/ufpr.br\/prpi\/?page_id=1486"},"modified":"2025-12-05T10:45:15","modified_gmt":"2025-12-05T13:45:15","slug":"cofpi-passo-a-passo-para-operacionalizacao-do-bpp-ufpr","status":"publish","type":"page","link":"https:\/\/ufpr.br\/prpi\/cofpi-passo-a-passo-para-operacionalizacao-do-bpp-ufpr\/","title":{"rendered":"Passo a passo para operacionaliza\u00e7\u00e3o do BPP\/UFPR"},"content":{"rendered":"\n<div class=\"wp-block-columns has-white-background-color has-background is-layout-flex wp-container-core-columns-is-layout-2 wp-block-columns-is-layout-flex\">\n<div class=\"wp-block-column is-layout-flow wp-block-column-is-layout-flow\">\n<h2 class=\"wp-block-heading has-text-align-center\">V\u00eddeos para os Docentes Pesquisadores<\/h2>\n\n\n\n<div style=\"height:20px\" aria-hidden=\"true\" class=\"wp-block-spacer\"><\/div>\n\n\n\n<div class=\"wp-block-columns is-layout-flex wp-container-core-columns-is-layout-1 wp-block-columns-is-layout-flex\">\n<div class=\"wp-block-column is-layout-flow wp-block-column-is-layout-flow\">\n<div class=\"wp-block-buttons is-layout-flex wp-block-buttons-is-layout-flex\">\n<div class=\"wp-block-button\"><a class=\"wp-block-button__link has-white-color has-text-color has-background has-link-color wp-element-button\" href=\"https:\/\/ufprbr0-my.sharepoint.com\/:v:\/g\/personal\/prpi_ufpr_br\/IQDpppBap7ReT5vwiMauQe_gAa0n1BrYF1gMsyd6Q9-wVeY?nav=eyJyZWZlcnJhbEluZm8iOnsicmVmZXJyYWxBcHAiOiJTdHJlYW1XZWJBcHAiLCJyZWZlcnJhbFZpZXciOiJTaGFyZURpYWxvZy1MaW5rIiwicmVmZXJyYWxBcHBQbGF0Zm9ybSI6IldlYiIsInJlZmVycmFsTW9kZSI6InZpZXcifX0%3D&amp;e=MpUSIl\" style=\"border-radius:20px;background-color:#00548e\">Como acessar o Banco de Projetos de Pesquisa da UFPR<\/a><\/div>\n<\/div>\n<\/div>\n\n\n\n<div class=\"wp-block-column is-layout-flow wp-block-column-is-layout-flow\">\n<div class=\"wp-block-buttons is-layout-flex wp-block-buttons-is-layout-flex\">\n<div class=\"wp-block-button\"><a class=\"wp-block-button__link has-white-color has-text-color has-background has-link-color wp-element-button\" href=\"https:\/\/ufprbr0-my.sharepoint.com\/:v:\/g\/personal\/prpi_ufpr_br\/IQCfbIOe2KHrTIsa0TsrG-9hATN3RTWX5-XT8HFflQscEyM?nav=eyJyZWZlcnJhbEluZm8iOnsicmVmZXJyYWxBcHAiOiJTdHJlYW1XZWJBcHAiLCJyZWZlcnJhbFZpZXciOiJTaGFyZURpYWxvZy1MaW5rIiwicmVmZXJyYWxBcHBQbGF0Zm9ybSI6IldlYiIsInJlZmVycmFsTW9kZSI6InZpZXcifX0%3D&amp;e=blGzls\" style=\"border-radius:20px;background-color:#00548e\">Como incluir o documento de aprova\u00e7\u00e3o no Projeto de Pesquisa<\/a><\/div>\n<\/div>\n<\/div>\n\n\n\n<div class=\"wp-block-column is-layout-flow wp-block-column-is-layout-flow\">\n<div class=\"wp-block-buttons is-layout-flex wp-block-buttons-is-layout-flex\">\n<div class=\"wp-block-button\"><a class=\"wp-block-button__link has-white-color has-text-color has-background has-link-color wp-element-button\" href=\"https:\/\/ufprbr0-my.sharepoint.com\/:v:\/g\/personal\/prpi_ufpr_br\/IQCYDN_sEVfTRpePSQG9HTN_AaU1oiUyQMbtN40w6k7xJRU?nav=eyJyZWZlcnJhbEluZm8iOnsicmVmZXJyYWxBcHAiOiJTdHJlYW1XZWJBcHAiLCJyZWZlcnJhbFZpZXciOiJTaGFyZURpYWxvZy1MaW5rIiwicmVmZXJyYWxBcHBQbGF0Zm9ybSI6IldlYiIsInJlZmVycmFsTW9kZSI6InZpZXcifX0%3D&amp;e=jJwRvy\" style=\"border-radius:20px;background-color:#00548e\">Como verificar meus Projetos de Pesquisa registrados no BPP\/UFPR<\/a><\/div>\n<\/div>\n<\/div>\n<\/div>\n\n\n\n<div style=\"height:20px\" aria-hidden=\"true\" class=\"wp-block-spacer\"><\/div>\n\n\n\n<h2 class=\"wp-block-heading has-text-align-center\">V\u00eddeos para as Chefias dos Departamentos<\/h2>\n\n\n\n<div style=\"height:20px\" aria-hidden=\"true\" class=\"wp-block-spacer\"><\/div>\n\n\n\n<div class=\"wp-block-buttons is-content-justification-center is-layout-flex wp-container-core-buttons-is-layout-4 wp-block-buttons-is-layout-flex\">\n<div class=\"wp-block-button\"><a class=\"wp-block-button__link has-background wp-element-button\" href=\"https:\/\/ufprbr0-my.sharepoint.com\/:v:\/g\/personal\/prpi_ufpr_br\/IQDiXaqzypVkSIl5-X8gJn5wAeUhEfHJxUw8gkSanTyGgZI?nav=eyJyZWZlcnJhbEluZm8iOnsicmVmZXJyYWxBcHAiOiJTdHJlYW1XZWJBcHAiLCJyZWZlcnJhbFZpZXciOiJTaGFyZURpYWxvZy1MaW5rIiwicmVmZXJyYWxBcHBQbGF0Zm9ybSI6IldlYiIsInJlZmVycmFsTW9kZSI6InZpZXcifX0%3D&amp;e=3c9JUV\" style=\"border-radius:20px;background-color:#00548e\">Como verificar os Projetos de Pesquisa dos Docentes do Departamento registrados no BPP\/UFPR<\/a><\/div>\n<\/div>\n\n\n\n<div style=\"height:20px\" aria-hidden=\"true\" class=\"wp-block-spacer\"><\/div>\n\n\n\n<h2 class=\"wp-block-heading has-text-align-center\">V\u00eddeo para os Coordenadores de PPG<\/h2>\n\n\n\n<div style=\"height:20px\" aria-hidden=\"true\" class=\"wp-block-spacer\"><\/div>\n\n\n\n<div class=\"wp-block-buttons is-content-justification-center is-layout-flex wp-container-core-buttons-is-layout-5 wp-block-buttons-is-layout-flex\">\n<div class=\"wp-block-button\"><a class=\"wp-block-button__link has-background wp-element-button\" href=\"https:\/\/ufprbr0-my.sharepoint.com\/:v:\/g\/personal\/prpi_ufpr_br\/IQDI9RyfKoNkRoRoLmbKZ7uTAeF1bTaVWTYCPdbsvVvGCV0?nav=eyJyZWZlcnJhbEluZm8iOnsicmVmZXJyYWxBcHAiOiJTdHJlYW1XZWJBcHAiLCJyZWZlcnJhbFZpZXciOiJTaGFyZURpYWxvZy1MaW5rIiwicmVmZXJyYWxBcHBQbGF0Zm9ybSI6IldlYiIsInJlZmVycmFsTW9kZSI6InZpZXcifX0%3D&amp;e=S2jYVq\" style=\"border-radius:20px;background-color:#00548e\">Como verificar os Projetos de Pesquisa dos Docentes do PPG registrados no BPP\/UFPR<\/a><\/div>\n<\/div>\n<\/div>\n<\/div>\n","protected":false},"excerpt":{"rendered":"<p>V\u00eddeos para os Docentes Pesquisadores V\u00eddeos para as Chefias dos Departamentos V\u00eddeo para os Coordenadores de PPG<\/p>\n","protected":false},"author":11,"featured_media":0,"parent":0,"menu_order":0,"comment_status":"closed","ping_status":"closed","template":"","meta":{"footnotes":""},"class_list":["post-1486","page","type-page","status-publish","hentry"],"_links":{"self":[{"href":"https:\/\/ufpr.br\/prpi\/wp-json\/wp\/v2\/pages\/1486","targetHints":{"allow":["GET"]}}],"collection":[{"href":"https:\/\/ufpr.br\/prpi\/wp-json\/wp\/v2\/pages"}],"about":[{"href":"https:\/\/ufpr.br\/prpi\/wp-json\/wp\/v2\/types\/page"}],"author":[{"embeddable":true,"href":"https:\/\/ufpr.br\/prpi\/wp-json\/wp\/v2\/users\/11"}],"replies":[{"embeddable":true,"href":"https:\/\/ufpr.br\/prpi\/wp-json\/wp\/v2\/comments?post=1486"}],"version-history":[{"count":6,"href":"https:\/\/ufpr.br\/prpi\/wp-json\/wp\/v2\/pages\/1486\/revisions"}],"predecessor-version":[{"id":3801,"href":"https:\/\/ufpr.br\/prpi\/wp-json\/wp\/v2\/pages\/1486\/revisions\/3801"}],"wp:attachment":[{"href":"https:\/\/ufpr.br\/prpi\/wp-json\/wp\/v2\/media?parent=1486"}],"curies":[{"name":"wp","href":"https:\/\/api.w.org\/{rel}","templated":true}]}}