{"id":1392,"date":"2025-05-09T22:33:35","date_gmt":"2025-05-10T01:33:35","guid":{"rendered":"https:\/\/ufpr.br\/prpi\/?page_id=1392"},"modified":"2025-12-11T10:13:51","modified_gmt":"2025-12-11T13:13:51","slug":"unibio-lista-de-especies-cites","status":"publish","type":"page","link":"https:\/\/ufpr.br\/prpi\/unibio-lista-de-especies-cites\/","title":{"rendered":"Lista de Esp\u00e9cies CITES"},"content":{"rendered":"\n<div class=\"wp-block-columns has-white-background-color has-background is-layout-flex wp-container-core-columns-is-layout-1 wp-block-columns-is-layout-flex\">\n<div class=\"wp-block-column is-layout-flow wp-block-column-is-layout-flow\">\n<h2 class=\"wp-block-heading\"><mark style=\"background-color:#f3b8b2;color:#00558f\" class=\"has-inline-color\">Conven\u00e7\u00e3o sobre Com\u00e9rcio Internacional das Esp\u00e9cies da Flora e Fauna Selvagens em Perigo de Extin\u00e7\u00e3o (CITES)<\/mark><\/h2>\n\n\n\n<p class=\"has-black-color has-text-color has-link-color wp-elements-f4653b448fb3046beded1b6ba459f6df\"><strong>No contexto do conceito da Lei 13.123 (acesso a patrim\u00f4nio gen\u00e9tico ou conhecimento tradicional associado), \u00e9 obrigat\u00f3rio verificar se as esp\u00e9cies envolvidas est\u00e3o listadas pela CITES, o que determina medidas adicionais de controle e autoriza\u00e7\u00e3o.<\/strong><\/p>\n\n\n\n<p class=\"has-black-color has-text-color has-link-color wp-elements-a278cc07c67d7f0dafcb1ac657e84d9d\">Essa consulta \u00e9 fundamental para garantir conformidade com a legisla\u00e7\u00e3o brasileira (Decreto n\u00ba 3.607\/2000) e com os compromissos internacionais assumidos pelo pa\u00eds.<\/p>\n\n\n\n<p class=\"has-black-color has-text-color has-link-color wp-elements-0f1e85163248f30c3e6f7004a9349f82\">Ao realizar pesquisas que envolvam o acesso \u00e0s esp\u00e9cies da fauna ou flora, \u00e9 essencial consultar previamente a lista CITES.<\/p>\n\n\n\n<p class=\"has-black-color has-text-color has-link-color wp-elements-cc7998edaefaef4f8b89d95eecf6c788\">A CITES protege mais de 40.900 esp\u00e9cies \u2014 incluindo aproximadamente 6.610 esp\u00e9cies de animais e 34.310 de plantas \u2014 contra a sobreexplora\u00e7\u00e3o comercial internacional.<\/p>\n\n\n\n<p class=\"has-black-color has-text-color has-link-color wp-elements-b916666addb446314aaf9d3b458c59d0\">Essas esp\u00e9cies est\u00e3o organizadas em <a href=\"https:\/\/cites.org\/eng\/app\/appendices.php\"><span style=\"text-decoration: underline\"><mark style=\"background-color:#f3b8b2\" class=\"has-inline-color\"><strong>tr\u00eas ap\u00eandices<\/strong><\/mark><\/span><\/a>, conforme o grau de amea\u00e7a:<\/p>\n\n\n\n<ul class=\"wp-block-list\">\n<li class=\"has-black-color has-text-color has-link-color wp-elements-e648067642967f22daf7e4b9602c1935\">Ap\u00eandice I: esp\u00e9cies amea\u00e7adas de extin\u00e7\u00e3o;<\/li>\n\n\n\n<li class=\"has-black-color has-text-color has-link-color wp-elements-0519c8ac339587a6695d02001b42b279\">Ap\u00eandice II: esp\u00e9cies que n\u00e3o est\u00e3o necessariamente amea\u00e7adas, mas podem vir a ser, caso o com\u00e9rcio n\u00e3o seja rigorosamente regulado;<\/li>\n\n\n\n<li class=\"has-black-color has-text-color has-link-color wp-elements-9ac4864fbdcac9d72f25b96fd8d51db8\">Ap\u00eandice III: esp\u00e9cies inclu\u00eddas por solicita\u00e7\u00e3o de um pa\u00eds, que requer apoio internacional para controle de sua explora\u00e7\u00e3o.<\/li>\n<\/ul>\n\n\n\n<p class=\"has-black-color has-text-color has-link-color wp-elements-000f996df0d72ce49cc5a3d5000507bf\">\u00a0A lista inclui grupos inteiros como primatas, cet\u00e1ceos, tartarugas marinhas, papagaios, corais, cactos e orqu\u00eddeas, al\u00e9m de subesp\u00e9cies ou popula\u00e7\u00f5es espec\u00edficas.<\/p>\n\n\n\n<p class=\"has-black-color has-text-color has-link-color wp-elements-320ded38a84f0d4fd4b06628bd0384b8\"><a href=\"https:\/\/cites.org\/eng\/app\/appendices.php\" data-type=\"link\" data-id=\"https:\/\/cites.org\/eng\/app\/appendices.php\">Clique aqui<\/a> para acessar os tr\u00eas ap\u00eandices da lista CITES.<br><br><strong><span style=\"text-decoration: underline\"><mark style=\"background-color:#ffffff;color:#00558f\" class=\"has-inline-color\"><a href=\"https:\/\/www.gov.br\/ibama\/pt-br\/assuntos\/biodiversidade\/cites-e-comercio-exterior\/sobre-a-cites\/manual-cites\">Consulte aqui os Procedimentos espec\u00edficos para obten\u00e7\u00e3o da licen\u00e7a CITES.<\/a><\/mark><\/span><\/strong><\/p>\n\n\n\n<p class=\"has-black-color has-text-color has-link-color wp-elements-c7505008dbc58889df979c2d490c077e\"><strong><mark style=\"background-color:#f3b8b2\" class=\"has-inline-color has-black-color\">Nota<\/mark><\/strong><mark style=\"background-color:#f3b8b2\" class=\"has-inline-color has-black-color\">:<\/mark> embora o Inciso IV do Artigo 16 do Decreto No. 3607\/2000 indique que &#8220;empr\u00e9stimo, doa\u00e7\u00e3o ou interc\u00e2mbio sem fim comercial entre cientistas ou institui\u00e7\u00f5es cient\u00edficas registradas junto \u00e0s Autoridades Administrativas dos respectivos pa\u00edses&#8221; estariam isentas da licen\u00e7a CITES, o \u201cregistro\u201d ao qual o texto se refere depende da cria\u00e7\u00e3o do \u201cCadastro Nacional de Cole\u00e7\u00f5es Biol\u00f3gicas (CCBIO)\u201d. Embora esse cadastro tenha sido previso pelo Ibama em sua IN No. 160\/2007, at\u00e9 o presente, ele ainda n\u00e3o foi implementado. Enquanto esse sistema n\u00e3o for disponibilizado, \u00e9 obrigat\u00f3ria a obten\u00e7\u00e3o da licen\u00e7a conforme descrito acima para todas as esp\u00e9cies listadas nos ap\u00eandices da CITES.<\/p>\n<\/div>\n<\/div>\n","protected":false},"excerpt":{"rendered":"<p>Conven\u00e7\u00e3o sobre Com\u00e9rcio Internacional das Esp\u00e9cies da Flora e Fauna Selvagens em Perigo de Extin\u00e7\u00e3o (CITES) No contexto do conceito da Lei 13.123 (acesso a patrim\u00f4nio gen\u00e9tico ou conhecimento tradicional associado), \u00e9 obrigat\u00f3rio verificar se as esp\u00e9cies envolvidas est\u00e3o listadas pela CITES, o que determina medidas adicionais de controle e autoriza\u00e7\u00e3o. Essa consulta \u00e9 fundamental [&hellip;]<\/p>\n","protected":false},"author":11,"featured_media":0,"parent":0,"menu_order":0,"comment_status":"closed","ping_status":"closed","template":"","meta":{"footnotes":""},"class_list":["post-1392","page","type-page","status-publish","hentry"],"_links":{"self":[{"href":"https:\/\/ufpr.br\/prpi\/wp-json\/wp\/v2\/pages\/1392","targetHints":{"allow":["GET"]}}],"collection":[{"href":"https:\/\/ufpr.br\/prpi\/wp-json\/wp\/v2\/pages"}],"about":[{"href":"https:\/\/ufpr.br\/prpi\/wp-json\/wp\/v2\/types\/page"}],"author":[{"embeddable":true,"href":"https:\/\/ufpr.br\/prpi\/wp-json\/wp\/v2\/users\/11"}],"replies":[{"embeddable":true,"href":"https:\/\/ufpr.br\/prpi\/wp-json\/wp\/v2\/comments?post=1392"}],"version-history":[{"count":23,"href":"https:\/\/ufpr.br\/prpi\/wp-json\/wp\/v2\/pages\/1392\/revisions"}],"predecessor-version":[{"id":3994,"href":"https:\/\/ufpr.br\/prpi\/wp-json\/wp\/v2\/pages\/1392\/revisions\/3994"}],"wp:attachment":[{"href":"https:\/\/ufpr.br\/prpi\/wp-json\/wp\/v2\/media?parent=1392"}],"curies":[{"name":"wp","href":"https:\/\/api.w.org\/{rel}","templated":true}]}}