{"id":1384,"date":"2025-05-09T22:26:12","date_gmt":"2025-05-10T01:26:12","guid":{"rendered":"https:\/\/ufpr.br\/prpi\/?page_id=1384"},"modified":"2025-07-29T12:20:43","modified_gmt":"2025-07-29T15:20:43","slug":"unibio-acesso-instrucoes-para-divulgacao-de-pesquisa","status":"publish","type":"page","link":"https:\/\/ufpr.br\/prpi\/unibio-acesso-instrucoes-para-divulgacao-de-pesquisa\/","title":{"rendered":"Acesso &#8211; Instru\u00e7\u00f5es para cadastro de atividades de pesquisa e\/ou desenvolvimento tecnol\u00f3gico"},"content":{"rendered":"\n<div class=\"wp-block-columns has-white-background-color has-background is-layout-flex wp-container-core-columns-is-layout-1 wp-block-columns-is-layout-flex\">\n<div class=\"wp-block-column is-layout-flow wp-block-column-is-layout-flow\">\n<p class=\"has-white-color has-text-color has-background has-link-color wp-elements-748947f468d8207f6e4728a5158bfffb\" style=\"background-color:#e0655b\"><strong>Para <span style=\"text-decoration: underline\">cadastrar uma atividade de pesquisa que acesse \u00e0 biodiversidade brasileira<\/span> \u00e9 necess\u00e1rio seguir as seguintes orienta\u00e7\u00f5es:<\/strong><\/p>\n\n\n\n<p class=\"has-black-color has-text-color has-link-color wp-elements-e4f28801b6f46d4a1439a97c84658281\">a) Entrar na plataforma SisGen, na p\u00e1gina \u00e0 esquerda, em Atividade de Acesso selecionar Novo Cadastro.<br>b) Selecionar o tipo de usu\u00e1rio como Universidade Federal do Paran\u00e1.<br>c) Observar que n\u00e3o \u00e9 necess\u00e1rio adicionar o respons\u00e1vel pelo cadastro, pois automaticamente o sistema j\u00e1 carregou o seu CPF.<br>d) Preencher os dados que ser\u00e3o solicitados, conforme imagens abaixo:<\/p>\n\n\n\n<figure class=\"wp-block-image size-full\"><img loading=\"lazy\" decoding=\"async\" width=\"684\" height=\"348\" src=\"https:\/\/ufpr.br\/prpi\/wp-content\/uploads\/2025\/07\/Objeto-do-Acesso.png\" alt=\"\" class=\"wp-image-2559\" srcset=\"https:\/\/ufpr.br\/prpi\/wp-content\/uploads\/2025\/07\/Objeto-do-Acesso.png 684w, https:\/\/ufpr.br\/prpi\/wp-content\/uploads\/2025\/07\/Objeto-do-Acesso-300x153.png 300w, https:\/\/ufpr.br\/prpi\/wp-content\/uploads\/2025\/07\/Objeto-do-Acesso-175x89.png 175w, https:\/\/ufpr.br\/prpi\/wp-content\/uploads\/2025\/07\/Objeto-do-Acesso-75x38.png 75w\" sizes=\"auto, (max-width: 684px) 100vw, 684px\" \/><\/figure>\n\n\n\n<p class=\"has-black-color has-text-color has-link-color wp-elements-db943f9c68f3bbcea079ff3fa99eb1da\">Exemplo: Caso selecione Patrim\u00f4nio Gen\u00e9tico, abrir\u00e1 uma nova tela para preenchimento.<\/p>\n\n\n\n<figure class=\"wp-block-image size-full wp-duotone-unset-1\"><img loading=\"lazy\" decoding=\"async\" width=\"750\" height=\"599\" src=\"https:\/\/ufpr.br\/prpi\/wp-content\/uploads\/2025\/07\/Dados-a-serem-preenchidos-para-o-PG.png\" alt=\"\" class=\"wp-image-2560\" srcset=\"https:\/\/ufpr.br\/prpi\/wp-content\/uploads\/2025\/07\/Dados-a-serem-preenchidos-para-o-PG.png 750w, https:\/\/ufpr.br\/prpi\/wp-content\/uploads\/2025\/07\/Dados-a-serem-preenchidos-para-o-PG-300x240.png 300w, https:\/\/ufpr.br\/prpi\/wp-content\/uploads\/2025\/07\/Dados-a-serem-preenchidos-para-o-PG-123x98.png 123w, https:\/\/ufpr.br\/prpi\/wp-content\/uploads\/2025\/07\/Dados-a-serem-preenchidos-para-o-PG-71x57.png 71w\" sizes=\"auto, (max-width: 750px) 100vw, 750px\" \/><\/figure>\n\n\n\n<p class=\"has-black-color has-text-color has-link-color wp-elements-b5f70accb9755fc92edc479a695ad99c\">Caso selecione Conhecimento Tradicional Associado ou ambos, outras telas com informa\u00e7\u00f5es diversas ser\u00e3o abertas. \u00c9 poss\u00edvel salvar como rascunho e voltar depois, para completar, com os dados necess\u00e1rios  as informa\u00e7\u00f5es prestadas.<br>e) Em equipe, al\u00e9m do nome do pesquisador \u00e9 poss\u00edvel adicionar outras pessoas que fazem parte da equipe da pesquisa que est\u00e1 sendo cadastrada.<br>f) Informar se houver parceria com institui\u00e7\u00f5es nacionais ou estrangeiras, mas esse dado n\u00e3o \u00e9 necess\u00e1rio neste momento.<br>g) Informar os resultados obtidos.<\/p>\n\n\n\n<p class=\"has-black-color has-text-color has-link-color wp-elements-5c6853ad74e9516d43fa3b26d5f4c7f8\">Observa\u00e7\u00f5es:<br>1) Informa\u00e7\u00f5es de Envio n\u00e3o precisam ser preenchidas, em caso de cadastro realizado para informar a atividade de acesso desenvolvida. Esse campo poder\u00e1 ser editado posteriormente, caso necessite enviar suas amostras para an\u00e1lise ao exterior. Neste caso, siga <a href=\"https:\/\/ufpr.br\/prpi\/unibio-acesso-instrucoes-para-envio\/\">aqui <\/a>o passo a passo.<br>2) Ao clicar em cadastrar, ser\u00e1 gerado um comprovante de Acesso com o n\u00famero que dever\u00e1 ser informado nas publica\u00e7\u00f5es.<\/p>\n<\/div>\n<\/div>\n","protected":false},"excerpt":{"rendered":"<p>Para cadastrar uma atividade de pesquisa que acesse \u00e0 biodiversidade brasileira \u00e9 necess\u00e1rio seguir as seguintes orienta\u00e7\u00f5es: a) Entrar na plataforma SisGen, na p\u00e1gina \u00e0 esquerda, em Atividade de Acesso selecionar Novo Cadastro.b) Selecionar o tipo de usu\u00e1rio como Universidade Federal do Paran\u00e1.c) Observar que n\u00e3o \u00e9 necess\u00e1rio adicionar o respons\u00e1vel pelo cadastro, pois automaticamente [&hellip;]<\/p>\n","protected":false},"author":11,"featured_media":0,"parent":0,"menu_order":0,"comment_status":"closed","ping_status":"closed","template":"","meta":{"footnotes":""},"class_list":["post-1384","page","type-page","status-publish","hentry"],"_links":{"self":[{"href":"https:\/\/ufpr.br\/prpi\/wp-json\/wp\/v2\/pages\/1384","targetHints":{"allow":["GET"]}}],"collection":[{"href":"https:\/\/ufpr.br\/prpi\/wp-json\/wp\/v2\/pages"}],"about":[{"href":"https:\/\/ufpr.br\/prpi\/wp-json\/wp\/v2\/types\/page"}],"author":[{"embeddable":true,"href":"https:\/\/ufpr.br\/prpi\/wp-json\/wp\/v2\/users\/11"}],"replies":[{"embeddable":true,"href":"https:\/\/ufpr.br\/prpi\/wp-json\/wp\/v2\/comments?post=1384"}],"version-history":[{"count":20,"href":"https:\/\/ufpr.br\/prpi\/wp-json\/wp\/v2\/pages\/1384\/revisions"}],"predecessor-version":[{"id":3714,"href":"https:\/\/ufpr.br\/prpi\/wp-json\/wp\/v2\/pages\/1384\/revisions\/3714"}],"wp:attachment":[{"href":"https:\/\/ufpr.br\/prpi\/wp-json\/wp\/v2\/media?parent=1384"}],"curies":[{"name":"wp","href":"https:\/\/api.w.org\/{rel}","templated":true}]}}