{"id":1372,"date":"2025-05-09T22:15:02","date_gmt":"2025-05-10T01:15:02","guid":{"rendered":"https:\/\/ufpr.br\/prpi\/?page_id=1372"},"modified":"2026-01-09T08:29:27","modified_gmt":"2026-01-09T11:29:27","slug":"unibio-acesso-instrucoes-para-envio","status":"publish","type":"page","link":"https:\/\/ufpr.br\/prpi\/unibio-acesso-instrucoes-para-envio\/","title":{"rendered":"Acesso &#8211; Instru\u00e7\u00f5es para Envio"},"content":{"rendered":"\n<div class=\"wp-block-columns has-white-background-color has-background is-layout-flex wp-container-core-columns-is-layout-2 wp-block-columns-is-layout-flex\">\n<div class=\"wp-block-column is-layout-flow wp-block-column-is-layout-flow\">\n<p class=\"has-white-color has-text-color has-background has-link-color wp-elements-120e303039d6d5cc00a995b62e172164\" style=\"background-color:#e0655b\"><strong>Antes de prosseguir, com o registro de acesso, envio ou remessa, verifique se a esp\u00e9cie acessada na sua pesquisa est\u00e1 na <u><a href=\"https:\/\/cites.org\/eng\/app\/appendices.php\"><span style=\"text-decoration: underline\">Lista de Esp\u00e9cies CITES<\/span><\/a><\/u><\/strong>.<\/p>\n\n\n\n<p class=\"has-black-color has-text-color has-link-color wp-elements-1edda1e0105285ffc20787c33c5a4854\">Se tiver d\u00favidas sobre a lista CITES contate <a href=\"mailto:unibio@ufpr.br\">unibio@ufpr.br<\/a>. Verifique tamb\u00e9m <strong>se sua esp\u00e9cie<span style=\"text-decoration: underline\"> <a href=\"https:\/\/ufpr.br\/prpi\/unibio-especies-introduzidas-que-nao-fazem-parte-do-patrimonio-genetico-brasileiro\/\">\u00e9 ex\u00f3tica<\/a><\/span><a href=\"https:\/\/ufpr.br\/prpi\/unibio-especies-introduzidas-que-nao-fazem-parte-do-patrimonio-genetico-brasileiro\/\"> ou faz parte da lista das <span style=\"text-decoration: underline\">esp\u00e9cies introduzidas de uso agr\u00edcola<\/span><\/a> que est\u00e3o isentas de cadastro no SisGen<\/strong>, ou prossiga para as etapas abaixo.<strong>&nbsp;<\/strong><\/p>\n\n\n\n<div class=\"wp-block-columns is-layout-flex wp-container-core-columns-is-layout-1 wp-block-columns-is-layout-flex\">\n<div class=\"wp-block-column is-layout-flow wp-block-column-is-layout-flow\">\n<p class=\"has-white-color has-text-color has-background has-link-color wp-elements-2d6945c3f674797b4c30500ab1ef76d5\" style=\"background-color:#e0655b\"><strong>ATEN\u00c7\u00c3O! O transporte de amostras para o exterior por envio n\u00e3o \u00e9 recomendado pela UFPR. Consulte <span style=\"text-decoration: underline\">unibio@ufpr.br<\/span> antes de cadastrar um envio.<\/strong><\/p>\n\n\n\n<p class=\"has-black-color has-text-color has-link-color wp-elements-9f6fc09cc3ccfe2e79360e2bee3cfa1e\">O cadastro de ENVIO, no SISGEN, \u00e9 feito dentro da<strong> atividade de Acesso<\/strong>.<\/p>\n\n\n\n<p><mark style=\"background-color:#ffffff;color:#e0655b\" class=\"has-inline-color\"><strong>Para <span style=\"text-decoration: underline\">envio<\/span>, \u00e9 necess\u00e1rio seguir as seguintes orienta\u00e7\u00f5es:<\/strong><\/mark><\/p>\n\n\n\n<p class=\"has-black-color has-text-color has-link-color wp-elements-3b65c8c72304a4dff327197f7f5e3d82\">Sempre que for preencher os dados no SisGen selecione Universidade Federal do Paran\u00e1 como o \u201cTipo de Usu\u00e1rio\u201d. N\u00e3o fa\u00e7a Acesso\/Publica\u00e7\u00e3o\/Envio ou Remessa em seu nome.<\/p>\n\n\n\n<p class=\"has-black-color has-text-color has-link-color wp-elements-2f22ac8df9e6a40d24bedeabbfdcdbf8\">O <a href=\"https:\/\/ufpr.br\/prpi\/unibio-perguntas-frequentes\/\">envio<\/a> dever\u00e1 ser cadastrado, pelo pesquisador UFPR <a href=\"https:\/\/ufpr.br\/prpi\/unibio-cadastro-do-pesquisador-no-sisgen\/\">j\u00e1 habilitado<\/a> nos sistema, como parte do cadastro da atividade de acesso a que esteja vinculado. Idealmente o cadastro das amostras para envio deveria ser <em>uma edi\u00e7\u00e3o da atividade de acesso<\/em> previamente realizada para a publica\u00e7\u00e3o dos resultados da <a href=\"https:\/\/ufpr.br\/prpi\/unibio-perguntas-frequentes\/\">pesquisa<\/a> (ex. an\u00e1lises envolvendo patrim\u00f4nio gen\u00e9tico ou conhecimento tradicional associado) ou <a href=\"https:\/\/ufpr.br\/prpi\/unibio-perguntas-frequentes\/\">desenvolvimento tecnol\u00f3gico<\/a>. <\/p>\n\n\n\n<p class=\"has-black-color has-text-color has-link-color wp-elements-f80855d024541596e442b6516f94f2bc\">a) Caso o material (amostras de patrim\u00f4nio Gen\u00e9tico (PG) e\/ou conhecimento tradicional associado (CTA)) a ser enviado ao exterior <strong>ainda n\u00e3o esteja vinculado ao cadastro de atividades de acesso<\/strong>, o pesquisador dever\u00e1 realizar o cadastro do material em atividade de acesso no SisGen, preenchendo todas as informa\u00e7\u00f5es requeridas (d\u00favidas consulte o <a href=\"https:\/\/sisgen.gov.br\/download\/Manual_SisGen.pdf\">Manual Sisgen<\/a>).<\/p>\n\n\n\n<p class=\"has-black-color has-text-color has-link-color wp-elements-8c35866f5090e5b719b74509f1e209f4\"><img loading=\"lazy\" decoding=\"async\" width=\"1080\" height=\"1350\" class=\"wp-image-2474\" style=\"width: 300px\" src=\"https:\/\/ufpr.br\/prpi\/wp-content\/uploads\/2025\/07\/PS-atividade-acesso-envio-1.png\" alt=\"\" srcset=\"https:\/\/ufpr.br\/prpi\/wp-content\/uploads\/2025\/07\/PS-atividade-acesso-envio-1.png 1080w, https:\/\/ufpr.br\/prpi\/wp-content\/uploads\/2025\/07\/PS-atividade-acesso-envio-1-240x300.png 240w, https:\/\/ufpr.br\/prpi\/wp-content\/uploads\/2025\/07\/PS-atividade-acesso-envio-1-819x1024.png 819w, https:\/\/ufpr.br\/prpi\/wp-content\/uploads\/2025\/07\/PS-atividade-acesso-envio-1-768x960.png 768w, https:\/\/ufpr.br\/prpi\/wp-content\/uploads\/2025\/07\/PS-atividade-acesso-envio-1-78x98.png 78w, https:\/\/ufpr.br\/prpi\/wp-content\/uploads\/2025\/07\/PS-atividade-acesso-envio-1-46x57.png 46w\" sizes=\"auto, (max-width: 1080px) 100vw, 1080px\" \/><img loading=\"lazy\" decoding=\"async\" width=\"1080\" height=\"1350\" class=\"wp-image-2475\" style=\"width: 300px\" src=\"https:\/\/ufpr.br\/prpi\/wp-content\/uploads\/2025\/07\/PS-atividade-acesso-envio-2.png\" alt=\"\" srcset=\"https:\/\/ufpr.br\/prpi\/wp-content\/uploads\/2025\/07\/PS-atividade-acesso-envio-2.png 1080w, https:\/\/ufpr.br\/prpi\/wp-content\/uploads\/2025\/07\/PS-atividade-acesso-envio-2-240x300.png 240w, https:\/\/ufpr.br\/prpi\/wp-content\/uploads\/2025\/07\/PS-atividade-acesso-envio-2-819x1024.png 819w, https:\/\/ufpr.br\/prpi\/wp-content\/uploads\/2025\/07\/PS-atividade-acesso-envio-2-768x960.png 768w, https:\/\/ufpr.br\/prpi\/wp-content\/uploads\/2025\/07\/PS-atividade-acesso-envio-2-78x98.png 78w, https:\/\/ufpr.br\/prpi\/wp-content\/uploads\/2025\/07\/PS-atividade-acesso-envio-2-46x57.png 46w\" sizes=\"auto, (max-width: 1080px) 100vw, 1080px\" \/><\/p>\n\n\n\n<p class=\"has-black-color has-text-color has-link-color wp-elements-49101680ae5701fcaee221ab7c79732e\">b) Se<strong> j\u00e1 existir cadastro<\/strong> espec\u00edfico com os dados referentes a(s) amostra(s) que ser\u00e1(\u00e3o) enviada(s) ao exterior (por exemplo j\u00e1 foi feito o cadastro para a publica\u00e7\u00e3o de resultados de pesquisa) selecione a op\u00e7\u00e3o <strong>EDITAR ACESSOS CADASTRADOS<\/strong> e acrescente os dados do envio desta(s) amostra(s).<br><br>c) Preencher (com os dados da(s) amostra(s) e prazo para conclus\u00e3o do acesso ao patrim\u00f4nio gen\u00e9tico) e assinar o <strong>Acordo de Envio<\/strong>. <mark style=\"background-color:#f3b8b2\" class=\"has-inline-color has-black-color\">Solicitar o documento edit\u00e1vel para a UniBio<\/mark> \u2013 <a href=\"mailto:unibio@ufpr.br\">unibio@ufpr.br<\/a><br><strong>Caso haja mais de 100 (cem) amostras<\/strong> veja no passo a passo de <a href=\"https:\/\/ufpr.br\/prpi\/unibio-acesso-instrucoes-para-remessa\/\">Acesso Remessa<\/a> como proceder, procure em &#8220;<strong>Modalidades de Remessa de material brasileiro para o exterior conforme o n\u00famero de amostras<\/strong>&#8220;<br><br>d) Mandar o <strong>Acordo de Envio<\/strong> para a UniBio pelo e-mail <a href=\"mailto:unibio@ufpr.br\">unibio@ufpr.br<\/a> que providenciar\u00e1 a assinatura do representante legal da Institui\u00e7\u00e3o. Ap\u00f3s devolutiva da UniBio seguir para o pr\u00f3ximo passo.<br><br>e) Fazer o upload no cadastro de acesso, do Acordo de Envio (PDF) assinado pelos pesquisadores da UFPR e da institui\u00e7\u00e3o estrangeira.<br><br>f) Salvar o cadastro e fazer o download do comprovante da atividade de acesso cadastrada.<br><br>g) Fazer a impress\u00e3o de documentos que acompanhar\u00e3o as amostras.<\/p>\n\n\n\n<p class=\"has-black-color has-text-color has-link-color wp-elements-b63225c3455d67481263ddbcbf87ff6d\"><br>h) Despachar as amostras junto com os documentos para o Envio, como:<br>&#8211; cadastro de Acesso no SisGen (fazer o download do documento na plataforma);<br>&#8211; acordo de envio devidamente assinado;<br>&#8211; demais documenta\u00e7\u00f5es pertinentes, <strong><u>quando necess\u00e1rias, caso a caso, que podem ser solicitadas pelos \u00f3rg\u00e3os de controle governamentais dependendo do tipo de patrim\u00f4nio gen\u00e9tico enviado<\/u><\/strong> (anu\u00eancia de coleta no sistema SisBio; anu\u00eancia de coleta de comunidades tracionais; outras autoriza\u00e7\u00f5es Ibama, Mapa e Anvisa).<\/p>\n\n\n\n<h2 class=\"wp-block-heading has-text-align-left has-black-color has-text-color has-link-color wp-elements-443a4d25f302241c6ce7c47c3bec8091\"><strong><mark style=\"background-color:#f3b8b2;color:#00558f\" class=\"has-inline-color\">Consequ\u00eancias do descumprimento da Lei 13.123\/2015<\/mark><\/strong><\/h2>\n\n\n\n<p class=\"has-black-color has-text-color has-link-color wp-elements-ab584c4d8c89b09f7dab5f47d56905de\">O descumprimento da Lei \u00e9 considerado infra\u00e7\u00e3o administrativa punida por meio de advert\u00eancia, multa, apreens\u00e3o de amostras, instrumentos ou produtos, embargo de atividade, entre outros.<\/p>\n\n\n\n<p class=\"has-black-color has-text-color has-link-color wp-elements-e96db5f57b1bf56b619c99c222d412db\">Dentre as 14 infra\u00e7\u00f5es contra o patrim\u00f4nio gen\u00e9tico e conhecimento tradicional associado est\u00e3o:<br>&#8211; acessar CTA de origem identific\u00e1vel sem a obten\u00e7\u00e3o do consentimento pr\u00e9vio informado, ou em desacordo com este pode resultar em multa de R$ 100.000,00 a R$ 10.000.000,00.<br>&#8211; divulgar resultados, finais ou parciais, em meios cient\u00edficos ou de comunica\u00e7\u00e3o sem cadastro pr\u00e9vio pode resultar em multa de R$ 50.000,00 a 500.000,00.<\/p>\n\n\n\n<p><\/p>\n<\/div>\n<\/div>\n<\/div>\n<\/div>\n","protected":false},"excerpt":{"rendered":"<p>Antes de prosseguir, com o registro de acesso, envio ou remessa, verifique se a esp\u00e9cie acessada na sua pesquisa est\u00e1 na Lista de Esp\u00e9cies CITES. Se tiver d\u00favidas sobre a lista CITES contate unibio@ufpr.br. Verifique tamb\u00e9m se sua esp\u00e9cie \u00e9 ex\u00f3tica ou faz parte da lista das esp\u00e9cies introduzidas de uso agr\u00edcola que est\u00e3o isentas [&hellip;]<\/p>\n","protected":false},"author":11,"featured_media":0,"parent":0,"menu_order":0,"comment_status":"closed","ping_status":"closed","template":"","meta":{"footnotes":""},"class_list":["post-1372","page","type-page","status-publish","hentry"],"_links":{"self":[{"href":"https:\/\/ufpr.br\/prpi\/wp-json\/wp\/v2\/pages\/1372","targetHints":{"allow":["GET"]}}],"collection":[{"href":"https:\/\/ufpr.br\/prpi\/wp-json\/wp\/v2\/pages"}],"about":[{"href":"https:\/\/ufpr.br\/prpi\/wp-json\/wp\/v2\/types\/page"}],"author":[{"embeddable":true,"href":"https:\/\/ufpr.br\/prpi\/wp-json\/wp\/v2\/users\/11"}],"replies":[{"embeddable":true,"href":"https:\/\/ufpr.br\/prpi\/wp-json\/wp\/v2\/comments?post=1372"}],"version-history":[{"count":30,"href":"https:\/\/ufpr.br\/prpi\/wp-json\/wp\/v2\/pages\/1372\/revisions"}],"predecessor-version":[{"id":4382,"href":"https:\/\/ufpr.br\/prpi\/wp-json\/wp\/v2\/pages\/1372\/revisions\/4382"}],"wp:attachment":[{"href":"https:\/\/ufpr.br\/prpi\/wp-json\/wp\/v2\/media?parent=1372"}],"curies":[{"name":"wp","href":"https:\/\/api.w.org\/{rel}","templated":true}]}}