{"id":130,"date":"2025-03-25T16:27:54","date_gmt":"2025-03-25T19:27:54","guid":{"rendered":"https:\/\/ufpr.br\/prpi\/?page_id=130"},"modified":"2026-04-09T14:02:45","modified_gmt":"2026-04-09T17:02:45","slug":"contatos","status":"publish","type":"page","link":"https:\/\/ufpr.br\/prpi\/contatos\/","title":{"rendered":"Contatos"},"content":{"rendered":"\n<div class=\"wp-block-columns has-background is-layout-flex wp-container-core-columns-is-layout-1 wp-block-columns-is-layout-flex\" style=\"background-color:#e0675c6b\">\n<div class=\"wp-block-column is-layout-flow wp-block-column-is-layout-flow\" style=\"flex-basis:33.33%\">\n<p class=\"has-black-color has-text-color has-link-color wp-elements-4868274f8574e9f81c7eb5734acad551\" style=\"font-size:18px;font-style:normal;font-weight:600\"><br>Pr\u00f3-Reitor de<br>Pesquisa e Inova\u00e7\u00e3o<\/p>\n<\/div>\n\n\n\n<div class=\"wp-block-column is-layout-flow wp-block-column-is-layout-flow\" style=\"flex-basis:66.66%\">\n<p class=\"has-black-color has-text-color has-link-color wp-elements-47bccfc21128fd64bd4cfe0f20059ebe\"><strong>Prof. Dr. Ciro Alberto de Oliveira Ribeiro<br><\/strong>\ud83d\udce7 ciro@ufpr.br<br>\ud83d\udcdd Caixa SEI: UFPR\/R\/PRPI<br>\ud83d\udcc5 <a href=\"https:\/\/eagendas.cgu.gov.br\/?_token=DJJCBmHNzdDJkAIjZ5JPQfbbrfjrVNLN2Iy3eiDO&amp;filtro_orgaos_ativos=on&amp;filtro_orgao=1085&amp;filtro_cargos_ativos=on&amp;filtro_cargo=PR%C3%93-REITOR&amp;filtro_apos_ativos=on&amp;filtro_servidor=43976&amp;cargo_confianca_id=&amp;is_cargo_vago=false#divcalendar\"><span style=\"text-decoration: underline\">Agenda<\/span><\/a><\/p>\n<\/div>\n<\/div>\n\n\n\n<div class=\"wp-block-columns has-background is-layout-flex wp-container-core-columns-is-layout-2 wp-block-columns-is-layout-flex\" style=\"background-color:#e0675c6b\">\n<div class=\"wp-block-column is-vertically-aligned-center has-black-color has-text-color has-link-color wp-elements-6fb9621bda3d9f4402f6ba27060b8281 is-layout-flow wp-block-column-is-layout-flow\" style=\"flex-basis:33.33%\">\n<p style=\"font-size:18px;font-style:normal;font-weight:600\">Unidade de <br>Apoio Administrativo<\/p>\n<\/div>\n\n\n\n<div class=\"wp-block-column has-black-color has-text-color has-link-color wp-elements-234128ea1465829eeeea64468238fe2e is-layout-flow wp-block-column-is-layout-flow\" style=\"flex-basis:66.66%\">\n<p><strong>Chefe<\/strong><br>Lucas Felipe Melchiori Ceve<br>\ud83d\udce7 prpi@ufpr.br<br>\ud83d\udcdd Caixa SEI: UFPR\/R\/PRPI\/UAA<br>\ud83d\udcde 41 3360-5328<\/p>\n\n\n\n<p><strong>Equipe<\/strong><br>Gustavo Resende da Costa<br>\ud83d\udce7 prpi@ufpr.br<br>\ud83d\udcdd Caixa SEI: UFPR\/R\/PRPI\/UAA<br>\ud83d\udcde 41 3360-5328<\/p>\n\n\n\n<p><strong>Hor\u00e1rio de atendimento da Unidade<br><\/strong>Seg-Qua-Sex: Atendimento remoto (Teams | E-mail)<br>Ter-Qui: Atendimento presencial (Campus Reitoria &#8211; Pr\u00e9dio D. Pedro II, 1\u00ba andar, 09h-17h)<\/p>\n<\/div>\n<\/div>\n\n\n\n<div class=\"wp-block-columns has-background is-layout-flex wp-container-core-columns-is-layout-3 wp-block-columns-is-layout-flex\" style=\"background-color:#e0675c6b\">\n<div class=\"wp-block-column is-vertically-aligned-center has-black-color has-text-color has-link-color wp-elements-0abe0d6094d40dd04d52ecfc8ee65ba3 is-layout-flow wp-block-column-is-layout-flow\" style=\"flex-basis:33.33%\">\n<p style=\"font-size:18px;font-style:normal;font-weight:600\">Unidade de <br>Assuntos Relacionados \u00e0 Biodiversidade<\/p>\n<\/div>\n\n\n\n<div class=\"wp-block-column has-black-color has-text-color has-link-color wp-elements-99bc6b79cb7bfdd3ef7ac67a2e328aab is-layout-flow wp-block-column-is-layout-flow\" style=\"flex-basis:66.66%\">\n<p><strong>Chefe<\/strong><br>Elis Regina Ribas<br>\ud83d\udce7 unibio@ufpr.br | elisrribas@ufpr.br<br>\ud83d\udcdd Caixa SEI: UFPR\/R\/PRPI\/UNIBIO<br>\ud83d\udcde 41 3660-5308<\/p>\n\n\n\n<p><strong>Equipe<\/strong><br>Carla Tratz | Maria Eduarda Girelli<br>\ud83d\udce7 unibio@ufpr.br<br>\ud83d\udcdd Caixa SEI: UFPR\/R\/PRPI\/UNIBIO<br>\ud83d\udcde 41 3360-5452<\/p>\n\n\n\n<p><strong>Hor\u00e1rio de atendimento da Unidade<br><\/strong>Seg a Sex: Atendimento presencial (Campus Reitoria &#8211; Pr\u00e9dio D. Pedro II, 1\u00ba andar, atendimento ao p\u00fablico: 09h-17h, expediente interno: 08h-18h)<\/p>\n<\/div>\n<\/div>\n\n\n\n<div class=\"wp-block-columns has-background is-layout-flex wp-container-core-columns-is-layout-4 wp-block-columns-is-layout-flex\" style=\"background-color:#e0675c6b\">\n<div class=\"wp-block-column has-black-color has-text-color has-link-color wp-elements-b0f032e6d297e2b7fb7b6231a682a0c8 is-layout-flow wp-block-column-is-layout-flow\" style=\"flex-basis:33.33%\">\n<p><\/p>\n\n\n\n<p style=\"font-size:18px;font-style:normal;font-weight:600\"><br><br><br>COFPI &#8211; Coordena\u00e7\u00e3o de Fomento aos Projetos Institucionais<\/p>\n<\/div>\n\n\n\n<div class=\"wp-block-column has-black-color has-text-color has-link-color wp-elements-b4146ea6be7c57ed7850d913f23a506c is-layout-flow wp-block-column-is-layout-flow\" style=\"flex-basis:66.66%\">\n<p><strong>Coordenadora<\/strong><br>Prof. Dra. Izabel Cristina Riegel Vidotti Miyata<br>\ud83d\udce7 prpi.cofpi@ufpr.br | izabel.riegel@ufpr.br<br>\ud83d\udcdd Caixa SEI: UFPR\/R\/PRPI\/COFPI<br>\ud83d\udcde 41 3360-5335<\/p>\n\n\n\n<p><strong>Equipe<\/strong><br>Alessandra Schosloski Alves Coutinho | Mirian Natali Blezins Moreira | Patricia Muller<br>\ud83d\udce7 prpi.cofpi@ufpr.br<br>\ud83d\udcdd Caixa SEI: UFPR\/R\/PRPI\/COFPI<br>\ud83d\udcde 41 3360-5328<\/p>\n\n\n\n<p><strong>Hor\u00e1rio de atendimento da Unidade<br><\/strong>Seg e Qua: Atendimento presencial (Campus Reitoria &#8211; Pr\u00e9dio D. Pedro II, 1\u00ba andar, 09h-17h)<br>Ter, Qui e Sex: Atendimento remoto (Teams | E-mail)<\/p>\n<\/div>\n<\/div>\n\n\n\n<div class=\"wp-block-columns has-black-color has-text-color has-background has-link-color wp-elements-6bd15927be7e97599e42034f207c8f2c is-layout-flex wp-container-core-columns-is-layout-5 wp-block-columns-is-layout-flex\" style=\"background-color:#e0675c6b\">\n<div class=\"wp-block-column is-layout-flow wp-block-column-is-layout-flow\" style=\"flex-basis:33.33%\">\n<p><\/p>\n\n\n\n<p style=\"font-size:18px;font-style:normal;font-weight:600\"><br><br><br><br>COPI &#8211; Coordena\u00e7\u00e3o de  Projetos Institucionais<\/p>\n<\/div>\n\n\n\n<div class=\"wp-block-column is-layout-flow wp-block-column-is-layout-flow\" style=\"flex-basis:66.66%\">\n<div class=\"wp-block-group\"><div class=\"wp-block-group__inner-container is-layout-flow wp-block-group-is-layout-flow\">\n<p><strong>Coordenador<\/strong><br>Prof. Dr. Marcio Henrique Franco Bettega<br>\ud83d\udce7 prpi.copi@ufpr.br | marcio.bettega@ufpr.br<br>\ud83d\udcdd Caixa SEI: UFPR\/R\/PRPI\/COPI<br>\ud83d\udcde 41 3360-5332<\/p>\n\n\n\n<p><strong>Equipe<\/strong><br>Juliany Helen das Gra\u00e7as<br>\ud83d\udce7 prpi.copi@ufpr.br<br>\ud83d\udcdd Caixa SEI: UFPR\/R\/PRPI\/COPI<br>\ud83d\udcde 41 3360-5328<\/p>\n\n\n\n<p><strong>Hor\u00e1rio de atendimento da Unidade<br><\/strong>Qua e Sex: Atendimento presencial (Campus Reitoria &#8211; Pr\u00e9dio D. Pedro II, 1\u00ba andar, 09h-17h)<br>Seg, Ter e Qui: Atendimento presencial (Campus Polit\u00e9cnico &#8211; Pr\u00e9dio OMMA\/NMCC)<\/p>\n<\/div><\/div>\n<\/div>\n<\/div>\n\n\n\n<div class=\"wp-block-columns has-black-color has-text-color has-background has-link-color wp-elements-d230d58e77efa559f5c361414560d9fd is-layout-flex wp-container-core-columns-is-layout-6 wp-block-columns-is-layout-flex\" style=\"background-color:#e0675c6b\">\n<div class=\"wp-block-column has-black-color has-text-color has-link-color wp-elements-7fd1356872b73f3b5e029d96af0e7ca5 is-layout-flow wp-block-column-is-layout-flow\" style=\"flex-basis:33.33%\">\n<p style=\"font-size:18px;font-style:normal;font-weight:600\"><br><br><br>CIPIS &#8211; Coordena\u00e7\u00e3o de Indicadores de Pesquisa, Inova\u00e7\u00e3o e Sustentabilidade<\/p>\n<\/div>\n\n\n\n<div class=\"wp-block-column has-black-color has-text-color has-link-color wp-elements-23df2c27c4947cb923d753de51998c7e is-layout-flow wp-block-column-is-layout-flow\" style=\"flex-basis:66.66%\">\n<div class=\"wp-block-group\"><div class=\"wp-block-group__inner-container is-layout-flow wp-block-group-is-layout-flow\">\n<p><strong>Coordenadora<\/strong><br>Anna Gabriela Tempesta<br>\ud83d\udce7 prpi.cipis@ufpr.br | anna.tempesta@ufpr.br<br>\ud83d\udcdd Caixa SEI: UFPR\/R\/PRPI\/CIPIS<br>\ud83d\udcde 41 3360-5114<\/p>\n\n\n\n<p><strong>Equipe<\/strong><br>Andr\u00e9 Bomfim da Silva<br>\ud83d\udce7 prpi.cipis@ufpr.br<br>Danielle Cristina Machado Salm\u00f3ria<br>\ud83d\udce7 observatorio.sustentabilidade@ufpr.br<br>\ud83d\udcdd Caixa SEI: UFPR\/R\/PRPI\/CIPIS<\/p>\n\n\n\n<p><strong>Hor\u00e1rio de atendimento da Unidade<br><\/strong>Seg, Ter e Qua: Atendimento remoto (Teams | E-mail)<br>Qui e Sex: Atendimento presencial (Campus Reitoria &#8211; Pr\u00e9dio D. Pedro II, 1\u00ba andar)<\/p>\n<\/div><\/div>\n<\/div>\n<\/div>\n\n\n\n<div class=\"wp-block-columns has-background is-layout-flex wp-container-core-columns-is-layout-7 wp-block-columns-is-layout-flex\" style=\"background-color:#e0675c6b\">\n<div class=\"wp-block-column has-black-color has-text-color has-link-color wp-elements-46d4fde38c618aac882173cb82897e64 is-layout-flow wp-block-column-is-layout-flow\" style=\"flex-basis:33.33%\">\n<p style=\"font-size:18px;font-style:normal;font-weight:600\"><br><br><br><br><br><br><br><br><br><br>NIT &#8211; N\u00facleo de Inova\u00e7\u00e3o Tecnol\u00f3gica<\/p>\n<\/div>\n\n\n\n<div class=\"wp-block-column has-black-color has-text-color has-link-color wp-elements-45f5db6b64edb5e66b7f59b9f9488737 is-layout-flow wp-block-column-is-layout-flow\" style=\"flex-basis:66.66%\">\n<div class=\"wp-block-group\"><div class=\"wp-block-group__inner-container is-layout-flow wp-block-group-is-layout-flow\">\n<div class=\"wp-block-group\"><div class=\"wp-block-group__inner-container is-layout-flow wp-block-group-is-layout-flow\">\n<p><strong>Coordenador<\/strong><br>Maico de Ornelas<br>\ud83d\udce7 prpi.nit@ufpr.br | maicoornelas@ufpr.br<br>\ud83d\udcdd Caixa SEI: UFPR\/R\/PRPI\/NIT<br>\ud83d\udcc5 <a href=\"https:\/\/outlook.office365.com\/owa\/calendar\/c6c6415074e948b093fa989e4577fada@ufpr.br\/63e1637439e447488d3351abbec0fbee12673908993597968434\/calendar.html\"><span style=\"text-decoration: underline\">Agenda<\/span><\/a><\/p>\n\n\n\n<p><strong>Equipe<\/strong><br>Amanda Bianca Aguiar<br>\ud83d\udce7 coord.pi@ufpr.br <br>Adelia Maria Spacek Dantas de Oliveira<br>\ud83d\udce7 apoio.pi@ufpr.br<br>Giselle Farias Costa<br>\ud83d\udce7 apoio.tt@ufpr.br<br>Mileny Laskavski<br>\ud83d\udce7 coord.tt@ufpr.br<br>Elaine da Silva T. dos Reis<br>\ud83d\udce7 elaine.silva1@ufpr.br<\/p>\n\n\n\n<p><strong>Unidade Promotora de Ambientes de Inova\u00e7\u00e3o &#8211; UPAI<br>Chefe<\/strong><br>Amanda Massaneira de Souza Schuntzemberger<br>\ud83d\udce7 empreendedorismo@ufpr.br | amanda.mss@ufpr <br>\ud83d\udcdd Caixa SEI: UFPR\/R\/PRPI\/NIT\/UPAI<br><strong>Equipe<\/strong><br>Alessandra Benatto | Nathalie Gabrielle Jun Matsumoto Roder<br>\ud83d\udce7 empreendedorismo@ufpr.br<\/p>\n\n\n\n<p><strong>Hor\u00e1rio de atendimento da Unidade<br><\/strong>Seg e Qua: Atendimento presencial (Campus Polit\u00e9cnico)<br>Ter, Qui e Sex: Atendimento remoto (Teams | E-mail)<\/p>\n<\/div><\/div>\n<\/div><\/div>\n<\/div>\n<\/div>\n\n\n\n<hr class=\"wp-block-separator has-alpha-channel-opacity\" \/>\n\n\n\n<div class=\"wp-block-columns has-white-background-color has-background is-layout-flex wp-container-core-columns-is-layout-8 wp-block-columns-is-layout-flex\">\n<div class=\"wp-block-column has-black-color has-text-color has-link-color wp-elements-71bc0739e6b08134122930de60a4e0db is-layout-flow wp-block-column-is-layout-flow\">\n<h4 class=\"wp-block-heading\">Endere\u00e7os<\/h4>\n\n\n\n<p><strong>Campus Reitoria<br><\/strong>Pr\u00e9dio D. Pedro II, 1\u00ba Andar<br>Rua Dr. Faivre, 405 &#8211; Centro<br>Curitiba\/PR<br>CEP: 82.590-300<br><a href=\"https:\/\/maps.app.goo.gl\/m5RWibfidsQR1knA8\"><span style=\"text-decoration: underline\">Localiza\u00e7\u00e3o Google Maps<\/span><\/a><\/p>\n\n\n\n<p><strong>Campus Polit\u00e9cnico<br><\/strong>Avenida Coronel Francisco Her\u00e1clito dos Santos, 100 &#8211; Jardim das Am\u00e9ricas<br>Curitiba\/PR <br>CEP 81.530-900<br><a href=\"https:\/\/maps.app.goo.gl\/Ty93ZpRtmrnbiKHA9\"><span style=\"text-decoration: underline\">Localiza\u00e7\u00e3o Google Maps<\/span><\/a><\/p>\n<\/div>\n<\/div>\n","protected":false},"excerpt":{"rendered":"<p>Pr\u00f3-Reitor dePesquisa e Inova\u00e7\u00e3o Prof. Dr. Ciro Alberto de Oliveira Ribeiro\ud83d\udce7 ciro@ufpr.br\ud83d\udcdd Caixa SEI: UFPR\/R\/PRPI\ud83d\udcc5 Agenda Unidade de Apoio Administrativo ChefeLucas Felipe Melchiori Ceve\ud83d\udce7 prpi@ufpr.br\ud83d\udcdd Caixa SEI: UFPR\/R\/PRPI\/UAA\ud83d\udcde 41 3360-5328 EquipeGustavo Resende da Costa\ud83d\udce7 prpi@ufpr.br\ud83d\udcdd Caixa SEI: UFPR\/R\/PRPI\/UAA\ud83d\udcde 41 3360-5328 Hor\u00e1rio de atendimento da UnidadeSeg-Qua-Sex: Atendimento remoto (Teams | E-mail)Ter-Qui: Atendimento presencial (Campus Reitoria &#8211; [&hellip;]<\/p>\n","protected":false},"author":14,"featured_media":0,"parent":0,"menu_order":0,"comment_status":"closed","ping_status":"closed","template":"","meta":{"footnotes":""},"class_list":["post-130","page","type-page","status-publish","hentry"],"_links":{"self":[{"href":"https:\/\/ufpr.br\/prpi\/wp-json\/wp\/v2\/pages\/130","targetHints":{"allow":["GET"]}}],"collection":[{"href":"https:\/\/ufpr.br\/prpi\/wp-json\/wp\/v2\/pages"}],"about":[{"href":"https:\/\/ufpr.br\/prpi\/wp-json\/wp\/v2\/types\/page"}],"author":[{"embeddable":true,"href":"https:\/\/ufpr.br\/prpi\/wp-json\/wp\/v2\/users\/14"}],"replies":[{"embeddable":true,"href":"https:\/\/ufpr.br\/prpi\/wp-json\/wp\/v2\/comments?post=130"}],"version-history":[{"count":62,"href":"https:\/\/ufpr.br\/prpi\/wp-json\/wp\/v2\/pages\/130\/revisions"}],"predecessor-version":[{"id":5602,"href":"https:\/\/ufpr.br\/prpi\/wp-json\/wp\/v2\/pages\/130\/revisions\/5602"}],"wp:attachment":[{"href":"https:\/\/ufpr.br\/prpi\/wp-json\/wp\/v2\/media?parent=130"}],"curies":[{"name":"wp","href":"https:\/\/api.w.org\/{rel}","templated":true}]}}