{"id":1295,"date":"2025-05-08T23:12:51","date_gmt":"2025-05-09T02:12:51","guid":{"rendered":"https:\/\/ufpr.br\/prpi\/?page_id=1295"},"modified":"2025-05-08T23:26:32","modified_gmt":"2025-05-09T02:26:32","slug":"cofpi-fluxogramas","status":"publish","type":"page","link":"https:\/\/ufpr.br\/prpi\/cofpi-fluxogramas\/","title":{"rendered":"Fluxogramas"},"content":{"rendered":"\n<div class=\"wp-block-columns has-white-background-color has-background is-layout-flex wp-container-core-columns-is-layout-1 wp-block-columns-is-layout-flex\">\n<div class=\"wp-block-column is-layout-flow wp-block-column-is-layout-flow\">\n<h2 class=\"wp-block-heading\">Fluxo de etapas dos editais<\/h2>\n\n\n\n<p>Fluxo grama descrevendo as etapas dos editais de pesquisa internos publicados pela Coordena\u00e7\u00e3o de Fomento aos Projetos Institucionais<\/p>\n\n\n\n<div data-wp-interactive=\"core\/file\" class=\"wp-block-file\"><object data-wp-bind--hidden=\"!state.hasPdfPreview\" hidden class=\"wp-block-file__embed\" data=\"https:\/\/ufpr.br\/prpi\/wp-content\/uploads\/2025\/05\/fluxo_editais_internos.pdf\" type=\"application\/pdf\" style=\"width:100%;height:600px\" aria-label=\"Incorporado de fluxo_editais_internos.\"><\/object><a id=\"wp-block-file--media-25506ad0-6a37-4b1d-9ca1-23d95411b34f\" href=\"https:\/\/ufpr.br\/prpi\/wp-content\/uploads\/2025\/05\/fluxo_editais_internos.pdf\">fluxo_editais_internos<\/a><a href=\"https:\/\/ufpr.br\/prpi\/wp-content\/uploads\/2025\/05\/fluxo_editais_internos.pdf\" class=\"wp-block-file__button wp-element-button\" download aria-describedby=\"wp-block-file--media-25506ad0-6a37-4b1d-9ca1-23d95411b34f\">Baixar<\/a><\/div>\n<\/div>\n\n\n\n<div class=\"wp-block-column is-layout-flow wp-block-column-is-layout-flow\">\n<h2 class=\"wp-block-heading\">Fluxo de execu\u00e7\u00e3o das demandas<\/h2>\n\n\n\n<p>Fluxo grama descrevendo as etapas dos editais de pesquisa internos publicados pela Coordena\u00e7\u00e3o de Fomento aos Projetos Institucionais<\/p>\n\n\n\n<div data-wp-interactive=\"core\/file\" class=\"wp-block-file\"><object data-wp-bind--hidden=\"!state.hasPdfPreview\" hidden class=\"wp-block-file__embed\" data=\"https:\/\/ufpr.br\/prpi\/wp-content\/uploads\/2025\/05\/fluxo_compras_funpar.pdf\" type=\"application\/pdf\" style=\"width:100%;height:600px\" aria-label=\"Incorporado de fluxo_compras_funpar.\"><\/object><a id=\"wp-block-file--media-b91f4966-b27b-49f0-b6fc-443db369c750\" href=\"https:\/\/ufpr.br\/prpi\/wp-content\/uploads\/2025\/05\/fluxo_compras_funpar.pdf\">fluxo_compras_funpar<\/a><a href=\"https:\/\/ufpr.br\/prpi\/wp-content\/uploads\/2025\/05\/fluxo_compras_funpar.pdf\" class=\"wp-block-file__button wp-element-button\" download aria-describedby=\"wp-block-file--media-b91f4966-b27b-49f0-b6fc-443db369c750\">Baixar<\/a><\/div>\n<\/div>\n<\/div>\n","protected":false},"excerpt":{"rendered":"<p>Fluxo de etapas dos editais Fluxo grama descrevendo as etapas dos editais de pesquisa internos publicados pela Coordena\u00e7\u00e3o de Fomento aos Projetos Institucionais Fluxo de execu\u00e7\u00e3o das demandas Fluxo grama descrevendo as etapas dos editais de pesquisa internos publicados pela Coordena\u00e7\u00e3o de Fomento aos Projetos Institucionais<\/p>\n","protected":false},"author":11,"featured_media":0,"parent":0,"menu_order":0,"comment_status":"closed","ping_status":"closed","template":"","meta":{"footnotes":""},"class_list":["post-1295","page","type-page","status-publish","hentry"],"_links":{"self":[{"href":"https:\/\/ufpr.br\/prpi\/wp-json\/wp\/v2\/pages\/1295","targetHints":{"allow":["GET"]}}],"collection":[{"href":"https:\/\/ufpr.br\/prpi\/wp-json\/wp\/v2\/pages"}],"about":[{"href":"https:\/\/ufpr.br\/prpi\/wp-json\/wp\/v2\/types\/page"}],"author":[{"embeddable":true,"href":"https:\/\/ufpr.br\/prpi\/wp-json\/wp\/v2\/users\/11"}],"replies":[{"embeddable":true,"href":"https:\/\/ufpr.br\/prpi\/wp-json\/wp\/v2\/comments?post=1295"}],"version-history":[{"count":5,"href":"https:\/\/ufpr.br\/prpi\/wp-json\/wp\/v2\/pages\/1295\/revisions"}],"predecessor-version":[{"id":2089,"href":"https:\/\/ufpr.br\/prpi\/wp-json\/wp\/v2\/pages\/1295\/revisions\/2089"}],"wp:attachment":[{"href":"https:\/\/ufpr.br\/prpi\/wp-json\/wp\/v2\/media?parent=1295"}],"curies":[{"name":"wp","href":"https:\/\/api.w.org\/{rel}","templated":true}]}}