{"id":115,"date":"2025-03-25T15:27:25","date_gmt":"2025-03-25T18:27:25","guid":{"rendered":"https:\/\/ufpr.br\/prpi\/?page_id=115"},"modified":"2025-04-29T22:43:27","modified_gmt":"2025-04-30T01:43:27","slug":"a-coordenadoria-de-indicadores-de-pesquisa-inovacao-e-sustentabilidade-cipis","status":"publish","type":"page","link":"https:\/\/ufpr.br\/prpi\/a-coordenadoria-de-indicadores-de-pesquisa-inovacao-e-sustentabilidade-cipis\/","title":{"rendered":"A Coordenadoria de Indicadores de Pesquisa, Inova\u00e7\u00e3o e Sustentabilidade (CIPIS)"},"content":{"rendered":"\n<div class=\"wp-block-columns has-white-background-color has-background is-layout-flex wp-container-core-columns-is-layout-1 wp-block-columns-is-layout-flex\">\n<div class=\"wp-block-column is-layout-flow wp-block-column-is-layout-flow\">\n<p>A <strong>Coordenadoria de Indicadores de Pesquisa, Inova\u00e7\u00e3o e Sustentabilidade (CIPIS)<\/strong> \u00e9 a unidade respons\u00e1vel pelo levantamento e divulga\u00e7\u00e3o de indicadores em temas de relev\u00e2ncia para a PRPI e para a comunidade UFPR. \u00a0\u00c9 tamb\u00e9m de responsabilidade da CIPIS o levantamento e envio de dados para os <em>rankings <\/em>de reputa\u00e7\u00e3o acad\u00eamica e de sustentabilidade <em>Times Higher Education<\/em> (THE) e <em>QS<\/em>.<\/p>\n<\/div>\n<\/div>\n\n\n\n<div class=\"wp-block-columns has-white-background-color has-background is-layout-flex wp-container-core-columns-is-layout-2 wp-block-columns-is-layout-flex\">\n<div class=\"wp-block-column is-layout-flow wp-block-column-is-layout-flow\">\n<h2 class=\"wp-block-heading\">Indicadores de 2024:<\/h2>\n<\/div>\n<\/div>\n\n\n\n<div class=\"wp-block-columns has-white-background-color has-background is-layout-flex wp-container-core-columns-is-layout-3 wp-block-columns-is-layout-flex\">\n<div class=\"wp-block-column is-layout-flow wp-block-column-is-layout-flow\">\n<figure class=\"wp-block-image size-full\"><img loading=\"lazy\" decoding=\"async\" width=\"600\" height=\"371\" src=\"https:\/\/ufpr.br\/prpi\/wp-content\/uploads\/2025\/04\/Contratos-Convenios-Cooperacoes-e-TED-R-milhoes.png\" alt=\"\" class=\"wp-image-1249\" srcset=\"https:\/\/ufpr.br\/prpi\/wp-content\/uploads\/2025\/04\/Contratos-Convenios-Cooperacoes-e-TED-R-milhoes.png 600w, https:\/\/ufpr.br\/prpi\/wp-content\/uploads\/2025\/04\/Contratos-Convenios-Cooperacoes-e-TED-R-milhoes-300x186.png 300w, https:\/\/ufpr.br\/prpi\/wp-content\/uploads\/2025\/04\/Contratos-Convenios-Cooperacoes-e-TED-R-milhoes-158x98.png 158w, https:\/\/ufpr.br\/prpi\/wp-content\/uploads\/2025\/04\/Contratos-Convenios-Cooperacoes-e-TED-R-milhoes-75x46.png 75w\" sizes=\"auto, (max-width: 600px) 100vw, 600px\" \/><\/figure>\n<\/div>\n\n\n\n<div class=\"wp-block-column is-layout-flow wp-block-column-is-layout-flow\">\n<figure class=\"wp-block-image size-full\"><img loading=\"lazy\" decoding=\"async\" width=\"600\" height=\"371\" src=\"https:\/\/ufpr.br\/prpi\/wp-content\/uploads\/2025\/04\/Diplomas-de-Graduacao-por-area-em-2023.png\" alt=\"\" class=\"wp-image-1251\" srcset=\"https:\/\/ufpr.br\/prpi\/wp-content\/uploads\/2025\/04\/Diplomas-de-Graduacao-por-area-em-2023.png 600w, https:\/\/ufpr.br\/prpi\/wp-content\/uploads\/2025\/04\/Diplomas-de-Graduacao-por-area-em-2023-300x186.png 300w, https:\/\/ufpr.br\/prpi\/wp-content\/uploads\/2025\/04\/Diplomas-de-Graduacao-por-area-em-2023-158x98.png 158w, https:\/\/ufpr.br\/prpi\/wp-content\/uploads\/2025\/04\/Diplomas-de-Graduacao-por-area-em-2023-75x46.png 75w\" sizes=\"auto, (max-width: 600px) 100vw, 600px\" \/><\/figure>\n<\/div>\n<\/div>\n\n\n\n<div class=\"wp-block-columns has-white-background-color has-background is-layout-flex wp-container-core-columns-is-layout-4 wp-block-columns-is-layout-flex\">\n<div class=\"wp-block-column is-layout-flow wp-block-column-is-layout-flow\">\n<figure class=\"wp-block-image size-full\"><img loading=\"lazy\" decoding=\"async\" width=\"600\" height=\"371\" src=\"https:\/\/ufpr.br\/prpi\/wp-content\/uploads\/2025\/04\/Doutores-formados-por-area-em-2023.png\" alt=\"\" class=\"wp-image-1252\" srcset=\"https:\/\/ufpr.br\/prpi\/wp-content\/uploads\/2025\/04\/Doutores-formados-por-area-em-2023.png 600w, https:\/\/ufpr.br\/prpi\/wp-content\/uploads\/2025\/04\/Doutores-formados-por-area-em-2023-300x186.png 300w, https:\/\/ufpr.br\/prpi\/wp-content\/uploads\/2025\/04\/Doutores-formados-por-area-em-2023-158x98.png 158w, https:\/\/ufpr.br\/prpi\/wp-content\/uploads\/2025\/04\/Doutores-formados-por-area-em-2023-75x46.png 75w\" sizes=\"auto, (max-width: 600px) 100vw, 600px\" \/><\/figure>\n<\/div>\n\n\n\n<div class=\"wp-block-column is-layout-flow wp-block-column-is-layout-flow\">\n<figure class=\"wp-block-image size-full\"><img loading=\"lazy\" decoding=\"async\" width=\"600\" height=\"371\" src=\"https:\/\/ufpr.br\/prpi\/wp-content\/uploads\/2025\/04\/Formandos-de-graduacao-mestrado-e-doutorado.png\" alt=\"\" class=\"wp-image-1253\" srcset=\"https:\/\/ufpr.br\/prpi\/wp-content\/uploads\/2025\/04\/Formandos-de-graduacao-mestrado-e-doutorado.png 600w, https:\/\/ufpr.br\/prpi\/wp-content\/uploads\/2025\/04\/Formandos-de-graduacao-mestrado-e-doutorado-300x186.png 300w, https:\/\/ufpr.br\/prpi\/wp-content\/uploads\/2025\/04\/Formandos-de-graduacao-mestrado-e-doutorado-158x98.png 158w, https:\/\/ufpr.br\/prpi\/wp-content\/uploads\/2025\/04\/Formandos-de-graduacao-mestrado-e-doutorado-75x46.png 75w\" sizes=\"auto, (max-width: 600px) 100vw, 600px\" \/><\/figure>\n<\/div>\n<\/div>\n\n\n\n<div class=\"wp-block-columns has-white-background-color has-background is-layout-flex wp-container-core-columns-is-layout-5 wp-block-columns-is-layout-flex\">\n<div class=\"wp-block-column is-layout-flow wp-block-column-is-layout-flow\">\n<figure class=\"wp-block-image size-full\"><img loading=\"lazy\" decoding=\"async\" width=\"600\" height=\"371\" src=\"https:\/\/ufpr.br\/prpi\/wp-content\/uploads\/2025\/04\/Posdocs-por-Ano.png\" alt=\"\" class=\"wp-image-1256\" srcset=\"https:\/\/ufpr.br\/prpi\/wp-content\/uploads\/2025\/04\/Posdocs-por-Ano.png 600w, https:\/\/ufpr.br\/prpi\/wp-content\/uploads\/2025\/04\/Posdocs-por-Ano-300x186.png 300w, https:\/\/ufpr.br\/prpi\/wp-content\/uploads\/2025\/04\/Posdocs-por-Ano-158x98.png 158w, https:\/\/ufpr.br\/prpi\/wp-content\/uploads\/2025\/04\/Posdocs-por-Ano-75x46.png 75w\" sizes=\"auto, (max-width: 600px) 100vw, 600px\" \/><\/figure>\n<\/div>\n\n\n\n<div class=\"wp-block-column is-layout-flow wp-block-column-is-layout-flow\">\n<figure class=\"wp-block-image size-full\"><img loading=\"lazy\" decoding=\"async\" width=\"600\" height=\"371\" src=\"https:\/\/ufpr.br\/prpi\/wp-content\/uploads\/2025\/04\/Recursos-em-2023-milhoes-de-R.png\" alt=\"\" class=\"wp-image-1257\" srcset=\"https:\/\/ufpr.br\/prpi\/wp-content\/uploads\/2025\/04\/Recursos-em-2023-milhoes-de-R.png 600w, https:\/\/ufpr.br\/prpi\/wp-content\/uploads\/2025\/04\/Recursos-em-2023-milhoes-de-R-300x186.png 300w, https:\/\/ufpr.br\/prpi\/wp-content\/uploads\/2025\/04\/Recursos-em-2023-milhoes-de-R-158x98.png 158w, https:\/\/ufpr.br\/prpi\/wp-content\/uploads\/2025\/04\/Recursos-em-2023-milhoes-de-R-75x46.png 75w\" sizes=\"auto, (max-width: 600px) 100vw, 600px\" \/><\/figure>\n<\/div>\n<\/div>\n","protected":false},"excerpt":{"rendered":"<p>A Coordenadoria de Indicadores de Pesquisa, Inova\u00e7\u00e3o e Sustentabilidade (CIPIS) \u00e9 a unidade respons\u00e1vel pelo levantamento e divulga\u00e7\u00e3o de indicadores em temas de relev\u00e2ncia para a PRPI e para a comunidade UFPR. \u00a0\u00c9 tamb\u00e9m de responsabilidade da CIPIS o levantamento e envio de dados para os rankings de reputa\u00e7\u00e3o acad\u00eamica e de sustentabilidade Times Higher [&hellip;]<\/p>\n","protected":false},"author":14,"featured_media":0,"parent":0,"menu_order":0,"comment_status":"closed","ping_status":"closed","template":"","meta":{"footnotes":""},"class_list":["post-115","page","type-page","status-publish","hentry"],"_links":{"self":[{"href":"https:\/\/ufpr.br\/prpi\/wp-json\/wp\/v2\/pages\/115","targetHints":{"allow":["GET"]}}],"collection":[{"href":"https:\/\/ufpr.br\/prpi\/wp-json\/wp\/v2\/pages"}],"about":[{"href":"https:\/\/ufpr.br\/prpi\/wp-json\/wp\/v2\/types\/page"}],"author":[{"embeddable":true,"href":"https:\/\/ufpr.br\/prpi\/wp-json\/wp\/v2\/users\/14"}],"replies":[{"embeddable":true,"href":"https:\/\/ufpr.br\/prpi\/wp-json\/wp\/v2\/comments?post=115"}],"version-history":[{"count":5,"href":"https:\/\/ufpr.br\/prpi\/wp-json\/wp\/v2\/pages\/115\/revisions"}],"predecessor-version":[{"id":3672,"href":"https:\/\/ufpr.br\/prpi\/wp-json\/wp\/v2\/pages\/115\/revisions\/3672"}],"wp:attachment":[{"href":"https:\/\/ufpr.br\/prpi\/wp-json\/wp\/v2\/media?parent=115"}],"curies":[{"name":"wp","href":"https:\/\/api.w.org\/{rel}","templated":true}]}}