{"id":112,"date":"2025-03-25T15:25:46","date_gmt":"2025-03-25T18:25:46","guid":{"rendered":"https:\/\/ufpr.br\/prpi\/?page_id=112"},"modified":"2025-11-06T15:00:54","modified_gmt":"2025-11-06T18:00:54","slug":"coordenadoria-de-projetos-institucionais-copi","status":"publish","type":"page","link":"https:\/\/ufpr.br\/prpi\/coordenadoria-de-projetos-institucionais-copi\/","title":{"rendered":"Coordenadoria de Projetos Institucionais (COPI)"},"content":{"rendered":"\n<div class=\"wp-block-columns has-white-background-color has-background is-layout-flex wp-container-core-columns-is-layout-1 wp-block-columns-is-layout-flex\">\n<div class=\"wp-block-column has-white-background-color has-background is-layout-flow wp-block-column-is-layout-flow\">\n<p>A <mark style=\"background-color:#ffffff;color:#e0655b\" class=\"has-inline-color\"><strong>Coordenadoria de<\/strong> <strong>Projetos Institucionais<\/strong><\/mark> \u00e9 respons\u00e1vel pela&nbsp;organiza\u00e7\u00e3o das chamadas internas para a sele\u00e7\u00e3o de projetos institucionais apresentados em resposta a editais p\u00fablicos.&nbsp;&nbsp;Al\u00e9m disso, a COPI acompanha o desenvolvimento de redes de pesquisa, grupos consolidados e n\u00facleos de pesquisa e inova\u00e7\u00e3o tecnol\u00f3gica na Universidade Federal do Paran\u00e1 (UFPR).<\/p>\n<\/div>\n<\/div>\n\n\n\n<div class=\"wp-block-columns has-white-background-color has-background is-layout-flex wp-container-core-columns-is-layout-2 wp-block-columns-is-layout-flex\">\n<div class=\"wp-block-column is-layout-flow wp-block-column-is-layout-flow\">\n<h2 class=\"wp-block-heading\"><mark style=\"background-color:#f3b8b2;color:#00558f\" class=\"has-inline-color\">Equipe COPI<\/mark><\/h2>\n\n\n<div class=\"wp-block-image is-style-default\">\n<figure class=\"alignleft size-medium\"><img loading=\"lazy\" decoding=\"async\" width=\"300\" height=\"300\" src=\"https:\/\/ufpr.br\/prpi\/wp-content\/uploads\/2025\/11\/Organograma-PRPI-300x300.png\" alt=\"\" class=\"wp-image-3639\" style=\"object-fit:cover\" srcset=\"https:\/\/ufpr.br\/prpi\/wp-content\/uploads\/2025\/11\/Organograma-PRPI-300x300.png 300w, https:\/\/ufpr.br\/prpi\/wp-content\/uploads\/2025\/11\/Organograma-PRPI-150x150.png 150w, https:\/\/ufpr.br\/prpi\/wp-content\/uploads\/2025\/11\/Organograma-PRPI-98x98.png 98w, https:\/\/ufpr.br\/prpi\/wp-content\/uploads\/2025\/11\/Organograma-PRPI-57x57.png 57w, https:\/\/ufpr.br\/prpi\/wp-content\/uploads\/2025\/11\/Organograma-PRPI.png 507w\" sizes=\"auto, (max-width: 300px) 100vw, 300px\" \/><\/figure><\/div><\/div>\n\n\n\n<div class=\"wp-block-column is-layout-flow wp-block-column-is-layout-flow\">\n<h2 class=\"wp-block-heading\"><mark style=\"background-color:#f3b8b2;color:#00558f\" class=\"has-inline-color\">P\u00e1ginas \u00fateis<\/mark><\/h2>\n\n\n\n<div style=\"height:30px\" aria-hidden=\"true\" class=\"wp-block-spacer\"><\/div>\n\n\n\n<div class=\"wp-block-buttons is-content-justification-left is-layout-flex wp-container-core-buttons-is-layout-1 wp-block-buttons-is-layout-flex\">\n<div class=\"wp-block-button is-style-fill\"><a class=\"wp-block-button__link has-background wp-element-button\" href=\"https:\/\/ufpr.br\/prpi\/editais\/\" style=\"border-radius:20px;background:linear-gradient(200deg,rgb(224,101,91) 0%,rgb(0,85,143) 100%)\"><strong>Editais da PRPI<\/strong><\/a><\/div>\n<\/div>\n<\/div>\n<\/div>\n","protected":false},"excerpt":{"rendered":"<p>A Coordenadoria de Projetos Institucionais \u00e9 respons\u00e1vel pela&nbsp;organiza\u00e7\u00e3o das chamadas internas para a sele\u00e7\u00e3o de projetos institucionais apresentados em resposta a editais p\u00fablicos.&nbsp;&nbsp;Al\u00e9m disso, a COPI acompanha o desenvolvimento de redes de pesquisa, grupos consolidados e n\u00facleos de pesquisa e inova\u00e7\u00e3o tecnol\u00f3gica na Universidade Federal do Paran\u00e1 (UFPR). Equipe COPI P\u00e1ginas \u00fateis<\/p>\n","protected":false},"author":14,"featured_media":0,"parent":0,"menu_order":0,"comment_status":"closed","ping_status":"closed","template":"","meta":{"footnotes":""},"class_list":["post-112","page","type-page","status-publish","hentry"],"_links":{"self":[{"href":"https:\/\/ufpr.br\/prpi\/wp-json\/wp\/v2\/pages\/112","targetHints":{"allow":["GET"]}}],"collection":[{"href":"https:\/\/ufpr.br\/prpi\/wp-json\/wp\/v2\/pages"}],"about":[{"href":"https:\/\/ufpr.br\/prpi\/wp-json\/wp\/v2\/types\/page"}],"author":[{"embeddable":true,"href":"https:\/\/ufpr.br\/prpi\/wp-json\/wp\/v2\/users\/14"}],"replies":[{"embeddable":true,"href":"https:\/\/ufpr.br\/prpi\/wp-json\/wp\/v2\/comments?post=112"}],"version-history":[{"count":15,"href":"https:\/\/ufpr.br\/prpi\/wp-json\/wp\/v2\/pages\/112\/revisions"}],"predecessor-version":[{"id":3642,"href":"https:\/\/ufpr.br\/prpi\/wp-json\/wp\/v2\/pages\/112\/revisions\/3642"}],"wp:attachment":[{"href":"https:\/\/ufpr.br\/prpi\/wp-json\/wp\/v2\/media?parent=112"}],"curies":[{"name":"wp","href":"https:\/\/api.w.org\/{rel}","templated":true}]}}