{"id":106,"date":"2025-03-25T15:22:27","date_gmt":"2025-03-25T18:22:27","guid":{"rendered":"https:\/\/ufpr.br\/prpi\/?page_id=106"},"modified":"2025-12-05T11:46:50","modified_gmt":"2025-12-05T14:46:50","slug":"nucleo-de-inovacao-tecnologica-nit-ufpr","status":"publish","type":"page","link":"https:\/\/ufpr.br\/prpi\/nucleo-de-inovacao-tecnologica-nit-ufpr\/","title":{"rendered":"N\u00facleo de Inova\u00e7\u00e3o Tecnol\u00f3gica (NIT-UFPR)"},"content":{"rendered":"\n<div class=\"wp-block-columns has-white-background-color has-background is-layout-flex wp-container-core-columns-is-layout-1 wp-block-columns-is-layout-flex\">\n<div class=\"wp-block-column is-layout-flow wp-block-column-is-layout-flow\" style=\"flex-basis:35%\">\n<div class=\"wp-block-buttons is-layout-flex wp-block-buttons-is-layout-flex\">\n<div class=\"wp-block-button has-custom-width wp-block-button__width-75 is-style-fill\"><a class=\"wp-block-button__link has-background wp-element-button\" href=\"https:\/\/ufpr.br\/prpi\/propriedade-intelectual\/\" style=\"border-radius:20px;background:linear-gradient(200deg,rgb(224,101,91) 0%,rgb(0,85,143) 100%)\"><strong>Propriedade Intelectual<\/strong><br><em>coord.pi@ufpr.br<\/em><\/a><\/div>\n\n\n\n<div class=\"wp-block-button has-custom-width wp-block-button__width-75 is-style-fill\"><a class=\"wp-block-button__link has-background wp-element-button\" href=\"https:\/\/ufpr.br\/prpi\/transferencia-de-tecnologia\/\" style=\"border-radius:20px;background:linear-gradient(200deg,rgb(224,101,91) 0%,rgb(0,85,143) 100%)\"><strong>Transfer\u00eancia de Tecnologia<\/strong><br><em>coord.tt@ufpr.br<\/em><br><em>apoio.tt@ufpr.br<\/em><\/a><\/div>\n\n\n\n<div class=\"wp-block-button has-custom-width wp-block-button__width-75 is-style-fill\"><a class=\"wp-block-button__link has-background wp-element-button\" href=\"https:\/\/ufpr.br\/prpi\/unidade-promotora-de-ambientes-de-inovacao-upai\/\" style=\"border-radius:20px;background:linear-gradient(200deg,rgb(224,101,91) 0%,rgb(0,85,143) 100%)\"><strong>Empreendedorismo<\/strong><br><em>empreendedorismo@ufpr.br<\/em><br><em>amanda.mss@ufpr.br<\/em><\/a><\/div>\n<\/div>\n\n\n\n<div style=\"height:28px\" aria-hidden=\"true\" class=\"wp-block-spacer\"><\/div>\n\n\n\n<p class=\"has-black-color has-text-color has-link-color wp-elements-859482c8ddbda3296e9bef30c5468245\"><strong>Endere\u00e7o<br><\/strong>UFPR &#8211; Centro Polit\u00e9cnico<br>Av. Cel. Francisco Her\u00e1clito dos Santos, 100, Jardim das Am\u00e9ricas, Curitiba &#8211; PR<\/p>\n\n\n\n<p class=\"has-black-color has-text-color has-link-color wp-elements-d6ce756de230e4293d6b7acbbe98e452\"><strong>Contato<br><\/strong>prpi.nit@ufpr.br | (41) 98406-4324<\/p>\n<\/div>\n\n\n\n<div class=\"wp-block-column is-layout-flow wp-block-column-is-layout-flow\">\n<p class=\"has-black-color has-text-color has-link-color wp-elements-6efab92a8dc75d6bc3571f921d0245a0\">O <strong>N\u00facleo de Inova\u00e7\u00e3o Tecnol\u00f3gica da UFPR (NIT\/PRPI) <\/strong>\u00e9 a unidade da Universidade Federal do Paran\u00e1 que atende ao previsto no Art. 16\u00ba da Lei 10.973\/2004 &#8211; Lei de Inova\u00e7\u00e3o, cabe ao NIT: dedicada a fomentar a inova\u00e7\u00e3o, a cultura empreendedora e a transfer\u00eancia de tecnologia.<\/p>\n\n\n\n<p class=\"has-black-color has-text-color has-link-color wp-elements-4337d6f3b0a9256437371936cb3502cc\">Uma de suas principais atribui\u00e7\u00f5es \u00e9 registrar e gerir \u00e0s propriedades intelectuais, como: patentes, marcas, registros de software, cultivares e desenhos industriais, garantindo que as inova\u00e7\u00f5es desenvolvidas na UFPR sejam devidamente protegidas e possam gerar impacto positivo para a sociedade. Al\u00e9m disso, o n\u00facleo negocia e administra acordos de transfer\u00eancia de tecnologia, promovendo a aplica\u00e7\u00e3o pr\u00e1tica do conhecimento acad\u00eamico em diferentes setores da economia.<\/p>\n\n\n\n<p class=\"has-black-color has-text-color has-link-color wp-elements-b95abe67f49140fe770c89343bd0e8ee\">No campo do empreendedorismo e inova\u00e7\u00e3o, o NIT-UFPR tem um papel essencial na constru\u00e7\u00e3o de um ambiente din\u00e2mico para a cria\u00e7\u00e3o e o crescimento de startups, spin-offs acad\u00eamicas e outras iniciativas inovadoras. Por meio de a\u00e7\u00f5es de capacita\u00e7\u00e3o, mentorias e parcerias estrat\u00e9gicas, o n\u00facleo impulsiona a cria\u00e7\u00e3o de neg\u00f3cios de base tecnol\u00f3gica, auxiliando pesquisadores e estudantes a transformarem suas ideias em solu\u00e7\u00f5es vi\u00e1veis para o mercado.<\/p>\n\n\n\n<p class=\"has-black-color has-text-color has-link-color wp-elements-c0242244c3ea7fa3bb698ae156101524\">Al\u00e9m de seu compromisso com a pesquisa aplicada e o desenvolvimento tecnol\u00f3gico, o NIT-UFPR tamb\u00e9m se dedica \u00e0 dissemina\u00e7\u00e3o da cultura empreendedora e inovadora na comunidade acad\u00eamica. Com isso, estimula a cria\u00e7\u00e3o de ecossistemas prop\u00edcios \u00e0 inova\u00e7\u00e3o dentro da universidade, incentivando a conex\u00e3o entre pesquisadores, empresas e a sociedade para a gera\u00e7\u00e3o de impacto econ\u00f4mico e social.<\/p>\n\n\n\n<div class=\"wp-block-buttons is-layout-flex wp-block-buttons-is-layout-flex\">\n<div class=\"wp-block-button has-custom-width wp-block-button__width-100 is-style-fill\"><a class=\"wp-block-button__link has-background wp-element-button\" href=\"https:\/\/ufpr.br\/prpi\/nit-orientacoes-para-instrucao-de-procedimentos-vinculados-a-inovacao\/\" style=\"border-radius:20px;background:linear-gradient(200deg,rgb(224,101,91) 0%,rgb(0,85,143) 100%)\"><strong>Orienta\u00e7\u00f5es para instru\u00e7\u00e3o de procedimentos vinculados \u00e0 Inova\u00e7\u00e3o<\/strong><\/a><\/div>\n<\/div>\n<\/div>\n<\/div>\n","protected":false},"excerpt":{"rendered":"<p>Endere\u00e7oUFPR &#8211; Centro Polit\u00e9cnicoAv. Cel. Francisco Her\u00e1clito dos Santos, 100, Jardim das Am\u00e9ricas, Curitiba &#8211; PR Contatoprpi.nit@ufpr.br | (41) 98406-4324 O N\u00facleo de Inova\u00e7\u00e3o Tecnol\u00f3gica da UFPR (NIT\/PRPI) \u00e9 a unidade da Universidade Federal do Paran\u00e1 que atende ao previsto no Art. 16\u00ba da Lei 10.973\/2004 &#8211; Lei de Inova\u00e7\u00e3o, cabe ao NIT: dedicada a [&hellip;]<\/p>\n","protected":false},"author":14,"featured_media":0,"parent":0,"menu_order":0,"comment_status":"closed","ping_status":"closed","template":"","meta":{"footnotes":""},"class_list":["post-106","page","type-page","status-publish","hentry"],"_links":{"self":[{"href":"https:\/\/ufpr.br\/prpi\/wp-json\/wp\/v2\/pages\/106","targetHints":{"allow":["GET"]}}],"collection":[{"href":"https:\/\/ufpr.br\/prpi\/wp-json\/wp\/v2\/pages"}],"about":[{"href":"https:\/\/ufpr.br\/prpi\/wp-json\/wp\/v2\/types\/page"}],"author":[{"embeddable":true,"href":"https:\/\/ufpr.br\/prpi\/wp-json\/wp\/v2\/users\/14"}],"replies":[{"embeddable":true,"href":"https:\/\/ufpr.br\/prpi\/wp-json\/wp\/v2\/comments?post=106"}],"version-history":[{"count":16,"href":"https:\/\/ufpr.br\/prpi\/wp-json\/wp\/v2\/pages\/106\/revisions"}],"predecessor-version":[{"id":3845,"href":"https:\/\/ufpr.br\/prpi\/wp-json\/wp\/v2\/pages\/106\/revisions\/3845"}],"wp:attachment":[{"href":"https:\/\/ufpr.br\/prpi\/wp-json\/wp\/v2\/media?parent=106"}],"curies":[{"name":"wp","href":"https:\/\/api.w.org\/{rel}","templated":true}]}}