{"id":1022,"date":"2025-04-23T15:51:14","date_gmt":"2025-04-23T18:51:14","guid":{"rendered":"https:\/\/ufpr.br\/prpi\/?page_id=1022"},"modified":"2025-04-28T17:50:10","modified_gmt":"2025-04-28T20:50:10","slug":"edital-no-11-2025-prpi-nit-selecao-de-bolsista-de-extensao","status":"publish","type":"page","link":"https:\/\/ufpr.br\/prpi\/edital-no-11-2025-prpi-nit-selecao-de-bolsista-de-extensao\/","title":{"rendered":"Edital n\u00ba 11\/2025 PRPI\/NIT &#8211; Sele\u00e7\u00e3o de Bolsista de Extens\u00e3o"},"content":{"rendered":"\n<p>O N\u00facleo de Inova\u00e7\u00e3o Tecnol\u00f3gica (NIT) da Pr\u00f3-Reitoria de Pesquisa e Inova\u00e7\u00e3o (PRPI) torna p\u00fablico o Edital 11\/2025, de sele\u00e7\u00e3o de bolsista de extens\u00e3o para atuar no projeto &#8220;Est\u00edmulo a atividades de inova\u00e7\u00e3o na UFPR&#8221;.<\/p>\n\n\n\n<p><strong>As inscri\u00e7\u00f5es v\u00e3o at\u00e9 \u00e0s 23h59min do dia 26\/04\/2025.<\/strong><\/p>\n\n\n\n<ul class=\"wp-block-list\">\n<li><a href=\"https:\/\/ufpr.br\/prpi\/wp-content\/uploads\/2025\/04\/SEI_7714281_Edital_11_2025.pdf\" target=\"_blank\" rel=\"noreferrer noopener\">Edital n\u00ba 11\/2025 PRPI\/NIT &#8211; Sele\u00e7\u00e3o de Bolsista de Extens\u00e3o<\/a><\/li>\n\n\n\n<li><a href=\"https:\/\/ufpr.br\/prpi\/wp-content\/uploads\/2025\/04\/Anexo-I-Bolsista-Extensao-1.docx\" target=\"_blank\" rel=\"noreferrer noopener\">Anexo I &#8211; Bolsista de Extens\u00e3o <\/a><\/li>\n\n\n\n<li><a href=\"https:\/\/ufpr.br\/prpi\/wp-content\/uploads\/2025\/04\/Anexo-II-Bolsista-Extensao.docx\" target=\"_blank\" rel=\"noreferrer noopener\">Anexo II &#8211; Bolsista de Extens\u00e3o  <\/a><\/li>\n\n\n\n<li><a href=\"https:\/\/ufpr.br\/prpi\/wp-content\/uploads\/2025\/04\/SEI_7729554_Edital_12_2025.pdf\" target=\"_blank\" rel=\"noreferrer noopener\">Edital n\u00ba 12\/2025 PRPI\/NIT &#8211; Resultado<\/a> &#8211; Publicado em 28\/04\/2025<\/li>\n<\/ul>\n","protected":false},"excerpt":{"rendered":"<p>O N\u00facleo de Inova\u00e7\u00e3o Tecnol\u00f3gica (NIT) da Pr\u00f3-Reitoria de Pesquisa e Inova\u00e7\u00e3o (PRPI) torna p\u00fablico o Edital 11\/2025, de sele\u00e7\u00e3o de bolsista de extens\u00e3o para atuar no projeto &#8220;Est\u00edmulo a atividades de inova\u00e7\u00e3o na UFPR&#8221;. As inscri\u00e7\u00f5es v\u00e3o at\u00e9 \u00e0s 23h59min do dia 26\/04\/2025.<\/p>\n","protected":false},"author":14,"featured_media":0,"parent":0,"menu_order":0,"comment_status":"closed","ping_status":"closed","template":"","meta":{"footnotes":""},"class_list":["post-1022","page","type-page","status-publish","hentry"],"_links":{"self":[{"href":"https:\/\/ufpr.br\/prpi\/wp-json\/wp\/v2\/pages\/1022","targetHints":{"allow":["GET"]}}],"collection":[{"href":"https:\/\/ufpr.br\/prpi\/wp-json\/wp\/v2\/pages"}],"about":[{"href":"https:\/\/ufpr.br\/prpi\/wp-json\/wp\/v2\/types\/page"}],"author":[{"embeddable":true,"href":"https:\/\/ufpr.br\/prpi\/wp-json\/wp\/v2\/users\/14"}],"replies":[{"embeddable":true,"href":"https:\/\/ufpr.br\/prpi\/wp-json\/wp\/v2\/comments?post=1022"}],"version-history":[{"count":3,"href":"https:\/\/ufpr.br\/prpi\/wp-json\/wp\/v2\/pages\/1022\/revisions"}],"predecessor-version":[{"id":1119,"href":"https:\/\/ufpr.br\/prpi\/wp-json\/wp\/v2\/pages\/1022\/revisions\/1119"}],"wp:attachment":[{"href":"https:\/\/ufpr.br\/prpi\/wp-json\/wp\/v2\/media?parent=1022"}],"curies":[{"name":"wp","href":"https:\/\/api.w.org\/{rel}","templated":true}]}}