{"id":9998,"date":"2025-07-30T09:35:10","date_gmt":"2025-07-30T12:35:10","guid":{"rendered":"https:\/\/ufpr.br\/?page=9998"},"modified":"2026-01-05T11:06:55","modified_gmt":"2026-01-05T14:06:55","slug":"edital-09-2024-prppg-sba","status":"publish","type":"page","link":"https:\/\/ufpr.br\/propg\/editais\/edital-09-2024-prppg-sba\/","title":{"rendered":"Edital 09\/2024-PRPPG\/SBA"},"content":{"rendered":"\n<div style=\"height:50px\" aria-hidden=\"true\" class=\"wp-block-spacer\"><\/div>\n\n\n\n<div class=\"wp-block-columns is-layout-flex wp-container-core-columns-is-layout-9d6595d7 wp-block-columns-is-layout-flex\">\n<div class=\"wp-block-column is-layout-flow wp-block-column-is-layout-flow\" style=\"flex-basis:20%\" id=\"topo\">\n<div style=\"height:15px\" aria-hidden=\"true\" class=\"wp-block-spacer\"><\/div>\n\n\n<div class=\"wp-block-image\">\n<figure class=\"aligncenter size-full is-resized\"><img decoding=\"async\" src=\"https:\/\/ufpr.br\/propg\/wp-content\/uploads\/2024\/10\/Icone_DocumentosMao_Rosa.png\" alt=\"\" class=\"wp-image-6130\" style=\"width:100px;height:auto\"\/><\/figure><\/div><\/div>\n\n\n\n<div class=\"wp-block-column is-layout-flow wp-block-column-is-layout-flow\" style=\"flex-basis:2%\"><\/div>\n\n\n\n<div class=\"wp-block-column is-layout-flow wp-block-column-is-layout-flow\" style=\"flex-basis:70%\">\n<blockquote class=\"wp-block-quote is-layout-flow wp-block-quote-is-layout-flow\">\n<p>Processo Seletivo para homologa\u00e7\u00e3o de benefici\u00e1rios de bolsa PIPD\/CAPES institu\u00edda atrav\u00e9s da Portaria CAPES n\u00ba 282\/2024<\/p>\n<\/blockquote>\n\n\n\n<div style=\"height:25px\" aria-hidden=\"true\" class=\"wp-block-spacer\"><\/div>\n\n\n\n<div class=\"wp-block-columns is-layout-flex wp-container-core-columns-is-layout-9d6595d7 wp-block-columns-is-layout-flex\">\n<div class=\"wp-block-column is-layout-flow wp-block-column-is-layout-flow\">\n<h2 class=\"wp-block-heading has-text-align-left has-background has-medium-font-size\" style=\"background-color:#e8ecf5\">EDITAL<\/h2>\n\n\n\n<hr class=\"wp-block-separator has-text-color has-alpha-channel-opacity has-background is-style-wide\" style=\"background-color:#e8ecf5;color:#e8ecf5\"\/>\n\n\n\n<ul class=\"wp-block-list\">\n<li><a href=\"https:\/\/ufpr.br\/propg\/wp-content\/uploads\/2025\/07\/edital_prppg_sba_09_2024_pipd_final_07out2024.pdf\" target=\"_blank\" rel=\"noreferrer noopener\">Edital 09\/2024-PRPPG\/SBA<\/a>:\u00a0(publicado em 07\/10\/2024)<\/li>\n<\/ul>\n\n\n\n<div style=\"height:50px\" aria-hidden=\"true\" class=\"wp-block-spacer\"><\/div>\n<\/div>\n<\/div>\n\n\n\n<div class=\"wp-block-columns is-layout-flex wp-container-core-columns-is-layout-9d6595d7 wp-block-columns-is-layout-flex\">\n<div class=\"wp-block-column is-layout-flow wp-block-column-is-layout-flow\">\n<h2 class=\"wp-block-heading has-text-align-left has-background has-medium-font-size\" style=\"background-color:#e8ecf5\">DOCUMENTOS ACESS\u00d3RIOS<\/h2>\n\n\n\n<hr class=\"wp-block-separator has-text-color has-alpha-channel-opacity has-background is-style-wide\" style=\"background-color:#e8ecf5;color:#e8ecf5\"\/>\n\n\n\n<ul class=\"wp-block-list\">\n<li><a href=\"https:\/\/ufpr.br\/propg\/wp-content\/uploads\/2025\/07\/portariacapes_282_04set2024_criacaobolsapipd.pdf\" target=\"_blank\" rel=\"noreferrer noopener\">PortariaCAPES_282_04Set2024_criacaoBolsaPIPD<\/a><\/li>\n<\/ul>\n\n\n\n<ul class=\"wp-block-list\">\n<li><a href=\"https:\/\/ufpr.br\/propg\/wp-content\/uploads\/2025\/07\/portaria-no-307_24set2024_cotas_pipd.pdf\" target=\"_blank\" rel=\"noreferrer noopener\">Portaria n\u00ba 307_24Set2024_cotas_PIPD<\/a><\/li>\n<\/ul>\n\n\n\n<div style=\"height:50px\" aria-hidden=\"true\" class=\"wp-block-spacer\"><\/div>\n<\/div>\n<\/div>\n\n\n\n<div class=\"wp-block-columns is-layout-flex wp-container-core-columns-is-layout-9d6595d7 wp-block-columns-is-layout-flex\">\n<div class=\"wp-block-column is-layout-flow wp-block-column-is-layout-flow\">\n<h2 class=\"wp-block-heading has-text-align-left has-background has-medium-font-size\" style=\"background-color:#e8ecf5\">RESULTADOS<\/h2>\n\n\n\n<hr class=\"wp-block-separator has-text-color has-alpha-channel-opacity has-background is-style-wide\" style=\"background-color:#e8ecf5;color:#e8ecf5\"\/>\n\n\n\n<ul class=\"wp-block-list\">\n<li>Homologa\u00e7\u00f5es de Outubro 2024 (publicado em 18\/10\/2024)<\/li>\n<\/ul>\n\n\n\n<ul class=\"wp-block-list\">\n<li>Homologa\u00e7\u00f5es de Novembro 2024 (publicado em 19\/11\/2024)<\/li>\n<\/ul>\n\n\n\n<ul class=\"wp-block-list\">\n<li>Homologa\u00e7\u00f5es de Outubro 2024 (publicado em 09\/12\/2024)<\/li>\n<\/ul>\n\n\n\n<div style=\"height:50px\" aria-hidden=\"true\" class=\"wp-block-spacer\"><\/div>\n<\/div>\n<\/div>\n\n\n\n<div class=\"wp-block-columns is-layout-flex wp-container-core-columns-is-layout-9d6595d7 wp-block-columns-is-layout-flex\">\n<div class=\"wp-block-column is-layout-flow wp-block-column-is-layout-flow\">\n<h2 class=\"wp-block-heading has-text-align-left has-background has-medium-font-size\" style=\"background-color:#e8ecf5\">NORMAS RELACIONADAS<\/h2>\n\n\n\n<hr class=\"wp-block-separator has-text-color has-alpha-channel-opacity has-background is-style-wide\" style=\"background-color:#e8ecf5;color:#e8ecf5\"\/>\n\n\n\n<ul class=\"wp-block-list\">\n<li>Portaria CAPES n\u00ba 282\/2024, de 04 de setembro 2024: Disp\u00f5e sobre o fomento PIPD \u2013 Programa Institucional de P\u00f3s-Doutorado ofertado pela CAPES.<\/li>\n<\/ul>\n\n\n\n<ul class=\"wp-block-list\">\n<li>Portaria CAPES n\u00ba 307\/2024, de 24 de setembro 2024: Disp\u00f5e sobre os crit\u00e9rios de aloca\u00e7\u00e3o de cotas de bolsa PIPD<\/li>\n<\/ul>\n\n\n\n<ul class=\"wp-block-list\">\n<li>Programa Institucional de P\u00f3s-Doutorado ofertado pela CAPES.<\/li>\n<\/ul>\n\n\n\n<div style=\"height:50px\" aria-hidden=\"true\" class=\"wp-block-spacer\"><\/div>\n<\/div>\n<\/div>\n\n\n\n<hr class=\"wp-block-separator has-text-color has-alpha-channel-opacity has-background is-style-wide\" style=\"background-color:#e8ecf5;color:#e8ecf5\"\/>\n\n\n\n<p class=\"has-text-color has-link-color wp-elements-16631d866001ae142cbdd3786f7ccd26\" style=\"color:#243673\"><strong><a title=\"\" href=\"#topo\">Voltar ao topo<\/a><\/strong><\/p>\n<\/div>\n\n\n\n<div class=\"wp-block-column is-layout-flow wp-block-column-is-layout-flow\" style=\"flex-basis:7%\"><\/div>\n<\/div>\n","protected":false},"excerpt":{"rendered":"<p>Processo Seletivo para homologa\u00e7\u00e3o de benefici\u00e1rios de bolsa PIPD\/CAPES institu\u00edda atrav\u00e9s da Portaria CAPES n\u00ba 282\/2024 EDITAL DOCUMENTOS ACESS\u00d3RIOS RESULTADOS NORMAS RELACIONADAS Voltar ao topo<\/p>\n","protected":false},"author":5,"featured_media":0,"parent":11760,"menu_order":0,"comment_status":"closed","ping_status":"closed","template":"","meta":{"footnotes":""},"class_list":["post-9998","page","type-page","status-publish","hentry"],"_links":{"self":[{"href":"https:\/\/ufpr.br\/propg\/wp-json\/wp\/v2\/pages\/9998","targetHints":{"allow":["GET"]}}],"collection":[{"href":"https:\/\/ufpr.br\/propg\/wp-json\/wp\/v2\/pages"}],"about":[{"href":"https:\/\/ufpr.br\/propg\/wp-json\/wp\/v2\/types\/page"}],"author":[{"embeddable":true,"href":"https:\/\/ufpr.br\/propg\/wp-json\/wp\/v2\/users\/5"}],"replies":[{"embeddable":true,"href":"https:\/\/ufpr.br\/propg\/wp-json\/wp\/v2\/comments?post=9998"}],"version-history":[{"count":13,"href":"https:\/\/ufpr.br\/propg\/wp-json\/wp\/v2\/pages\/9998\/revisions"}],"predecessor-version":[{"id":47251,"href":"https:\/\/ufpr.br\/propg\/wp-json\/wp\/v2\/pages\/9998\/revisions\/47251"}],"up":[{"embeddable":true,"href":"https:\/\/ufpr.br\/propg\/wp-json\/wp\/v2\/pages\/11760"}],"wp:attachment":[{"href":"https:\/\/ufpr.br\/propg\/wp-json\/wp\/v2\/media?parent=9998"}],"curies":[{"name":"wp","href":"https:\/\/api.w.org\/{rel}","templated":true}]}}