{"id":9831,"date":"2025-07-29T13:24:12","date_gmt":"2025-07-29T16:24:12","guid":{"rendered":"https:\/\/ufpr.br\/?page=9831"},"modified":"2026-01-05T09:02:14","modified_gmt":"2026-01-05T12:02:14","slug":"edital-04-2025-propg-sae","status":"publish","type":"page","link":"https:\/\/ufpr.br\/propg\/editais\/edital-04-2025-propg-sae\/","title":{"rendered":"Edital 04\/2025-PROPG\/SAE"},"content":{"rendered":"\n<div style=\"height:50px\" aria-hidden=\"true\" class=\"wp-block-spacer\"><\/div>\n\n\n\n<div class=\"wp-block-columns is-layout-flex wp-container-core-columns-is-layout-9d6595d7 wp-block-columns-is-layout-flex\">\n<div class=\"wp-block-column is-layout-flow wp-block-column-is-layout-flow\" style=\"flex-basis:20%\" id=\"topo\">\n<div style=\"height:15px\" aria-hidden=\"true\" class=\"wp-block-spacer\"><\/div>\n\n\n<div class=\"wp-block-image\">\n<figure class=\"aligncenter size-full is-resized\"><img decoding=\"async\" src=\"https:\/\/ufpr.br\/propg\/wp-content\/uploads\/2024\/10\/Icone_DocumentosMao_Rosa.png\" alt=\"\" class=\"wp-image-6130\" style=\"width:100px;height:auto\"\/><\/figure><\/div><\/div>\n\n\n\n<div class=\"wp-block-column is-layout-flow wp-block-column-is-layout-flow\" style=\"flex-basis:2%\"><\/div>\n\n\n\n<div class=\"wp-block-column is-layout-flow wp-block-column-is-layout-flow\" style=\"flex-basis:70%\">\n<blockquote class=\"wp-block-quote is-layout-flow wp-block-quote-is-layout-flow\">\n<p>Procedimento para remanejamento de cotas ociosas de Bolsas DS, DS em Rede e PROEX autorizado pelo Of\u00edcio Circular CAPES n\u00ba 01\/2025<\/p>\n<\/blockquote>\n\n\n\n<div style=\"height:25px\" aria-hidden=\"true\" class=\"wp-block-spacer\"><\/div>\n\n\n\n<div class=\"wp-block-columns is-layout-flex wp-container-core-columns-is-layout-9d6595d7 wp-block-columns-is-layout-flex\">\n<div class=\"wp-block-column is-layout-flow wp-block-column-is-layout-flow\">\n<h2 class=\"wp-block-heading has-text-align-left has-background has-medium-font-size\" style=\"background-color:#e8ecf5\">EDITAL<\/h2>\n\n\n\n<hr class=\"wp-block-separator has-text-color has-alpha-channel-opacity has-background is-style-wide\" style=\"background-color:#e8ecf5;color:#e8ecf5\"\/>\n\n\n\n<ul class=\"wp-block-list\">\n<li><a href=\"https:\/\/ufpr.br\/propg\/wp-content\/uploads\/2025\/07\/edital04_2025_propg_saeremanejabolsascapes_2025.pdf\" target=\"_blank\" rel=\"noreferrer noopener\">Edital 04\/2025-PROPG\/SAE<\/a>\u00a0(publicado em 30\/06\/2025)<\/li>\n<\/ul>\n\n\n\n<div style=\"height:50px\" aria-hidden=\"true\" class=\"wp-block-spacer\"><\/div>\n<\/div>\n<\/div>\n\n\n\n<div class=\"wp-block-columns is-layout-flex wp-container-core-columns-is-layout-9d6595d7 wp-block-columns-is-layout-flex\">\n<div class=\"wp-block-column is-layout-flow wp-block-column-is-layout-flow\">\n<h2 class=\"wp-block-heading has-text-align-left has-background has-medium-font-size\" style=\"background-color:#e8ecf5\">RESULTADOS<\/h2>\n\n\n\n<hr class=\"wp-block-separator has-text-color has-alpha-channel-opacity has-background is-style-wide\" style=\"background-color:#e8ecf5;color:#e8ecf5\"\/>\n\n\n\n<ul class=\"wp-block-list\">\n<li><a href=\"https:\/\/ufpr.br\/propg\/wp-content\/uploads\/2025\/07\/resultado-parcial_edital-04_2025_remanejamentobolsacapes_2025.pdf\" target=\"_blank\" rel=\"noreferrer noopener\">Resultado parcial<\/a>\u00a0(publicado em 10\/07\/2025)<\/li>\n<\/ul>\n\n\n\n<div style=\"height:50px\" aria-hidden=\"true\" class=\"wp-block-spacer\"><\/div>\n<\/div>\n<\/div>\n\n\n\n<div class=\"wp-block-columns is-layout-flex wp-container-core-columns-is-layout-9d6595d7 wp-block-columns-is-layout-flex\">\n<div class=\"wp-block-column is-layout-flow wp-block-column-is-layout-flow\">\n<h2 class=\"wp-block-heading has-text-align-left has-background has-medium-font-size\" style=\"background-color:#e8ecf5\">FORMUL\u00c1RIOS E MODELOS<\/h2>\n\n\n\n<hr class=\"wp-block-separator has-text-color has-alpha-channel-opacity has-background is-style-wide\" style=\"background-color:#e8ecf5;color:#e8ecf5\"\/>\n\n\n\n<ul class=\"wp-block-list\">\n<li><a href=\"https:\/\/ufpr.br\/propg\/wp-content\/uploads\/2025\/07\/modelo_despachoppg_remanejamento.docx\" target=\"_blank\" rel=\"noreferrer noopener\">Modelo de Despacho para candidatura<\/a>.docx<\/li>\n<\/ul>\n\n\n\n<ul class=\"wp-block-list\">\n<li>Relat\u00f3rio de Bolsistas do PPG emitido a partir da Plataforma Sucupira, referente ao ano base 2025 \u2013 Ver tutorial para emitir de seu PPG: <a href=\"https:\/\/sites.google.com\/view\/tutorialsucupira\/relat%C3%B3rios\/discentes-bolsistas\" target=\"_blank\" rel=\"noreferrer noopener\">https:\/\/sites.google.com\/view\/tutorialsucupira\/relat%C3%B3rios\/discentes-bolsistas<\/a><\/li>\n<\/ul>\n\n\n\n<div style=\"height:50px\" aria-hidden=\"true\" class=\"wp-block-spacer\"><\/div>\n<\/div>\n<\/div>\n\n\n\n<div class=\"wp-block-columns is-layout-flex wp-container-core-columns-is-layout-9d6595d7 wp-block-columns-is-layout-flex\">\n<div class=\"wp-block-column is-layout-flow wp-block-column-is-layout-flow\">\n<h2 class=\"wp-block-heading has-text-align-left has-background has-medium-font-size\" style=\"background-color:#e8ecf5\">ARQUIVOS PARA CONSULTA DOS PPG<\/h2>\n\n\n\n<hr class=\"wp-block-separator has-text-color has-alpha-channel-opacity has-background is-style-wide\" style=\"background-color:#e8ecf5;color:#e8ecf5\"\/>\n\n\n\n<ul class=\"wp-block-list\">\n<li><a href=\"https:\/\/ufpr.br\/propg\/wp-content\/uploads\/2025\/07\/planilha_ppgs-aptos_remanejamento_ds_dsrede_proex.xlsx\" target=\"_blank\" rel=\"noreferrer noopener\">Planilha_PPGs Aptos_Remanejamento_DS_DSRede_PROEX<\/a><\/li>\n<\/ul>\n\n\n\n<div style=\"height:50px\" aria-hidden=\"true\" class=\"wp-block-spacer\"><\/div>\n<\/div>\n<\/div>\n\n\n\n<div class=\"wp-block-columns is-layout-flex wp-container-core-columns-is-layout-9d6595d7 wp-block-columns-is-layout-flex\">\n<div class=\"wp-block-column is-layout-flow wp-block-column-is-layout-flow\">\n<h2 class=\"wp-block-heading has-text-align-left has-background has-medium-font-size\" style=\"background-color:#e8ecf5\">NORMAS RELACIONADAS<\/h2>\n\n\n\n<hr class=\"wp-block-separator has-text-color has-alpha-channel-opacity has-background is-style-wide\" style=\"background-color:#e8ecf5;color:#e8ecf5\"\/>\n\n\n\n<ol class=\"wp-block-list\">\n<li><strong>Portaria 76\/2010 CAPES<\/strong> Aprova o novo Regulamento do Programa de Demanda Social constante do Anexo a esta Portaria:&nbsp;<a href=\"https:\/\/cad.capes.gov.br\/ato-administrativo-detalhar?idAtoAdmElastic=741\" target=\"_blank\" rel=\"noreferrer noopener\">https:\/\/cad.capes.gov.br\/ato-administrativo-detalhar?idAtoAdmElastic=741<\/a><\/li>\n<\/ol>\n\n\n\n<ol start=\"2\" class=\"wp-block-list\">\n<li><strong>Portaria 34\/2020 CAPES<\/strong> Disp\u00f5e sobre as condi\u00e7\u00f5es para fomento a cursos de p\u00f3s-gradua\u00e7\u00e3o stricto sensu pela Diretoria de Programas e Bolsas no Pa\u00eds da CAPES:&nbsp;<a href=\"https:\/\/cad.capes.gov.br\/ato-administrativo-detalhar?idAtoAdmElastic=3443\" target=\"_blank\" rel=\"noreferrer noopener\">https:\/\/cad.capes.gov.br\/ato-administrativo-detalhar?idAtoAdmElastic=3443<\/a><\/li>\n<\/ol>\n\n\n\n<ol start=\"3\" class=\"wp-block-list\">\n<li><strong>Portaria 73\/2022 CAPES<\/strong> Institui a cota de bolsas de estudo e\/ou aux\u00edlios escolares da pr\u00f3-reitoria ou \u00f3rg\u00e3o equivalente incumbido dos programas de p\u00f3s-gradua\u00e7\u00e3o [\u2026]:&nbsp;<a href=\"https:\/\/cad.capes.gov.br\/ato-administrativo-detalhar?idAtoAdmElastic=8342\" target=\"_blank\" rel=\"noreferrer noopener\">https:\/\/cad.capes.gov.br\/ato-administrativo-detalhar?idAtoAdmElastic=8342<\/a><\/li>\n<\/ol>\n\n\n\n<ol start=\"4\" class=\"wp-block-list\">\n<li><strong>Instru\u00e7\u00e3o normativa n\u00b0 04\/2022<\/strong> \u2013 PRPPG\/GAB Disp\u00f5e sobre aloca\u00e7\u00e3o das cotas de bolsas de estudo e\/ou aux\u00edlios escolares no \u00e2mbito da cota de bolsas da PRPPG, bolsas de mestrado e\/ou doutorado, pela Pr\u00f3-Reitoria de Pesquisa e P\u00f3s-Gradua\u00e7\u00e3o aos programas de p\u00f3s-gradua\u00e7\u00e3o pass\u00edveis de fomento:\u00a0<a href=\"https:\/\/ufpr.br\/propg\/wp-content\/uploads\/2025\/07\/instrucaonormativa_prppg_04_2022.pdf\" target=\"_blank\" rel=\"noreferrer noopener\">https:\/\/ufpr.br\/propg\/wp-content\/uploads\/2025\/07\/instrucaonormativa_prppg_04_2022.pdf<\/a><\/li>\n<\/ol>\n\n\n\n<ol start=\"5\" class=\"wp-block-list\">\n<li><strong>Portaria n\u00ba 53\/2025 CAPES<\/strong> Disp\u00f5e sobre os crit\u00e9rios para distribui\u00e7\u00e3o de bolsas no \u00e2mbito do Programa de Demanda Social (DS) e de bolsas e aux\u00edlios para pagamento de taxas escolares no \u00e2mbito do Programa de Excel\u00eancia Acad\u00eamica (PROEX), do Programa de Suporte \u00e0 P\u00f3s-Gradua\u00e7\u00e3o de Institui\u00e7\u00f5es de Ensino Particulares (PROSUP) e do Programa de Suporte \u00e0 P\u00f3s-Gradua\u00e7\u00e3o de Institui\u00e7\u00f5es Comunit\u00e1rias de Educa\u00e7\u00e3o Superior (PROSUC), referente ao per\u00edodo de mar\u00e7o de 2025 a fevereiro de 2026, e d\u00e1 outras provid\u00eancias:&nbsp;<a href=\"https:\/\/cad.capes.gov.br\/ato-administrativo-detalhar?idAtoAdmElastic=17603\" target=\"_blank\" rel=\"noreferrer noopener\">https:\/\/cad.capes.gov.br\/ato-administrativo-detalhar?idAtoAdmElastic=17603<\/a><\/li>\n<\/ol>\n\n\n\n<ol start=\"6\" class=\"wp-block-list\">\n<li><strong>Of\u00edcio Circular n\u00ba 1\/2025-CGFIP\/DPB\/CAPES<\/strong> Orienta\u00e7\u00f5es adicionais Concess\u00e3o 2025 \u2014 DS, PROEX, PROSUP e PROSUC:\u00a0<a href=\"https:\/\/ufpr.br\/propg\/wp-content\/uploads\/2025\/07\/ofcircularcapes_01_2025_remanejamentobolsascapes_2025.pdf\" target=\"_blank\" rel=\"noreferrer noopener\">OfCircularCAPES_01_2025_remanejamentoBolsasCAPES_2025<\/a><\/li>\n<\/ol>\n\n\n\n<div style=\"height:50px\" aria-hidden=\"true\" class=\"wp-block-spacer\"><\/div>\n<\/div>\n<\/div>\n\n\n\n<div class=\"wp-block-columns is-layout-flex wp-container-core-columns-is-layout-9d6595d7 wp-block-columns-is-layout-flex\">\n<div class=\"wp-block-column is-layout-flow wp-block-column-is-layout-flow\">\n<h2 class=\"wp-block-heading has-text-align-left has-background has-medium-font-size\" style=\"background-color:#e8ecf5\">D\u00daVIDAS?<\/h2>\n\n\n\n<hr class=\"wp-block-separator has-text-color has-alpha-channel-opacity has-background is-style-wide\" style=\"background-color:#e8ecf5;color:#e8ecf5\"\/>\n\n\n\n<p>Em caso de d\u00favida envie e-mail para&nbsp;<strong><a href=\"mailto:sae.propg@ufpr.br\">sae.propg@ufpr.br<\/a><\/strong><\/p>\n\n\n\n<div style=\"height:25px\" aria-hidden=\"true\" class=\"wp-block-spacer\"><\/div>\n<\/div>\n<\/div>\n\n\n\n<hr class=\"wp-block-separator has-text-color has-alpha-channel-opacity has-background is-style-wide\" style=\"background-color:#e8ecf5;color:#e8ecf5\"\/>\n\n\n\n<p class=\"has-text-color has-link-color wp-elements-16631d866001ae142cbdd3786f7ccd26\" style=\"color:#243673\"><strong><a title=\"\" href=\"#topo\">Voltar ao topo<\/a><\/strong><\/p>\n<\/div>\n\n\n\n<div class=\"wp-block-column is-layout-flow wp-block-column-is-layout-flow\" style=\"flex-basis:7%\"><\/div>\n<\/div>\n\n\n\n<p><\/p>\n","protected":false},"excerpt":{"rendered":"<p>Procedimento para remanejamento de cotas ociosas de Bolsas DS, DS em Rede e PROEX autorizado pelo Of\u00edcio Circular CAPES n\u00ba 01\/2025 EDITAL RESULTADOS FORMUL\u00c1RIOS E MODELOS ARQUIVOS PARA CONSULTA DOS PPG NORMAS RELACIONADAS D\u00daVIDAS? Em caso de d\u00favida envie e-mail para&nbsp;sae.propg@ufpr.br Voltar ao topo<\/p>\n","protected":false},"author":5,"featured_media":0,"parent":11760,"menu_order":0,"comment_status":"closed","ping_status":"closed","template":"","meta":{"footnotes":""},"class_list":["post-9831","page","type-page","status-publish","hentry"],"_links":{"self":[{"href":"https:\/\/ufpr.br\/propg\/wp-json\/wp\/v2\/pages\/9831","targetHints":{"allow":["GET"]}}],"collection":[{"href":"https:\/\/ufpr.br\/propg\/wp-json\/wp\/v2\/pages"}],"about":[{"href":"https:\/\/ufpr.br\/propg\/wp-json\/wp\/v2\/types\/page"}],"author":[{"embeddable":true,"href":"https:\/\/ufpr.br\/propg\/wp-json\/wp\/v2\/users\/5"}],"replies":[{"embeddable":true,"href":"https:\/\/ufpr.br\/propg\/wp-json\/wp\/v2\/comments?post=9831"}],"version-history":[{"count":42,"href":"https:\/\/ufpr.br\/propg\/wp-json\/wp\/v2\/pages\/9831\/revisions"}],"predecessor-version":[{"id":47219,"href":"https:\/\/ufpr.br\/propg\/wp-json\/wp\/v2\/pages\/9831\/revisions\/47219"}],"up":[{"embeddable":true,"href":"https:\/\/ufpr.br\/propg\/wp-json\/wp\/v2\/pages\/11760"}],"wp:attachment":[{"href":"https:\/\/ufpr.br\/propg\/wp-json\/wp\/v2\/media?parent=9831"}],"curies":[{"name":"wp","href":"https:\/\/api.w.org\/{rel}","templated":true}]}}