{"id":9209,"date":"2025-07-24T10:51:27","date_gmt":"2025-07-24T13:51:27","guid":{"rendered":"https:\/\/ufpr.br\/?page=9209"},"modified":"2025-07-24T14:49:11","modified_gmt":"2025-07-24T17:49:11","slug":"programa-capes-daad-probral-edital-no-09-2024","status":"publish","type":"page","link":"https:\/\/ufpr.br\/propg\/siprop\/editais-e-oportunidades\/programa-capes-daad-probral-edital-no-09-2024\/","title":{"rendered":"Programa CAPES\/DAAD &#8211; PROBRAL Edital n\u00ba 09\/2024"},"content":{"rendered":"\n<div style=\"height:50px\" aria-hidden=\"true\" class=\"wp-block-spacer\"><\/div>\n\n\n\n<div class=\"wp-block-columns is-layout-flex wp-container-core-columns-is-layout-9d6595d7 wp-block-columns-is-layout-flex\">\n<div class=\"wp-block-column is-layout-flow wp-block-column-is-layout-flow\" style=\"flex-basis:35%\">\n<div class=\"wp-block-columns is-layout-flex wp-container-core-columns-is-layout-9d6595d7 wp-block-columns-is-layout-flex\">\n<div class=\"wp-block-column is-layout-flow wp-block-column-is-layout-flow\">\n<div class=\"wp-block-columns is-layout-flex wp-container-core-columns-is-layout-9d6595d7 wp-block-columns-is-layout-flex\">\n<div class=\"wp-block-column has-background is-layout-flow wp-block-column-is-layout-flow\" style=\"background-color:#e8ecf5\" id=\"topo\">\n<div style=\"height:30px\" aria-hidden=\"true\" class=\"wp-block-spacer\"><\/div>\n\n\n\n<div class=\"wp-block-columns is-not-stacked-on-mobile is-layout-flex wp-container-core-columns-is-layout-9d6595d7 wp-block-columns-is-layout-flex\">\n<div class=\"wp-block-column is-layout-flow wp-block-column-is-layout-flow\" style=\"flex-basis:1px\"><\/div>\n\n\n\n<div class=\"wp-block-column has-white-background-color has-text-color has-background has-link-color wp-elements-a32df32468a7914c5735c10c7a0c0e4e is-layout-flow wp-block-column-is-layout-flow\" style=\"color:#003c71\">\n<div style=\"height:20px\" aria-hidden=\"true\" class=\"wp-block-spacer\"><\/div>\n\n\n<div class=\"wp-block-image is-style-default\">\n<figure class=\"aligncenter size-full is-resized\" id=\"topo\"><a href=\"#informacoes-gerais\"><img decoding=\"async\" src=\"https:\/\/ufpr.br\/propg\/wp-content\/uploads\/2025\/06\/Icone_AcessoInformacao_Rosa.png\" alt=\"\" class=\"wp-image-6157\" style=\"object-fit:cover;width:70px;height:70px\"\/><\/a><\/figure><\/div>\n\n\n<p class=\"has-text-align-center has-text-color has-link-color wp-elements-3618939476bc5a9fd3dbcf838023a6d9\" style=\"color:#243673;font-size:14px\"><strong><a href=\"#informacoes-gerais\">Informa\u00e7\u00f5es <\/a><\/strong><br><strong><a href=\"#informacoes-gerais\">Gerais<\/a><\/strong><\/p>\n<\/div>\n\n\n\n<div class=\"wp-block-column has-white-background-color has-text-color has-background has-link-color wp-elements-4b5fcc492403d95d81a7a6ad20d53763 is-layout-flow wp-block-column-is-layout-flow\" style=\"color:#003c71\">\n<div style=\"height:20px\" aria-hidden=\"true\" class=\"wp-block-spacer\"><\/div>\n\n\n<div class=\"wp-block-image is-style-default\">\n<figure class=\"aligncenter size-full is-resized\"><a href=\"#cronograma\"><img decoding=\"async\" src=\"https:\/\/ufpr.br\/propg\/wp-content\/uploads\/2025\/06\/Icone_Calendario_Rosa.png\" alt=\"\" class=\"wp-image-7934\" style=\"width:70px\"\/><\/a><\/figure><\/div>\n\n\n<p class=\"has-text-align-center has-text-color has-link-color wp-elements-fbfdd755219837def2b617fc301dda4e\" style=\"color:#243673;font-size:14px\"><strong><a href=\"#cronograma\">Cronograma<\/a><\/strong><\/p>\n<\/div>\n\n\n\n<div class=\"wp-block-column is-layout-flow wp-block-column-is-layout-flow\" style=\"flex-basis:1px\"><\/div>\n<\/div>\n\n\n\n<hr class=\"wp-block-separator has-text-color has-white-color has-alpha-channel-opacity has-white-background-color has-background is-style-wide\"\/>\n<\/div>\n<\/div>\n<\/div>\n<\/div>\n<\/div>\n\n\n\n<div class=\"wp-block-column is-layout-flow wp-block-column-is-layout-flow\" style=\"flex-basis:62%\">\n<div class=\"wp-block-columns is-layout-flex wp-container-core-columns-is-layout-9d6595d7 wp-block-columns-is-layout-flex\">\n<div class=\"wp-block-column is-layout-flow wp-block-column-is-layout-flow\">\n<h2 class=\"wp-block-heading has-text-align-left has-background has-medium-font-size\" id=\"informacoes-gerais\" style=\"background-color:#e8ecf5\">INFORMA\u00c7\u00d5ES GERAIS<\/h2>\n\n\n\n<hr class=\"wp-block-separator has-text-color has-alpha-channel-opacity has-background is-style-wide\" style=\"background-color:#e8ecf5;color:#e8ecf5\"\/>\n\n\n\n<ul class=\"wp-block-list\">\n<li><a href=\"https:\/\/www.gov.br\/capes\/pt-br\/acesso-a-informacao\/acoes-e-programas\/bolsas\/bolsas-e-auxilios-internacionais\/encontre-aqui\/paises\/alemanha\/probral\" target=\"_blank\" rel=\"noreferrer noopener\">P\u00e1gina de acesso ao Edital no\u00a0<em>site<\/em>\u00a0da Capes<\/a><\/li>\n<\/ul>\n\n\n\n<ul class=\"wp-block-list\">\n<li><a href=\"https:\/\/ufpr.br\/propg\/wp-content\/uploads\/2025\/07\/04042024_edital9capesdaadprobral.pdf\" target=\"_blank\" rel=\"noreferrer noopener\">Edital 09\/2024 CAPES<\/a><\/li>\n<\/ul>\n\n\n\n<ul class=\"wp-block-list\">\n<li><a href=\"https:\/\/ufpr.br\/propg\/wp-content\/uploads\/2025\/07\/07052024_edital_2373441_sei_2371901_edital_9_2024___alteracao__1_.pdf\" target=\"_blank\" rel=\"noreferrer noopener\">Altera\u00e7\u00e3o do Edital 09\/2024 \u2013 Prorroga\u00e7\u00e3o de prazo<\/a> (publicada em 07\/05)<\/li>\n<\/ul>\n<\/div>\n<\/div>\n\n\n\n<h2 class=\"wp-block-heading\">Objetivo<\/h2>\n\n\n\n<hr class=\"wp-block-separator has-text-color has-alpha-channel-opacity has-background is-style-wide\" style=\"background-color:#e8ecf5;color:#e8ecf5\"\/>\n\n\n\n<p>O presente Edital tem por objeto a sele\u00e7\u00e3o de at\u00e9 30 (trinta) projetos conjuntos de pesquisa BrasilAlemanha no \u00e2mbito do Programa PROBRAL, para fomentar a pesquisa e a forma\u00e7\u00e3o de recursos humanos de alto n\u00edvel por meio do interc\u00e2mbio cient\u00edfico e da mobilidade acad\u00eamica entre Institui\u00e7\u00f5es\u00a0de Ensino Superior (IES) brasileiras e Institui\u00e7\u00f5es similares sediadas na Alemanha, nos termos do Acordo\u00a0de Coopera\u00e7\u00e3o assinado entre a Funda\u00e7\u00e3o Coordena\u00e7\u00e3o de Aperfei\u00e7oamento de Pessoal de N\u00edvel\u00a0Superior (CAPES) e o Servi\u00e7o Alem\u00e3o de Interc\u00e2mbio Acad\u00eamico (DAAD), em 2 de junho de 2023.<\/p>\n\n\n\n<hr class=\"wp-block-separator has-alpha-channel-opacity is-style-dots\"\/>\n\n\n\n<h2 class=\"wp-block-heading\">Recursos<\/h2>\n\n\n\n<hr class=\"wp-block-separator has-text-color has-alpha-channel-opacity has-background is-style-wide\" style=\"background-color:#e8ecf5;color:#e8ecf5\"\/>\n\n\n\n<p>O valor total de financiamento para os 30 (trinta) projetos durante os 4 (quatro) anos ser\u00e1 de at\u00e9 R$51.907.800,00 (cinquenta e um milh\u00f5es, novecentos e sete mil e oitocentos reais).<\/p>\n\n\n\n<p>O repasse da CAPES por projeto, ser\u00e1 de at\u00e9 R$ 1.730.260,00 (um milh\u00e3o, setecentos e trinta mil\u00a0duzentos e sessenta reais), a ser transferido ao longo dos 4 (quatro) anos de dura\u00e7\u00e3o do projeto.<\/p>\n\n\n\n<p>Os projetos aprovados poder\u00e3o ser apoiados a cada ano com os seguintes valores:<\/p>\n\n\n\n<ol style=\"list-style-type:upper-roman\" class=\"wp-block-list\">\n<li>at\u00e9 R$ 10.000,00 (dez mil reais) anuais para o financiamento de custeio;<\/li>\n<\/ol>\n\n\n\n<ol start=\"2\" style=\"list-style-type:upper-roman\" class=\"wp-block-list\">\n<li>at\u00e9 R$ 50.000,00 (cinquenta mil reais) anuais para miss\u00f5es de trabalho;<\/li>\n<\/ol>\n\n\n\n<ol start=\"3\" style=\"list-style-type:upper-roman\" class=\"wp-block-list\">\n<li>at\u00e9 R$ 372.565,00 (trezentos e setenta e dois mil quinhentos e sessenta e cinco reais) anuais para\u00a0bolsas.<\/li>\n<\/ol>\n\n\n\n<hr class=\"wp-block-separator has-alpha-channel-opacity is-style-dots\"\/>\n\n\n\n<div style=\"height:25px\" aria-hidden=\"true\" class=\"wp-block-spacer\"><\/div>\n\n\n\n<div class=\"wp-block-columns is-layout-flex wp-container-core-columns-is-layout-9d6595d7 wp-block-columns-is-layout-flex\">\n<div class=\"wp-block-column is-layout-flow wp-block-column-is-layout-flow\">\n<h2 class=\"wp-block-heading has-text-align-left has-background has-medium-font-size\" id=\"cronograma\" style=\"background-color:#e8ecf5\">CRONOGRAMA<\/h2>\n\n\n\n<hr class=\"wp-block-separator has-text-color has-alpha-channel-opacity has-background is-style-wide\" style=\"background-color:#e8ecf5;color:#e8ecf5\"\/>\n\n\n\n<figure class=\"wp-block-table is-style-stripes\"><table><thead><tr><th>ATIVIDADE PREVISTA<\/th><th>PER\u00cdODO\/DATA<\/th><\/tr><\/thead><tbody><tr><td>Data-limite para solicita\u00e7\u00e3o do proponente para cadastramento de institui\u00e7\u00e3o brasileira ou estrangeira, caso esta n\u00e3o esteja cadastrada no Sistema de\u00a0Inscri\u00e7\u00f5es da CAPES.<\/td><td><s>At\u00e9 o dia 06 de maio de 2024<br>At\u00e9 o dia 27 de maio de 2024<\/s><br>At\u00e9 o dia 07 de junho de 2024<\/td><\/tr><tr><td>Inscri\u00e7\u00e3o das propostas, incluindo preenchimento do\u00a0formul\u00e1rio de inscri\u00e7\u00e3o de projetos online e envio da\u00a0documenta\u00e7\u00e3o obrigat\u00f3ria<\/td><td><s><strong>At\u00e9 \u00e0s 17h do dia 20 de maio de 2024 (hor\u00e1rio oficial de Bras\u00edlia).<br>At\u00e9 \u00e0s 17h do dia 3 de junho de 2024 (hor\u00e1rio oficial de Bras\u00edlia).<\/strong><\/s><br><strong>At\u00e9 \u00e0s 17h do dia 14 de junho de 2024 (hor\u00e1rio oficial de Bras\u00edlia).<\/strong><\/td><\/tr><tr><td>Publica\u00e7\u00e3o da rela\u00e7\u00e3o das inscri\u00e7\u00f5es recebidas<\/td><td>At\u00e9 15 (quinze) dias \u00fateis ap\u00f3s o encerramento das\u00a0inscri\u00e7\u00f5es<\/td><\/tr><tr><td>An\u00e1lise das propostas<\/td><td>At\u00e9 08 de novembro de 2024<\/td><\/tr><tr><td>Interposi\u00e7\u00e3o do recurso administrativo<\/td><td>Em at\u00e9 5 (cinco) dias \u00fateis ap\u00f3s a comunica\u00e7\u00e3o realizada\u00a0pela CAPES<\/td><\/tr><tr><td>Divulga\u00e7\u00e3o do resultado<\/td><td>At\u00e9 21 de novembro de 2024<\/td><\/tr><tr><td>In\u00edcio das atividades dos projetos<\/td><td>A partir de Janeiro de 2025<\/td><\/tr><tr><td>In\u00edcio das atividades das bolsas.<\/td><td>A partir de Mar\u00e7o de 2025<\/td><\/tr><\/tbody><\/table><\/figure>\n\n\n\n<hr class=\"wp-block-separator has-text-color has-alpha-channel-opacity has-background is-style-wide\" style=\"background-color:#e8ecf5;color:#e8ecf5\"\/>\n\n\n\n<p class=\"has-text-color has-link-color wp-elements-35347cca6bfe07bb2bf966001a1b447f\" style=\"color:#243673\"><strong><a href=\"#topo\" title=\"\">Voltar ao topo<\/a><\/strong><\/p>\n<\/div>\n<\/div>\n<\/div>\n\n\n\n<div class=\"wp-block-column is-layout-flow wp-block-column-is-layout-flow\" style=\"flex-basis:3%\"><\/div>\n<\/div>\n","protected":false},"excerpt":{"rendered":"<p>Informa\u00e7\u00f5es Gerais Cronograma INFORMA\u00c7\u00d5ES GERAIS Objetivo O presente Edital tem por objeto a sele\u00e7\u00e3o de at\u00e9 30 (trinta) projetos conjuntos de pesquisa BrasilAlemanha no \u00e2mbito do Programa PROBRAL, para fomentar a pesquisa e a forma\u00e7\u00e3o de recursos humanos de alto n\u00edvel por meio do interc\u00e2mbio cient\u00edfico e da mobilidade acad\u00eamica entre Institui\u00e7\u00f5es\u00a0de Ensino Superior (IES) [&hellip;]<\/p>\n","protected":false},"author":5,"featured_media":0,"parent":9246,"menu_order":0,"comment_status":"closed","ping_status":"closed","template":"","meta":{"footnotes":""},"class_list":["post-9209","page","type-page","status-publish","hentry"],"_links":{"self":[{"href":"https:\/\/ufpr.br\/propg\/wp-json\/wp\/v2\/pages\/9209","targetHints":{"allow":["GET"]}}],"collection":[{"href":"https:\/\/ufpr.br\/propg\/wp-json\/wp\/v2\/pages"}],"about":[{"href":"https:\/\/ufpr.br\/propg\/wp-json\/wp\/v2\/types\/page"}],"author":[{"embeddable":true,"href":"https:\/\/ufpr.br\/propg\/wp-json\/wp\/v2\/users\/5"}],"replies":[{"embeddable":true,"href":"https:\/\/ufpr.br\/propg\/wp-json\/wp\/v2\/comments?post=9209"}],"version-history":[{"count":15,"href":"https:\/\/ufpr.br\/propg\/wp-json\/wp\/v2\/pages\/9209\/revisions"}],"predecessor-version":[{"id":9227,"href":"https:\/\/ufpr.br\/propg\/wp-json\/wp\/v2\/pages\/9209\/revisions\/9227"}],"up":[{"embeddable":true,"href":"https:\/\/ufpr.br\/propg\/wp-json\/wp\/v2\/pages\/9246"}],"wp:attachment":[{"href":"https:\/\/ufpr.br\/propg\/wp-json\/wp\/v2\/media?parent=9209"}],"curies":[{"name":"wp","href":"https:\/\/api.w.org\/{rel}","templated":true}]}}