{"id":9178,"date":"2025-07-24T09:25:36","date_gmt":"2025-07-24T12:25:36","guid":{"rendered":"https:\/\/ufpr.br\/?page=9178"},"modified":"2026-01-21T14:53:52","modified_gmt":"2026-01-21T17:53:52","slug":"editais-chamadas-encerrados","status":"publish","type":"page","link":"https:\/\/ufpr.br\/propg\/siprop\/editais-e-oportunidades\/editais-chamadas-encerrados\/","title":{"rendered":"Editais\/Chamadas Encerrados(as)"},"content":{"rendered":"\n<div style=\"height:50px\" aria-hidden=\"true\" class=\"wp-block-spacer\"><\/div>\n\n\n\n<div class=\"wp-block-columns is-layout-flex wp-container-core-columns-is-layout-9d6595d7 wp-block-columns-is-layout-flex\">\n<div class=\"wp-block-column is-layout-flow wp-block-column-is-layout-flow\" style=\"flex-basis:15%\">\n<div style=\"height:25px\" aria-hidden=\"true\" class=\"wp-block-spacer\"><\/div>\n\n\n<div class=\"wp-block-image\">\n<figure class=\"aligncenter size-full is-resized\" id=\"topo\"><img decoding=\"async\" src=\"https:\/\/ufpr.br\/propg\/wp-content\/uploads\/2025\/07\/Icone_DocumentosArquivados_Rosa.png\" alt=\"\" class=\"wp-image-16957\" style=\"width:100px\"\/><\/figure><\/div><\/div>\n\n\n\n<div class=\"wp-block-column is-layout-flow wp-block-column-is-layout-flow\" style=\"flex-basis:1%\"><\/div>\n\n\n\n<div class=\"wp-block-column is-layout-flow wp-block-column-is-layout-flow\" style=\"flex-basis:69%\">\n<details class=\"wp-block-details is-layout-flow wp-block-details-is-layout-flow\"><summary>Programa Doutorado Sandu\u00edche no Exterior (PDSE\/CAPES)<\/summary>\n<ul class=\"wp-block-list\">\n<li><a href=\"https:\/\/ufpr.br\/propg\/siprop\/editais-e-oportunidades\/programa-de-doutorado-sanduiche-no-exterior-pdse-edital-26-2024-capes\/\">Edital 14\/2024 UFPR\/PRPPG\/SIPPG<\/a> &#8211; Programa de Doutorado Sandu\u00edche no Exterior (PDSE) \u2013 Edital 26\/2024 CAPES<\/li>\n<\/ul>\n\n\n\n<ul class=\"wp-block-list\">\n<li><a href=\"https:\/\/ufpr.br\/propg\/siprop\/editais-e-oportunidades\/edital-prppg-sba-no-03-2024-pdse\/\">Edital PRPPG\/SBA n\u00ba 03\/2024 \u2013 PDSE<\/a> \u2013 Programa Doutorado Sandu\u00edche no Exterior \u2013 CAPES &#8211; <strong>Sa\u00edda 2\u00ba semestre 2024<\/strong><\/li>\n<\/ul>\n\n\n\n<ul class=\"wp-block-list\">\n<li><a href=\"https:\/\/ufpr.br\/propg\/siprop\/editais-e-oportunidades\/pdse-2023-saida2024\/\">Edital 10\/2023-PRPPG\/SBA- PDSE<\/a> &#8211; Programa Doutorado Sanduiche no Exterior \u2013 PDSE\/CAPES &#8211; <strong>Sa\u00edda 2024<\/strong>.<\/li>\n<\/ul>\n\n\n\n<ul class=\"wp-block-list\">\n<li><a href=\"https:\/\/ufpr.br\/propg\/siprop\/editais-e-oportunidades\/pdse-2023\/\">Edital CAPES PDSE n\u00ba 44\/2022 PDSE<\/a> \u2013 Programa Doutorado Sandu\u00edche no Exterior \u2013 CAPES &#8211; <strong>Sa\u00edda 2023<\/strong><\/li>\n<\/ul>\n\n\n\n<ul class=\"wp-block-list\">\n<li><a href=\"https:\/\/ufpr.br\/propg\/siprop\/editais-e-oportunidades\/programa-doutorado-sanduiche-no-exterior-pdse-2022-capes\/\">Edital CAPES PDSE n\u00ba 10\/2022<\/a> &#8211; Programa Doutorado Sandu\u00edche no Exterior (PDSE) 2022-Capes<\/li>\n<\/ul>\n\n\n\n<ul class=\"wp-block-list\">\n<li><a href=\"https:\/\/ufpr.br\/propg\/siprop\/editais-e-oportunidades\/programa-doutorado-sanduiche-no-exterior-pdse-2020-capes\/\">Edital CAPES PDSE n\u00ba 19\/2020<\/a> &#8211; Programa Doutorado Sandu\u00edche no Exterior (PDSE) 2020<\/li>\n<\/ul>\n\n\n\n<ul class=\"wp-block-list\">\n<li><a href=\"https:\/\/ufpr.br\/propg\/siprop\/editais-e-oportunidades\/programa-doutorado-sanduiche-no-exterior-pdse-2019-capes\/\">Edital CAPES PDSE n\u00ba 41\/2018<\/a> &#8211; Programa Doutorado Sandu\u00edche no Exterior (PDSE) &#8211; Sa\u00edda 2019<\/li>\n<\/ul>\n\n\n\n<hr class=\"wp-block-separator has-alpha-channel-opacity is-style-dots\"\/>\n<\/details>\n\n\n\n<details class=\"wp-block-details is-layout-flow wp-block-details-is-layout-flow\"><summary>Programa Capes-Print (2019-2024)<\/summary>\n<p>No \u00e2mbito da internacionaliza\u00e7\u00e3o da P\u00f3s-Gradua\u00e7\u00e3o, o Programa CAPES-PRINT (encerrado em 31\/10\/2024) representou um grande avan\u00e7o na UFPR, tendo em vista sua grandiosidade, tanto no que diz respeito ao valor executado para pagamento de bolsas, miss\u00f5es de trabalho e manuten\u00e7\u00e3o de projetos, quanto no que se refere \u00e0 abrang\u00eancia do Programa na UFPR, envolvendo 40 Programas de P\u00f3s-Gradua\u00e7\u00e3o, reunidos em 16 projetos de 5 \u00e1reas tem\u00e1ticas. A administra\u00e7\u00e3o interna contou com 16 coordenadores, um de cada projeto tem\u00e1tico, um Comit\u00ea Gestor, liderado pelo Pr\u00f3-Reitor de Pesquisa e P\u00f3s-Gradua\u00e7\u00e3o, e duas servidoras t\u00e9cnico administrativas.<\/p>\n\n\n\n<p><a href=\"https:\/\/www.prppg.ufpr.br\/site\/print\/pb\/\" target=\"_blank\" rel=\"noreferrer noopener\">Acesse o site do PRINT na UFPR<\/a><\/p>\n\n\n\n<hr class=\"wp-block-separator has-alpha-channel-opacity is-style-dots\"\/>\n<\/details>\n\n\n\n<details class=\"wp-block-details is-layout-flow wp-block-details-is-layout-flow\"><summary>Programa Capes\/C\u00e1tedra Brasil da Universidade de Munster<\/summary>\n<p><a href=\"https:\/\/www.gov.br\/capes\/pt-br\/acesso-a-informacao\/acoes-e-programas\/bolsas\/bolsas-e-auxilios-internacionais\/encontre-aqui\/paises\/alemanha\/catedra-munster\" target=\"_blank\" rel=\"noreferrer noopener\">P\u00e1gina de acesso ao Edital no site da Capes<\/a><\/p>\n\n\n\n<p>Inscri\u00e7\u00f5es:<\/p>\n\n\n\n<ul class=\"wp-block-list\">\n<li><strong>Chamada 1<\/strong>: encerradas<\/li>\n<\/ul>\n\n\n\n<ul class=\"wp-block-list\">\n<li><strong>Chamada 2<\/strong>&nbsp;(Modelling Infection Disease Dynamics for Epidemiologic Management):&nbsp;<strong>de 01\/08\/2025 a 31\/10\/2025<\/strong><\/li>\n<\/ul>\n\n\n\n<hr class=\"wp-block-separator has-alpha-channel-opacity is-style-dots\"\/>\n<\/details>\n\n\n\n<details class=\"wp-block-details is-layout-flow wp-block-details-is-layout-flow\"><summary>Programa Move La America \u2013 Edital n\u00ba 07\/2024 Capes<\/summary>\n<p>O Programa conceder\u00e1 bolsas para estudantes de Mestrado ou Doutorado vinculados a institui\u00e7\u00f5es de ensino e pesquisa estrangeiras da Am\u00e9rica Latina e Caribe, nas modalidades mestrado e doutorado sandu\u00edche no Brasil com vistas a realizarem est\u00e1gio, pesquisas, atividades de extens\u00e3o e, eventualmente, cursarem disciplinas em Programas de P\u00f3s-Gradua\u00e7\u00e3o (PPG) de Institui\u00e7\u00f5es de Ensino Superior (IES) brasileiras, Institutos Federais ou Institutos de Pesquisa, sempre em \u00e1reas relacionadas \u00e0 sua \u00e1rea de atua\u00e7\u00e3o.<\/p>\n\n\n\n<p><a href=\"https:\/\/www.gov.br\/capes\/pt-br\/acesso-a-informacao\/acoes-e-programas\/bolsas\/bolsas-e-auxilios-internacionais\/encontre-aqui\/paises\/multinacional\/programa-move-la-america\" target=\"_blank\" rel=\"noreferrer noopener\">P\u00e1gina da Capes do Programa Move La America<\/a><\/p>\n\n\n\n<p>Implementa\u00e7\u00e3o das bolsas: 1\u00ba semestre de 2025<\/p>\n\n\n\n<hr class=\"wp-block-separator has-alpha-channel-opacity is-style-dots\"\/>\n<\/details>\n\n\n\n<details class=\"wp-block-details is-layout-flow wp-block-details-is-layout-flow\"><summary>CNPq\/TWAS CALL N\u00ba 45\/2024<\/summary>\n<p>TWAS\/CNPq Post Graduate Fellowship Programme<\/p>\n\n\n\n<p><a href=\"http:\/\/memoria2.cnpq.br\/web\/guest\/chamadas-publicas?p_p_id=resultadosportlet_WAR_resultadoscnpqportlet_INSTANCE_0ZaM&amp;filtro=encerradas&amp;detalha=chamadaDivulgada&amp;idDivulgacao=12585\" target=\"_blank\" rel=\"noreferrer noopener\">Informa\u00e7\u00f5es sobre a chamada na p\u00e1gina do CNPq<\/a><\/p>\n\n\n\n<hr class=\"wp-block-separator has-alpha-channel-opacity is-style-dots\"\/>\n<\/details>\n\n\n\n<details class=\"wp-block-details is-layout-flow wp-block-details-is-layout-flow\"><summary>MCTI\/CNPq\/CISB\/SAAB AB n\u00ba 47\/2024<\/summary>\n<p>Sele\u00e7\u00e3o de candidatos para desenvolver parte de suas pesquisas doutorais ou projeto de p\u00f3s-doutorado na Su\u00e9cia em \u00e1reas definidas consensualmente entre o CNPq, o CISB e a SAAB AB<\/p>\n\n\n\n<p>Mais informa\u00e7\u00f5es:&nbsp;<a href=\"http:\/\/memoria2.cnpq.br\/web\/guest\/chamadas-publicas?p_p_id=resultadosportlet_WAR_resultadoscnpqportlet_INSTANCE_0ZaM&amp;filtro=abertas&amp;detalha=chamadaDivulgada&amp;idDivulgacao=12745\" target=\"_blank\" rel=\"noreferrer noopener\">CNPq 47\/2024<\/a><\/p>\n\n\n\n<hr class=\"wp-block-separator has-alpha-channel-opacity is-style-dots\"\/>\n<\/details>\n\n\n\n<details class=\"wp-block-details is-layout-flow wp-block-details-is-layout-flow\"><summary>C\u00e1tedras Fulbright de Estudos BrasIl-EUA<\/summary>\n<p><a href=\"https:\/\/fulbright.org.br\/special-project\/catedra-comissao-fulbright-de-estudos-brasil-eua\/\" target=\"_blank\" rel=\"noreferrer noopener\">P\u00e1gina de acesso ao site da Chamada<\/a><\/p>\n\n\n\n<p><a href=\"https:\/\/ufpr.br\/propg\/wp-content\/uploads\/2025\/07\/convite_catedra_fulbright_01_2024-1.pdf\" target=\"_blank\" rel=\"noreferrer noopener\">Convite 01\/2024 (Chamada interna)<\/a><\/p>\n\n\n\n<hr class=\"wp-block-separator has-alpha-channel-opacity is-style-dots\"\/>\n<\/details>\n\n\n\n<details class=\"wp-block-details is-layout-flow wp-block-details-is-layout-flow\"><summary>Professores visitantes no Instituto Polit\u00e9cnico de Bragan\u00e7a \u2013 Edital 25\/26<\/summary>\n<p>O professor visitante dever\u00e1 permanecer no IPB durante um dos seguintes per\u00edodos:<\/p>\n\n\n\n<ul class=\"wp-block-list\">\n<li><strong>1\u00ba semestre 2025\/2026&nbsp;<\/strong>(in\u00edcio a 08\/09\/2025, t\u00e9rmino a 08\/02\/2026)<\/li>\n<\/ul>\n\n\n\n<ul class=\"wp-block-list\">\n<li><strong>2\u00ba semestre 2025\/2026&nbsp;<\/strong>(in\u00edcio a 15\/02\/2026, t\u00e9rmino a 15\/07\/2026)<\/li>\n<\/ul>\n\n\n\n<p>Mais informa\u00e7\u00f5es no site:&nbsp;<a href=\"https:\/\/inqueritos.ipb.pt\/?r=survey\/index\/sid\/216474\" target=\"_blank\" rel=\"noreferrer noopener\">https:\/\/inqueritos.ipb.pt\/?r=survey\/index\/sid\/216474<\/a><\/p>\n\n\n\n<hr class=\"wp-block-separator has-alpha-channel-opacity is-style-dots\"\/>\n<\/details>\n\n\n\n<details class=\"wp-block-details is-layout-flow wp-block-details-is-layout-flow\"><summary>Programas CAPES\/MATH\/STIC\/CLIMAT-AMSUD (Edital n\u00b0 05\/2024 Capes)<\/summary>\n<p><a href=\"https:\/\/www.gov.br\/capes\/pt-br\/acesso-a-informacao\/acoes-e-programas\/bolsas\/bolsas-e-auxilios-internacionais\/encontre-aqui\/paises\/multinacional\/programa-stic-amsud-capes\" target=\"_blank\" rel=\"noreferrer noopener\">P\u00e1gina de acesso ao Edital no site da Capes<\/a><\/p>\n\n\n\n<p>Divulga\u00e7\u00e3o dos resultados: 20\/12\/2024<\/p>\n\n\n\n<hr class=\"wp-block-separator has-alpha-channel-opacity is-style-dots\"\/>\n<\/details>\n\n\n\n<details class=\"wp-block-details is-layout-flow wp-block-details-is-layout-flow\"><summary>Programa Capes\/Cofecub (Edital n\u00ba 08\/2024 Capes)<\/summary>\n<p><a href=\"https:\/\/www.gov.br\/capes\/pt-br\/acesso-a-informacao\/acoes-e-programas\/bolsas\/bolsas-e-auxilios-internacionais\/encontre-aqui\/paises\/franca\/cofecub\" target=\"_blank\" rel=\"noreferrer noopener\">P\u00e1gina de acesso ao Edital no site da Capes<\/a><\/p>\n\n\n\n<p>Divulga\u00e7\u00e3o dos resultados: 20\/12\/2024<\/p>\n\n\n\n<hr class=\"wp-block-separator has-alpha-channel-opacity is-style-dots\"\/>\n<\/details>\n\n\n\n<details class=\"wp-block-details is-layout-flow wp-block-details-is-layout-flow\"><summary>Water for Circular Economy 2024<\/summary>\n<p><strong>Link para acesso \u00e0 chamada<\/strong>:&nbsp;<a href=\"https:\/\/www.water4all-partnership.eu\/joint-activities\/water4all-2024-joint-transnational-call\" target=\"_blank\" rel=\"noreferrer noopener\">https:\/\/www.water4all-partnership.eu\/joint-activities\/water4all-2024-joint-transnational-call<\/a><\/p>\n\n\n\n<hr class=\"wp-block-separator has-alpha-channel-opacity is-style-dots\"\/>\n<\/details>\n\n\n\n<details class=\"wp-block-details is-layout-flow wp-block-details-is-layout-flow\"><summary>BiodivTransform 2024-2025<\/summary>\n<p>Link para acesso \u00e0 chamada:&nbsp;<a href=\"https:\/\/www.biodiversa.eu\/2024\/06\/11\/2024-2025-joint-call\/\" target=\"_blank\" rel=\"noreferrer noopener\">https:\/\/www.biodiversa.eu\/2024\/06\/11\/2024-2025-joint-call\/<\/a><\/p>\n\n\n\n<hr class=\"wp-block-separator has-alpha-channel-opacity is-style-dots\"\/>\n<\/details>\n\n\n\n<details class=\"wp-block-details is-layout-flow wp-block-details-is-layout-flow\"><summary>Programa CAPES\/AUGM<\/summary>\n<p><a href=\"https:\/\/www.gov.br\/capes\/pt-br\/acesso-a-informacao\/acoes-e-programas\/bolsas\/bolsas-e-auxilios-internacionais\/encontre-aqui\/paises\/multinacional\/programa-capes-augm\" target=\"_blank\" rel=\"noreferrer noopener\">P\u00e1gina da Capes do Programa CAPES\/AUGM<\/a><\/p>\n\n\n\n<p>Divulga\u00e7\u00e3o dos resultados: mar\u00e7o\/2025<\/p>\n\n\n\n<hr class=\"wp-block-separator has-alpha-channel-opacity is-style-dots\"\/>\n<\/details>\n\n\n\n<details class=\"wp-block-details is-layout-flow wp-block-details-is-layout-flow\"><summary>Chamada P\u00fablica MCTDI\/CNPq n\u00ba 16\/2024 (Apoio a Projetos Internacionais de Pesquisa Cient\u00edfica, Tecnol\u00f3gica e de Inova\u00e7\u00e3o)<\/summary>\n<p><a href=\"http:\/\/memoria2.cnpq.br\/web\/guest\/chamadas-publicas?p_p_id=resultadosportlet_WAR_resultadoscnpqportlet_INSTANCE_0ZaM&amp;filtro=abertas&amp;detalha=chamadaDivulgada&amp;idDivulgacao=12085\" target=\"_blank\" rel=\"noreferrer noopener\">P\u00e1gina de acesso \u00e0 chamada no site do CNPq<\/a><\/p>\n\n\n\n<hr class=\"wp-block-separator has-alpha-channel-opacity is-style-dots\"\/>\n<\/details>\n\n\n\n<details class=\"wp-block-details is-layout-flow wp-block-details-is-layout-flow\"><summary>Programa Capes-Fulbright de Doutorado Pleno nos Estados Unidos da Am\u00e9rica (EUA) 2024<\/summary>\n<p><a href=\"https:\/\/www.gov.br\/capes\/pt-br\/acesso-a-informacao\/acoes-e-programas\/bolsas\/bolsas-e-auxilios-internacionais\/encontre-aqui\/paises\/estados-unidos\/programa-capes-fulbright-de-doutorado-pleno-nos-eua\" target=\"_blank\" rel=\"noreferrer noopener\">P\u00e1gina da acesso ao Edital no site da Capes<\/a><\/p>\n\n\n\n<hr class=\"wp-block-separator has-alpha-channel-opacity is-style-dots\"\/>\n<\/details>\n\n\n\n<details class=\"wp-block-details is-layout-flow wp-block-details-is-layout-flow\"><summary>Pr\u00e9mio Cient\u00edfico M\u00e1rio Quartin Gra\u00e7a 2024<\/summary>\n<p><a href=\"https:\/\/casamericalatina.pt\/premios\/premio-cientifico\/\" target=\"_blank\" rel=\"noreferrer noopener\">P\u00e1gina de acesso \u00e0 chamada<\/a><\/p>\n\n\n\n<hr class=\"wp-block-separator has-alpha-channel-opacity is-style-dots\"\/>\n<\/details>\n\n\n\n<details class=\"wp-block-details is-layout-flow wp-block-details-is-layout-flow\"><summary>Programa de aux\u00edlio na Alemanha para doutorandos com bolsa nacional (DAAD) 2024<\/summary>\n<p>Link da p\u00e1gina do DAAD em portugu\u00eas:&nbsp;<a href=\"https:\/\/www.daad.org.br\/pt\/2024\/08\/29\/programa-de-auxilio-para-doutorandos-na-alemanha\/\" target=\"_blank\" rel=\"noreferrer noopener\">https:\/\/www.daad.org.br\/pt\/2024\/08\/29\/programa-de-auxilio-para-doutorandos-na-alemanha\/<\/a><\/p>\n\n\n\n<hr class=\"wp-block-separator has-alpha-channel-opacity is-style-dots\"\/>\n<\/details>\n\n\n\n<details class=\"wp-block-details is-layout-flow wp-block-details-is-layout-flow\"><summary>Programa Capes\/DAAD \u2013 Probral (Edital m\u00ba 09\/2024 Capes)<\/summary>\n<p><a href=\"https:\/\/ufpr.br\/propg\/siprop\/programa-capes-daad-probral-edital-no-09-2024\/\">P\u00e1gina de acesso ao Edital no site da Capes<\/a><\/p>\n\n\n\n<hr class=\"wp-block-separator has-alpha-channel-opacity is-style-dots\"\/>\n<\/details>\n\n\n\n<details class=\"wp-block-details is-layout-flow wp-block-details-is-layout-flow\"><summary>Global Science and Technology Diplomacy Fund \u2013 Strategic Element (GSTDF-SE)<\/summary>\n<p><a href=\"https:\/\/www.glodip.org.au\/\" target=\"_blank\" rel=\"noreferrer noopener\">P\u00e1gina de acesso \u00e0 Chamada<\/a><\/p>\n\n\n\n<hr class=\"wp-block-separator has-alpha-channel-opacity is-style-dots\"\/>\n<\/details>\n\n\n\n<details class=\"wp-block-details is-layout-flow wp-block-details-is-layout-flow\"><summary>University of Macerata Visiting Professor Program<\/summary>\n<p><strong>Link para acesso \u00e0 Chamada:<\/strong> <a href=\"https:\/\/www.unimc.it\/it\/internazionale\/visiting-faculty\/bando_visiting_2025_26_vii_ed_eng_rev-signed.pdf\" target=\"_blank\" rel=\"noreferrer noopener\">https:\/\/www.unimc.it\/it\/internazionale\/visiting-faculty\/bando_visiting_2025_26_vii_ed_eng_rev-signed.pdf<\/a><\/p>\n\n\n\n<hr class=\"wp-block-separator has-alpha-channel-opacity is-style-dots\"\/>\n<\/details>\n\n\n\n<div style=\"height:25px\" aria-hidden=\"true\" class=\"wp-block-spacer\"><\/div>\n\n\n\n<p class=\"has-text-color has-link-color wp-elements-16631d866001ae142cbdd3786f7ccd26\" style=\"color:#243673\"><strong><a title=\"\" href=\"#topo\">Voltar ao topo<\/a><\/strong><\/p>\n<\/div>\n\n\n\n<div class=\"wp-block-column is-layout-flow wp-block-column-is-layout-flow\" style=\"flex-basis:10%\"><\/div>\n<\/div>\n","protected":false},"excerpt":{"rendered":"<p>Voltar ao topo<\/p>\n","protected":false},"author":5,"featured_media":0,"parent":9246,"menu_order":0,"comment_status":"closed","ping_status":"closed","template":"","meta":{"footnotes":""},"class_list":["post-9178","page","type-page","status-publish","hentry"],"_links":{"self":[{"href":"https:\/\/ufpr.br\/propg\/wp-json\/wp\/v2\/pages\/9178","targetHints":{"allow":["GET"]}}],"collection":[{"href":"https:\/\/ufpr.br\/propg\/wp-json\/wp\/v2\/pages"}],"about":[{"href":"https:\/\/ufpr.br\/propg\/wp-json\/wp\/v2\/types\/page"}],"author":[{"embeddable":true,"href":"https:\/\/ufpr.br\/propg\/wp-json\/wp\/v2\/users\/5"}],"replies":[{"embeddable":true,"href":"https:\/\/ufpr.br\/propg\/wp-json\/wp\/v2\/comments?post=9178"}],"version-history":[{"count":61,"href":"https:\/\/ufpr.br\/propg\/wp-json\/wp\/v2\/pages\/9178\/revisions"}],"predecessor-version":[{"id":49104,"href":"https:\/\/ufpr.br\/propg\/wp-json\/wp\/v2\/pages\/9178\/revisions\/49104"}],"up":[{"embeddable":true,"href":"https:\/\/ufpr.br\/propg\/wp-json\/wp\/v2\/pages\/9246"}],"wp:attachment":[{"href":"https:\/\/ufpr.br\/propg\/wp-json\/wp\/v2\/media?parent=9178"}],"curies":[{"name":"wp","href":"https:\/\/api.w.org\/{rel}","templated":true}]}}