{"id":9117,"date":"2025-07-23T21:49:50","date_gmt":"2025-07-24T00:49:50","guid":{"rendered":"https:\/\/ufpr.br\/?page=9117"},"modified":"2025-07-24T15:31:04","modified_gmt":"2025-07-24T18:31:04","slug":"programa-de-doutorado-sanduiche-no-exterior-pdse-edital-26-2024-capes","status":"publish","type":"page","link":"https:\/\/ufpr.br\/propg\/siprop\/editais-e-oportunidades\/programa-de-doutorado-sanduiche-no-exterior-pdse-edital-26-2024-capes\/","title":{"rendered":"Programa de Doutorado Sandu\u00edche no Exterior (PDSE) \u2013 Edital 26\/2024 Capes"},"content":{"rendered":"\n<div style=\"height:50px\" aria-hidden=\"true\" class=\"wp-block-spacer\"><\/div>\n\n\n\n<div class=\"wp-block-columns is-layout-flex wp-container-core-columns-is-layout-9d6595d7 wp-block-columns-is-layout-flex\">\n<div class=\"wp-block-column is-layout-flow wp-block-column-is-layout-flow\" style=\"flex-basis:35%\">\n<div class=\"wp-block-columns is-layout-flex wp-container-core-columns-is-layout-9d6595d7 wp-block-columns-is-layout-flex\">\n<div class=\"wp-block-column is-layout-flow wp-block-column-is-layout-flow\">\n<div class=\"wp-block-columns is-layout-flex wp-container-core-columns-is-layout-9d6595d7 wp-block-columns-is-layout-flex\">\n<div class=\"wp-block-column has-background is-layout-flow wp-block-column-is-layout-flow\" style=\"background-color:#e8ecf5\" id=\"topo\">\n<div style=\"height:30px\" aria-hidden=\"true\" class=\"wp-block-spacer\"><\/div>\n\n\n\n<div class=\"wp-block-columns is-not-stacked-on-mobile is-layout-flex wp-container-core-columns-is-layout-9d6595d7 wp-block-columns-is-layout-flex\">\n<div class=\"wp-block-column is-layout-flow wp-block-column-is-layout-flow\" style=\"flex-basis:1px\"><\/div>\n\n\n\n<div class=\"wp-block-column has-white-background-color has-text-color has-background has-link-color wp-elements-a32df32468a7914c5735c10c7a0c0e4e is-layout-flow wp-block-column-is-layout-flow\" style=\"color:#003c71\">\n<div style=\"height:20px\" aria-hidden=\"true\" class=\"wp-block-spacer\"><\/div>\n\n\n<div class=\"wp-block-image is-style-default\">\n<figure class=\"aligncenter size-full is-resized\" id=\"topo\"><a href=\"#informacoes-gerais\"><img decoding=\"async\" src=\"https:\/\/ufpr.br\/propg\/wp-content\/uploads\/2025\/06\/Icone_AcessoInformacao_Rosa.png\" alt=\"\" class=\"wp-image-6157\" style=\"object-fit:cover;width:70px;height:70px\"\/><\/a><\/figure><\/div>\n\n\n<p class=\"has-text-align-center has-text-color has-link-color wp-elements-3618939476bc5a9fd3dbcf838023a6d9\" style=\"color:#243673;font-size:14px\"><strong><a href=\"#informacoes-gerais\">Informa\u00e7\u00f5es <\/a><\/strong><br><strong><a href=\"#informacoes-gerais\">Gerais<\/a><\/strong><\/p>\n<\/div>\n\n\n\n<div class=\"wp-block-column has-white-background-color has-text-color has-background has-link-color wp-elements-4b5fcc492403d95d81a7a6ad20d53763 is-layout-flow wp-block-column-is-layout-flow\" style=\"color:#003c71\">\n<div style=\"height:20px\" aria-hidden=\"true\" class=\"wp-block-spacer\"><\/div>\n\n\n<div class=\"wp-block-image is-style-default\">\n<figure class=\"aligncenter size-full is-resized\"><a href=\"#cronograma\"><img decoding=\"async\" src=\"https:\/\/ufpr.br\/propg\/wp-content\/uploads\/2025\/06\/Icone_Calendario_Rosa.png\" alt=\"\" class=\"wp-image-7934\" style=\"width:70px\"\/><\/a><\/figure><\/div>\n\n\n<p class=\"has-text-align-center has-text-color has-link-color wp-elements-fbfdd755219837def2b617fc301dda4e\" style=\"color:#243673;font-size:14px\"><strong><a href=\"#cronograma\">Cronograma<\/a><\/strong><\/p>\n<\/div>\n\n\n\n<div class=\"wp-block-column is-layout-flow wp-block-column-is-layout-flow\" style=\"flex-basis:1px\"><\/div>\n<\/div>\n\n\n\n<hr class=\"wp-block-separator has-text-color has-white-color has-alpha-channel-opacity has-white-background-color has-background is-style-wide\"\/>\n<\/div>\n<\/div>\n<\/div>\n<\/div>\n<\/div>\n\n\n\n<div class=\"wp-block-column is-layout-flow wp-block-column-is-layout-flow\" style=\"flex-basis:62%\">\n<div class=\"wp-block-columns is-layout-flex wp-container-core-columns-is-layout-9d6595d7 wp-block-columns-is-layout-flex\">\n<div class=\"wp-block-column is-layout-flow wp-block-column-is-layout-flow\">\n<h2 class=\"wp-block-heading has-text-align-left has-background has-medium-font-size\" id=\"informacoes-gerais\" style=\"background-color:#e8ecf5\">INFORMA\u00c7\u00d5ES GERAIS<\/h2>\n\n\n\n<hr class=\"wp-block-separator has-text-color has-alpha-channel-opacity has-background is-style-wide\" style=\"background-color:#e8ecf5;color:#e8ecf5\"\/>\n\n\n\n<ul class=\"wp-block-list\">\n<li><a href=\"https:\/\/ufpr.br\/propg\/wp-content\/uploads\/2025\/07\/sei_7164790_edital_14_2024-1.pdf\" target=\"_blank\" rel=\"noreferrer noopener\">Edital&nbsp;14\/2024 \u2013 UFPR\/PRPPG\/SIPPG<\/a><\/li>\n<\/ul>\n\n\n\n<ul class=\"wp-block-list\">\n<li>Objetivo: Estabelecer os procedimentos para a&nbsp;<em>indica\u00e7\u00e3o de candidatos para as bolsas de Doutorado Sandu\u00edche no Exterior<\/em>&nbsp;referentes ao&nbsp;<a href=\"https:\/\/www.gov.br\/capes\/pt-br\/acesso-a-informacao\/acoes-e-programas\/bolsas\/bolsas-e-auxilios-internacionais\/encontre-aqui\/paises\/multinacional\/programa-de-doutorado-sanduiche-no-exterior-pdse\" target=\"_blank\" rel=\"noreferrer noopener\">Edital 26\/2024 \u2013 CAPES\/PDSE<\/a>, no \u00e2mbito dos Programas de P\u00f3s-Gradua\u00e7\u00e3o da UFPR.<\/li>\n<\/ul>\n\n\n\n<ul class=\"wp-block-list\">\n<li><a href=\"https:\/\/ufpr.br\/propg\/wp-content\/uploads\/2025\/07\/sei_7166637_anexo_s_.pdf\" target=\"_blank\" rel=\"noreferrer noopener\">Anexo I<\/a>&nbsp;\u2013 Instru\u00e7\u00e3o Processual<\/li>\n<\/ul>\n\n\n\n<ul class=\"wp-block-list\">\n<li><a href=\"https:\/\/ufpr.br\/propg\/wp-content\/uploads\/2025\/07\/sei_7185963_informacao_19.pdf\" target=\"_blank\" rel=\"noreferrer noopener\">Informa\u00e7\u00e3o 19<\/a>&nbsp;\u2013 PPGs que enquadram nos crit\u00e9rios<\/li>\n<\/ul>\n\n\n\n<ul class=\"wp-block-list\">\n<li><a href=\"https:\/\/ufpr.br\/propg\/wp-content\/uploads\/2025\/07\/sei_7427629_edital_01_2025.pdf\" target=\"_blank\" rel=\"noreferrer noopener\">Edital 01\/2025<\/a>&nbsp;\u2013 Resultados Parciais&nbsp;(publicado em 20\/01\/2025 \u00e0s 14h30)<\/li>\n<\/ul>\n\n\n\n<ul class=\"wp-block-list\">\n<li><a href=\"https:\/\/ufpr.br\/propg\/wp-content\/uploads\/2025\/07\/sei_ufpr-7611609-edital2.pdf\" target=\"_blank\" rel=\"noreferrer noopener\">Edital 02\/2025<\/a> \u2013&nbsp;Resultados Finais&nbsp;(retificado, publicado em 25\/03\/2025 \u00e0s 16h10)<\/li>\n<\/ul>\n\n\n\n<ul class=\"wp-block-list\">\n<li><s><a href=\"https:\/\/ufpr.br\/propg\/wp-content\/uploads\/2025\/07\/edital_02_2025_resultados-finais.pdf\" target=\"_blank\" rel=\"noreferrer noopener\">Edital 02\/2025<\/a>&nbsp;\u2013 Resultados Finais (publicado em 30\/01\/2025 \u00e0s 16h30)<\/s><\/li>\n<\/ul>\n\n\n\n<ul class=\"wp-block-list\">\n<li><a href=\"https:\/\/ufpr.br\/propg\/wp-content\/uploads\/2025\/07\/sei_7647798_informacao_2.pdf\" target=\"_blank\" rel=\"noreferrer noopener\">Informa\u00e7\u00e3o 2<\/a>&nbsp;\u2013 Rela\u00e7\u00e3o das inscri\u00e7\u00f5es homologadas no SICAPES&nbsp;(publicado em 02\/04\/2025 \u00e0s 10h)<\/li>\n<\/ul>\n\n\n\n<ul class=\"wp-block-list\">\n<li><a href=\"https:\/\/www.gov.br\/capes\/pt-br\/centrais-de-conteudo\/resultados-dos-editais\/29042025_Lista_Listagem_2587896_Lista_de_homologados_PDSE_26_2024.pdf\" target=\"_blank\" rel=\"noreferrer noopener\">Lista de inscri\u00e7\u00f5es homologadas pela CAPES&nbsp;<\/a>(publicado em 05\/05\/2025 \u00e0s 17h15)<\/li>\n<\/ul>\n<\/div>\n<\/div>\n\n\n\n<hr class=\"wp-block-separator has-alpha-channel-opacity is-style-dots\"\/>\n\n\n\n<div style=\"height:25px\" aria-hidden=\"true\" class=\"wp-block-spacer\"><\/div>\n\n\n\n<div class=\"wp-block-columns is-layout-flex wp-container-core-columns-is-layout-9d6595d7 wp-block-columns-is-layout-flex\">\n<div class=\"wp-block-column is-layout-flow wp-block-column-is-layout-flow\">\n<h2 class=\"wp-block-heading has-text-align-left has-background has-medium-font-size\" id=\"cronograma\" style=\"background-color:#e8ecf5\">CRONOGRAMA<\/h2>\n\n\n\n<hr class=\"wp-block-separator has-text-color has-alpha-channel-opacity has-background is-style-wide\" style=\"background-color:#e8ecf5;color:#e8ecf5\"\/>\n\n\n<div class=\"wp-block-image\">\n<figure class=\"aligncenter size-full\"><a href=\"https:\/\/ufpr.br\/propg\/wp-content\/uploads\/2025\/07\/cronograma.png\" target=\"_blank\" rel=\" noreferrer noopener\"><img decoding=\"async\" src=\"https:\/\/ufpr.br\/propg\/wp-content\/uploads\/2025\/07\/cronograma.png\" alt=\"\" class=\"wp-image-16833\"\/><\/a><\/figure><\/div>\n\n\n<hr class=\"wp-block-separator has-text-color has-alpha-channel-opacity has-background is-style-wide\" style=\"background-color:#e8ecf5;color:#e8ecf5\"\/>\n\n\n\n<p class=\"has-text-color has-link-color wp-elements-35347cca6bfe07bb2bf966001a1b447f\" style=\"color:#243673\"><strong><a href=\"#topo\" title=\"\">Voltar ao topo<\/a><\/strong><\/p>\n<\/div>\n<\/div>\n<\/div>\n\n\n\n<div class=\"wp-block-column is-layout-flow wp-block-column-is-layout-flow\" style=\"flex-basis:3%\"><\/div>\n<\/div>\n","protected":false},"excerpt":{"rendered":"<p>Informa\u00e7\u00f5es Gerais Cronograma INFORMA\u00c7\u00d5ES GERAIS CRONOGRAMA Voltar ao topo<\/p>\n","protected":false},"author":5,"featured_media":0,"parent":9246,"menu_order":0,"comment_status":"closed","ping_status":"closed","template":"","meta":{"footnotes":""},"class_list":["post-9117","page","type-page","status-publish","hentry"],"_links":{"self":[{"href":"https:\/\/ufpr.br\/propg\/wp-json\/wp\/v2\/pages\/9117","targetHints":{"allow":["GET"]}}],"collection":[{"href":"https:\/\/ufpr.br\/propg\/wp-json\/wp\/v2\/pages"}],"about":[{"href":"https:\/\/ufpr.br\/propg\/wp-json\/wp\/v2\/types\/page"}],"author":[{"embeddable":true,"href":"https:\/\/ufpr.br\/propg\/wp-json\/wp\/v2\/users\/5"}],"replies":[{"embeddable":true,"href":"https:\/\/ufpr.br\/propg\/wp-json\/wp\/v2\/comments?post=9117"}],"version-history":[{"count":38,"href":"https:\/\/ufpr.br\/propg\/wp-json\/wp\/v2\/pages\/9117\/revisions"}],"predecessor-version":[{"id":9168,"href":"https:\/\/ufpr.br\/propg\/wp-json\/wp\/v2\/pages\/9117\/revisions\/9168"}],"up":[{"embeddable":true,"href":"https:\/\/ufpr.br\/propg\/wp-json\/wp\/v2\/pages\/9246"}],"wp:attachment":[{"href":"https:\/\/ufpr.br\/propg\/wp-json\/wp\/v2\/media?parent=9117"}],"curies":[{"name":"wp","href":"https:\/\/api.w.org\/{rel}","templated":true}]}}