{"id":8451,"date":"2025-07-19T19:35:35","date_gmt":"2025-07-19T22:35:35","guid":{"rendered":"https:\/\/ufpr.br\/?page=8451"},"modified":"2026-02-26T14:44:40","modified_gmt":"2026-02-26T17:44:40","slug":"documentos","status":"publish","type":"page","link":"https:\/\/ufpr.br\/propg\/ict\/documentos\/","title":{"rendered":"Documentos e Formul\u00e1rios"},"content":{"rendered":"\n<div style=\"height:50px\" aria-hidden=\"true\" class=\"wp-block-spacer\"><\/div>\n\n\n\n<div class=\"wp-block-columns is-layout-flex wp-container-core-columns-is-layout-9d6595d7 wp-block-columns-is-layout-flex\">\n<div class=\"wp-block-column is-layout-flow wp-block-column-is-layout-flow\" style=\"flex-basis:15%\">\n<div style=\"height:30px\" aria-hidden=\"true\" class=\"wp-block-spacer\"><\/div>\n\n\n<div class=\"wp-block-image\">\n<figure class=\"aligncenter size-full is-resized\" id=\"topo\"><img decoding=\"async\" src=\"https:\/\/ufpr.br\/propg\/wp-content\/uploads\/2025\/06\/Icone_Documentos_Rosa.png\" alt=\"\" class=\"wp-image-6154\" style=\"width:100px\" \/><\/figure><\/div><\/div>\n\n\n\n<div class=\"wp-block-column is-layout-flow wp-block-column-is-layout-flow\" style=\"flex-basis:75%\">\n<h2 class=\"wp-block-heading\">Documentos associados aos Programas de Inicia\u00e7\u00e3o Cient\u00edfica e Tecnol\u00f3gica na UFPR<\/h2>\n\n\n\n<hr class=\"wp-block-separator has-text-color has-alpha-channel-opacity has-background is-style-wide\" style=\"background-color:#e8ecf5;color:#e8ecf5\" \/>\n\n\n\n<p>Clique sobre o link pretendido para acessar<\/p>\n\n\n\n<hr class=\"wp-block-separator has-text-color has-alpha-channel-opacity has-background is-style-wide\" style=\"background-color:#e8ecf5;color:#e8ecf5\" \/>\n\n\n\n<p>1. <a href=\"https:\/\/ufpr.br\/propg\/wp-content\/uploads\/2026\/02\/orientacoes-rp_site-21.doc\" target=\"_blank\" rel=\"noreferrer noopener\">ORIENTA\u00c7\u00d5ES RELAT\u00d3RIO PARCIAL<\/a><\/p>\n\n\n\n<p>2. <a href=\"https:\/\/ufpr.br\/propg\/wp-content\/uploads\/2025\/07\/orientacoes-rf.doc\" target=\"_blank\" rel=\"noreferrer noopener\">MODELO ELABORA\u00c7\u00c3O RELAT\u00d3RIO FINAL \/CANCELAMENTO<\/a><\/p>\n\n\n\n<p>3. <a href=\"https:\/\/ufpr.br\/propg\/wp-content\/uploads\/2025\/07\/anexo-v.docx\" target=\"_blank\" rel=\"noreferrer noopener\">ANEXO V \u2013 FUNDA\u00c7\u00c3O ARAUC\u00c1RIA<\/a><\/p>\n\n\n\n<p>4. <a href=\"https:\/\/ufpr.br\/propg\/wp-content\/uploads\/2025\/07\/autorizacao-parental_pibic-ensino-medio.docx\">MODELO AUTORIZA\u00c7\u00c3O PARENTAL PIBIC EM<\/a><\/p>\n\n\n\n<p>5. <a href=\"https:\/\/ufpr.br\/propg\/ict\/editais-pibic-pibiti\/\">EDITAIS ICT<\/a><\/p>\n\n\n\n<p>6. <a href=\"https:\/\/ufpr.br\/propg\/ict\/cadernos-de-normas\/\">CADERNOS DE NORMAS<\/a><\/p>\n\n\n\n<p>7. <a href=\"https:\/\/ufpr.br\/propg\/wp-content\/uploads\/2025\/07\/modelo_selecao_ict_ufpr.docx\" target=\"_blank\" rel=\"noreferrer noopener\">MODELO DE EDITAL DE SELE\u00c7\u00c3O DE ALUNOS<\/a><\/p>\n<\/div>\n\n\n\n<div class=\"wp-block-column is-layout-flow wp-block-column-is-layout-flow\" style=\"flex-basis:10%\"><\/div>\n<\/div>\n","protected":false},"excerpt":{"rendered":"<p>Documentos associados aos Programas de Inicia\u00e7\u00e3o Cient\u00edfica e Tecnol\u00f3gica na UFPR Clique sobre o link pretendido para acessar 1. ORIENTA\u00c7\u00d5ES RELAT\u00d3RIO PARCIAL 2. MODELO ELABORA\u00c7\u00c3O RELAT\u00d3RIO FINAL \/CANCELAMENTO 3. ANEXO V \u2013 FUNDA\u00c7\u00c3O ARAUC\u00c1RIA 4. MODELO AUTORIZA\u00c7\u00c3O PARENTAL PIBIC EM 5. EDITAIS ICT 6. CADERNOS DE NORMAS 7. MODELO DE EDITAL DE SELE\u00c7\u00c3O DE ALUNOS<\/p>\n","protected":false},"author":5,"featured_media":0,"parent":7557,"menu_order":0,"comment_status":"closed","ping_status":"closed","template":"","meta":{"footnotes":""},"class_list":["post-8451","page","type-page","status-publish","hentry"],"_links":{"self":[{"href":"https:\/\/ufpr.br\/propg\/wp-json\/wp\/v2\/pages\/8451","targetHints":{"allow":["GET"]}}],"collection":[{"href":"https:\/\/ufpr.br\/propg\/wp-json\/wp\/v2\/pages"}],"about":[{"href":"https:\/\/ufpr.br\/propg\/wp-json\/wp\/v2\/types\/page"}],"author":[{"embeddable":true,"href":"https:\/\/ufpr.br\/propg\/wp-json\/wp\/v2\/users\/5"}],"replies":[{"embeddable":true,"href":"https:\/\/ufpr.br\/propg\/wp-json\/wp\/v2\/comments?post=8451"}],"version-history":[{"count":24,"href":"https:\/\/ufpr.br\/propg\/wp-json\/wp\/v2\/pages\/8451\/revisions"}],"predecessor-version":[{"id":51600,"href":"https:\/\/ufpr.br\/propg\/wp-json\/wp\/v2\/pages\/8451\/revisions\/51600"}],"up":[{"embeddable":true,"href":"https:\/\/ufpr.br\/propg\/wp-json\/wp\/v2\/pages\/7557"}],"wp:attachment":[{"href":"https:\/\/ufpr.br\/propg\/wp-json\/wp\/v2\/media?parent=8451"}],"curies":[{"name":"wp","href":"https:\/\/api.w.org\/{rel}","templated":true}]}}