{"id":8427,"date":"2025-07-19T18:47:46","date_gmt":"2025-07-19T21:47:46","guid":{"rendered":"https:\/\/ufpr.br\/?page=8427"},"modified":"2025-11-06T22:09:47","modified_gmt":"2025-11-07T01:09:47","slug":"bolsas-ic-concedidas","status":"publish","type":"page","link":"https:\/\/ufpr.br\/propg\/ict\/bolsas-ic-concedidas\/","title":{"rendered":"Bolsas IC Concedidas"},"content":{"rendered":"\n<div class=\"wp-block-columns is-layout-flex wp-container-core-columns-is-layout-9d6595d7 wp-block-columns-is-layout-flex\">\n<div class=\"wp-block-column is-layout-flow wp-block-column-is-layout-flow\" style=\"flex-basis:15%\">\n<div style=\"height:50px\" aria-hidden=\"true\" class=\"wp-block-spacer\"><\/div>\n\n\n<div class=\"wp-block-image\">\n<figure class=\"aligncenter size-full is-resized\" id=\"topo\"><img decoding=\"async\" src=\"https:\/\/ufpr.br\/propg\/wp-content\/uploads\/2025\/06\/Icone_Bolsas_Rosa.png\" alt=\"\" class=\"wp-image-7917\" style=\"width:100px\"\/><\/figure><\/div><\/div>\n\n\n\n<div class=\"wp-block-column is-layout-flow wp-block-column-is-layout-flow\" style=\"flex-basis:95%\">\n<h2 class=\"wp-block-heading\">ATEN\u00c7\u00c3O \u2013 Bolsas Concedidas (Edital 2025)<\/h2>\n\n\n\n<div style=\"height:15px\" aria-hidden=\"true\" class=\"wp-block-spacer\"><\/div>\n\n\n\n<blockquote class=\"wp-block-quote is-layout-flow wp-block-quote-is-layout-flow\">\n<p>O n\u00famero concedido de bolsas pelas ag\u00eancias de fomento CNPq, Tesouro Nacional e Funda\u00e7\u00e3o Arauc\u00e1ria, ser\u00e1 o mesmo do Edital 2024 (o quantitativo est\u00e1 dispon\u00edvel no quadro abaixo).&nbsp;<\/p>\n\n\n\n<p>As bolsas do CNPq e Tesouro Nacional j\u00e1 foram distribu\u00eddas. No que se refere \u00e0 Funda\u00e7\u00e3o Arauc\u00e1ria, no momento, n\u00e3o h\u00e1 previs\u00e3o para a implementa\u00e7\u00e3o das bolsas, pois ser\u00e1 necess\u00e1rio aguardar a finaliza\u00e7\u00e3o de todos os tr\u00e2mites administrativos e a assinatura do conv\u00eanio. Portanto, neste primeiro m\u00eas de vig\u00eancia do edital, os\/as poss\u00edveis bolsistas da Funda\u00e7\u00e3o Arauc\u00e1ria, ser\u00e3o implementados\/as como volunt\u00e1rios\/as.&nbsp;<\/p>\n<\/blockquote>\n\n\n\n<div style=\"height:25px\" aria-hidden=\"true\" class=\"wp-block-spacer\"><\/div>\n\n\n\n<hr class=\"wp-block-separator has-text-color has-alpha-channel-opacity has-background is-style-wide\" style=\"background-color:#e8ecf5;color:#e8ecf5\"\/>\n\n\n\n<figure class=\"wp-block-image size-full\"><a href=\"https:\/\/ufpr.br\/propg\/wp-content\/uploads\/2025\/11\/pibic-1.png\" target=\"_blank\" rel=\" noreferrer noopener\"><img decoding=\"async\" src=\"https:\/\/ufpr.br\/propg\/wp-content\/uploads\/2025\/11\/pibic-1.png\" alt=\"\" class=\"wp-image-45752\"\/><\/a><\/figure>\n\n\n\n<hr class=\"wp-block-separator has-text-color has-alpha-channel-opacity has-background is-style-wide\" style=\"background-color:#e8ecf5;color:#e8ecf5\"\/>\n<\/div>\n<\/div>\n\n\n\n<p><\/p>\n","protected":false},"excerpt":{"rendered":"<p>ATEN\u00c7\u00c3O \u2013 Bolsas Concedidas (Edital 2025) O n\u00famero concedido de bolsas pelas ag\u00eancias de fomento CNPq, Tesouro Nacional e Funda\u00e7\u00e3o Arauc\u00e1ria, ser\u00e1 o mesmo do Edital 2024 (o quantitativo est\u00e1 dispon\u00edvel no quadro abaixo).&nbsp; As bolsas do CNPq e Tesouro Nacional j\u00e1 foram distribu\u00eddas. No que se refere \u00e0 Funda\u00e7\u00e3o Arauc\u00e1ria, no momento, n\u00e3o h\u00e1 [&hellip;]<\/p>\n","protected":false},"author":5,"featured_media":0,"parent":7557,"menu_order":0,"comment_status":"closed","ping_status":"closed","template":"","meta":{"footnotes":""},"class_list":["post-8427","page","type-page","status-publish","hentry"],"_links":{"self":[{"href":"https:\/\/ufpr.br\/propg\/wp-json\/wp\/v2\/pages\/8427","targetHints":{"allow":["GET"]}}],"collection":[{"href":"https:\/\/ufpr.br\/propg\/wp-json\/wp\/v2\/pages"}],"about":[{"href":"https:\/\/ufpr.br\/propg\/wp-json\/wp\/v2\/types\/page"}],"author":[{"embeddable":true,"href":"https:\/\/ufpr.br\/propg\/wp-json\/wp\/v2\/users\/5"}],"replies":[{"embeddable":true,"href":"https:\/\/ufpr.br\/propg\/wp-json\/wp\/v2\/comments?post=8427"}],"version-history":[{"count":25,"href":"https:\/\/ufpr.br\/propg\/wp-json\/wp\/v2\/pages\/8427\/revisions"}],"predecessor-version":[{"id":17557,"href":"https:\/\/ufpr.br\/propg\/wp-json\/wp\/v2\/pages\/8427\/revisions\/17557"}],"up":[{"embeddable":true,"href":"https:\/\/ufpr.br\/propg\/wp-json\/wp\/v2\/pages\/7557"}],"wp:attachment":[{"href":"https:\/\/ufpr.br\/propg\/wp-json\/wp\/v2\/media?parent=8427"}],"curies":[{"name":"wp","href":"https:\/\/api.w.org\/{rel}","templated":true}]}}