{"id":7782,"date":"2025-07-16T10:01:08","date_gmt":"2025-07-16T13:01:08","guid":{"rendered":"https:\/\/ufpr.br\/?page=7782"},"modified":"2026-03-10T15:44:12","modified_gmt":"2026-03-10T18:44:12","slug":"editais","status":"publish","type":"page","link":"https:\/\/ufpr.br\/propg\/ict\/editais\/","title":{"rendered":"Editais PIBIC, PIBITI, PIBIC-AF, PIBIC-EM"},"content":{"rendered":"\n<div style=\"height:50px\" aria-hidden=\"true\" class=\"wp-block-spacer\"><\/div>\n\n\n\n<div class=\"wp-block-columns is-layout-flex wp-container-core-columns-is-layout-9d6595d7 wp-block-columns-is-layout-flex\">\n<div class=\"wp-block-column is-layout-flow wp-block-column-is-layout-flow\" style=\"flex-basis:15%\">\n<div style=\"height:25px\" aria-hidden=\"true\" class=\"wp-block-spacer\"><\/div>\n\n\n<div class=\"wp-block-image\">\n<figure class=\"aligncenter size-full is-resized\" id=\"topo\"><img decoding=\"async\" src=\"https:\/\/ufpr.br\/propg\/wp-content\/uploads\/2024\/10\/Icone_DocumentosMao_Rosa.png\" alt=\"\" class=\"wp-image-6130\" style=\"width:100px\" \/><\/figure><\/div><\/div>\n\n\n\n<hr class=\"wp-block-separator has-text-color has-white-color has-alpha-channel-opacity has-white-background-color has-background is-style-wide\" \/>\n\n\n\n<div class=\"wp-block-column is-layout-flow wp-block-column-is-layout-flow\" style=\"flex-basis:55%\">\n<h2 class=\"wp-block-heading has-text-align-left has-background has-medium-font-size\" style=\"background-color:#e8ecf5\">Editais Anuais de&nbsp;Inicia\u00e7\u00e3o Cient\u00edfica<br>(PIBIC, PIBITI, PIBIC-AF, PIBIC-EM e&nbsp;IC-Volunt\u00e1ria):<\/h2>\n\n\n\n<h5 class=\"wp-block-heading has-text-align-left has-background\" style=\"background-color:#f1f1f1;font-size:15px;letter-spacing:0.5px\"><strong>ATEN\u00c7\u00c3O! <\/strong>Para se inscrever no Edital ICT \u00e9 necess\u00e1rio ter um projeto de pesquisa cadastrado no Banco de Projetos de Pesquisa. Para saber como cadastrar seu projeto <a href=\"https:\/\/ufpr.br\/propg\/cadastro-de-projetos-de-pesquisa-no-bpp-siga\/\">clique aqui<\/a>.<\/h5>\n\n\n\n<p class=\"has-text-align-left\"><\/p>\n\n\n\n<hr class=\"wp-block-separator has-text-color has-alpha-channel-opacity has-background is-style-wide\" style=\"background-color:#e8ecf5;color:#e8ecf5\" \/>\n\n\n\n<div class=\"wp-block-columns is-layout-flex wp-container-core-columns-is-layout-9d6595d7 wp-block-columns-is-layout-flex\">\n<div class=\"wp-block-column is-layout-flow wp-block-column-is-layout-flow\" style=\"flex-basis:100%\">\n<div class=\"wp-block-columns is-layout-flex wp-container-core-columns-is-layout-9d6595d7 wp-block-columns-is-layout-flex\">\n<div class=\"wp-block-column is-layout-flow wp-block-column-is-layout-flow\">\n<details class=\"wp-block-details is-layout-flow wp-block-details-is-layout-flow\" open><summary>Editais 2026<\/summary>\n<div class=\"wp-block-columns is-layout-flex wp-container-core-columns-is-layout-9d6595d7 wp-block-columns-is-layout-flex\">\n<div class=\"wp-block-column is-layout-flow wp-block-column-is-layout-flow\" style=\"flex-basis:2%\"><\/div>\n\n\n\n<div class=\"wp-block-column is-layout-flow wp-block-column-is-layout-flow\" style=\"flex-basis:98%\">\n<p><strong>Edital 01\/2026 &#8211; Programa ICT 2026<\/strong><\/p>\n\n\n\n<p>1 \u2013 <a href=\"https:\/\/ufpr.br\/propg\/wp-content\/uploads\/2026\/03\/EDITAL_2026_PROPG_ICT.pdf\" target=\"_blank\" rel=\"noreferrer noopener\">Edital 01-2026 &#8211; Programa ICT 2026<\/a><\/p>\n\n\n\n<p>2 \u2013 <a href=\"https:\/\/ufpr.br\/propg\/ict\/cadernos-de-normas\/\">Caderno de Normas<\/a><\/p>\n\n\n\n<p>3 \u2013 <a href=\"https:\/\/siga.ufpr.br\/siga\/visitante\/ic\/inscricao\">Inscri\u00e7\u00f5es<\/a> <strong>(Prazo de Inscri\u00e7\u00f5es: de 02\/03\/2026 at\u00e9 30\/03\/2026)<\/strong><\/p>\n\n\n\n<p><\/p>\n\n\n\n<hr class=\"wp-block-separator has-alpha-channel-opacity\" \/>\n\n\n\n<p><\/p>\n\n\n\n<p><strong>Edital 02\/2026 &#8211; Programa Jovem Cientista da Pesca Artesanal<\/strong><\/p>\n\n\n\n<p>1 \u2013 <a href=\"https:\/\/ufpr.br\/propg\/wp-content\/uploads\/2026\/03\/EDITAL_02-2026_PROPG_ICT.pdf\" target=\"_blank\" rel=\"noreferrer noopener\">Edital 02-2026 &#8211; Programa Jovem Cientista da Pesca Artesanal<\/a><\/p>\n\n\n\n<p>2 \u2013 Incri\u00e7\u00f5es via SEI, conforme Edital <strong>(prazo encerrado)<\/strong><\/p>\n\n\n\n<p>3 \u2013 <a href=\"https:\/\/ufpr.br\/propg\/wp-content\/uploads\/2026\/03\/edital-02-2026-resultado-preliminar.pdf\">Resultado preliminar<\/a><\/p>\n\n\n\n<p>4 &#8211; <a href=\"https:\/\/ufpr.br\/propg\/wp-content\/uploads\/2026\/03\/edital-02-2026-resultado-final-1.pdf\">Resultado final<\/a><\/p>\n\n\n\n<p><\/p>\n\n\n\n<hr class=\"wp-block-separator has-text-color has-alpha-channel-opacity has-background is-style-wide\" style=\"background-color:#e8ecf5;color:#e8ecf5\" \/>\n<\/div>\n<\/div>\n<\/details>\n\n\n\n<details class=\"wp-block-details is-layout-flow wp-block-details-is-layout-flow\"><summary>Edital 2025<\/summary>\n<div class=\"wp-block-columns is-layout-flex wp-container-core-columns-is-layout-9d6595d7 wp-block-columns-is-layout-flex\">\n<div class=\"wp-block-column is-layout-flow wp-block-column-is-layout-flow\" style=\"flex-basis:2%\"><\/div>\n\n\n\n<div class=\"wp-block-column is-layout-flow wp-block-column-is-layout-flow\" style=\"flex-basis:98%\">\n<p>1 \u2013 <a href=\"https:\/\/ufpr.br\/propg\/wp-content\/uploads\/2025\/07\/edital_2025_propg_ict_06-02-25-1.pdf\" target=\"_blank\" rel=\"noreferrer noopener\">Edital 2025<\/a><\/p>\n\n\n\n<p>2 \u2013 <a href=\"https:\/\/ufpr.br\/propg\/wp-content\/uploads\/2025\/07\/retificacao-1-edital-2025.pdf\" target=\"_blank\" rel=\"noreferrer noopener\">Retifica\u00e7\u00e3o 1 \u2013 Edital 2025<\/a><\/p>\n\n\n\n<p>3 \u2013 <a href=\"https:\/\/ufpr.br\/propg\/ict\/cadernos-de-normas\/\" target=\"_blank\" rel=\"noreferrer noopener\">Caderno de Normas<\/a><\/p>\n\n\n\n<p>4 \u2013 Inscri\u00e7\u00f5es: Prazo de inscri\u00e7\u00f5es encerrado <strong>(Prazo de Inscri\u00e7\u00f5es: de 05\/03\/2025 at\u00e9 04\/04\/2025)<\/strong><\/p>\n\n\n\n<hr class=\"wp-block-separator has-text-color has-alpha-channel-opacity has-background is-style-wide\" style=\"background-color:#e8ecf5;color:#e8ecf5\" \/>\n<\/div>\n<\/div>\n<\/details>\n\n\n\n<details class=\"wp-block-details is-layout-flow wp-block-details-is-layout-flow\"><summary>Edital 2024<\/summary>\n<div class=\"wp-block-columns is-layout-flex wp-container-core-columns-is-layout-9d6595d7 wp-block-columns-is-layout-flex\">\n<div class=\"wp-block-column is-layout-flow wp-block-column-is-layout-flow\" style=\"flex-basis:2%\"><\/div>\n\n\n\n<div class=\"wp-block-column is-layout-flow wp-block-column-is-layout-flow\" style=\"flex-basis:98%\">\n<p>1 \u2013 <a href=\"https:\/\/ufpr.br\/propg\/wp-content\/uploads\/2025\/07\/edital_02_2024_prppg_ict-1.pdf\" target=\"_blank\" rel=\"noreferrer noopener\">Edital 2024<\/a><\/p>\n\n\n\n<p>2 \u2013 <a href=\"https:\/\/ufpr.br\/propg\/wp-content\/uploads\/2025\/07\/retificacao-1-edital-2024-2.pdf\" target=\"_blank\" rel=\"noreferrer noopener\">Retifica\u00e7\u00e3o 1 \u2013 Edital 2024<\/a><\/p>\n\n\n\n<p>3 \u2013 <a href=\"https:\/\/ufpr.br\/propg\/wp-content\/uploads\/2025\/07\/retificacao-2-edital-2024.pdf\" target=\"_blank\" rel=\"noreferrer noopener\">Retifica\u00e7\u00e3o 2 \u2013 Edital 2024<\/a><\/p>\n\n\n\n<p>4 \u2013 <a href=\"https:\/\/ufpr.br\/propg\/wp-content\/uploads\/2025\/07\/retificacao-3-edital-2024.pdf\" target=\"_blank\" rel=\"noreferrer noopener\">Retifica\u00e7\u00e3o 3 \u2013 Edital 2024<\/a><\/p>\n\n\n\n<p>5 \u2013 <a href=\"https:\/\/ufpr.br\/propg\/wp-content\/uploads\/2025\/07\/caderno-de-normas_edital_02_2024_prppg_ict_versao-final.pdf\" target=\"_blank\" rel=\"noreferrer noopener\">Caderno de Normas<\/a><\/p>\n\n\n\n<p>6 \u2013 Inscri\u00e7\u00f5es: Prazo de inscri\u00e7\u00f5es encerrado <strong>(Prazo de Inscri\u00e7\u00f5es: de 20\/02\/2024 at\u00e9 24\/03\/2024)<\/strong><\/p>\n\n\n\n<hr class=\"wp-block-separator has-text-color has-alpha-channel-opacity has-background is-style-wide\" style=\"background-color:#e8ecf5;color:#e8ecf5\" \/>\n<\/div>\n<\/div>\n<\/details>\n\n\n\n<details class=\"wp-block-details is-layout-flow wp-block-details-is-layout-flow\"><summary>Edital 2023<\/summary>\n<div class=\"wp-block-columns is-layout-flex wp-container-core-columns-is-layout-9d6595d7 wp-block-columns-is-layout-flex\">\n<div class=\"wp-block-column is-layout-flow wp-block-column-is-layout-flow\" style=\"flex-basis:2%\"><\/div>\n\n\n\n<div class=\"wp-block-column is-layout-flow wp-block-column-is-layout-flow\" style=\"flex-basis:98%\">\n<p>1 \u2013 <a href=\"https:\/\/ufpr.br\/propg\/wp-content\/uploads\/2025\/07\/edital-2023-_-14dez2022.pdf\" target=\"_blank\" rel=\"noreferrer noopener\">Edital 2023<\/a><\/p>\n\n\n\n<p>2 \u2013 <a href=\"https:\/\/ufpr.br\/propg\/wp-content\/uploads\/2025\/07\/retificacao-3-edital_bolsas-tn-acoes-afirmativas.pdf\" target=\"_blank\" rel=\"noreferrer noopener\">Retifica\u00e7\u00e3o 3 \u2013 Edital 2023<\/a><\/p>\n\n\n\n<p>3 \u2013 <a href=\"https:\/\/ufpr.br\/propg\/wp-content\/uploads\/2025\/07\/retificacao-anexo-2-edital-2023.pdf\" target=\"_blank\" rel=\"noreferrer noopener\">Retifica\u00e7\u00e3o 2 (Anexo 2) \u2013 Edital 2023<\/a><\/p>\n\n\n\n<p>4 \u2013 <a href=\"https:\/\/ufpr.br\/propg\/wp-content\/uploads\/2025\/07\/retificacao-anexo-1-edital-2023.pdf\" target=\"_blank\" rel=\"noreferrer noopener\">Retifica\u00e7\u00e3o 1 (Anexo 1) \u2013 Edital 2023<\/a><\/p>\n\n\n\n<p><strong>Aten\u00e7\u00e3o: <\/strong>Os prazos de divulga\u00e7\u00e3o e de recursos referentes ao Resultado de Classifica\u00e7\u00e3o foram antecipados, conforme retifica\u00e7\u00e3o acima.<\/p>\n\n\n\n<hr class=\"wp-block-separator has-text-color has-alpha-channel-opacity has-background is-style-wide\" style=\"background-color:#e8ecf5;color:#e8ecf5\" \/>\n<\/div>\n<\/div>\n<\/details>\n\n\n\n<details class=\"wp-block-details is-layout-flow wp-block-details-is-layout-flow\"><summary>Edital 2022<\/summary>\n<div class=\"wp-block-columns is-layout-flex wp-container-core-columns-is-layout-9d6595d7 wp-block-columns-is-layout-flex\">\n<div class=\"wp-block-column is-layout-flow wp-block-column-is-layout-flow\" style=\"flex-basis:2%\"><\/div>\n\n\n\n<div class=\"wp-block-column is-layout-flow wp-block-column-is-layout-flow\" style=\"flex-basis:98%\">\n<p>1 \u2013 <a href=\"https:\/\/ufpr.br\/propg\/wp-content\/uploads\/2025\/07\/edital-2022-_-23-dez-2021.pdf\" target=\"_blank\" rel=\"noreferrer noopener\">Edital 2022<\/a><\/p>\n\n\n\n<hr class=\"wp-block-separator has-text-color has-alpha-channel-opacity has-background is-style-wide\" style=\"background-color:#e8ecf5;color:#e8ecf5\" \/>\n<\/div>\n<\/div>\n<\/details>\n\n\n\n<details class=\"wp-block-details is-layout-flow wp-block-details-is-layout-flow\"><summary>Edital 2021<\/summary>\n<div class=\"wp-block-columns is-layout-flex wp-container-core-columns-is-layout-9d6595d7 wp-block-columns-is-layout-flex\">\n<div class=\"wp-block-column is-layout-flow wp-block-column-is-layout-flow\" style=\"flex-basis:2%\"><\/div>\n\n\n\n<div class=\"wp-block-column is-layout-flow wp-block-column-is-layout-flow\" style=\"flex-basis:98%\">\n<p>1 \u2013 <a href=\"https:\/\/ufpr.br\/propg\/wp-content\/uploads\/2025\/07\/edital-2021-8_28-dez2020-1.pdf\" target=\"_blank\" rel=\"noreferrer noopener\">Edital 2021<\/a><\/p>\n\n\n\n<p>2 \u2013 <a href=\"https:\/\/ufpr.br\/propg\/wp-content\/uploads\/2025\/07\/errata-edital-ic-2021.pdf\" target=\"_blank\" rel=\"noreferrer noopener\">Errata \u2013 Edital 2021<\/a><\/p>\n\n\n\n<p>3 \u2013 <a href=\"https:\/\/ufpr.br\/propg\/wp-content\/uploads\/2025\/07\/manual-para-realizacao-da-inscricao-edital-2021.pdf\" target=\"_blank\" rel=\"noreferrer noopener\">Manual para Realiza\u00e7\u00e3o da Inscri\u00e7\u00e3o Edital 2021<\/a><\/p>\n\n\n\n<hr class=\"wp-block-separator has-text-color has-alpha-channel-opacity has-background is-style-wide\" style=\"background-color:#e8ecf5;color:#e8ecf5\" \/>\n<\/div>\n<\/div>\n<\/details>\n\n\n\n<details class=\"wp-block-details is-layout-flow wp-block-details-is-layout-flow\"><summary>Edital 2020<\/summary>\n<div class=\"wp-block-columns is-layout-flex wp-container-core-columns-is-layout-9d6595d7 wp-block-columns-is-layout-flex\">\n<div class=\"wp-block-column is-layout-flow wp-block-column-is-layout-flow\" style=\"flex-basis:2%\"><\/div>\n\n\n\n<div class=\"wp-block-column is-layout-flow wp-block-column-is-layout-flow\" style=\"flex-basis:98%\">\n<p>1 \u2013 <a href=\"https:\/\/ufpr.br\/propg\/wp-content\/uploads\/2025\/07\/edital-2020_atual.pdf\" target=\"_blank\" rel=\"noreferrer noopener\">Edital 2020<\/a><\/p>\n\n\n\n<p>2 \u2013 <a href=\"https:\/\/ufpr.br\/propg\/wp-content\/uploads\/2025\/07\/errata-edital-2020.pdf\" target=\"_blank\" rel=\"noreferrer noopener\">Errata \u2013 Edital 2020<\/a><\/p>\n\n\n\n<p>3 \u2013 <a href=\"https:\/\/ufpr.br\/propg\/wp-content\/uploads\/2025\/07\/manual-para-realizao-da-inscrio-edital-2020.pdf\" target=\"_blank\" rel=\"noreferrer noopener\">Manual para Realiza\u00e7\u00e3o da Inscri\u00e7\u00e3o Edital 2020<\/a><\/p>\n\n\n\n<p>4 \u2013&nbsp;<strong>Importante:<\/strong> <a href=\"https:\/\/ufpr.br\/propg\/wp-content\/uploads\/2025\/07\/comunicado-mudana-ciclo.pdf\" target=\"_blank\" rel=\"noreferrer noopener\">Comunicado de Altera\u00e7\u00e3o da Vig\u00eancia do Edital 2020<\/a>&nbsp;&nbsp;\u2013 01\/09\/2020 a 31\/08\/2021<\/p>\n\n\n\n<hr class=\"wp-block-separator has-text-color has-alpha-channel-opacity has-background is-style-wide\" style=\"background-color:#e8ecf5;color:#e8ecf5\" \/>\n<\/div>\n<\/div>\n<\/details>\n\n\n\n<details class=\"wp-block-details is-layout-flow wp-block-details-is-layout-flow\"><summary>Edital 2019<\/summary>\n<div class=\"wp-block-columns is-layout-flex wp-container-core-columns-is-layout-9d6595d7 wp-block-columns-is-layout-flex\">\n<div class=\"wp-block-column is-layout-flow wp-block-column-is-layout-flow\" style=\"flex-basis:2%\"><\/div>\n\n\n\n<div class=\"wp-block-column is-layout-flow wp-block-column-is-layout-flow\" style=\"flex-basis:98%\">\n<p>1 \u2013&nbsp;<a href=\"https:\/\/ufpr.br\/propg\/wp-content\/uploads\/2025\/07\/edital-2019_19dez2019.pdf\" target=\"_blank\" rel=\"noreferrer noopener\">Edital 2019<\/a><\/p>\n\n\n\n<p>2 \u2013 <a href=\"https:\/\/ufpr.br\/propg\/wp-content\/uploads\/2025\/07\/errata-edital-2019.pdf\" target=\"_blank\" rel=\"noreferrer noopener\">Errata \u2013 Edital 2019<\/a><\/p>\n\n\n\n<p>3 \u2013&nbsp;Inscri\u00e7\u00f5es Edital 2019&nbsp; &nbsp;<strong>ATEN\u00c7\u00c3O: <\/strong>prazo das inscri\u00e7\u00f5es estendido at\u00e9 18\/03 devido a necessidade de corre\u00e7\u00f5es no sistema.<\/p>\n\n\n\n<hr class=\"wp-block-separator has-text-color has-alpha-channel-opacity has-background is-style-wide\" style=\"background-color:#e8ecf5;color:#e8ecf5\" \/>\n<\/div>\n<\/div>\n<\/details>\n\n\n\n<details class=\"wp-block-details is-layout-flow wp-block-details-is-layout-flow\"><summary>Edital 2018<\/summary>\n<div class=\"wp-block-columns is-layout-flex wp-container-core-columns-is-layout-9d6595d7 wp-block-columns-is-layout-flex\">\n<div class=\"wp-block-column is-layout-flow wp-block-column-is-layout-flow\" style=\"flex-basis:2%\"><\/div>\n\n\n\n<div class=\"wp-block-column is-layout-flow wp-block-column-is-layout-flow\" style=\"flex-basis:98%\">\n<p>1 \u2013 <a href=\"https:\/\/ufpr.br\/propg\/wp-content\/uploads\/2025\/07\/edital-2018-3-1.pdf\" target=\"_blank\" rel=\"noreferrer noopener\">Edital 2018<\/a><\/p>\n\n\n\n<p>2 \u2013 Inscri\u00e7\u00e3o Edital 2018 \u2013 (prorrogadas at\u00e9 16\/03)<\/p>\n\n\n\n<p><strong>IMPORTANTE:<\/strong>&nbsp;O registro de um novo projeto de pesquisa e\/ou altera\u00e7\u00e3o de dados de um projeto existente \u00e9&nbsp;feito diretamente atrav\u00e9s da atualiza\u00e7\u00e3o do curr\u00edculo lattes do pesquisador coordenador do projeto&nbsp;e\/ou dos demais membros da equipe do projeto, sendo ent\u00e3o refletido na base de dados da UFPR.<\/p>\n\n\n\n<p>3 \u2013 Link Acesso Sistema Edital 2018<\/p>\n\n\n\n<hr class=\"wp-block-separator has-text-color has-alpha-channel-opacity has-background is-style-wide\" style=\"background-color:#e8ecf5;color:#e8ecf5\" \/>\n<\/div>\n<\/div>\n<\/details>\n\n\n\n<details class=\"wp-block-details is-layout-flow wp-block-details-is-layout-flow\"><summary>Edital 2017<\/summary>\n<div class=\"wp-block-columns is-layout-flex wp-container-core-columns-is-layout-9d6595d7 wp-block-columns-is-layout-flex\">\n<div class=\"wp-block-column is-layout-flow wp-block-column-is-layout-flow\" style=\"flex-basis:2%\"><\/div>\n\n\n\n<div class=\"wp-block-column is-layout-flow wp-block-column-is-layout-flow\" style=\"flex-basis:98%\">\n<p>1- <a href=\"https:\/\/ufpr.br\/propg\/wp-content\/uploads\/2025\/07\/edital_2017_pibic_pibiti_em_aprovado_21021017.pdf\" target=\"_blank\" rel=\"noreferrer noopener\">Edital 2017<\/a>&nbsp;&nbsp;<\/p>\n\n\n\n<p>2- <a href=\"https:\/\/ufpr.br\/propg\/ict\/cadernos-de-normas\/\" target=\"_blank\" rel=\"noreferrer noopener\">Caderno de Normas<\/a><\/p>\n\n\n\n<p>3- Inscri\u00e7\u00e3o<\/p>\n\n\n\n<p>4-&nbsp;Link Acesso Sistema Edital 2017<\/p>\n\n\n\n<hr class=\"wp-block-separator has-text-color has-alpha-channel-opacity has-background is-style-wide\" style=\"background-color:#e8ecf5;color:#e8ecf5\" \/>\n<\/div>\n<\/div>\n<\/details>\n<\/div>\n<\/div>\n\n\n\n<p class=\"has-text-color has-link-color wp-elements-16631d866001ae142cbdd3786f7ccd26\" style=\"color:#243673\"><strong><a title=\"\" href=\"#topo\">Voltar ao topo<\/a><\/strong><\/p>\n<\/div>\n<\/div>\n<\/div>\n\n\n\n<div class=\"wp-block-column is-layout-flow wp-block-column-is-layout-flow\" style=\"flex-basis:15%\"><\/div>\n<\/div>\n","protected":false},"excerpt":{"rendered":"<p>Editais Anuais de&nbsp;Inicia\u00e7\u00e3o Cient\u00edfica(PIBIC, PIBITI, PIBIC-AF, PIBIC-EM e&nbsp;IC-Volunt\u00e1ria): ATEN\u00c7\u00c3O! Para se inscrever no Edital ICT \u00e9 necess\u00e1rio ter um projeto de pesquisa cadastrado no Banco de Projetos de Pesquisa. Para saber como cadastrar seu projeto clique aqui. Voltar ao topo<\/p>\n","protected":false},"author":5,"featured_media":0,"parent":7557,"menu_order":0,"comment_status":"closed","ping_status":"closed","template":"","meta":{"footnotes":""},"class_list":["post-7782","page","type-page","status-publish","hentry"],"_links":{"self":[{"href":"https:\/\/ufpr.br\/propg\/wp-json\/wp\/v2\/pages\/7782","targetHints":{"allow":["GET"]}}],"collection":[{"href":"https:\/\/ufpr.br\/propg\/wp-json\/wp\/v2\/pages"}],"about":[{"href":"https:\/\/ufpr.br\/propg\/wp-json\/wp\/v2\/types\/page"}],"author":[{"embeddable":true,"href":"https:\/\/ufpr.br\/propg\/wp-json\/wp\/v2\/users\/5"}],"replies":[{"embeddable":true,"href":"https:\/\/ufpr.br\/propg\/wp-json\/wp\/v2\/comments?post=7782"}],"version-history":[{"count":90,"href":"https:\/\/ufpr.br\/propg\/wp-json\/wp\/v2\/pages\/7782\/revisions"}],"predecessor-version":[{"id":51708,"href":"https:\/\/ufpr.br\/propg\/wp-json\/wp\/v2\/pages\/7782\/revisions\/51708"}],"up":[{"embeddable":true,"href":"https:\/\/ufpr.br\/propg\/wp-json\/wp\/v2\/pages\/7557"}],"wp:attachment":[{"href":"https:\/\/ufpr.br\/propg\/wp-json\/wp\/v2\/media?parent=7782"}],"curies":[{"name":"wp","href":"https:\/\/api.w.org\/{rel}","templated":true}]}}