{"id":7670,"date":"2025-07-15T20:42:52","date_gmt":"2025-07-15T23:42:52","guid":{"rendered":"https:\/\/ufpr.br\/?page=7670"},"modified":"2026-04-24T08:37:22","modified_gmt":"2026-04-24T11:37:22","slug":"calendario-de-atividades","status":"publish","type":"page","link":"https:\/\/ufpr.br\/propg\/ict\/calendario-de-atividades\/","title":{"rendered":"Calend\u00e1rio de Atividades"},"content":{"rendered":"\n<div style=\"height:50px\" aria-hidden=\"true\" class=\"wp-block-spacer\"><\/div>\n\n\n\n<div class=\"wp-block-columns is-layout-flex wp-container-core-columns-is-layout-9d6595d7 wp-block-columns-is-layout-flex\">\n<div class=\"wp-block-column is-layout-flow wp-block-column-is-layout-flow\" style=\"flex-basis:15%\">\n<div style=\"height:50px\" aria-hidden=\"true\" class=\"wp-block-spacer\"><\/div>\n\n\n<div class=\"wp-block-image\">\n<figure class=\"aligncenter size-full is-resized\" id=\"topo\"><img decoding=\"async\" src=\"https:\/\/ufpr.br\/propg\/wp-content\/uploads\/2025\/06\/Icone_Calendario_Rosa.png\" alt=\"\" class=\"wp-image-7934\" style=\"width:100px\" \/><\/figure><\/div><\/div>\n\n\n\n<div class=\"wp-block-column is-layout-flow wp-block-column-is-layout-flow\" style=\"flex-basis:83%\">\n<div class=\"wp-block-columns is-layout-flex wp-container-core-columns-is-layout-9d6595d7 wp-block-columns-is-layout-flex\">\n<div class=\"wp-block-column is-layout-flow wp-block-column-is-layout-flow\" style=\"flex-basis:37%\">\n<div class=\"wp-block-columns is-layout-flex wp-container-core-columns-is-layout-9d6595d7 wp-block-columns-is-layout-flex\">\n<div class=\"wp-block-column atendimento has-background is-layout-flow wp-block-column-is-layout-flow\" style=\"background-color:#f1f1f1\" id=\"atendimento\">\n<hr class=\"wp-block-separator has-text-color has-white-color has-alpha-channel-opacity has-white-background-color has-background is-style-wide\" \/>\n\n\n\n<h2 class=\"wp-block-heading has-background has-medium-font-size\" style=\"background-color:#f1f1f1\">ATEN\u00c7\u00c3O!<\/h2>\n\n\n\n<hr class=\"wp-block-separator has-text-color has-white-color has-alpha-channel-opacity has-white-background-color has-background is-style-wide\" \/>\n\n\n\n<div class=\"wp-block-columns is-not-stacked-on-mobile is-layout-flex wp-container-core-columns-is-layout-9d6595d7 wp-block-columns-is-layout-flex\">\n<div class=\"wp-block-column is-layout-flow wp-block-column-is-layout-flow\" style=\"flex-basis:2%\"><\/div>\n\n\n\n<div class=\"wp-block-column has-background is-layout-flow wp-block-column-is-layout-flow\" style=\"background-color:#f1f1f1;flex-basis:96%\">\n<p class=\"has-text-align-left\">Para se inscrever no Edital ICT 2026 <strong>\u00e9 necess\u00e1rio ter um projeto de pesquisa cadastrado<\/strong> no Banco de Projetos de Pesquisa.<\/p>\n\n\n\n<p class=\"has-text-align-left\">Para saber como cadastrar seu projeto <a href=\"https:\/\/ufpr.br\/propg\/cadastro-de-projetos-de-pesquisa-no-bpp-siga\/\" data-type=\"link\" data-id=\"https:\/\/ufpr.br\/propg\/cadastro-de-projetos-de-pesquisa-no-bpp-siga\/\"><strong>clique aqui.<\/strong><\/a><\/p>\n<\/div>\n\n\n\n<div class=\"wp-block-column is-layout-flow wp-block-column-is-layout-flow\" style=\"flex-basis:2%\"><\/div>\n<\/div>\n\n\n\n<hr class=\"wp-block-separator has-text-color has-white-color has-alpha-channel-opacity has-white-background-color has-background is-style-wide\" \/>\n<\/div>\n<\/div>\n<\/div>\n\n\n\n<div class=\"wp-block-column is-layout-flow wp-block-column-is-layout-flow\" style=\"flex-basis:63%\">\n<div class=\"wp-block-columns is-layout-flex wp-container-core-columns-is-layout-9d6595d7 wp-block-columns-is-layout-flex\">\n<div class=\"wp-block-column is-layout-flow wp-block-column-is-layout-flow\">\n<details class=\"wp-block-details is-layout-flow wp-block-details-is-layout-flow\" open><summary>Calend\u00e1rio de Atividades Ano 2026<\/summary>\n<p><a href=\"https:\/\/ufpr.br\/propg\/wp-content\/uploads\/2026\/04\/Calendario-2026_ICT_datas-SIEPE_22abr.pdf\" target=\"_blank\" rel=\"noreferrer noopener\">Calend\u00e1rio de Atividades Ano 2026 \u2013 Edital 2025 e Edital 2026 <\/a>\u2013 atualizado em 24\/04\/2026 &#8211; <mark class=\"has-inline-color has-vivid-red-color\"><strong>Inclui datas atualizadas relativas ao EVINCI\/EINTI \u2013 SIEPE 2026<\/strong><\/mark><\/p>\n\n\n\n<p><a href=\"https:\/\/ufpr.br\/propg\/wp-content\/uploads\/2026\/02\/Calendario-2026_ICT_27fev.pdf\" target=\"_blank\" rel=\"noreferrer noopener\">Calend\u00e1rio de Atividades Ano 2026 \u2013 Edital 2025 e Edital 2026 <\/a>\u2013 atualizado em 27\/02\/2026<\/p>\n<\/details>\n\n\n\n<details class=\"wp-block-details is-layout-flow wp-block-details-is-layout-flow\"><summary>Calend\u00e1rio de Atividades Ano 2025<\/summary>\n<div class=\"wp-block-columns is-layout-flex wp-container-core-columns-is-layout-9d6595d7 wp-block-columns-is-layout-flex\">\n<div class=\"wp-block-column is-layout-flow wp-block-column-is-layout-flow\" style=\"flex-basis:2%\"><\/div>\n\n\n\n<div class=\"wp-block-column is-layout-flow wp-block-column-is-layout-flow\" style=\"flex-basis:98%\">\n<p><a href=\"https:\/\/ufpr.br\/propg\/wp-content\/uploads\/2025\/09\/calendario-2025_19set_datas-rf-atualizado1.pdf\" target=\"_blank\" rel=\"noreferrer noopener\">Calend\u00e1rio de Atividades Ano 2025 \u2013 Edital 2024 e Edital 2025 <\/a>\u2013 atualizado em 19\/09\/2025 <br><mark class=\"has-inline-color has-vivid-red-color\"><strong>Inclui datas atualizadas relativas a entrega do Relat\u00f3rio Final<\/strong><\/mark><\/p>\n\n\n\n<hr class=\"wp-block-separator has-text-color has-alpha-channel-opacity has-background is-style-wide\" style=\"background-color:#e8ecf5;color:#e8ecf5\" \/>\n\n\n\n<p><a href=\"https:\/\/ufpr.br\/propg\/wp-content\/uploads\/2025\/07\/calendario-2025_10jul_datas-siepe-atualizado.pdf\" target=\"_blank\" rel=\"noreferrer noopener\">Edital 2024 e Edital 2025<\/a> \u2013 atualizado em 10\/07\/2025 <br><mark class=\"has-inline-color has-vivid-red-color\"><strong>Inclui datas atualizadas relativas ao EVINCI\/EINTI \u2013 SIEPE 2025<\/strong><\/mark><\/p>\n\n\n\n<hr class=\"wp-block-separator has-text-color has-alpha-channel-opacity has-background is-style-wide\" style=\"background-color:#e8ecf5;color:#e8ecf5\" \/>\n\n\n\n<p><a href=\"https:\/\/ufpr.br\/propg\/wp-content\/uploads\/2025\/07\/calendario-2025_01jul_datas-siepe.pdf\" target=\"_blank\" rel=\"noreferrer noopener\">Edital 2024 e Edital 2025<\/a> \u2013 atualizado em 03\/07\/2025&nbsp;<br><strong>Inclui datas relativas ao EVINCI\/EINTI \u2013 SIEPE 2025<\/strong><\/p>\n\n\n\n<hr class=\"wp-block-separator has-text-color has-alpha-channel-opacity has-background is-style-wide\" style=\"background-color:#e8ecf5;color:#e8ecf5\" \/>\n\n\n\n<p><a href=\"https:\/\/ufpr.br\/propg\/wp-content\/uploads\/2025\/07\/calendario-2025_atualizado-17jun.pdf\" target=\"_blank\" rel=\"noreferrer noopener\">Edital 2024 e Edital 2025<\/a> \u2013 atualizado em 17\/06\/2025&nbsp;<br><strong>Novos prazos de inser\u00e7\u00e3o de estudantes do Edital 2025<\/strong><\/p>\n\n\n\n<hr class=\"wp-block-separator has-text-color has-alpha-channel-opacity has-background is-style-wide\" style=\"background-color:#e8ecf5;color:#e8ecf5\" \/>\n\n\n\n<p><a href=\"https:\/\/ufpr.br\/propg\/wp-content\/uploads\/2025\/07\/calendario-2025_16jan25.pdf\" target=\"_blank\" rel=\"noreferrer noopener\">Edital 2024 e Edital 2025<\/a> \u2013 atualizado em 16\/01\/2025<\/p>\n\n\n\n<hr class=\"wp-block-separator has-text-color has-alpha-channel-opacity has-background is-style-wide\" style=\"background-color:#e8ecf5;color:#e8ecf5\" \/>\n<\/div>\n<\/div>\n<\/details>\n\n\n\n<details class=\"wp-block-details is-layout-flow wp-block-details-is-layout-flow\"><summary>Calend\u00e1rio de Atividades Ano 2024<\/summary>\n<div class=\"wp-block-columns is-layout-flex wp-container-core-columns-is-layout-9d6595d7 wp-block-columns-is-layout-flex\">\n<div class=\"wp-block-column is-layout-flow wp-block-column-is-layout-flow\" style=\"flex-basis:2%\"><\/div>\n\n\n\n<div class=\"wp-block-column is-layout-flow wp-block-column-is-layout-flow\" style=\"flex-basis:98%\">\n<p><a href=\"https:\/\/ufpr.br\/propg\/wp-content\/uploads\/2025\/07\/calendario-2024_com-datas-siepe-25a29nov_inicio09ago_atualizado15out.pdf\" target=\"_blank\" rel=\"noreferrer noopener\">Edital 2023 e Edital 2024<\/a> \u2013 atualizado em 15\/10\/2024 <br><strong>Novos prazos&nbsp;de Encaminhamento e Avalia\u00e7\u00e3o de Relat\u00f3rios Finais<\/strong><\/p>\n\n\n\n<hr class=\"wp-block-separator has-text-color has-alpha-channel-opacity has-background is-style-wide\" style=\"background-color:#e8ecf5;color:#e8ecf5\" \/>\n\n\n\n<p><a href=\"https:\/\/ufpr.br\/propg\/wp-content\/uploads\/2025\/07\/calendario-2024_com-datas-siepe-25a29nov_inicio09ago_atualizado08out.pdf\" target=\"_blank\" rel=\"noreferrer noopener\">Edital 2023 e Edital 2024<\/a> \u2013 atualizado em 08\/10\/2024<\/p>\n\n\n\n<hr class=\"wp-block-separator has-text-color has-alpha-channel-opacity has-background is-style-wide\" style=\"background-color:#e8ecf5;color:#e8ecf5\" \/>\n\n\n\n<p><a href=\"https:\/\/ufpr.br\/propg\/wp-content\/uploads\/2025\/07\/calendario-2024_com-datas-siepe-25a29nov_inicio09ago-1.pdf\" target=\"_blank\" rel=\"noreferrer noopener\">Edital 2023 e Edital 2024<\/a> \u2013 atualizado em 05\/08\/2024 <br><strong>Inclui datas relativas ao EVINCI\/EINTI \u2013 SIEPE 2024<\/strong><\/p>\n\n\n\n<hr class=\"wp-block-separator has-text-color has-alpha-channel-opacity has-background is-style-wide\" style=\"background-color:#e8ecf5;color:#e8ecf5\" \/>\n\n\n\n<p><a href=\"https:\/\/ufpr.br\/propg\/wp-content\/uploads\/2025\/07\/calendario-2024_29jul.pdf\" target=\"_blank\" rel=\"noreferrer noopener\">Edital 2023 e Edital 2024<\/a> \u2013 atualizado em 31\/07\/2024&nbsp;<\/p>\n\n\n\n<hr class=\"wp-block-separator has-text-color has-alpha-channel-opacity has-background is-style-wide\" style=\"background-color:#e8ecf5;color:#e8ecf5\" \/>\n\n\n\n<p><a href=\"https:\/\/ufpr.br\/propg\/wp-content\/uploads\/2025\/07\/calendario-2024_07jun.pdf\" target=\"_blank\" rel=\"noreferrer noopener\">Edital 2023 e Edital 2024<\/a> \u2013 atualizado em 07\/06\/2024&nbsp;<\/p>\n\n\n\n<hr class=\"wp-block-separator has-text-color has-alpha-channel-opacity has-background is-style-wide\" style=\"background-color:#e8ecf5;color:#e8ecf5\" \/>\n<\/div>\n<\/div>\n<\/details>\n\n\n\n<details class=\"wp-block-details is-layout-flow wp-block-details-is-layout-flow\"><summary>Calend\u00e1rio de Atividades Ano 2023<\/summary>\n<div class=\"wp-block-columns is-layout-flex wp-container-core-columns-is-layout-9d6595d7 wp-block-columns-is-layout-flex\">\n<div class=\"wp-block-column is-layout-flow wp-block-column-is-layout-flow\" style=\"flex-basis:2%\"><\/div>\n\n\n\n<div class=\"wp-block-column is-layout-flow wp-block-column-is-layout-flow\" style=\"flex-basis:98%\">\n<p><a href=\"https:\/\/ufpr.br\/propg\/wp-content\/uploads\/2025\/07\/calendario-2023_atualizado_datassiepe07jun23.pdf\" target=\"_blank\" rel=\"noreferrer noopener\">Edital 2022 e Edital 2023<\/a> \u2013 atualizado em 07\/06\/2023 <br><strong>Inclui datas relativas ao EVINCI\/EINTI \u2013&nbsp; SIEPE 2023<\/strong><\/p>\n\n\n\n<hr class=\"wp-block-separator has-text-color has-alpha-channel-opacity has-background is-style-wide\" style=\"background-color:#e8ecf5;color:#e8ecf5\" \/>\n\n\n\n<p><a href=\"https:\/\/ufpr.br\/propg\/wp-content\/uploads\/2025\/07\/calendario-2023_atualizado-19mai23.pdf\" target=\"_blank\" rel=\"noreferrer noopener\">Edital 2022 e Edital 2023<\/a> \u2013 atualizado em 19\/05\/2023<\/p>\n\n\n\n<hr class=\"wp-block-separator has-text-color has-alpha-channel-opacity has-background is-style-wide\" style=\"background-color:#e8ecf5;color:#e8ecf5\" \/>\n\n\n\n<p><a href=\"https:\/\/ufpr.br\/propg\/wp-content\/uploads\/2025\/07\/calendario-2023_atualizado14dez.pdf\" target=\"_blank\" rel=\"noreferrer noopener\">Edital 2022 e Edital 2023<\/a> \u2013 atualizado em 16\/12\/2022<\/p>\n\n\n\n<hr class=\"wp-block-separator has-text-color has-alpha-channel-opacity has-background is-style-wide\" style=\"background-color:#e8ecf5;color:#e8ecf5\" \/>\n<\/div>\n<\/div>\n<\/details>\n\n\n\n<details class=\"wp-block-details is-layout-flow wp-block-details-is-layout-flow\"><summary>Calend\u00e1rio de Atividades Ano 2022 e Anteriores<\/summary>\n<div class=\"wp-block-columns is-layout-flex wp-container-core-columns-is-layout-9d6595d7 wp-block-columns-is-layout-flex\">\n<div class=\"wp-block-column is-layout-flow wp-block-column-is-layout-flow\" style=\"flex-basis:2%\"><\/div>\n\n\n\n<div class=\"wp-block-column is-layout-flow wp-block-column-is-layout-flow\" style=\"flex-basis:98%\">\n<p>Calend\u00e1rio de Atividades Ano 2022 <br><a href=\"https:\/\/ufpr.br\/propg\/wp-content\/uploads\/2025\/07\/calendario-2022-atualizado-datas-siepe2022.pdf\" target=\"_blank\" rel=\"noreferrer noopener\">Edital 2021 e Edital 2022<\/a> \u2013 atualizado em 11\/07\/2022<\/p>\n\n\n\n<hr class=\"wp-block-separator has-text-color has-alpha-channel-opacity has-background is-style-wide\" style=\"background-color:#e8ecf5;color:#e8ecf5\" \/>\n\n\n\n<p>Calend\u00e1rio de Atividades Ano 2021 <br><a href=\"https:\/\/ufpr.br\/propg\/wp-content\/uploads\/2025\/07\/calendario-atividades-2021_edital-2020-2021_01_07_2021-2.pdf\" target=\"_blank\" rel=\"noreferrer noopener\">Edital 2020 e Edital 2021<\/a> \u2013 atualizado em 07\/07\/2021<\/p>\n\n\n\n<hr class=\"wp-block-separator has-text-color has-alpha-channel-opacity has-background is-style-wide\" style=\"background-color:#e8ecf5;color:#e8ecf5\" \/>\n\n\n\n<p>Calend\u00e1rio de Atividades 2020 <br><a href=\"https:\/\/ufpr.br\/propg\/wp-content\/uploads\/2025\/07\/calendario-atividades-2020-19_05.pdf\" target=\"_blank\" rel=\"noreferrer noopener\">Edital 2019 e Edital 2020<\/a> \u2013 atualizado em 19\/05\/2020<strong>&nbsp;<\/strong><br><strong>Aten\u00e7\u00e3o: Todas as datas relativas a SIEPE est\u00e3o suspensas conforme noticia dispon\u00edvel em:&nbsp;<\/strong><a href=\"https:\/\/ufpr.br\/comissao-organizadora-da-siepe-adia-evento-nova-data-ainda-nao-foi-definida\/\" target=\"_blank\" rel=\"noreferrer noopener\">https:\/\/ufpr.br\/comissao-organizadora-da-siepe-adia-evento-nova-data-ainda-nao-foi-definida\/<\/a><\/p>\n\n\n\n<hr class=\"wp-block-separator has-text-color has-alpha-channel-opacity has-background is-style-wide\" style=\"background-color:#e8ecf5;color:#e8ecf5\" \/>\n\n\n\n<p>Calend\u00e1rio de Atividades <br><a href=\"https:\/\/ufpr.br\/propg\/wp-content\/uploads\/2025\/07\/calendario-atividades-2019_edital-2019_atualizado20mar.pdf\" target=\"_blank\" rel=\"noreferrer noopener\">Edital 2019<\/a> \u2013 atualizado em 20\/03\/2019<\/p>\n\n\n\n<hr class=\"wp-block-separator has-text-color has-alpha-channel-opacity has-background is-style-wide\" style=\"background-color:#e8ecf5;color:#e8ecf5\" \/>\n\n\n\n<p>Calend\u00e1rio de Atividades&nbsp;<br><a href=\"https:\/\/ufpr.br\/propg\/wp-content\/uploads\/2025\/07\/calendario-atividades-2019_edital-2018_atualizado.pdf\" target=\"_blank\" rel=\"noreferrer noopener\">Edital 2018<\/a> \u2013 atualizado em 02\/05\/2019<\/p>\n\n\n\n<hr class=\"wp-block-separator has-text-color has-alpha-channel-opacity has-background is-style-wide\" style=\"background-color:#e8ecf5;color:#e8ecf5\" \/>\n\n\n\n<p>Calend\u00e1rio de Atividades <br><a href=\"https:\/\/ufpr.br\/propg\/wp-content\/uploads\/2025\/07\/calendario__edital_2018.pdf\" target=\"_blank\" rel=\"noreferrer noopener\">Edital 2018<\/a> \u2013 atualizado em 20\/12\/2017<\/p>\n\n\n\n<hr class=\"wp-block-separator has-text-color has-alpha-channel-opacity has-background is-style-wide\" style=\"background-color:#e8ecf5;color:#e8ecf5\" \/>\n\n\n\n<p>Calend\u00e1rio de Atividades <br><a href=\"https:\/\/ufpr.br\/propg\/wp-content\/uploads\/2025\/07\/calendario__edital_2017.pdf\" target=\"_blank\" rel=\"noreferrer noopener\">Edital 2017<\/a> \u2013 atualizado em 20\/12\/2017<\/p>\n\n\n\n<hr class=\"wp-block-separator has-text-color has-alpha-channel-opacity has-background is-style-wide\" style=\"background-color:#e8ecf5;color:#e8ecf5\" \/>\n\n\n\n<p>Calend\u00e1rio de Atividades <br><a href=\"https:\/\/ufpr.br\/propg\/wp-content\/uploads\/2025\/07\/calendario__edital_2017-2018.pdf\" target=\"_blank\" rel=\"noreferrer noopener\">Edital 2017\/2018<\/a> \u2013 atualizado em 20\/12\/2017<\/p>\n\n\n\n<hr class=\"wp-block-separator has-text-color has-alpha-channel-opacity has-background is-style-wide\" style=\"background-color:#e8ecf5;color:#e8ecf5\" \/>\n<\/div>\n<\/div>\n<\/details>\n<\/div>\n<\/div>\n\n\n\n<p class=\"has-text-color has-link-color wp-elements-16631d866001ae142cbdd3786f7ccd26\" style=\"color:#243673\"><strong><a title=\"\" href=\"#topo\">Voltar ao topo<\/a><\/strong><\/p>\n<\/div>\n<\/div>\n<\/div>\n\n\n\n<div class=\"wp-block-column is-layout-flow wp-block-column-is-layout-flow\" style=\"flex-basis:2%\"><\/div>\n<\/div>\n","protected":false},"excerpt":{"rendered":"<p>ATEN\u00c7\u00c3O! Para se inscrever no Edital ICT 2026 \u00e9 necess\u00e1rio ter um projeto de pesquisa cadastrado no Banco de Projetos de Pesquisa. Para saber como cadastrar seu projeto clique aqui. Voltar ao topo<\/p>\n","protected":false},"author":5,"featured_media":0,"parent":7557,"menu_order":0,"comment_status":"closed","ping_status":"closed","template":"","meta":{"footnotes":""},"class_list":["post-7670","page","type-page","status-publish","hentry"],"_links":{"self":[{"href":"https:\/\/ufpr.br\/propg\/wp-json\/wp\/v2\/pages\/7670","targetHints":{"allow":["GET"]}}],"collection":[{"href":"https:\/\/ufpr.br\/propg\/wp-json\/wp\/v2\/pages"}],"about":[{"href":"https:\/\/ufpr.br\/propg\/wp-json\/wp\/v2\/types\/page"}],"author":[{"embeddable":true,"href":"https:\/\/ufpr.br\/propg\/wp-json\/wp\/v2\/users\/5"}],"replies":[{"embeddable":true,"href":"https:\/\/ufpr.br\/propg\/wp-json\/wp\/v2\/comments?post=7670"}],"version-history":[{"count":105,"href":"https:\/\/ufpr.br\/propg\/wp-json\/wp\/v2\/pages\/7670\/revisions"}],"predecessor-version":[{"id":52258,"href":"https:\/\/ufpr.br\/propg\/wp-json\/wp\/v2\/pages\/7670\/revisions\/52258"}],"up":[{"embeddable":true,"href":"https:\/\/ufpr.br\/propg\/wp-json\/wp\/v2\/pages\/7557"}],"wp:attachment":[{"href":"https:\/\/ufpr.br\/propg\/wp-json\/wp\/v2\/media?parent=7670"}],"curies":[{"name":"wp","href":"https:\/\/api.w.org\/{rel}","templated":true}]}}