{"id":7387,"date":"2025-07-13T21:04:07","date_gmt":"2025-07-14T00:04:07","guid":{"rendered":"https:\/\/ufpr.br\/?page=7387"},"modified":"2025-12-29T12:02:14","modified_gmt":"2025-12-29T15:02:14","slug":"legislacao","status":"publish","type":"page","link":"https:\/\/ufpr.br\/propg\/udc\/legislacao\/","title":{"rendered":"Legisla\u00e7\u00e3o"},"content":{"rendered":"\n<div style=\"height:50px\" aria-hidden=\"true\" class=\"wp-block-spacer\"><\/div>\n\n\n\n<div class=\"wp-block-columns is-layout-flex wp-container-core-columns-is-layout-9d6595d7 wp-block-columns-is-layout-flex\">\n<div class=\"wp-block-column is-layout-flow wp-block-column-is-layout-flow\" style=\"flex-basis:35%\">\n<div class=\"wp-block-columns has-background is-layout-flex wp-container-core-columns-is-layout-9d6595d7 wp-block-columns-is-layout-flex\" id=\"topo\" style=\"background-color:#e8ecf5\">\n<div class=\"wp-block-column has-background is-layout-flow wp-block-column-is-layout-flow\" style=\"background-color:#e8ecf5;flex-basis:100%\">\n<div style=\"height:25px\" aria-hidden=\"true\" class=\"wp-block-spacer\"><\/div>\n\n\n\n<div class=\"wp-block-columns is-not-stacked-on-mobile is-layout-flex wp-container-core-columns-is-layout-9d6595d7 wp-block-columns-is-layout-flex\">\n<div class=\"wp-block-column has-white-background-color has-text-color has-background has-link-color wp-elements-f4df927416ce428c42f7aaafd0c4f020 is-layout-flow wp-block-column-is-layout-flow\" style=\"color:#003c71\">\n<div style=\"height:20px\" aria-hidden=\"true\" class=\"wp-block-spacer\"><\/div>\n\n\n<div class=\"wp-block-image is-style-default\">\n<figure class=\"aligncenter size-full is-resized\"><a href=\"#diplomas\"><img decoding=\"async\" src=\"https:\/\/ufpr.br\/propg\/wp-content\/uploads\/2025\/06\/Icone_DadosPos_Rosa.png\" alt=\"\" class=\"wp-image-6145\" style=\"object-fit:cover;width:70px;height:70px\"\/><\/a><\/figure><\/div>\n\n\n<p class=\"has-text-align-center has-text-color has-link-color wp-elements-d4c31bb5ee29704b4ae4c4c8d9696fda\" style=\"color:#243673;font-size:14px\"><strong><a href=\"#diplomas\">Mestrado <br>Doutorado <br>P\u00f3s-Doutorado<\/a><\/strong><\/p>\n\n\n\n<div style=\"height:25px\" aria-hidden=\"true\" class=\"wp-block-spacer\"><\/div>\n<\/div>\n\n\n\n<div class=\"wp-block-column has-white-background-color has-text-color has-background has-link-color wp-elements-fdd86d843077d76379ee2d23ebe976a1 is-layout-flow wp-block-column-is-layout-flow\" style=\"color:#003c71\">\n<div style=\"height:20px\" aria-hidden=\"true\" class=\"wp-block-spacer\"><\/div>\n\n\n<div class=\"wp-block-image is-style-default\">\n<figure class=\"aligncenter size-full is-resized\" id=\"topo\"><a href=\"#certificados\"><img decoding=\"async\" src=\"https:\/\/ufpr.br\/propg\/wp-content\/uploads\/2025\/06\/Icone_DiplomaCertificado_Rosa.png\" alt=\"\" class=\"wp-image-9758\" style=\"object-fit:cover;width:70px;height:70px\"\/><\/a><\/figure><\/div>\n\n\n<p class=\"has-text-align-center has-text-color has-link-color wp-elements-b7df7784f3cfc6856b2ef44f161bdc7e\" style=\"color:#243673;font-size:14px\"><a href=\"#certificados\"><strong>Especializa\u00e7\u00e3o <br>Resid\u00eancia<\/strong><\/a><\/p>\n<\/div>\n<\/div>\n\n\n\n<div style=\"height:25px\" aria-hidden=\"true\" class=\"wp-block-spacer\"><\/div>\n\n\n\n<div class=\"wp-block-columns is-not-stacked-on-mobile is-layout-flex wp-container-core-columns-is-layout-9d6595d7 wp-block-columns-is-layout-flex\">\n<div class=\"wp-block-column has-white-background-color has-text-color has-background has-link-color wp-elements-ee34bb37e901f5881b1b70457a161a15 is-layout-flow wp-block-column-is-layout-flow\" style=\"color:#003c71\">\n<div style=\"height:20px\" aria-hidden=\"true\" class=\"wp-block-spacer\"><\/div>\n\n\n<div class=\"wp-block-image is-style-default\">\n<figure class=\"aligncenter size-full is-resized\" id=\"topo\"><a href=\"#reconhecimento\"><img decoding=\"async\" src=\"https:\/\/ufpr.br\/propg\/wp-content\/uploads\/2025\/06\/Icone_ReconhecimentoDiplomas_Rosa.png\" alt=\"\" class=\"wp-image-7904\" style=\"object-fit:cover;width:70px;height:70px\"\/><\/a><\/figure><\/div>\n\n\n<p class=\"has-text-align-center has-text-color has-link-color wp-elements-7c1dec0df40b396571b54b5794774f2c\" style=\"color:#243673;font-size:14px\"><a href=\"#reconhecimento\"><strong>Reconhecimento de <\/strong><\/a><br><a href=\"#reconhecimento\"><strong>Diplomas Estrangeiros<\/strong><\/a><\/p>\n<\/div>\n<\/div>\n<\/div>\n<\/div>\n<\/div>\n\n\n\n<div class=\"wp-block-column is-layout-flow wp-block-column-is-layout-flow\" style=\"flex-basis:1%\"><\/div>\n\n\n\n<div class=\"wp-block-column is-layout-flow wp-block-column-is-layout-flow\" style=\"flex-basis:64%\">\n<div class=\"wp-block-columns is-layout-flex wp-container-core-columns-is-layout-9d6595d7 wp-block-columns-is-layout-flex\">\n<div class=\"wp-block-column is-layout-flow wp-block-column-is-layout-flow\">\n<h2 class=\"wp-block-heading has-text-align-left has-background has-medium-font-size\" id=\"diplomas\" style=\"background-color:#e8ecf5\">DIPLOMAS E CERTIFICADOS<br>Mestrado, Doutorado, P\u00f3s-Doutorado<\/h2>\n\n\n\n<hr class=\"wp-block-separator has-text-color has-alpha-channel-opacity has-background is-style-wide\" style=\"background-color:#e8ecf5;color:#e8ecf5\"\/>\n\n\n\n<p><a href=\"https:\/\/ufpr.br\/propg\/wp-content\/uploads\/2025\/07\/decreto-n-5518.pdf\" target=\"_blank\" rel=\"noreferrer noopener\">Decreto N\u00ba 5.518, de 23 de agosto de 2005<\/a><\/p>\n\n\n\n<p>Promulga o acordo de admiss\u00e3o de t\u00edtulos e graus universit\u00e1rios para o exerc\u00edcio de atividades acad\u00eamicas nos Estados partes do Mercosul.<\/p>\n\n\n\n<hr class=\"wp-block-separator has-text-color has-alpha-channel-opacity has-background is-style-wide\" style=\"background-color:#e8ecf5;color:#e8ecf5\"\/>\n\n\n\n<p><a href=\"https:\/\/ufpr.br\/propg\/wp-content\/uploads\/2025\/07\/pces270_07.pdf\" target=\"_blank\" rel=\"noreferrer noopener\">Parecer CNE\/CES n\u00ba 270\/2007, de 06 de dezembro de 2007<\/a><\/p>\n\n\n\n<p>Admiss\u00e3o de t\u00edtulos emitidos por institui\u00e7\u00f5es estrangeiras, especialmente as que pertencem aos Estados Partes do Mercosul, para fins de concess\u00e3o de Progress\u00e3o Funcional por Titula\u00e7\u00e3o.<\/p>\n\n\n\n<hr class=\"wp-block-separator has-text-color has-alpha-channel-opacity has-background is-style-wide\" style=\"background-color:#e8ecf5;color:#e8ecf5\"\/>\n\n\n\n<p><a href=\"https:\/\/ufpr.br\/propg\/wp-content\/uploads\/2025\/07\/parecer_capes_pjr_001_1999.pdf\" target=\"_blank\" rel=\"noreferrer noopener\">Parecer PJR\/JT001, 28 de janeiro de 1999<\/a><\/p>\n\n\n\n<p>Validade nacional de t\u00edtulos de p\u00f3s-gradua\u00e7\u00e3o obtidos no pa\u00eds, ou no exterior: natureza do reconhecimento de que trata o art. 48, \u00a7 3\u00ba, da LDB.<\/p>\n\n\n\n<hr class=\"wp-block-separator has-text-color has-alpha-channel-opacity has-background is-style-wide\" style=\"background-color:#e8ecf5;color:#e8ecf5\"\/>\n\n\n\n<p><a href=\"https:\/\/ufpr.br\/propg\/wp-content\/uploads\/2025\/07\/pces199_02.pdf\" target=\"_blank\" rel=\"noreferrer noopener\">Parecer CNE\/CES 199 de 05 de junho de 2002<\/a><\/p>\n\n\n\n<p>Aplica\u00e7\u00e3o do Tratado de Amizade, Coopera\u00e7\u00e3o e Consulta entre a Rep\u00fablica Federativa do Brasil e a Rep\u00fablica Portuguesa.<\/p>\n\n\n\n<hr class=\"wp-block-separator has-text-color has-alpha-channel-opacity has-background is-style-wide\" style=\"background-color:#e8ecf5;color:#e8ecf5\"\/>\n\n\n\n<p><a href=\"https:\/\/ufpr.br\/propg\/wp-content\/uploads\/2025\/07\/ordem-de-servio-002_2010-prppg.pdf\" target=\"_blank\" rel=\"noreferrer noopener\">Ordem de Servi\u00e7o\u00a0002\/2010 PRPPG<\/a><\/p>\n\n\n\n<p>Disp\u00f5e sobre os procedimentos de admiss\u00e3o de t\u00edtulos e graus universit\u00e1rios para o exerc\u00edcio de atividades acad\u00eamicas nos Estados Partes do MERCOSUL.<\/p>\n\n\n\n<hr class=\"wp-block-separator has-text-color has-alpha-channel-opacity has-background is-style-wide\" style=\"background-color:#e8ecf5;color:#e8ecf5\"\/>\n\n\n\n<p><a href=\"https:\/\/ufpr.br\/propg\/wp-content\/uploads\/2025\/07\/mercosul_novas_regras.pdf\" target=\"_blank\" rel=\"noreferrer noopener\">Esclarecimentos sobre o acordo de admiss\u00e3o de t\u00edtulos emitidos por pa\u00edses do Mercosul<\/a><\/p>\n\n\n\n<hr class=\"wp-block-separator has-text-color has-alpha-channel-opacity has-background is-style-wide\" style=\"background-color:#e8ecf5;color:#e8ecf5\"\/>\n\n\n\n<p class=\"has-text-color has-link-color wp-elements-35347cca6bfe07bb2bf966001a1b447f\" style=\"color:#243673\"><strong><a href=\"#topo\" title=\"\">Voltar ao topo<\/a><\/strong><\/p>\n<\/div>\n<\/div>\n\n\n\n<hr class=\"wp-block-separator has-alpha-channel-opacity is-style-dots\"\/>\n\n\n\n<div style=\"height:25px\" aria-hidden=\"true\" class=\"wp-block-spacer\"><\/div>\n\n\n\n<div class=\"wp-block-columns is-layout-flex wp-container-core-columns-is-layout-9d6595d7 wp-block-columns-is-layout-flex\">\n<div class=\"wp-block-column is-layout-flow wp-block-column-is-layout-flow\">\n<h2 class=\"wp-block-heading has-text-align-left has-background has-medium-font-size\" id=\"certificados\" style=\"background-color:#e8ecf5\">CERTIFICADOS<br>Especializa\u00e7\u00e3o e Resid\u00eancia<\/h2>\n\n\n\n<hr class=\"wp-block-separator has-text-color has-alpha-channel-opacity has-background is-style-wide\" style=\"background-color:#e8ecf5;color:#e8ecf5\"\/>\n\n\n\n<p>Em breve mais informa\u00e7\u00f5es<\/p>\n\n\n\n<hr class=\"wp-block-separator has-text-color has-alpha-channel-opacity has-background is-style-wide\" style=\"background-color:#e8ecf5;color:#e8ecf5\"\/>\n\n\n\n<p class=\"has-text-color has-link-color wp-elements-35347cca6bfe07bb2bf966001a1b447f\" style=\"color:#243673\"><strong><a href=\"#topo\" title=\"\">Voltar ao topo<\/a><\/strong><\/p>\n<\/div>\n<\/div>\n\n\n\n<hr class=\"wp-block-separator has-alpha-channel-opacity is-style-dots\"\/>\n\n\n\n<div style=\"height:25px\" aria-hidden=\"true\" class=\"wp-block-spacer\"><\/div>\n\n\n\n<div class=\"wp-block-columns is-layout-flex wp-container-core-columns-is-layout-9d6595d7 wp-block-columns-is-layout-flex\">\n<div class=\"wp-block-column is-layout-flow wp-block-column-is-layout-flow\">\n<h2 class=\"wp-block-heading has-text-align-left has-background has-medium-font-size\" id=\"reconhecimento\" style=\"background-color:#e8ecf5\">RECONHECIMENTO DE DIPLOMAS<br>Mestrado e Doutorado<\/h2>\n\n\n\n<hr class=\"wp-block-separator has-text-color has-alpha-channel-opacity has-background is-style-wide\" style=\"background-color:#e8ecf5;color:#e8ecf5\"\/>\n\n\n\n<p><a href=\"https:\/\/ufpr.br\/propg\/wp-content\/uploads\/2025\/07\/portaria-08-fevereiro-de-2023-prppg.pdf\" target=\"_blank\" rel=\"noreferrer noopener\">Portaria 08 fevereiro de 2023 \u2013 PROPG<\/a>&nbsp;\u2013 estabelece os procedimentos para a submiss\u00e3o da solicita\u00e7\u00e3o de reconhecimento de diplomas de p\u00f3s-gradua\u00e7\u00e3o stricto sensu expedidos por estabelecimentos estrangeiros, e a rela\u00e7\u00e3o dos documentos obrigat\u00f3rios que devem ser anexados no ato da submiss\u00e3o. Revoga a Portaria N\u00ba10, de 25 de maio de 2017.<\/p>\n\n\n\n<p><a href=\"https:\/\/ufpr.br\/propg\/wp-content\/uploads\/2025\/07\/resolucao-no-1-de-25-de-julho-de-2022.pdf\" target=\"_blank\" rel=\"noreferrer noopener\">Resolu\u00e7\u00e3o&nbsp;&nbsp;N\u00ba 1, de 25 de julho de 2022<\/a>&nbsp; \u2013 Disp\u00f5e sobre normas referentes \u00e0 revalida\u00e7\u00e3o de diplomas de cursos de gradua\u00e7\u00e3o e ao reconhecimento de diplomas de p\u00f3s gradua\u00e7\u00e3o stricto sensu (mestrado e doutorado), expedidos por estabelecimentos estrangeiros de ensino superior.<\/p>\n\n\n\n<p><a href=\"https:\/\/ufpr.br\/propg\/wp-content\/uploads\/2025\/07\/lei-9394.pdf\" target=\"_blank\" rel=\"noreferrer noopener\">Lei 9394\/1996<\/a>, estabelece as diretrizes e bases da educa\u00e7\u00e3o nacional.<\/p>\n\n\n\n<p><a href=\"https:\/\/ufpr.br\/propg\/wp-content\/uploads\/2025\/07\/resoluo-n-3-de-22-de-junho-de-2016-imprensa-nacional-1.pdf\" target=\"_blank\" rel=\"noreferrer noopener\">Resolu\u00e7\u00e3o n\u00ba 3 CNE\/CES, de 26 de junho de 2016<\/a>, disp\u00f5e sobre normas referentes \u00e0 revalida\u00e7\u00e3o de diplomas de cursos de gradua\u00e7\u00e3o e ao reconhecimento de diplomas de p\u00f3s-gradua\u00e7\u00e3o&nbsp;<em>stricto sensu<\/em>&nbsp;(mestrado e doutorado), expedidos por estabelecimentos estrangeiros de ensino superior.<\/p>\n\n\n\n<p><a href=\"https:\/\/ufpr.br\/propg\/wp-content\/uploads\/2025\/07\/portaria-10a-de-2017.pdf\" target=\"_blank\" rel=\"noreferrer noopener\">Portaria n\u00ba 10A\/2017 \u2013 PRPPG<\/a>, estabelece os procedimentos para a submiss\u00e3o da solicita\u00e7\u00e3o de reconhecimento de diplomas de p\u00f3s-gradua\u00e7\u00e3o stricto sensu expedidos por estabelecimentos estrangeiros, e a rela\u00e7\u00e3o dos documentos obrigat\u00f3rios que devem ser anexados no ato da submiss\u00e3o.<\/p>\n\n\n\n<p><a href=\"https:\/\/ufpr.br\/propg\/wp-content\/uploads\/2025\/07\/cepe0717.pdf\" target=\"_blank\" rel=\"noreferrer noopener\">Resolu\u00e7\u00e3o n\u00ba 07\/2017 \u2013 CEPE<\/a>, estabelece normas para reconhecimento de diplomas de p\u00f3s-gradua\u00e7\u00e3o stricto sensu expedidos por estabelecimentos estrangeiros de ensino superior no \u00e2mbito da Universidade Federal do Paran\u00e1.<\/p>\n\n\n\n<p><a href=\"https:\/\/ufpr.br\/propg\/wp-content\/uploads\/2025\/07\/resolucao-no-44-22-cepe-revogacao-clausula-de-5-anos-da-res07-17.pdf\" target=\"_blank\" rel=\"noreferrer noopener\">RESOLU\u00c7\u00c3O-N\u00ba-44-22-CEPE&nbsp;<\/a>, Altera a Resolu\u00e7\u00e3o n\u00ba 07\/17-CEPE que estabelece normas para&nbsp;reconhecimento de diplomas de p\u00f3s-gradua\u00e7\u00e3o stricto senso&nbsp;(mestrado e doutorado) expedidos por estabelecimentos&nbsp;estrangeiros de ensino superior no \u00e2mbito da Universidade&nbsp;Federal do Paran\u00e1. Esta Resolu\u00e7\u00e3o elimina o inciso II do Art 7\u00ba da Resolu\u00e7\u00e3o 07\/2017 que trata do prazo de 5 anos para os documenta\u00e7\u00e3o dos Processos de Reconhecimento de Diploma.<\/p>\n\n\n\n<p><a href=\"https:\/\/ufpr.br\/propg\/wp-content\/uploads\/2025\/07\/coplad0817.pdf\" target=\"_blank\" rel=\"noreferrer noopener\">Resolu\u00e7\u00e3o n\u00ba 08\/2017 \u2013 COPLAD<\/a>, estabelece taxas para submiss\u00e3o de solicita\u00e7\u00f5es e registro de certificados para reconhecimento de diplomas de p\u00f3s-gradua\u00e7\u00e3o stricto sensu (mestrado e doutorado) expedidos por estabelecimentos estrangeiros de ensino superior no \u00e2mbito da Universidade Federal do Paran\u00e1.<\/p>\n\n\n\n<p><a href=\"https:\/\/ufpr.br\/propg\/wp-content\/uploads\/2025\/07\/resoluo-cne-03-2016-reconhecimento-diploma.pdf\" target=\"_blank\" rel=\"noreferrer noopener\">Resolu\u00e7\u00e3o n\u00ba 03\/2016<\/a>&nbsp;da C\u00e2mara Superior de Educa\u00e7\u00e3o do Conselho Nacional de Educa\u00e7\u00e3o (CNE), disp\u00f5e sobre normas referentes ao reconhecimento de diplomas de p\u00f3s-gradua\u00e7\u00e3o stricto sensu expedidos por estabelecimentos estrangeiros de ensino superior.<\/p>\n\n\n\n<p><a href=\"https:\/\/ufpr.br\/propg\/wp-content\/uploads\/2025\/07\/portaria-mec-22-de-2016-reconhecimento-de-diploma-estrangeiro.pdf\" target=\"_blank\" rel=\"noreferrer noopener\">Portaria n\u00ba 22\/16 \u2013 MEC<\/a>, disp\u00f5e sobre normas e tramita\u00e7\u00e3o de processos de reconhecimento de diplomas de p\u00f3s-gradua\u00e7\u00e3o stricto sensu expedidos por estabelecimentos estrangeiros de ensino superior<\/p>\n\n\n\n<hr class=\"wp-block-separator has-text-color has-alpha-channel-opacity has-background is-style-wide\" style=\"background-color:#e8ecf5;color:#e8ecf5\"\/>\n\n\n\n<p class=\"has-text-color has-link-color wp-elements-35347cca6bfe07bb2bf966001a1b447f\" style=\"color:#243673\"><strong><a href=\"#topo\" title=\"\">Voltar ao topo<\/a><\/strong><\/p>\n<\/div>\n<\/div>\n<\/div>\n<\/div>\n\n\n\n<p><\/p>\n","protected":false},"excerpt":{"rendered":"<p>Mestrado Doutorado P\u00f3s-Doutorado Especializa\u00e7\u00e3o Resid\u00eancia Reconhecimento de Diplomas Estrangeiros DIPLOMAS E CERTIFICADOSMestrado, Doutorado, P\u00f3s-Doutorado Decreto N\u00ba 5.518, de 23 de agosto de 2005 Promulga o acordo de admiss\u00e3o de t\u00edtulos e graus universit\u00e1rios para o exerc\u00edcio de atividades acad\u00eamicas nos Estados partes do Mercosul. Parecer CNE\/CES n\u00ba 270\/2007, de 06 de dezembro de 2007 Admiss\u00e3o [&hellip;]<\/p>\n","protected":false},"author":5,"featured_media":0,"parent":6949,"menu_order":0,"comment_status":"closed","ping_status":"closed","template":"","meta":{"footnotes":""},"class_list":["post-7387","page","type-page","status-publish","hentry"],"_links":{"self":[{"href":"https:\/\/ufpr.br\/propg\/wp-json\/wp\/v2\/pages\/7387","targetHints":{"allow":["GET"]}}],"collection":[{"href":"https:\/\/ufpr.br\/propg\/wp-json\/wp\/v2\/pages"}],"about":[{"href":"https:\/\/ufpr.br\/propg\/wp-json\/wp\/v2\/types\/page"}],"author":[{"embeddable":true,"href":"https:\/\/ufpr.br\/propg\/wp-json\/wp\/v2\/users\/5"}],"replies":[{"embeddable":true,"href":"https:\/\/ufpr.br\/propg\/wp-json\/wp\/v2\/comments?post=7387"}],"version-history":[{"count":60,"href":"https:\/\/ufpr.br\/propg\/wp-json\/wp\/v2\/pages\/7387\/revisions"}],"predecessor-version":[{"id":47035,"href":"https:\/\/ufpr.br\/propg\/wp-json\/wp\/v2\/pages\/7387\/revisions\/47035"}],"up":[{"embeddable":true,"href":"https:\/\/ufpr.br\/propg\/wp-json\/wp\/v2\/pages\/6949"}],"wp:attachment":[{"href":"https:\/\/ufpr.br\/propg\/wp-json\/wp\/v2\/media?parent=7387"}],"curies":[{"name":"wp","href":"https:\/\/api.w.org\/{rel}","templated":true}]}}