{"id":7377,"date":"2025-07-13T20:30:29","date_gmt":"2025-07-13T23:30:29","guid":{"rendered":"https:\/\/ufpr.br\/?page=7377"},"modified":"2025-12-29T11:57:59","modified_gmt":"2025-12-29T14:57:59","slug":"pos-doutorado","status":"publish","type":"page","link":"https:\/\/ufpr.br\/propg\/udc\/pos-doutorado\/","title":{"rendered":"P\u00f3s-Doutorado"},"content":{"rendered":"\n<div style=\"height:50px\" aria-hidden=\"true\" class=\"wp-block-spacer\"><\/div>\n\n\n\n<div class=\"wp-block-columns is-layout-flex wp-container-core-columns-is-layout-9d6595d7 wp-block-columns-is-layout-flex\">\n<div class=\"wp-block-column is-layout-flow wp-block-column-is-layout-flow\" style=\"flex-basis:15%\"><div class=\"wp-block-image\">\n<figure class=\"aligncenter size-full is-resized\" id=\"topo\"><img decoding=\"async\" src=\"https:\/\/ufpr.br\/propg\/wp-content\/uploads\/2025\/06\/Icone_Capelo_Certificado_Rosa.png\" alt=\"\" class=\"wp-image-7236\" style=\"width:100px\"\/><\/figure><\/div><\/div>\n\n\n\n<div class=\"wp-block-column is-layout-flow wp-block-column-is-layout-flow\" style=\"flex-basis:1%\"><\/div>\n\n\n\n<div class=\"wp-block-column is-layout-flow wp-block-column-is-layout-flow\" style=\"flex-basis:63%\">\n<blockquote class=\"wp-block-quote is-layout-flow wp-block-quote-is-layout-flow\">\n<p>A <strong>Unidade de Diplomas e Certificados (UDC)<\/strong> da Pr\u00f3-Reitoria de P\u00f3s-Gradua\u00e7\u00e3o \u00e9 respons\u00e1vel pela emiss\u00e3o e registro dos certificados de P\u00f3s-Doutorado, de acordo com a legisla\u00e7\u00e3o vigente.<\/p>\n\n\n\n<p>\u00c9 de responsabilidade de cada secretaria de Programa de P\u00f3s-Gradua\u00e7\u00e3o enviar \u00e0 UDC todos os documentos exigidos para a emiss\u00e3o do certificados.<\/p>\n\n\n\n<p>O prazo para emiss\u00e3o dos certificados \u00e9 de 60 dias em m\u00e9dia, contados a partir do recebimento do processo na UDC, desde que este esteja instru\u00eddo corretamente<em>.&nbsp;<\/em>Este prazo pode ser superior ou n\u00e3o \u00e0 expectativa informada, a depender da disponibilidade das demais partes em atend\u00ea-la.<\/p>\n<\/blockquote>\n\n\n\n<div style=\"height:50px\" aria-hidden=\"true\" class=\"wp-block-spacer\"><\/div>\n\n\n\n<h2 class=\"wp-block-heading has-text-align-left has-background has-medium-font-size\" style=\"background-color:#e8ecf5\">PROCESSO DE REGISTRO E EMISS\u00c3O DE CERTIFICADOS<\/h2>\n\n\n\n<hr class=\"wp-block-separator has-text-color has-alpha-channel-opacity has-background is-style-wide\" style=\"background-color:#e8ecf5;color:#e8ecf5\"\/>\n\n\n\n<p>A <strong>secretaria da P\u00f3s-Gradua\u00e7\u00e3o<\/strong> dever\u00e1 solicitar a emiss\u00e3o de certificado de P\u00f3s-Doutorado atrav\u00e9s de processo eletr\u00f4nico no SEI, apresentando os seguintes documentos:<\/p>\n\n\n\n<ol class=\"wp-block-list\">\n<li>Documentos comprobat\u00f3rios de ingresso&nbsp;<strong>do aluno<\/strong>&nbsp;no p\u00f3s-doutorado: edital de sele\u00e7\u00e3o ou ata de homologa\u00e7\u00e3o do colegiado;<\/li>\n<\/ol>\n\n\n\n<ol start=\"2\" class=\"wp-block-list\">\n<li>Diploma de Doutorado;<\/li>\n<\/ol>\n\n\n\n<ol start=\"3\" class=\"wp-block-list\">\n<li>RG e CPF (para brasileiros) ou RNE e CPF (para estrangeiros) do discente;<\/li>\n<\/ol>\n\n\n\n<ol start=\"4\" class=\"wp-block-list\">\n<li>Relat\u00f3rio final;<\/li>\n<\/ol>\n\n\n\n<ol start=\"5\" class=\"wp-block-list\">\n<li>Cronograma das atividades desenvolvidas;<\/li>\n<\/ol>\n\n\n\n<ol start=\"6\" class=\"wp-block-list\">\n<li>Ata de Audi\u00eancia P\u00fablica de apresenta\u00e7\u00e3o do trabalho;<\/li>\n<\/ol>\n\n\n\n<ol start=\"7\" class=\"wp-block-list\">\n<li>Documento de&nbsp;<strong>homologa\u00e7\u00e3o<\/strong>&nbsp;da&nbsp;Ata de Audi\u00eancia P\u00fablica de apresenta\u00e7\u00e3o do trabalho. ( De acordo com a Resolu\u00e7\u00e3o CEPE 16\/18).<\/li>\n<\/ol>\n\n\n\n<p>Ap\u00f3s a emiss\u00e3o do certificado e assinatura do mesmo pelo(a) Pr\u00f3-Reitor(a) de P\u00f3s-Gradua\u00e7\u00e3o, ser\u00e1 informada a disponibilidade do documento para retirada no pr\u00f3prio processo do SEI. A secretaria do Programa de P\u00f3s Gradua\u00e7\u00e3o dever\u00e1 comunicar ao discente.<\/p>\n\n\n\n<div style=\"height:20px\" aria-hidden=\"true\" class=\"wp-block-spacer\"><\/div>\n\n\n\n<hr class=\"wp-block-separator has-alpha-channel-opacity is-style-dots\"\/>\n\n\n\n<div style=\"height:25px\" aria-hidden=\"true\" class=\"wp-block-spacer\"><\/div>\n\n\n\n<h2 class=\"wp-block-heading has-text-align-left has-background has-medium-font-size\" style=\"background-color:#e8ecf5\">RETIRADA DE CERTIFICADOS<\/h2>\n\n\n\n<hr class=\"wp-block-separator has-text-color has-alpha-channel-opacity has-background is-style-wide\" style=\"background-color:#e8ecf5;color:#e8ecf5\"\/>\n\n\n\n<p>A retirada de certificados poder\u00e1 ser feita pelos seguintes:<\/p>\n\n\n\n<ul class=\"wp-block-list\">\n<li><strong>Discente<\/strong>: munido de documento de identifica\u00e7\u00e3o com foto;<\/li>\n<\/ul>\n\n\n\n<ul class=\"wp-block-list\">\n<li><strong>Terceiros<\/strong>: munidos de documento de identifica\u00e7\u00e3o com foto e procura\u00e7\u00e3o com firma reconhecida em cart\u00f3rio. Esta procura\u00e7\u00e3o pode ser simples, contendo, pelo menos: nome, RG e data de nascimento de ambas as partes, bem como informar o motivo da autoriza\u00e7\u00e3o \u2013 retirar certificado de P\u00f3s-Doutorado em (<em>nome do Programa de P\u00f3s-Gradua\u00e7\u00e3o<\/em>).<\/li>\n<\/ul>\n\n\n\n<hr class=\"wp-block-separator has-text-color has-alpha-channel-opacity has-background is-style-wide\" style=\"background-color:#e8ecf5;color:#e8ecf5\"\/>\n\n\n\n<p class=\"has-text-color has-link-color wp-elements-16631d866001ae142cbdd3786f7ccd26\" style=\"color:#243673\"><strong><a title=\"\" href=\"#topo\">Voltar ao topo<\/a><\/strong><\/p>\n<\/div>\n\n\n\n<div class=\"wp-block-column is-layout-flow wp-block-column-is-layout-flow\" style=\"flex-basis:2%\"><\/div>\n\n\n\n<div class=\"wp-block-column is-layout-flow wp-block-column-is-layout-flow\" style=\"flex-basis:20%\">\n<div class=\"wp-block-columns is-layout-flex wp-container-core-columns-is-layout-9d6595d7 wp-block-columns-is-layout-flex\">\n<div class=\"wp-block-column is-vertically-aligned-top has-background is-layout-flow wp-block-column-is-layout-flow\" style=\"background-color:#e8ecf5;flex-basis:100%\">\n<h2 class=\"wp-block-heading has-text-align-center\">Conhe\u00e7a<br>Tamb\u00e9m<\/h2>\n\n\n\n<hr class=\"wp-block-separator has-text-color has-white-color has-alpha-channel-opacity has-white-background-color has-background is-style-wide\"\/>\n\n\n\n<div class=\"wp-block-columns is-not-stacked-on-mobile is-layout-flex wp-container-core-columns-is-layout-9d6595d7 wp-block-columns-is-layout-flex\">\n<div class=\"wp-block-column is-layout-flow wp-block-column-is-layout-flow\" style=\"flex-basis:1px\"><\/div>\n\n\n\n<div class=\"wp-block-column has-white-background-color has-text-color has-background has-link-color wp-elements-9e0d6261c66318666bb6a7196189dffc is-layout-flow wp-block-column-is-layout-flow\" style=\"color:#003c71\">\n<div style=\"height:20px\" aria-hidden=\"true\" class=\"wp-block-spacer\"><\/div>\n\n\n<div class=\"wp-block-image is-style-default\">\n<figure class=\"aligncenter size-full is-resized\" id=\"topo\"><a href=\"https:\/\/ufpr.br\/propg\/udc\/legislacao\/\"><img decoding=\"async\" src=\"https:\/\/ufpr.br\/propg\/wp-content\/uploads\/2025\/06\/Icone_Documentos_Rosa.png\" alt=\"\" class=\"wp-image-6154\" style=\"object-fit:cover;width:70px;height:70px\"\/><\/a><\/figure><\/div>\n\n\n<p class=\"has-text-align-center has-text-color has-link-color wp-elements-ef3f2b253270b281d2f246c56147d2f4\" style=\"color:#243673;font-size:14px\"><strong><a href=\"https:\/\/ufpr.br\/propg\/udc\/legislacao\/\">Legisla\u00e7\u00e3o<\/a><\/strong><\/p>\n<\/div>\n\n\n\n<div class=\"wp-block-column is-layout-flow wp-block-column-is-layout-flow\" style=\"flex-basis:1px\"><\/div>\n<\/div>\n\n\n\n<hr class=\"wp-block-separator has-text-color has-white-color has-alpha-channel-opacity has-white-background-color has-background is-style-wide\"\/>\n<\/div>\n<\/div>\n<\/div>\n<\/div>\n","protected":false},"excerpt":{"rendered":"<p>A Unidade de Diplomas e Certificados (UDC) da Pr\u00f3-Reitoria de P\u00f3s-Gradua\u00e7\u00e3o \u00e9 respons\u00e1vel pela emiss\u00e3o e registro dos certificados de P\u00f3s-Doutorado, de acordo com a legisla\u00e7\u00e3o vigente. \u00c9 de responsabilidade de cada secretaria de Programa de P\u00f3s-Gradua\u00e7\u00e3o enviar \u00e0 UDC todos os documentos exigidos para a emiss\u00e3o do certificados. O prazo para emiss\u00e3o dos certificados [&hellip;]<\/p>\n","protected":false},"author":5,"featured_media":0,"parent":6949,"menu_order":0,"comment_status":"closed","ping_status":"closed","template":"","meta":{"footnotes":""},"class_list":["post-7377","page","type-page","status-publish","hentry"],"_links":{"self":[{"href":"https:\/\/ufpr.br\/propg\/wp-json\/wp\/v2\/pages\/7377","targetHints":{"allow":["GET"]}}],"collection":[{"href":"https:\/\/ufpr.br\/propg\/wp-json\/wp\/v2\/pages"}],"about":[{"href":"https:\/\/ufpr.br\/propg\/wp-json\/wp\/v2\/types\/page"}],"author":[{"embeddable":true,"href":"https:\/\/ufpr.br\/propg\/wp-json\/wp\/v2\/users\/5"}],"replies":[{"embeddable":true,"href":"https:\/\/ufpr.br\/propg\/wp-json\/wp\/v2\/comments?post=7377"}],"version-history":[{"count":10,"href":"https:\/\/ufpr.br\/propg\/wp-json\/wp\/v2\/pages\/7377\/revisions"}],"predecessor-version":[{"id":47020,"href":"https:\/\/ufpr.br\/propg\/wp-json\/wp\/v2\/pages\/7377\/revisions\/47020"}],"up":[{"embeddable":true,"href":"https:\/\/ufpr.br\/propg\/wp-json\/wp\/v2\/pages\/6949"}],"wp:attachment":[{"href":"https:\/\/ufpr.br\/propg\/wp-json\/wp\/v2\/media?parent=7377"}],"curies":[{"name":"wp","href":"https:\/\/api.w.org\/{rel}","templated":true}]}}