{"id":7365,"date":"2025-07-13T20:00:04","date_gmt":"2025-07-13T23:00:04","guid":{"rendered":"https:\/\/ufpr.br\/?page=7365"},"modified":"2025-12-29T11:55:52","modified_gmt":"2025-12-29T14:55:52","slug":"segunda-via-de-diplomas","status":"publish","type":"page","link":"https:\/\/ufpr.br\/propg\/udc\/segunda-via-de-diplomas\/","title":{"rendered":"Segunda Via de Diplomas"},"content":{"rendered":"\n<div style=\"height:50px\" aria-hidden=\"true\" class=\"wp-block-spacer\"><\/div>\n\n\n\n<div class=\"wp-block-columns is-layout-flex wp-container-core-columns-is-layout-9d6595d7 wp-block-columns-is-layout-flex\">\n<div class=\"wp-block-column is-layout-flow wp-block-column-is-layout-flow\" style=\"flex-basis:15%\"><div class=\"wp-block-image\">\n<figure class=\"aligncenter size-full is-resized\" id=\"topo\"><img decoding=\"async\" src=\"https:\/\/ufpr.br\/propg\/wp-content\/uploads\/2025\/07\/Icone_SegundaVia_Rosa.png\" alt=\"\" class=\"wp-image-12452\" style=\"width:120px\"\/><\/figure><\/div><\/div>\n\n\n\n<div class=\"wp-block-column is-layout-flow wp-block-column-is-layout-flow\" style=\"flex-basis:1%\"><\/div>\n\n\n\n<div class=\"wp-block-column is-layout-flow wp-block-column-is-layout-flow\" style=\"flex-basis:80%\">\n<blockquote class=\"wp-block-quote is-layout-flow wp-block-quote-is-layout-flow\">\n<p>Para emiss\u00e3o de segunda-via de diplomas de Mestrado e Doutorado, o requerente deve encaminhar&nbsp;<strong>&nbsp;a secretaria da P\u00f3s-Gradua\u00e7\u00e3o<\/strong>&nbsp;os documentos abaixo:<\/p>\n\n\n\n<ul class=\"wp-block-list\">\n<li>RG e CPF. <strong>Observa\u00e7\u00e3o<\/strong>: n\u00e3o ser\u00e1 aceita a CNH \u2013 Carteira Nacional de Habilita\u00e7\u00e3o;<\/li>\n<\/ul>\n\n\n\n<ul class=\"wp-block-list\">\n<li>Comprovante de Recolhimento da Taxa de Emiss\u00e3o (Orienta\u00e7\u00f5es no link abaixo);<\/li>\n<\/ul>\n\n\n\n<ul class=\"wp-block-list\">\n<li>Motivo do requerimento da 2\u00ba via \u2013 Perda, roubo, extravio etc.<\/li>\n<\/ul>\n<\/blockquote>\n\n\n\n<div style=\"height:25px\" aria-hidden=\"true\" class=\"wp-block-spacer\"><\/div>\n\n\n\n<p>O pedido ser\u00e1 feito pelo Programa de P\u00f3s-Gradua\u00e7\u00e3o, por meio de processo eletr\u00f4nico no SEI e encaminhado \u00e0 esta SDC a qual emitir\u00e1 o documento.<\/p>\n\n\n\n<hr class=\"wp-block-separator has-text-color has-alpha-channel-opacity has-background is-style-wide\" style=\"background-color:#e8ecf5;color:#e8ecf5\"\/>\n\n\n\n<p>Prazo aproximado de 30 a 60 dias.<\/p>\n\n\n\n<hr class=\"wp-block-separator has-text-color has-alpha-channel-opacity has-background is-style-wide\" style=\"background-color:#e8ecf5;color:#e8ecf5\"\/>\n\n\n\n<p>Link com <strong>Instru\u00e7\u00f5es para Pagamento<\/strong>: <a href=\"https:\/\/ufpr.br\/propg\/wp-content\/uploads\/2024\/12\/procedimento-2a-via-de-diploma-orientacoes-1.pdf\" target=\"_blank\" rel=\"noreferrer noopener\">PROCEDIMENTO 2\u00aa via de Diploma- orienta\u00e7\u00f5es<\/a><\/p>\n\n\n\n<hr class=\"wp-block-separator has-text-color has-alpha-channel-opacity has-background is-style-wide\" style=\"background-color:#e8ecf5;color:#e8ecf5\"\/>\n<\/div>\n\n\n\n<div class=\"wp-block-column is-layout-flow wp-block-column-is-layout-flow\" style=\"flex-basis:4%\"><\/div>\n<\/div>\n","protected":false},"excerpt":{"rendered":"<p>Para emiss\u00e3o de segunda-via de diplomas de Mestrado e Doutorado, o requerente deve encaminhar&nbsp;&nbsp;a secretaria da P\u00f3s-Gradua\u00e7\u00e3o&nbsp;os documentos abaixo: O pedido ser\u00e1 feito pelo Programa de P\u00f3s-Gradua\u00e7\u00e3o, por meio de processo eletr\u00f4nico no SEI e encaminhado \u00e0 esta SDC a qual emitir\u00e1 o documento. Prazo aproximado de 30 a 60 dias. Link com Instru\u00e7\u00f5es para [&hellip;]<\/p>\n","protected":false},"author":5,"featured_media":0,"parent":6949,"menu_order":0,"comment_status":"closed","ping_status":"closed","template":"","meta":{"footnotes":""},"class_list":["post-7365","page","type-page","status-publish","hentry"],"_links":{"self":[{"href":"https:\/\/ufpr.br\/propg\/wp-json\/wp\/v2\/pages\/7365","targetHints":{"allow":["GET"]}}],"collection":[{"href":"https:\/\/ufpr.br\/propg\/wp-json\/wp\/v2\/pages"}],"about":[{"href":"https:\/\/ufpr.br\/propg\/wp-json\/wp\/v2\/types\/page"}],"author":[{"embeddable":true,"href":"https:\/\/ufpr.br\/propg\/wp-json\/wp\/v2\/users\/5"}],"replies":[{"embeddable":true,"href":"https:\/\/ufpr.br\/propg\/wp-json\/wp\/v2\/comments?post=7365"}],"version-history":[{"count":13,"href":"https:\/\/ufpr.br\/propg\/wp-json\/wp\/v2\/pages\/7365\/revisions"}],"predecessor-version":[{"id":47018,"href":"https:\/\/ufpr.br\/propg\/wp-json\/wp\/v2\/pages\/7365\/revisions\/47018"}],"up":[{"embeddable":true,"href":"https:\/\/ufpr.br\/propg\/wp-json\/wp\/v2\/pages\/6949"}],"wp:attachment":[{"href":"https:\/\/ufpr.br\/propg\/wp-json\/wp\/v2\/media?parent=7365"}],"curies":[{"name":"wp","href":"https:\/\/api.w.org\/{rel}","templated":true}]}}