{"id":7205,"date":"2025-07-10T21:08:48","date_gmt":"2025-07-11T00:08:48","guid":{"rendered":"https:\/\/ufpr.br\/?page=7205"},"modified":"2025-07-10T21:14:34","modified_gmt":"2025-07-11T00:14:34","slug":"ressarcimentos","status":"publish","type":"page","link":"https:\/\/ufpr.br\/propg\/uceo\/compras\/ressarcimentos\/","title":{"rendered":"Solicita\u00e7\u00e3o de Ressarcimentos"},"content":{"rendered":"\n<div style=\"height:50px\" aria-hidden=\"true\" class=\"wp-block-spacer\"><\/div>\n\n\n\n<div class=\"wp-block-columns is-layout-flex wp-container-core-columns-is-layout-9d6595d7 wp-block-columns-is-layout-flex\">\n<div class=\"wp-block-column is-layout-flow wp-block-column-is-layout-flow\" style=\"flex-basis:15%\"><div class=\"wp-block-image\">\n<figure class=\"aligncenter size-full is-resized\" id=\"topo\"><img decoding=\"async\" src=\"https:\/\/ufpr.br\/propg\/wp-content\/uploads\/2025\/07\/Icone_Ressarcimentos_Rosa.png\" alt=\"\" class=\"wp-image-11529\" style=\"width:100px\"\/><\/figure><\/div><\/div>\n\n\n\n<div class=\"wp-block-column is-layout-flow wp-block-column-is-layout-flow\" style=\"flex-basis:1%\"><\/div>\n\n\n\n<div class=\"wp-block-column is-layout-flow wp-block-column-is-layout-flow\" style=\"flex-basis:80%\">\n<blockquote class=\"wp-block-quote is-layout-flow wp-block-quote-is-layout-flow\">\n<p>No \u00e2mbito da UFPR, \u00e9 poss\u00edvel o pagamento de ressarcimento para t\u00e9cnicos e docentes por despesas que necessitaram ser efetuadas (com a devida justificativa) antes da disponibiliza\u00e7\u00e3o do recurso ou empenho para este fim. O ressarcimento \u00e9 regido pelo \u00edtem 3.16 da\u00a0<a href=\"https:\/\/sei.ufpr.br\/sei\/web\/controlador.php?acao=procedimento_trabalhar&amp;id_procedimento=2303962&amp;id_documento=8316376\" target=\"_blank\" rel=\"noreferrer noopener\">NTEOF<\/a>\u00a0(Nota T\u00e9cnica para Execu\u00e7\u00e3o Or\u00e7ament\u00e1ria e Financeira da UFPR, publicada pela Pr\u00f3 Reitoria de Or\u00e7amento e Administra\u00e7\u00e3o \u2013 PROAD).<\/p>\n<\/blockquote>\n\n\n\n<div style=\"height:50px\" aria-hidden=\"true\" class=\"wp-block-spacer\"><\/div>\n\n\n\n<h2 class=\"wp-block-heading has-text-align-left has-background has-medium-font-size\" style=\"background-color:#e8ecf5\">PROCEDIMENTO PARA A SOLICITA\u00c7\u00c3O DE RESSARCIMENTO<\/h2>\n\n\n\n<hr class=\"wp-block-separator has-text-color has-alpha-channel-opacity has-background is-style-wide\" style=\"background-color:#e8ecf5;color:#e8ecf5\"\/>\n\n\n\n<ul class=\"wp-block-list\">\n<li>Abrir processo SEI do tipo \u201cOr\u00e7amento e Finan\u00e7as: Reembolso de Servidor\u201d;<\/li>\n<\/ul>\n\n\n\n<ul class=\"wp-block-list\">\n<li>Incluir despacho com a justificativa do pedido e por que n\u00e3o foi poss\u00edvel seguir os tr\u00e2mites regulares para a demanda;<\/li>\n<\/ul>\n\n\n\n<ul class=\"wp-block-list\">\n<li>Incluir o formul\u00e1rio \u201cOR\u00c7. FIN: Solicita\u00e7\u00e3o de Ressarcimento\u201d;<\/li>\n<\/ul>\n\n\n\n<ul class=\"wp-block-list\">\n<li>Incluir a nota fiscal ou recibo do pagamento, emitido pelo fornecedor, preferencialmente em nome da UFPR;<\/li>\n<\/ul>\n\n\n\n<ul class=\"wp-block-list\">\n<li>Incluir o comprovante do efetivo pagamento, em nome do ressarcido. Podem ser encaminhados, por exemplo: extrato banc\u00e1rio, fatura de cart\u00e3o de cr\u00e9dito, comprovante PIX, etc. Devem estar vis\u00edveis o Nome\/CPF do pagador, a data e valor pago. Para estes documentos, \u00e9 permitido ocultar informa\u00e7\u00f5es de cunho particular e\/ou que n\u00e3o s\u00e3o relevantes para a solicita\u00e7\u00e3o;<\/li>\n<\/ul>\n\n\n\n<ul class=\"wp-block-list\">\n<li>Em caso de apresenta\u00e7\u00e3o do canhoto recebido mediante compra com cart\u00e3o, solicita-se que seja apresentada fotoc\u00f3pia do cart\u00e3o (ocultando dados sens\u00edveis);<\/li>\n<\/ul>\n\n\n\n<ul class=\"wp-block-list\">\n<li><strong>Para o caso de Ressarcimento relativo a Pagamento de Taxa de Inscri\u00e7\u00e3o para participa\u00e7\u00e3o em eventos<\/strong>, o pagamento s\u00f3 ser\u00e1 realizado ap\u00f3s a apresenta\u00e7\u00e3o do Certificado de Participa\u00e7\u00e3o. Este dever\u00e1 ser inclu\u00eddo ao processo, quando dispon\u00edvel;<\/li>\n<\/ul>\n\n\n\n<ul class=\"wp-block-list\">\n<li>Encaminhar o processo para a PROPG\/UCEO.<\/li>\n<\/ul>\n\n\n\n<hr class=\"wp-block-separator has-text-color has-alpha-channel-opacity has-background is-style-wide\" style=\"background-color:#e8ecf5;color:#e8ecf5\"\/>\n\n\n\n<p class=\"has-text-color has-link-color wp-elements-16631d866001ae142cbdd3786f7ccd26\" style=\"color:#243673\"><strong><a title=\"\" href=\"#topo\">Voltar ao topo<\/a><\/strong><\/p>\n<\/div>\n\n\n\n<div class=\"wp-block-column is-layout-flow wp-block-column-is-layout-flow\" style=\"flex-basis:4%\"><\/div>\n<\/div>\n","protected":false},"excerpt":{"rendered":"<p>No \u00e2mbito da UFPR, \u00e9 poss\u00edvel o pagamento de ressarcimento para t\u00e9cnicos e docentes por despesas que necessitaram ser efetuadas (com a devida justificativa) antes da disponibiliza\u00e7\u00e3o do recurso ou empenho para este fim. O ressarcimento \u00e9 regido pelo \u00edtem 3.16 da\u00a0NTEOF\u00a0(Nota T\u00e9cnica para Execu\u00e7\u00e3o Or\u00e7ament\u00e1ria e Financeira da UFPR, publicada pela Pr\u00f3 Reitoria de [&hellip;]<\/p>\n","protected":false},"author":5,"featured_media":0,"parent":7075,"menu_order":0,"comment_status":"closed","ping_status":"closed","template":"","meta":{"footnotes":""},"class_list":["post-7205","page","type-page","status-publish","hentry"],"_links":{"self":[{"href":"https:\/\/ufpr.br\/propg\/wp-json\/wp\/v2\/pages\/7205","targetHints":{"allow":["GET"]}}],"collection":[{"href":"https:\/\/ufpr.br\/propg\/wp-json\/wp\/v2\/pages"}],"about":[{"href":"https:\/\/ufpr.br\/propg\/wp-json\/wp\/v2\/types\/page"}],"author":[{"embeddable":true,"href":"https:\/\/ufpr.br\/propg\/wp-json\/wp\/v2\/users\/5"}],"replies":[{"embeddable":true,"href":"https:\/\/ufpr.br\/propg\/wp-json\/wp\/v2\/comments?post=7205"}],"version-history":[{"count":6,"href":"https:\/\/ufpr.br\/propg\/wp-json\/wp\/v2\/pages\/7205\/revisions"}],"predecessor-version":[{"id":7213,"href":"https:\/\/ufpr.br\/propg\/wp-json\/wp\/v2\/pages\/7205\/revisions\/7213"}],"up":[{"embeddable":true,"href":"https:\/\/ufpr.br\/propg\/wp-json\/wp\/v2\/pages\/7075"}],"wp:attachment":[{"href":"https:\/\/ufpr.br\/propg\/wp-json\/wp\/v2\/media?parent=7205"}],"curies":[{"name":"wp","href":"https:\/\/api.w.org\/{rel}","templated":true}]}}