{"id":7197,"date":"2025-07-10T20:53:25","date_gmt":"2025-07-10T23:53:25","guid":{"rendered":"https:\/\/ufpr.br\/?page=7197"},"modified":"2025-12-23T14:32:00","modified_gmt":"2025-12-23T17:32:00","slug":"pagamento-de-taxa-de-inscricao-em-eventos-docentes","status":"publish","type":"page","link":"https:\/\/ufpr.br\/propg\/uceo\/compras\/pagamento-de-taxa-de-inscricao-em-eventos-docentes\/","title":{"rendered":"Pagamento de Taxa de Inscri\u00e7\u00e3o em Eventos (para Docentes)"},"content":{"rendered":"\n<div style=\"height:50px\" aria-hidden=\"true\" class=\"wp-block-spacer\"><\/div>\n\n\n\n<div class=\"wp-block-columns is-layout-flex wp-container-core-columns-is-layout-9d6595d7 wp-block-columns-is-layout-flex\">\n<div class=\"wp-block-column is-layout-flow wp-block-column-is-layout-flow\" style=\"flex-basis:15%\"><div class=\"wp-block-image\">\n<figure class=\"aligncenter size-full is-resized\" id=\"topo\"><img decoding=\"async\" src=\"https:\/\/ufpr.br\/propg\/wp-content\/uploads\/2025\/07\/Icone_PagamentoTaxas_Rosa.png\" alt=\"\" class=\"wp-image-11525\" style=\"width:100px\"\/><\/figure><\/div><\/div>\n\n\n\n<div class=\"wp-block-column is-layout-flow wp-block-column-is-layout-flow\" style=\"flex-basis:1%\"><\/div>\n\n\n\n<div class=\"wp-block-column is-layout-flow wp-block-column-is-layout-flow\" style=\"flex-basis:80%\">\n<blockquote class=\"wp-block-quote is-layout-flow wp-block-quote-is-layout-flow\">\n<p>A partir do exerc\u00edcio 2025, o pagamento de Taxa de Inscri\u00e7\u00e3o para Participa\u00e7\u00e3o em Eventos Cient\u00edficos para docentes ser\u00e1 efetuado pelo procedimento de Aux\u00edlio Financeiro a Pesquisador.<\/p>\n\n\n\n<p>O valor solicitado \u00e9 transferido para a conta banc\u00e1ria do(a) docente e este dever\u00e1 providenciar o pagamento junto \u00e0 institui\u00e7\u00e3o organizadora do evento.<\/p>\n\n\n\n<p>Pode ser solicitado o pagamento para mais de um docente em um mesmo processo, desde que referente ao mesmo evento.<\/p>\n<\/blockquote>\n\n\n\n<div style=\"height:50px\" aria-hidden=\"true\" class=\"wp-block-spacer\"><\/div>\n\n\n\n<h2 class=\"wp-block-heading has-text-align-left has-background has-medium-font-size\" style=\"background-color:#e8ecf5\">PROCEDIMENTO PARA A SOLICITA\u00c7\u00c3O DO AUX\u00cdLIO<\/h2>\n\n\n\n<hr class=\"wp-block-separator has-text-color has-alpha-channel-opacity has-background is-style-wide\" style=\"background-color:#e8ecf5;color:#e8ecf5\"\/>\n\n\n\n<ul class=\"wp-block-list\">\n<li>Abrir processo SEI do tipo \u201cOr\u00e7amento e Finan\u00e7as: Solicita\u00e7\u00f5es\u201d;<\/li>\n<\/ul>\n\n\n\n<ul class=\"wp-block-list\">\n<li>Incluir o aceite do trabalho (no caso de apresenta\u00e7\u00e3o);<\/li>\n<\/ul>\n\n\n\n<ul class=\"wp-block-list\">\n<li>Incluir folder ou convite do evento;<\/li>\n<\/ul>\n\n\n\n<ul class=\"wp-block-list\">\n<li>Incluir informa\u00e7\u00e3o (retirada, por exemplo, do site do evento) acerca do valor da inscri\u00e7\u00e3o e prazo para pagamento;<\/li>\n<\/ul>\n\n\n\n<ul class=\"wp-block-list\">\n<li>Incluir despacho informando: justificativa do pedido, nome do evento, valor a ser pago, dados banc\u00e1rios do(s) benefici\u00e1rio(s) e se a demanda \u00e9 referente a uma a\u00e7\u00e3o de servi\u00e7o ou de desenvolvimento;<\/li>\n<\/ul>\n\n\n\n<ul class=\"wp-block-list\">\n<li>Encaminhar o processo para a PROPG\/UCEO;<\/li>\n<\/ul>\n\n\n\n<ul class=\"wp-block-list\">\n<li><strong>Caso seja a\u00e7\u00e3o de desenvolvimento<\/strong>, o processo ser\u00e1 remetido para an\u00e1lise e manifesta\u00e7\u00e3o da Coordenadoria de Desenvolvimento de Pessoas da Pr\u00f3 Reitoria de Gest\u00e3o de Pessoas (CDP\/PROGEPE);<\/li>\n<\/ul>\n\n\n\n<ul class=\"wp-block-list\">\n<li>Ap\u00f3s o retorno, pela CDP\/PROGEPE, a PROPG\/UCEO providenciar\u00e1 o empenho e, posteriormente, o envio da demanda para pagamento;<\/li>\n<\/ul>\n\n\n\n<ul class=\"wp-block-list\">\n<li>O valor ser\u00e1 depositado na(s) conta(s) banc\u00e1ria(s) indicada(s). Caber\u00e1 ao(s) solicitante(s) a efetiva\u00e7\u00e3o do pagamento junto \u00e0 entidade organizadora.<\/li>\n<\/ul>\n\n\n\n<hr class=\"wp-block-separator has-text-color has-alpha-channel-opacity has-background is-style-wide\" style=\"background-color:#e8ecf5;color:#e8ecf5\"\/>\n\n\n\n<p class=\"has-text-color has-link-color wp-elements-16631d866001ae142cbdd3786f7ccd26\" style=\"color:#243673\"><strong><a title=\"\" href=\"#topo\">Voltar ao topo<\/a><\/strong><\/p>\n<\/div>\n\n\n\n<div class=\"wp-block-column is-layout-flow wp-block-column-is-layout-flow\" style=\"flex-basis:4%\"><\/div>\n<\/div>\n","protected":false},"excerpt":{"rendered":"<p>A partir do exerc\u00edcio 2025, o pagamento de Taxa de Inscri\u00e7\u00e3o para Participa\u00e7\u00e3o em Eventos Cient\u00edficos para docentes ser\u00e1 efetuado pelo procedimento de Aux\u00edlio Financeiro a Pesquisador. O valor solicitado \u00e9 transferido para a conta banc\u00e1ria do(a) docente e este dever\u00e1 providenciar o pagamento junto \u00e0 institui\u00e7\u00e3o organizadora do evento. Pode ser solicitado o pagamento [&hellip;]<\/p>\n","protected":false},"author":5,"featured_media":0,"parent":7075,"menu_order":0,"comment_status":"closed","ping_status":"closed","template":"","meta":{"footnotes":""},"class_list":["post-7197","page","type-page","status-publish","hentry"],"_links":{"self":[{"href":"https:\/\/ufpr.br\/propg\/wp-json\/wp\/v2\/pages\/7197","targetHints":{"allow":["GET"]}}],"collection":[{"href":"https:\/\/ufpr.br\/propg\/wp-json\/wp\/v2\/pages"}],"about":[{"href":"https:\/\/ufpr.br\/propg\/wp-json\/wp\/v2\/types\/page"}],"author":[{"embeddable":true,"href":"https:\/\/ufpr.br\/propg\/wp-json\/wp\/v2\/users\/5"}],"replies":[{"embeddable":true,"href":"https:\/\/ufpr.br\/propg\/wp-json\/wp\/v2\/comments?post=7197"}],"version-history":[{"count":11,"href":"https:\/\/ufpr.br\/propg\/wp-json\/wp\/v2\/pages\/7197\/revisions"}],"predecessor-version":[{"id":46954,"href":"https:\/\/ufpr.br\/propg\/wp-json\/wp\/v2\/pages\/7197\/revisions\/46954"}],"up":[{"embeddable":true,"href":"https:\/\/ufpr.br\/propg\/wp-json\/wp\/v2\/pages\/7075"}],"wp:attachment":[{"href":"https:\/\/ufpr.br\/propg\/wp-json\/wp\/v2\/media?parent=7197"}],"curies":[{"name":"wp","href":"https:\/\/api.w.org\/{rel}","templated":true}]}}