{"id":7173,"date":"2025-07-10T20:04:39","date_gmt":"2025-07-10T23:04:39","guid":{"rendered":"https:\/\/ufpr.br\/?page=7173"},"modified":"2025-12-23T14:07:56","modified_gmt":"2025-12-23T17:07:56","slug":"material-permanente","status":"publish","type":"page","link":"https:\/\/ufpr.br\/propg\/uceo\/compras\/material-permanente\/","title":{"rendered":"Material Permanente"},"content":{"rendered":"\n<div class=\"wp-block-columns is-layout-flex wp-container-core-columns-is-layout-9d6595d7 wp-block-columns-is-layout-flex\">\n<div class=\"wp-block-column is-layout-flow wp-block-column-is-layout-flow\" style=\"flex-basis:15%\">\n<div style=\"height:50px\" aria-hidden=\"true\" class=\"wp-block-spacer\"><\/div>\n\n\n<div class=\"wp-block-image\">\n<figure class=\"aligncenter size-full is-resized\" id=\"topo\"><img decoding=\"async\" src=\"https:\/\/ufpr.br\/propg\/wp-content\/uploads\/2025\/07\/Icone_MaterialPermanente_Rosa.png\" alt=\"\" class=\"wp-image-11496\" style=\"width:100px\"\/><\/figure><\/div><\/div>\n\n\n\n<div class=\"wp-block-column is-layout-flow wp-block-column-is-layout-flow\" style=\"flex-basis:1%\"><\/div>\n\n\n\n<div class=\"wp-block-column is-layout-flow wp-block-column-is-layout-flow\" style=\"flex-basis:80%\">\n<h2 class=\"wp-block-heading\">Solicita\u00e7\u00e3o de Compra via Dispensa \u2013 Material Permanente<\/h2>\n\n\n\n<div style=\"height:15px\" aria-hidden=\"true\" class=\"wp-block-spacer\"><\/div>\n\n\n\n<blockquote class=\"wp-block-quote is-layout-flow wp-block-quote-is-layout-flow\">\n<p>Antes de iniciar a aquisi\u00e7\u00e3o por esta modalidade, verifique se h\u00e1 preg\u00f5es vigentes (<a href=\"https:\/\/proad.ufpr.br\/licitacoes\/upcl\/pregoes-vigentes\/\" target=\"_blank\" rel=\"noreferrer noopener\">site da CLIC\/PROAD<\/a>) e disponibilidade em estoque no Almoxarifado Setorial para os itens solicitados.<\/p>\n\n\n\n<p>Conforme a Lei 14.133\/2021, Art. 75. \u00c9 dispens\u00e1vel de licita\u00e7\u00e3o: \u201cIV \u2013 para contrata\u00e7\u00e3o que tenha por objeto \u2013 c) produtos para pesquisa e desenvolvimento(\u2026)\u201d.&nbsp;<strong>Tamb\u00e9m, conforme a legisla\u00e7\u00e3o vigente, as dispensas devem ser feitas na modalidade eletr\u00f4nica.<\/strong><\/p>\n<\/blockquote>\n\n\n\n<div style=\"height:15px\" aria-hidden=\"true\" class=\"wp-block-spacer\"><\/div>\n\n\n\n<hr class=\"wp-block-separator has-text-color has-alpha-channel-opacity has-background is-style-wide\" style=\"background-color:#e8ecf5;color:#e8ecf5\"\/>\n\n\n\n<p>Todos os documentos externos e digitalizados anexados ao processo dever\u00e3o ser autenticados digitalmente por quem os incluiu. Os documentos origin\u00e1rios do SEI dever\u00e3o ser assinados digitalmente, de prefer\u00eancia pelo(a) coordenador(a) do Programa de P\u00f3s-Gradua\u00e7\u00e3o ou Conv\u00eanio demandante.<\/p>\n\n\n\n<hr class=\"wp-block-separator has-text-color has-alpha-channel-opacity has-background is-style-wide\" style=\"background-color:#e8ecf5;color:#e8ecf5\"\/>\n\n\n\n<p>A instru\u00e7\u00e3o processual das contrata\u00e7\u00f5es diretas \u00e9 determinada no artigo 13 da\u00a0<a href=\"https:\/\/ufpr.br\/propg\/wp-content\/uploads\/2025\/07\/sei_7612913_instrucao_normativa-1-1.pdf\" target=\"_blank\" rel=\"noreferrer noopener\">Instru\u00e7\u00e3o Normativa CLIC\/PROAD\/UFPR 001\/2025<\/a>.<\/p>\n\n\n\n<div style=\"height:20px\" aria-hidden=\"true\" class=\"wp-block-spacer\"><\/div>\n\n\n\n<hr class=\"wp-block-separator has-alpha-channel-opacity is-style-dots\"\/>\n\n\n\n<div style=\"height:25px\" aria-hidden=\"true\" class=\"wp-block-spacer\"><\/div>\n\n\n\n<h2 class=\"wp-block-heading has-text-align-left has-background has-medium-font-size\" style=\"background-color:#e8ecf5\">ABERTURA DO PROCESSO<\/h2>\n\n\n\n<hr class=\"wp-block-separator has-text-color has-alpha-channel-opacity has-background is-style-wide\" style=\"background-color:#e8ecf5;color:#e8ecf5\"\/>\n\n\n\n<ul class=\"wp-block-list\">\n<li>Abrir processo SEI do tipo:&nbsp;Contrata\u00e7\u00e3o Direta;<\/li>\n<\/ul>\n\n\n\n<ul class=\"wp-block-list\">\n<li>Na especifica\u00e7\u00e3o informar que se trata de Dispensa e o valor estimado da contrata\u00e7\u00e3o;<\/li>\n<\/ul>\n\n\n\n<ul class=\"wp-block-list\">\n<li>Incluir os seguintes documentos:<\/li>\n<\/ul>\n\n\n\n<h2 class=\"wp-block-heading\">Formul\u00e1rios SEI<\/h2>\n\n\n\n<div style=\"height:15px\" aria-hidden=\"true\" class=\"wp-block-spacer\"><\/div>\n\n\n\n<ul class=\"wp-block-list\">\n<li>PROPG: Documento de Formaliza\u00e7\u00e3o da Demanda (DFD);<\/li>\n<\/ul>\n\n\n\n<ul class=\"wp-block-list\">\n<li>PROPG: Estudo T\u00e9cnico Preliminar;<\/li>\n<\/ul>\n\n\n\n<ul class=\"wp-block-list\">\n<li>PROPG: TR \u2013 Dispensa (Aquisi\u00e7\u00f5es);<\/li>\n<\/ul>\n\n\n\n<ul class=\"wp-block-list\">\n<li>OR\u00c7. FIN: Mapa de Pesquisa de Pre\u00e7os<\/li>\n<\/ul>\n\n\n\n<ul class=\"wp-block-list\">\n<li>OR\u00c7. FIN: Termo de Indica\u00e7\u00e3o de Responsabilidade;<\/li>\n<\/ul>\n\n\n\n<ul class=\"wp-block-list\">\n<li>Somente para o&nbsp;<strong>caso de aquisi\u00e7\u00e3o de materiais de TIC (Tecnologia da Informa\u00e7\u00e3o e Comunica\u00e7\u00e3o)<\/strong>, \u00e9 necess\u00e1ria autoriza\u00e7\u00e3o da Ag\u00eancia de Tecnologia da Informa\u00e7\u00e3o e Comunica\u00e7\u00e3o da UFPR (PROPLAD\/AGTIC). Neste caso, despachar o processo para a caixa SEI UFPR\/R\/PROPLAD\/AGTIC. Ap\u00f3s a autoriza\u00e7\u00e3o, o processo poder\u00e1 prosseguir;<\/li>\n<\/ul>\n\n\n\n<ul class=\"wp-block-list\">\n<li><strong>Para aquisi\u00e7\u00f5es de valor estimado acima de R$ 62.725,59<\/strong>, \u00e9 necess\u00e1rio o encaminhamento para emiss\u00e3o de Parecer pela Procuradoria Federal na UFPR, autorizando a aquisi\u00e7\u00e3o. Este encaminhamento deve ser feito pela Dire\u00e7\u00e3o do Setor.<\/li>\n<\/ul>\n\n\n\n<hr class=\"wp-block-separator has-text-color has-alpha-channel-opacity has-background is-style-wide\" style=\"background-color:#e8ecf5;color:#e8ecf5\"\/>\n\n\n\n<p class=\"has-vivid-red-color has-text-color has-link-color wp-elements-aed0442811fc54f767101f7630174efe\">Em caso de d\u00favidas relacionadas ao preenchimento dos formul\u00e1rios, orientamos entrar em contato com a Unidade de Apoio \u00e0s Contrata\u00e7\u00f5es Diretas (PROAD\/CLIC\/UACD), atrav\u00e9s do e-mail\/Teams&nbsp;<strong>uacd@ufpr.br<\/strong><\/p>\n\n\n\n<hr class=\"wp-block-separator has-text-color has-alpha-channel-opacity has-background is-style-wide\" style=\"background-color:#e8ecf5;color:#e8ecf5\"\/>\n\n\n\n<h2 class=\"wp-block-heading\">Documentos Externos<\/h2>\n\n\n\n<div style=\"height:15px\" aria-hidden=\"true\" class=\"wp-block-spacer\"><\/div>\n\n\n\n<ul class=\"wp-block-list\">\n<li>Ao menos 1 (um) Or\u00e7amento ou Refer\u00eancia de Pre\u00e7os: pode ser obtido diretamente com um fornecedor ou obtido via pesquisa na internet (recomenda-se neste caso a pesquisa no&nbsp;<a href=\"https:\/\/catalogo.compras.gov.br\/cnbs-web\/busca\" target=\"_blank\" rel=\"noreferrer noopener\">Cat\u00e1logo de Produtos do Governo Federal<\/a>);<\/li>\n<\/ul>\n\n\n\n<ul class=\"wp-block-list\">\n<li>No caso de or\u00e7amento(s) obtido(s) diretamente com fornecedor(es), deve-se anexar ao processo c\u00f3pia do(s) e-mail(s) de solicita\u00e7\u00e3o do or\u00e7amento;<\/li>\n<\/ul>\n\n\n\n<ul class=\"wp-block-list\">\n<li><strong>Caso a solicita\u00e7\u00e3o seja relativa a um conv\u00eanio<\/strong>, deve-se anexar o Plano de Trabalho do mesmo.<\/li>\n<\/ul>\n\n\n\n<ul class=\"wp-block-list\">\n<li><strong>Para solicita\u00e7\u00f5es de compras de valor estimado acima de R$ 10.000,00 (dez mil reais)<\/strong>, deve-se anexar o cadastro da demanda no Plano Anual de Contrata\u00e7\u00f5es, no sistema PGC\/Comprasnet (verificar junto a UCEO ou UAA do seu setor).<\/li>\n<\/ul>\n\n\n\n<hr class=\"wp-block-separator has-text-color has-alpha-channel-opacity has-background is-style-wide\" style=\"background-color:#e8ecf5;color:#e8ecf5\"\/>\n\n\n\n<p><strong>Ap\u00f3s a inclus\u00e3o de todos os documentos, o processo deve ser encaminhado \u00e0 PROPG\/UCEO.<\/strong><\/p>\n\n\n\n<hr class=\"wp-block-separator has-text-color has-alpha-channel-opacity has-background is-style-wide\" style=\"background-color:#e8ecf5;color:#e8ecf5\"\/>\n\n\n\n<div style=\"height:20px\" aria-hidden=\"true\" class=\"wp-block-spacer\"><\/div>\n\n\n\n<hr class=\"wp-block-separator has-alpha-channel-opacity is-style-dots\"\/>\n\n\n\n<div style=\"height:25px\" aria-hidden=\"true\" class=\"wp-block-spacer\"><\/div>\n\n\n\n<h2 class=\"wp-block-heading has-text-align-left has-background has-medium-font-size\" style=\"background-color:#e8ecf5\">TRAMITA\u00c7\u00c3O<\/h2>\n\n\n\n<hr class=\"wp-block-separator has-text-color has-alpha-channel-opacity has-background is-style-wide\" style=\"background-color:#e8ecf5;color:#e8ecf5\"\/>\n\n\n\n<ul class=\"wp-block-list\">\n<li>Ap\u00f3s a verifica\u00e7\u00e3o inicial dos documentos pela UCEO\/PROPG providenciar\u00e1 a Aprova\u00e7\u00e3o do ETP e TR e a declara\u00e7\u00e3o de compatibilidade or\u00e7ament\u00e1ria;<\/li>\n<\/ul>\n\n\n\n<ul class=\"wp-block-list\">\n<li>Na sequ\u00eancia,&nbsp;<strong>o processo ser\u00e1 devolvido ao solicitante para a inclus\u00e3o do formul\u00e1rio SEI \u201cUACD: Declara\u00e7\u00e3o Consolidada (Aquisi\u00e7\u00f5es)\u201d<\/strong>.<\/li>\n<\/ul>\n\n\n\n<ul class=\"wp-block-list\">\n<li>Ap\u00f3s a inclus\u00e3o da Declara\u00e7\u00e3o Consolidada, o processo ser\u00e1 remetido para an\u00e1lise da Unidade de Apoio \u00e0s Contrata\u00e7\u00f5es Diretas (PROAD\/CLIC\/UACD). Nesta etapa, podem ser requeridas corre\u00e7\u00f5es pela UACD;<\/li>\n<\/ul>\n\n\n\n<ul class=\"wp-block-list\">\n<li>Ap\u00f3s a an\u00e1lise, a solicita\u00e7\u00e3o seguir\u00e1 para os procedimento relacionados \u00e0 Dispensa Eletr\u00f4nica.<\/li>\n<\/ul>\n\n\n\n<ul class=\"wp-block-list\">\n<li><strong>Caso a Dispensa Eletr\u00f4nica ocorra com sucesso<\/strong>, o processo ser\u00e1 devolvido ao demandante para an\u00e1lise da proposta vencedora. Este deve indicar se o \u00edtem atende ou n\u00e3o \u00e0 necessidade que gerou a demanda. Caso positivo, o processo seguir\u00e1 para homologa\u00e7\u00e3o da Dispensa Eletr\u00f4nica e, posteriormente, \u00e0 fase do empenho.<\/li>\n<\/ul>\n\n\n\n<ul class=\"wp-block-list\">\n<li><strong>Caso a Dispensa Eletr\u00f4nica reste deserta<\/strong>&nbsp;(sem nenhuma proposta apresentada)&nbsp;<strong>ou fracassada<\/strong>&nbsp;(quando as propostas habilitadas n\u00e3o atendem \u00e0 demanda do solicitante), ap\u00f3s homologa\u00e7\u00e3o pela PROAD, o processo retornar\u00e1 ao solicitante para que sejam inclu\u00eddos 3 or\u00e7amentos (e seus respectivos e-mails de solicita\u00e7\u00e3o) e a aquisi\u00e7\u00e3o seguir\u00e1 com o fornecedor de menor pre\u00e7o.<\/li>\n<\/ul>\n\n\n\n<ul class=\"wp-block-list\">\n<li>Antes do empenho, ser\u00e3o verificadas as certid\u00f5es de habilita\u00e7\u00e3o fiscal do fornecedor, bem como se h\u00e1 inscri\u00e7\u00e3o no &nbsp;Cadastro Informativo de Cr\u00e9ditos n\u00e3o Quitados do Setor P\u00fablico Federal (CADIN).&nbsp;<strong>Caso sejam constatadas pend\u00eancias, a demanda n\u00e3o poder\u00e1 ser empenhada at\u00e9 que haja a devida regulariza\u00e7\u00e3o.<\/strong><\/li>\n<\/ul>\n\n\n\n<div style=\"height:20px\" aria-hidden=\"true\" class=\"wp-block-spacer\"><\/div>\n\n\n\n<hr class=\"wp-block-separator has-alpha-channel-opacity is-style-dots\"\/>\n\n\n\n<div style=\"height:25px\" aria-hidden=\"true\" class=\"wp-block-spacer\"><\/div>\n\n\n\n<h2 class=\"wp-block-heading has-text-align-left has-background has-medium-font-size\" style=\"background-color:#e8ecf5\">EMPENHO E PAGAMENTO<\/h2>\n\n\n\n<hr class=\"wp-block-separator has-text-color has-alpha-channel-opacity has-background is-style-wide\" style=\"background-color:#e8ecf5;color:#e8ecf5\"\/>\n\n\n\n<ul class=\"wp-block-list\">\n<li>Ap\u00f3s a homologa\u00e7\u00e3o da Dispensa Eletr\u00f4nica e registro de empenho, pela UCEO, o processo ser\u00e1 devolvido \u00e0 unidade solicitante com despacho contendo as orienta\u00e7\u00f5es a serem seguidas quanto \u00e0 continuidade da aquisi\u00e7\u00e3o;<\/li>\n<\/ul>\n\n\n\n<ul class=\"wp-block-list\">\n<li>Cabe \u00e0 unidade solicitante entrar em contato com o fornecedor para confirma\u00e7\u00e3o de recebimento da autoriza\u00e7\u00e3o de empenho, bem como para negocia\u00e7\u00e3o da entrega dos materiais;<\/li>\n<\/ul>\n\n\n\n<ul class=\"wp-block-list\">\n<li>No ato do recebimento, verificar se os materiais entregues conferem com o empenho registrado e a nota fiscal. Em caso de diverg\u00eancia, n\u00e3o receber o material e informar o fornecedor.<\/li>\n<\/ul>\n\n\n\n<hr class=\"wp-block-separator has-text-color has-alpha-channel-opacity has-background is-style-wide\" style=\"background-color:#e8ecf5;color:#e8ecf5\"\/>\n\n\n\n<h2 class=\"wp-block-heading\">Ap\u00f3s o recebimento do material, anexar ao processo:<\/h2>\n\n\n\n<div style=\"height:15px\" aria-hidden=\"true\" class=\"wp-block-spacer\"><\/div>\n\n\n\n<ul class=\"wp-block-list\">\n<li><strong>Nota Fiscal<\/strong>: Leg\u00edvel, sem rasuras, em formato PDF. Devem constar a especifica\u00e7\u00e3o do produto, quantidade, valores, dados banc\u00e1rios (ver orienta\u00e7\u00e3o abaixo) e reten\u00e7\u00f5es dos impostos federais (caso n\u00e3o seja optante do Simples Nacional \u2013 ver orienta\u00e7\u00e3o abaixo). O valor da Nota Fiscal deve ser exatamente igual ao do empenho (exceto se o empenho for do tipo estimativo);<\/li>\n<\/ul>\n\n\n\n<ul class=\"wp-block-list\">\n<li><strong>Dados banc\u00e1rios para pagamento<\/strong>: devem constar na Nota Fiscal ou em documento timbrado e assinado pelo fornecedor. N\u00e3o informar via despacho. A Universidade n\u00e3o faz pagamentos por boletos ou duplicatas;<\/li>\n<\/ul>\n\n\n\n<ul class=\"wp-block-list\">\n<li><strong>Reten\u00e7\u00f5es dos Impostos Federais<\/strong>: Caso o fornecedor n\u00e3o seja optante do Simples Nacional, devem constar na Nota Fiscal ou em Carta de Corre\u00e7\u00e3o, as reten\u00e7\u00f5es dos Impostos Federais, informando necessariamente o imposto, a al\u00edquota e o valor retido. Exemplo: IRPJ (1,20%) R$ 5,75, CSLL (1%) R$ 2,01, PIS (0,65%) R$ 3,70, COFINS (3%) R$ 10,50. Devem constar as informa\u00e7\u00f5es relativas aos 4 impostos federais (IR, CSLL, PIS e COFINS). Eventuais isen\u00e7\u00f5es devem ser informadas e fundamentadas;<\/li>\n<\/ul>\n\n\n\n<ul class=\"wp-block-list\">\n<li><strong>Atesto<\/strong>: documento SEI \u201cOR\u00c7.FIN: Atesto de Documentos Fiscais\u201d assinado preferencialmente pelo(a) coordenador(a) do conv\u00eanio ou PPG. A data do atesto sempre deve ser igual ou posterior a da emiss\u00e3o da Nota Fiscal;<\/li>\n<\/ul>\n\n\n\n<ul class=\"wp-block-list\">\n<li><strong>Anexo IV da Instru\u00e7\u00e3o Normativa 1234\/2012 da Receita Federal:&nbsp;<\/strong>somente no caso de fornecedores optantes do Simples Nacional. Este documento \u00e9 emitido pelo Fornecedor, em data igual ou posterior \u00e0 emiss\u00e3o da Nota Fiscal, devendo estar assinado e nominal \u00e0 Universidade Federal do Paran\u00e1.&nbsp;<strong>No caso de o fornecedor ser entidade sem fins lucrativos, este documento \u00e9 substitu\u00eddo pelo Anexo III da IN 1.234 da Receita Federal<\/strong>;<\/li>\n<\/ul>\n\n\n\n<ul class=\"wp-block-list\">\n<li>Ao receber o processo, a UCEO\/PROPG far\u00e1 a consulta das certid\u00f5es de regularidade do fornecedor. Caso haja alguma certid\u00e3o fora da validade, e n\u00e3o seja poss\u00edvel a atualiza\u00e7\u00e3o da mesma em s\u00edtio eletr\u00f4nico, o processo ser\u00e1 devolvido ao solicitante para que providencie a mesma junto ao fornecedor;<\/li>\n<\/ul>\n\n\n\n<ul class=\"wp-block-list\">\n<li>No caso de falta de algum dos documentos listados ou constatada necessidade de corre\u00e7\u00e3o, a UCEO\/PROPG devolver\u00e1 o processo ao demandante para regulariza\u00e7\u00e3o.<\/li>\n<\/ul>\n\n\n\n<ul class=\"wp-block-list\">\n<li><strong>Especificamente no caso de aquisi\u00e7\u00f5es de Material Permanente<\/strong>, a UCEO\/PROPG tramitar\u00e1 o processo para a Unidade de Patrim\u00f4nio para a gera\u00e7\u00e3o do Termo de Patrim\u00f4nio. Ap\u00f3s esta inclus\u00e3o, o processo ser\u00e1 remetido ao PPG solicitante para que proceda com a assinatura do Termo do Patrim\u00f4nio. Somente ap\u00f3s a inclus\u00e3o do Termo assinado pelo solicitante, o processo poder\u00e1 ser encaminhado para pagamento.<\/li>\n<\/ul>\n\n\n\n<hr class=\"wp-block-separator has-text-color has-alpha-channel-opacity has-background is-style-wide\" style=\"background-color:#e8ecf5;color:#e8ecf5\"\/>\n\n\n\n<p><strong>Ao tramitar o processo para a UCEO\/PROPG, o mesmo deve estar conclu\u00eddo em outras unidades (desmarcar a op\u00e7\u00e3o \u201cmanter processo aberto na unidade atual\u201d).<\/strong><\/p>\n\n\n\n<hr class=\"wp-block-separator has-text-color has-alpha-channel-opacity has-background is-style-wide\" style=\"background-color:#e8ecf5;color:#e8ecf5\"\/>\n\n\n\n<p><strong>Todos os documentos do processo devem ser assinados ou autenticados.<\/strong><\/p>\n\n\n\n<hr class=\"wp-block-separator has-text-color has-alpha-channel-opacity has-background is-style-wide\" style=\"background-color:#e8ecf5;color:#e8ecf5\"\/>\n\n\n\n<p class=\"has-text-color has-link-color wp-elements-16631d866001ae142cbdd3786f7ccd26\" style=\"color:#243673\"><strong><a title=\"\" href=\"#topo\">Voltar ao topo<\/a><\/strong><\/p>\n<\/div>\n\n\n\n<div class=\"wp-block-column is-layout-flow wp-block-column-is-layout-flow\" style=\"flex-basis:4%\"><\/div>\n<\/div>\n","protected":false},"excerpt":{"rendered":"<p>Solicita\u00e7\u00e3o de Compra via Dispensa \u2013 Material Permanente Antes de iniciar a aquisi\u00e7\u00e3o por esta modalidade, verifique se h\u00e1 preg\u00f5es vigentes (site da CLIC\/PROAD) e disponibilidade em estoque no Almoxarifado Setorial para os itens solicitados. Conforme a Lei 14.133\/2021, Art. 75. \u00c9 dispens\u00e1vel de licita\u00e7\u00e3o: \u201cIV \u2013 para contrata\u00e7\u00e3o que tenha por objeto \u2013 c) [&hellip;]<\/p>\n","protected":false},"author":5,"featured_media":0,"parent":7075,"menu_order":0,"comment_status":"closed","ping_status":"closed","template":"","meta":{"footnotes":""},"class_list":["post-7173","page","type-page","status-publish","hentry"],"_links":{"self":[{"href":"https:\/\/ufpr.br\/propg\/wp-json\/wp\/v2\/pages\/7173","targetHints":{"allow":["GET"]}}],"collection":[{"href":"https:\/\/ufpr.br\/propg\/wp-json\/wp\/v2\/pages"}],"about":[{"href":"https:\/\/ufpr.br\/propg\/wp-json\/wp\/v2\/types\/page"}],"author":[{"embeddable":true,"href":"https:\/\/ufpr.br\/propg\/wp-json\/wp\/v2\/users\/5"}],"replies":[{"embeddable":true,"href":"https:\/\/ufpr.br\/propg\/wp-json\/wp\/v2\/comments?post=7173"}],"version-history":[{"count":6,"href":"https:\/\/ufpr.br\/propg\/wp-json\/wp\/v2\/pages\/7173\/revisions"}],"predecessor-version":[{"id":46929,"href":"https:\/\/ufpr.br\/propg\/wp-json\/wp\/v2\/pages\/7173\/revisions\/46929"}],"up":[{"embeddable":true,"href":"https:\/\/ufpr.br\/propg\/wp-json\/wp\/v2\/pages\/7075"}],"wp:attachment":[{"href":"https:\/\/ufpr.br\/propg\/wp-json\/wp\/v2\/media?parent=7173"}],"curies":[{"name":"wp","href":"https:\/\/api.w.org\/{rel}","templated":true}]}}