{"id":7024,"date":"2025-07-09T21:20:46","date_gmt":"2025-07-10T00:20:46","guid":{"rendered":"https:\/\/ufpr.br\/?page=7024"},"modified":"2025-12-23T15:53:53","modified_gmt":"2025-12-23T18:53:53","slug":"passagens-e-diarias","status":"publish","type":"page","link":"https:\/\/ufpr.br\/propg\/uceo\/passagens-e-diarias\/","title":{"rendered":"Passagens e Di\u00e1rias"},"content":{"rendered":"\n<div class=\"wp-block-columns is-layout-flex wp-container-core-columns-is-layout-9d6595d7 wp-block-columns-is-layout-flex\">\n<div class=\"wp-block-column is-layout-flow wp-block-column-is-layout-flow\" style=\"flex-basis:15%\">\n<div style=\"height:50px\" aria-hidden=\"true\" class=\"wp-block-spacer\"><\/div>\n\n\n<div class=\"wp-block-image\">\n<figure class=\"aligncenter size-full is-resized\" id=\"topo\"><img decoding=\"async\" src=\"https:\/\/ufpr.br\/propg\/wp-content\/uploads\/2025\/06\/Icone_PassagensDiarias_Rosa.png\" alt=\"\" class=\"wp-image-9837\" style=\"width:100px\"\/><\/figure><\/div><\/div>\n\n\n\n<div class=\"wp-block-column is-layout-flow wp-block-column-is-layout-flow\" style=\"flex-basis:1%\"><\/div>\n\n\n\n<div class=\"wp-block-column is-layout-flow wp-block-column-is-layout-flow\" style=\"flex-basis:80%\">\n<blockquote class=\"wp-block-quote is-layout-flow wp-block-quote-is-layout-flow\">\n<p><\/p>\n<\/blockquote>\n\n\n\n<h2 class=\"wp-block-heading\">Orienta\u00e7\u00f5es para solicita\u00e7\u00e3o de Passagens e Di\u00e1rias<\/h2>\n\n\n\n<div style=\"height:15px\" aria-hidden=\"true\" class=\"wp-block-spacer\"><\/div>\n\n\n\n<blockquote class=\"wp-block-quote is-layout-flow wp-block-quote-is-layout-flow\">\n<p>A emiss\u00e3o de passagens e di\u00e1rias na UFPR \u00e9 regida pela\u00a0<a href=\"https:\/\/ufpr.br\/propg\/wp-content\/uploads\/2025\/07\/ordem-de-servio-02-2020.pdf\" target=\"_blank\" rel=\"noreferrer noopener\">Ordem de Servi\u00e7o 02-2020\/GR<\/a>\u00a0e pela\u00a0<a href=\"https:\/\/ufpr.br\/propg\/wp-content\/uploads\/2025\/07\/portaria-204-20-mec.pdf\" target=\"_blank\" rel=\"noreferrer noopener\">Portaria 204\/MEC de 06 de fevereiro de 2020<\/a>;<\/p>\n\n\n\n<p>Todas as solicita\u00e7\u00f5es de viagem ser\u00e3o lan\u00e7adas no Sistema de Concess\u00e3o de Passagens e Di\u00e1rias do Governo Federal (SCDP);<\/p>\n\n\n\n<p>As demandas dever\u00e3o ser encaminhadas para a UFPR\/R\/PROPG\/UCEO via SEI, com anteced\u00eancia m\u00ednima de 30 (trinta) dias;<\/p>\n\n\n\n<p>Para\u00a0<strong>solicita\u00e7\u00f5es por conv\u00eanios da Funda\u00e7\u00e3o Arauc\u00e1ria<\/strong>: na primeira solicita\u00e7\u00e3o em cada ano, de cada conv\u00eanio, ser\u00e1 realizado o procedimento de empenho das despesas antes do cadastro no SCDP.<\/p>\n<\/blockquote>\n\n\n\n<div style=\"height:50px\" aria-hidden=\"true\" class=\"wp-block-spacer\"><\/div>\n\n\n\n<h2 class=\"wp-block-heading has-text-align-left has-background has-medium-font-size\" style=\"background-color:#e8ecf5\">TABELAS DE DI\u00c1RIAS VIGENTES<\/h2>\n\n\n\n<hr class=\"wp-block-separator has-text-color has-alpha-channel-opacity has-background is-style-wide\" style=\"background-color:#e8ecf5;color:#e8ecf5\"\/>\n\n\n\n<p><strong>Tabela de Di\u00e1rias Nacionais do Governo Federal&nbsp;<\/strong>\u2013 Decreto n\u00ba 11.872 de 29 de Dezembro de 2023 (<a href=\"https:\/\/www.in.gov.br\/en\/web\/dou\/-\/decreto-n-11.872-de-29-de-dezembro-de-2023-534996945\" target=\"_blank\" rel=\"noreferrer noopener\">link<\/a>);<\/p>\n\n\n\n<p><strong>Tabela de Di\u00e1rias Internacionais do Governo Federal<\/strong>&nbsp;\u2013 Decreto n\u00ba 6.576 de 25 de Setembro de 2008 (<a href=\"https:\/\/www.planalto.gov.br\/ccivil_03\/_Ato2007-2010\/2008\/Decreto\/D6576.htm#art1\" target=\"_blank\" rel=\"noreferrer noopener\">link<\/a>);<\/p>\n\n\n\n<hr class=\"wp-block-separator has-text-color has-alpha-channel-opacity has-background is-style-wide\" style=\"background-color:#e8ecf5;color:#e8ecf5\"\/>\n\n\n\n<p><strong>OBS<\/strong>: Para servidores detentores de Cargos de Dire\u00e7\u00e3o CD1, CD2 e CD3: considerar o valor da Classe III nas tabelas de di\u00e1rias do Governo Federal. Para os demais servidores, considerar o valor da Classe IV.<\/p>\n\n\n\n<hr class=\"wp-block-separator has-text-color has-alpha-channel-opacity has-background is-style-wide\" style=\"background-color:#e8ecf5;color:#e8ecf5\"\/>\n\n\n\n<p><strong>Tabela de Di\u00e1rias da Funda\u00e7\u00e3o Arauc\u00e1ria<\/strong>&nbsp;\u2013 Ato da Diretoria Executiva da Funda\u00e7\u00e3o Arauc\u00e1ria n\u00ba 34 de 14 de mar\u00e7o de 2024 (<a href=\"https:\/\/www.fappr.pr.gov.br\/sites\/fundacao-araucaria\/arquivos_restritos\/files\/documento\/2024-03\/atodefa0342024novatabeladediariasparaconvenios.pdf_-_atodefa0342024novatabeladediariasparaconvenios.pdf\" target=\"_blank\" rel=\"noreferrer noopener\">link<\/a>).<\/p>\n\n\n\n<div style=\"height:20px\" aria-hidden=\"true\" class=\"wp-block-spacer\"><\/div>\n\n\n\n<hr class=\"wp-block-separator has-alpha-channel-opacity is-style-dots\"\/>\n\n\n\n<div style=\"height:25px\" aria-hidden=\"true\" class=\"wp-block-spacer\"><\/div>\n\n\n\n<h2 class=\"wp-block-heading has-text-align-left has-background has-medium-font-size\" style=\"background-color:#e8ecf5\">SOLICITA\u00c7\u00c3O DE VIAGENS NACIONAIS<\/h2>\n\n\n\n<hr class=\"wp-block-separator has-text-color has-alpha-channel-opacity has-background is-style-wide\" style=\"background-color:#e8ecf5;color:#e8ecf5\"\/>\n\n\n\n<h2 class=\"wp-block-heading\">Abertura do Processo<\/h2>\n\n\n\n<div style=\"height:15px\" aria-hidden=\"true\" class=\"wp-block-spacer\"><\/div>\n\n\n\n<ul class=\"wp-block-list\">\n<li>Iniciar processo no SEI, com a especifica\u00e7\u00e3o \u201cOr\u00e7amento e Finan\u00e7as: Di\u00e1rias, Passagens\u201d;<\/li>\n<\/ul>\n\n\n\n<ul class=\"wp-block-list\">\n<li>Anexar&nbsp;Documento \u201cSCDP: Anexo II \u2013 Requisi\u00e7\u00e3o de Di\u00e1rias e Passagens\u201d (Favor atentar para o item 7 \u2013 Justificativas da viagem);<\/li>\n<\/ul>\n\n\n\n<ul class=\"wp-block-list\">\n<li>Anexar:<\/li>\n<\/ul>\n\n\n\n<div class=\"wp-block-columns is-not-stacked-on-mobile is-layout-flex wp-container-core-columns-is-layout-9d6595d7 wp-block-columns-is-layout-flex\">\n<div class=\"wp-block-column is-layout-flow wp-block-column-is-layout-flow\" style=\"flex-basis:1%\"><\/div>\n\n\n\n<div class=\"wp-block-column is-layout-flow wp-block-column-is-layout-flow\"><\/div>\n\n\n\n<div class=\"wp-block-column is-layout-flow wp-block-column-is-layout-flow\" style=\"flex-basis:99%\">\n<p>&#8211; Convite;<\/p>\n\n\n\n<p>&#8211; Programa\u00e7\u00e3o da Miss\u00e3o;<\/p>\n\n\n\n<p>&#8211; Of\u00edcio de Solicita\u00e7\u00e3o e Autoriza\u00e7\u00e3o da Viagem, assinado pela Coordena\u00e7\u00e3o do PPG (se PROAP) ou Conv\u00eanio (se Funda\u00e7\u00e3o Arauc\u00e1ria);<\/p>\n\n\n\n<p>\u2013 Plano de Trabalho do Conv\u00eanio (se Funda\u00e7\u00e3o Arauc\u00e1ria)<\/p>\n<\/div>\n<\/div>\n\n\n\n<ul class=\"wp-block-list\">\n<li>Tramitar processo para UFPR\/R\/PROPG\/UCEO.<\/li>\n<\/ul>\n\n\n\n<hr class=\"wp-block-separator has-text-color has-alpha-channel-opacity has-background is-style-wide\" style=\"background-color:#e8ecf5;color:#e8ecf5\"\/>\n\n\n\n<h2 class=\"wp-block-heading\">Presta\u00e7\u00e3o de Contas<\/h2>\n\n\n\n<div style=\"height:15px\" aria-hidden=\"true\" class=\"wp-block-spacer\"><\/div>\n\n\n\n<ul class=\"wp-block-list\">\n<li>A presta\u00e7\u00e3o de contas deve ser encaminhada no prazo de 5 (cinco) dias ap\u00f3s o final da viagem;<\/li>\n<\/ul>\n\n\n\n<ul class=\"wp-block-list\">\n<li>Anexar, de prefer\u00eancia no mesmo processo da solicita\u00e7\u00e3o, os seguintes documentos:<\/li>\n<\/ul>\n\n\n\n<div class=\"wp-block-columns is-not-stacked-on-mobile is-layout-flex wp-container-core-columns-is-layout-9d6595d7 wp-block-columns-is-layout-flex\">\n<div class=\"wp-block-column is-layout-flow wp-block-column-is-layout-flow\" style=\"flex-basis:1%\"><\/div>\n\n\n\n<div class=\"wp-block-column is-layout-flow wp-block-column-is-layout-flow\"><\/div>\n\n\n\n<div class=\"wp-block-column is-layout-flow wp-block-column-is-layout-flow\" style=\"flex-basis:99%\">\n<p>&#8211; Relat\u00f3rio de Viagem, \u201cSCDP \u2013 Anexo III \u2013 Relat\u00f3rio de Viagem Nacional\u201d, assinado pelo(a) viajante. Esta assinatura pode ser: digital; f\u00edsica no documento impresso e digitalizada ou via SEI, mediante autoriza\u00e7\u00e3o de acesso para usu\u00e1rio externo, concedido pelo PPG solicitante ao viajante;<\/p>\n\n\n\n<p>&#8211; Bilhetes ou canhotos dos cart\u00f5es de embarque, em original ou segunda via, se houver emiss\u00e3o de passagens. No caso de perda ou extravio dos bilhetes, anexar a justificativa e uma Declara\u00e7\u00e3o de Embarque emitida pela empresa de transporte (companhia a\u00e9rea ou rodovi\u00e1ria);<\/p>\n\n\n\n<p>&#8211; Documentos relacionados ao objetivo da viagem realizada a servi\u00e7o, tais como: Ata de banca, Certificado de Participa\u00e7\u00e3o em Evento, Declara\u00e7\u00e3o atestando a presen\u00e7a na atividade, etc. No caso de viagens para coleta de campo, deve-se anexar declara\u00e7\u00e3o assinada pela Coordena\u00e7\u00e3o do PPG\/Conv\u00eanio.<\/p>\n<\/div>\n<\/div>\n\n\n\n<ul class=\"wp-block-list\">\n<li>Tramitar processo para UFPR\/R\/PROPG\/UCEO.<\/li>\n<\/ul>\n\n\n\n<hr class=\"wp-block-separator has-text-color has-alpha-channel-opacity has-background is-style-wide\" style=\"background-color:#e8ecf5;color:#e8ecf5\"\/>\n\n\n\n<h2 class=\"wp-block-heading\">OBSERVA\u00c7\u00d5ES IMPORTANTES:<\/h2>\n\n\n\n<div style=\"height:15px\" aria-hidden=\"true\" class=\"wp-block-spacer\"><\/div>\n\n\n\n<ul class=\"wp-block-list\">\n<li>O viajante com presta\u00e7\u00e3o de contas pendente fica impedido de realizar novas solicita\u00e7\u00f5es at\u00e9 que a situa\u00e7\u00e3o seja regularizada.<\/li>\n<\/ul>\n\n\n\n<ul class=\"wp-block-list\">\n<li>Todos os documentos dos processos de solicita\u00e7\u00e3o e presta\u00e7\u00e3o de contas dever\u00e3o estar assinados\/autenticados no SEI;<\/li>\n<\/ul>\n\n\n\n<ul class=\"wp-block-list\">\n<li>Os processos com aus\u00eancia de documentos e\/ou assinaturas e preenchidos incorretamente ser\u00e3o devolvidos \u00e0 unidade solicitante para regulariza\u00e7\u00e3o;<\/li>\n<\/ul>\n\n\n\n<ul class=\"wp-block-list\">\n<li>No caso de solicita\u00e7\u00e3o de altera\u00e7\u00e3o ou cancelamento de passagens, anexar justificativa assinada pela Coordena\u00e7\u00e3o do PPG\/Conv\u00eanio e, se houver, documentos comprobat\u00f3rios da impossibilidade da realiza\u00e7\u00e3o da viagem conforme bilhetes emitidos.<\/li>\n<\/ul>\n\n\n\n<ul class=\"wp-block-list\">\n<li>Para as solicita\u00e7\u00f5es de pagamentos de di\u00e1rias com recursos de conv\u00eanios da Funda\u00e7\u00e3o Arauc\u00e1ria, o dep\u00f3sito ser\u00e1 realizado de acordo com a tabela de di\u00e1rias do governo federal. Caso haja diferen\u00e7a a mais em rela\u00e7\u00e3o \u00e0 tabela da Funda\u00e7\u00e3o Arauc\u00e1ria, ser\u00e1 solicitada a devolu\u00e7\u00e3o desta diferen\u00e7a, mediante GRU (Guia de Recolhimento da Uni\u00e3o).<\/li>\n<\/ul>\n\n\n\n<ul class=\"wp-block-list\">\n<li>Nas solicita\u00e7\u00f5es com recursos de conv\u00eanios da Funda\u00e7\u00e3o Arauc\u00e1ria, deve-se verificar se o destino da viagem est\u00e1 previsto no Plano de Trabalho do conv\u00eanio. Caso n\u00e3o esteja, deve-se solicitar a inclus\u00e3o via of\u00edcio para a Funda\u00e7\u00e3o Arauc\u00e1ria (ver com a subunidade Conv\u00eanios Funda\u00e7\u00e3o Arauc\u00e1ria).<\/li>\n<\/ul>\n\n\n\n<div style=\"height:20px\" aria-hidden=\"true\" class=\"wp-block-spacer\"><\/div>\n\n\n\n<hr class=\"wp-block-separator has-alpha-channel-opacity is-style-dots\"\/>\n\n\n\n<div style=\"height:25px\" aria-hidden=\"true\" class=\"wp-block-spacer\"><\/div>\n\n\n\n<h2 class=\"wp-block-heading has-text-align-left has-background has-medium-font-size\" style=\"background-color:#e8ecf5\">SOLICITA\u00c7\u00c3O DE VIAGENS INTERNACIONAIS<\/h2>\n\n\n\n<hr class=\"wp-block-separator has-text-color has-alpha-channel-opacity has-background is-style-wide\" style=\"background-color:#e8ecf5;color:#e8ecf5\"\/>\n\n\n\n<h2 class=\"wp-block-heading\">Abertura do Processo<\/h2>\n\n\n\n<div style=\"height:15px\" aria-hidden=\"true\" class=\"wp-block-spacer\"><\/div>\n\n\n\n<ul class=\"wp-block-list\">\n<li>Iniciar processo de afastamento do pa\u00eds junto ao DAP\/PROGEPE (conforme normas do referido setor);<\/li>\n<\/ul>\n\n\n\n<ul class=\"wp-block-list\">\n<li>Paralelamente, iniciar novo processo no SEI, com a especifica\u00e7\u00e3o \u201cOr\u00e7amento e Finan\u00e7as: Di\u00e1rias, Passagens\u201d;<\/li>\n<\/ul>\n\n\n\n<ul class=\"wp-block-list\">\n<li>Incluir Documento \u201cSCDP: Anexo II \u2013 Requisi\u00e7\u00e3o de Di\u00e1rias e Passagens\u201d (Favor atentar para o item 7 \u2013 Justificativas da viagem);<\/li>\n<\/ul>\n\n\n\n<ul class=\"wp-block-list\">\n<li>Anexar:<\/li>\n<\/ul>\n\n\n\n<div class=\"wp-block-columns is-not-stacked-on-mobile is-layout-flex wp-container-core-columns-is-layout-9d6595d7 wp-block-columns-is-layout-flex\">\n<div class=\"wp-block-column is-layout-flow wp-block-column-is-layout-flow\" style=\"flex-basis:1%\"><\/div>\n\n\n\n<div class=\"wp-block-column is-layout-flow wp-block-column-is-layout-flow\"><\/div>\n\n\n\n<div class=\"wp-block-column is-layout-flow wp-block-column-is-layout-flow\" style=\"flex-basis:99%\">\n<p>&#8211; Convite;<\/p>\n\n\n\n<p>&#8211; Programa\u00e7\u00e3o da Miss\u00e3o;<\/p>\n\n\n\n<p>&#8211; Of\u00edcio de solicita\u00e7\u00e3o e autoriza\u00e7\u00e3o da viagem, assinado pela Coordena\u00e7\u00e3o do PPG\/Conv\u00eanio;<\/p>\n\n\n\n<p>\u2013 \u00a0Plano de Trabalho do Conv\u00eanio (se Funda\u00e7\u00e3o Arauc\u00e1ria);<\/p>\n<\/div>\n<\/div>\n\n\n\n<ul class=\"wp-block-list\">\n<li>Incluir&nbsp;C\u00f3pia da Autoriza\u00e7\u00e3o de Afastamento, publicada no Di\u00e1rio Oficial da Uni\u00e3o (anexar a retifica\u00e7\u00e3o tamb\u00e9m, caso haja);<\/li>\n<\/ul>\n\n\n\n<ul class=\"wp-block-list\">\n<li>No caso de solicita\u00e7\u00e3o de passagens\/di\u00e1rias para colaborador estrangeiro, anexar c\u00f3pia da primeira p\u00e1gina do passaporte do colaborador (que contenha os dados pessoais do mesmo);<\/li>\n<\/ul>\n\n\n\n<ul class=\"wp-block-list\">\n<li>Tramitar processo para UFPR\/R\/PROPG\/UCEO.<\/li>\n<\/ul>\n\n\n\n<hr class=\"wp-block-separator has-text-color has-alpha-channel-opacity has-background is-style-wide\" style=\"background-color:#e8ecf5;color:#e8ecf5\"\/>\n\n\n\n<h2 class=\"wp-block-heading\">Presta\u00e7\u00e3o de Contas<\/h2>\n\n\n\n<div style=\"height:15px\" aria-hidden=\"true\" class=\"wp-block-spacer\"><\/div>\n\n\n\n<ul class=\"wp-block-list\">\n<li>A presta\u00e7\u00e3o de contas deve ser encaminhada no prazo de 5 (cinco) dias ap\u00f3s o final da viagem;<\/li>\n<\/ul>\n\n\n\n<ul class=\"wp-block-list\">\n<li>Anexar, de prefer\u00eancia no mesmo processo da solicita\u00e7\u00e3o, os seguintes documentos:<\/li>\n<\/ul>\n\n\n\n<div class=\"wp-block-columns is-not-stacked-on-mobile is-layout-flex wp-container-core-columns-is-layout-9d6595d7 wp-block-columns-is-layout-flex\">\n<div class=\"wp-block-column is-layout-flow wp-block-column-is-layout-flow\" style=\"flex-basis:1%\"><\/div>\n\n\n\n<div class=\"wp-block-column is-layout-flow wp-block-column-is-layout-flow\"><\/div>\n\n\n\n<div class=\"wp-block-column is-layout-flow wp-block-column-is-layout-flow\" style=\"flex-basis:99%\">\n<p>&#8211; Relat\u00f3rio de Viagem, \u201cSCDP \u2013 Anexo IV \u2013 Relat\u00f3rio de Viagem Internacional\u201d, assinado pelo(a) viajante. Esta assinatura pode ser: digital; f\u00edsica no documento impresso e digitalizada ou via SEI, mediante autoriza\u00e7\u00e3o de acesso para usu\u00e1rio externo, concedido pelo PPG solicitante ao viajante. Caso o viajante seja estrangeiro, a assinatura n\u00e3o \u00e9 obrigat\u00f3ria;<\/p>\n\n\n\n<p>&#8211; Bilhetes ou canhotos dos cart\u00f5es de embarque, em original ou segunda via, se houver emiss\u00e3o de passagens. No caso de perda ou extravio dos bilhetes, anexar a justificativa e uma Declara\u00e7\u00e3o de Embarque emitida pela empresa de transporte (companhia a\u00e9rea ou rodovi\u00e1ria);<\/p>\n\n\n\n<p>&#8211; Documentos relacionados ao objetivo da viagem realizada a servi\u00e7o, tais como: Ata de banca, Certificado de Participa\u00e7\u00e3o em Evento, Declara\u00e7\u00e3o atestando a presen\u00e7a na atividade, etc. No caso de viagens para coleta de campo, deve-se anexar declara\u00e7\u00e3o assinada pela Coordena\u00e7\u00e3o do PPG\/Conv\u00eanio.<\/p>\n<\/div>\n<\/div>\n\n\n\n<ul class=\"wp-block-list\">\n<li>Tramitar processo para UFPR\/R\/PROPG\/UCEO.<\/li>\n<\/ul>\n\n\n\n<hr class=\"wp-block-separator has-text-color has-alpha-channel-opacity has-background is-style-wide\" style=\"background-color:#e8ecf5;color:#e8ecf5\"\/>\n\n\n\n<h2 class=\"wp-block-heading\">OBSERVA\u00c7\u00d5ES IMPORTANTES:<\/h2>\n\n\n\n<div style=\"height:15px\" aria-hidden=\"true\" class=\"wp-block-spacer\"><\/div>\n\n\n\n<ul class=\"wp-block-list\">\n<li>O viajante com presta\u00e7\u00e3o de contas pendente fica impedido de realizar novas solicita\u00e7\u00f5es at\u00e9 que a situa\u00e7\u00e3o seja regularizada;<\/li>\n<\/ul>\n\n\n\n<ul class=\"wp-block-list\">\n<li>O pagamento de di\u00e1rias para estrangeiros que visitam a UFPR \u00e9 feito mediante Ordem Banc\u00e1ria, emitida pelo DCF\/SEPAG e encaminhada ao solicitante, via e-mail, at\u00e9 2 dias antes da viagem. O viajante (estrangeiro) deve ir at\u00e9 uma ag\u00eancia do Banco do Brasil para realizar o saque do valor, apresentando a Ordem Banc\u00e1ria impressa e documento pessoal de identifica\u00e7\u00e3o;<\/li>\n<\/ul>\n\n\n\n<ul class=\"wp-block-list\">\n<li>Os processos com aus\u00eancia de documentos e\/ou preenchidos incorretamente ser\u00e3o devolvidos \u00e0 unidade solicitante para regulariza\u00e7\u00e3o;<\/li>\n<\/ul>\n\n\n\n<ul class=\"wp-block-list\">\n<li>No caso de solicita\u00e7\u00e3o de altera\u00e7\u00e3o ou cancelamento de passagens, anexar justificativa assinada pela Coordena\u00e7\u00e3o do PPG\/Conv\u00eanio e, se houver, documentos comprobat\u00f3rios da impossibilidade da realiza\u00e7\u00e3o da viagem conforme bilhetes emitidos;<\/li>\n<\/ul>\n\n\n\n<ul class=\"wp-block-list\">\n<li>Para as solicita\u00e7\u00f5es de pagamentos de di\u00e1rias com recursos de conv\u00eanios da Funda\u00e7\u00e3o Arauc\u00e1ria, o dep\u00f3sito ser\u00e1 realizado de acordo com a tabela de di\u00e1rias do governo federal. Caso haja diferen\u00e7a a mais em rela\u00e7\u00e3o \u00e0 tabela da Funda\u00e7\u00e3o Arauc\u00e1ria, ser\u00e1 solicitada a devolu\u00e7\u00e3o desta diferen\u00e7a, mediante GRU (Guia de Recolhimento da Uni\u00e3o);<\/li>\n<\/ul>\n\n\n\n<ul class=\"wp-block-list\">\n<li>Nas solicita\u00e7\u00f5es com recursos de conv\u00eanios da Funda\u00e7\u00e3o Arauc\u00e1ria, deve-se verificar se o destino da viagem est\u00e1 previsto no Plano de Trabalho do conv\u00eanio. Caso n\u00e3o esteja, deve-se solicitar a inclus\u00e3o via of\u00edcio para a Funda\u00e7\u00e3o Arauc\u00e1ria (ver junto \u00e0 subunidade Conv\u00eanios Funda\u00e7\u00e3o Arauc\u00e1ria).<\/li>\n<\/ul>\n\n\n\n<hr class=\"wp-block-separator has-text-color has-alpha-channel-opacity has-background is-style-wide\" style=\"background-color:#e8ecf5;color:#e8ecf5\"\/>\n\n\n\n<p class=\"has-text-color has-link-color wp-elements-16631d866001ae142cbdd3786f7ccd26\" style=\"color:#243673\"><strong><a title=\"\" href=\"#topo\">Voltar ao topo<\/a><\/strong><\/p>\n<\/div>\n\n\n\n<div class=\"wp-block-column is-layout-flow wp-block-column-is-layout-flow\" style=\"flex-basis:4%\"><\/div>\n<\/div>\n","protected":false},"excerpt":{"rendered":"<p>Orienta\u00e7\u00f5es para solicita\u00e7\u00e3o de Passagens e Di\u00e1rias A emiss\u00e3o de passagens e di\u00e1rias na UFPR \u00e9 regida pela\u00a0Ordem de Servi\u00e7o 02-2020\/GR\u00a0e pela\u00a0Portaria 204\/MEC de 06 de fevereiro de 2020; Todas as solicita\u00e7\u00f5es de viagem ser\u00e3o lan\u00e7adas no Sistema de Concess\u00e3o de Passagens e Di\u00e1rias do Governo Federal (SCDP); As demandas dever\u00e3o ser encaminhadas para a [&hellip;]<\/p>\n","protected":false},"author":5,"featured_media":0,"parent":2700,"menu_order":0,"comment_status":"closed","ping_status":"closed","template":"","meta":{"footnotes":""},"class_list":["post-7024","page","type-page","status-publish","hentry"],"_links":{"self":[{"href":"https:\/\/ufpr.br\/propg\/wp-json\/wp\/v2\/pages\/7024","targetHints":{"allow":["GET"]}}],"collection":[{"href":"https:\/\/ufpr.br\/propg\/wp-json\/wp\/v2\/pages"}],"about":[{"href":"https:\/\/ufpr.br\/propg\/wp-json\/wp\/v2\/types\/page"}],"author":[{"embeddable":true,"href":"https:\/\/ufpr.br\/propg\/wp-json\/wp\/v2\/users\/5"}],"replies":[{"embeddable":true,"href":"https:\/\/ufpr.br\/propg\/wp-json\/wp\/v2\/comments?post=7024"}],"version-history":[{"count":47,"href":"https:\/\/ufpr.br\/propg\/wp-json\/wp\/v2\/pages\/7024\/revisions"}],"predecessor-version":[{"id":46964,"href":"https:\/\/ufpr.br\/propg\/wp-json\/wp\/v2\/pages\/7024\/revisions\/46964"}],"up":[{"embeddable":true,"href":"https:\/\/ufpr.br\/propg\/wp-json\/wp\/v2\/pages\/2700"}],"wp:attachment":[{"href":"https:\/\/ufpr.br\/propg\/wp-json\/wp\/v2\/media?parent=7024"}],"curies":[{"name":"wp","href":"https:\/\/api.w.org\/{rel}","templated":true}]}}