{"id":6983,"date":"2025-07-09T14:35:03","date_gmt":"2025-07-09T17:35:03","guid":{"rendered":"https:\/\/ufpr.br\/?page=6983"},"modified":"2025-07-21T14:02:30","modified_gmt":"2025-07-21T17:02:30","slug":"outros-processos-eventuais","status":"publish","type":"page","link":"https:\/\/ufpr.br\/propg\/uceo\/outros-processos-eventuais\/","title":{"rendered":"Outros Processos Eventuais"},"content":{"rendered":"\n<div style=\"height:50px\" aria-hidden=\"true\" class=\"wp-block-spacer\"><\/div>\n\n\n\n<div class=\"wp-block-columns is-layout-flex wp-container-core-columns-is-layout-9d6595d7 wp-block-columns-is-layout-flex\">\n<div class=\"wp-block-column is-layout-flow wp-block-column-is-layout-flow\" style=\"flex-basis:15%\"><div class=\"wp-block-image\">\n<figure class=\"aligncenter size-full is-resized\" id=\"topo\"><img decoding=\"async\" src=\"https:\/\/ufpr.br\/propg\/wp-content\/uploads\/2025\/06\/Icone_Processos_Rosa.png\" alt=\"\" class=\"wp-image-9850\" style=\"width:100px\"\/><\/figure><\/div><\/div>\n\n\n\n<div class=\"wp-block-column is-layout-flow wp-block-column-is-layout-flow\" style=\"flex-basis:1%\"><\/div>\n\n\n\n<div class=\"wp-block-column is-layout-flow wp-block-column-is-layout-flow\" style=\"flex-basis:80%\">\n<blockquote class=\"wp-block-quote is-layout-flow wp-block-quote-is-layout-flow\">\n<p>Aqui constam orienta\u00e7\u00f5es para processos executados pela UCEO\/PROPG em car\u00e1ter excepcional.&nbsp;<\/p>\n<\/blockquote>\n\n\n\n<div style=\"height:50px\" aria-hidden=\"true\" class=\"wp-block-spacer\"><\/div>\n\n\n\n<h2 class=\"wp-block-heading has-text-align-left has-background has-medium-font-size\" style=\"background-color:#e8ecf5\">DESPESAS DE EXERC\u00cdCIOS ANTERIORES<\/h2>\n\n\n\n<hr class=\"wp-block-separator has-text-color has-alpha-channel-opacity has-background is-style-wide\" style=\"background-color:#e8ecf5;color:#e8ecf5\"\/>\n\n\n\n<p>Tamb\u00e9m conhecido como Reconhecimento de D\u00edvida, trata do pagamento de despesas que n\u00e3o puderam ser realizadas no exerc\u00edcio correspondente.&nbsp;<\/p>\n\n\n\n<hr class=\"wp-block-separator has-text-color has-alpha-channel-opacity has-background is-style-wide\" style=\"background-color:#e8ecf5;color:#e8ecf5\"\/>\n\n\n\n<p>Em processo j\u00e1 existente, caso o Solicitante tenha dado causa a necessidade de realizar o reconhecimento de d\u00edvida, \u00e9 necess\u00e1ria a inclus\u00e3o de justificativa do n\u00e3o pagamento do processo no exerc\u00edcio financeiro correspondente, indicando a fonte de recursos, assinada pelo Coordenador(a) do PPG (se PROAP) ou Conv\u00eanio (se Funda\u00e7\u00e3o Arauc\u00e1ria).&nbsp;&nbsp;<\/p>\n\n\n\n<hr class=\"wp-block-separator has-text-color has-alpha-channel-opacity has-background is-style-wide\" style=\"background-color:#e8ecf5;color:#e8ecf5\"\/>\n\n\n\n<div style=\"height:20px\" aria-hidden=\"true\" class=\"wp-block-spacer\"><\/div>\n\n\n\n<hr class=\"wp-block-separator has-alpha-channel-opacity is-style-dots\"\/>\n\n\n\n<div style=\"height:25px\" aria-hidden=\"true\" class=\"wp-block-spacer\"><\/div>\n\n\n\n<h2 class=\"wp-block-heading has-text-align-left has-background has-medium-font-size\" style=\"background-color:#e8ecf5\">PROCESSOS DE COMPRA POR IMPORTA\u00c7\u00c3O<\/h2>\n\n\n\n<hr class=\"wp-block-separator has-text-color has-alpha-channel-opacity has-background is-style-wide\" style=\"background-color:#e8ecf5;color:#e8ecf5\"\/>\n\n\n\n<p>Todos os documentos externos e digitalizados anexados ao processo dever\u00e3o ser autenticados digitalmente por quem os incluiu. Os documentos origin\u00e1rios do SEI dever\u00e3o ser assinados digitalmente.&nbsp;<\/p>\n\n\n\n<h2 class=\"wp-block-heading\">Abertura do Processo\u00a0<\/h2>\n\n\n\n<hr class=\"wp-block-separator has-text-color has-alpha-channel-opacity has-background is-style-wide\" style=\"background-color:#e8ecf5;color:#e8ecf5\"\/>\n\n\n\n<div style=\"height:15px\" aria-hidden=\"true\" class=\"wp-block-spacer\"><\/div>\n\n\n\n<ol start=\"1\" class=\"wp-block-list\">\n<li>Abrir processo SEI do tipo: <strong>Or\u00e7amento e Finan\u00e7as: Pagamento a Pessoa Jur\u00eddica<\/strong>;\u00a0<\/li>\n<\/ol>\n\n\n\n<ol start=\"2\" class=\"wp-block-list\">\n<li>Na especifica\u00e7\u00e3o informar que se trata de importa\u00e7\u00e3o e o valor estimado da contrata\u00e7\u00e3o;\u00a0<\/li>\n<\/ol>\n\n\n\n<ol start=\"3\" class=\"wp-block-list\">\n<li>Incluir documento modelo SEI \u201cPRPPG: Informa\u00e7\u00f5es para Contrata\u00e7\u00e3o \u2013 ETP e TR\u201d preenchido integralmente e assinado pelo(a) do coordenador(a) do conv\u00eanio (se Funda\u00e7\u00e3o Arauc\u00e1ria) ou PPG (se PROAP);\u00a0<\/li>\n<\/ol>\n\n\n\n<ol start=\"4\" class=\"wp-block-list\">\n<li>Para todos os processos, informar o n\u00famero do BPP (registro no banco de projetos de pesquisa da UFPR);\u00a0<\/li>\n<\/ol>\n\n\n\n<ol start=\"5\" class=\"wp-block-list\">\n<li>Para aquisi\u00e7\u00f5es de valor estimado acima de R$ 11.000,00 (onze mil reais), informar, no formul\u00e1rio, campo \u201cn\u00famero do cadastro da aquisi\u00e7\u00e3o pretendida no PGC\u201d o n\u00famero da demanda no PGC (Planejamento e Gerenciamento de Contrata\u00e7\u00f5es \u2013 documento anual, elaborado pelos setores);\u00a0<\/li>\n<\/ol>\n\n\n\n<ol start=\"6\" class=\"wp-block-list\">\n<li>Anexar o or\u00e7amento\/provoice e a carta de exclusividade, emitida pelo fornecedor (se inexigibilidade);\u00a0<\/li>\n<\/ol>\n\n\n\n<ol start=\"7\" class=\"wp-block-list\">\n<li>Anexar Plano de Trabalho do Conv\u00eanio ou \u00faltimo Remanejamento aprovado (se Funda\u00e7\u00e3o Arauc\u00e1ria);\u00a0<\/li>\n<\/ol>\n\n\n\n<ol start=\"8\" class=\"wp-block-list\">\n<li>Verificar checklist dispon\u00edvel no site da Unidade de Importa\u00e7\u00e3o da PRA (link);\u00a0<\/li>\n<\/ol>\n\n\n\n<ol start=\"9\" class=\"wp-block-list\">\n<li>Tramitar o processo para a UFPR\/R\/PRPPG\/UCEO.\u00a0<\/li>\n<\/ol>\n\n\n\n<hr class=\"wp-block-separator has-text-color has-alpha-channel-opacity has-background is-style-wide\" style=\"background-color:#e8ecf5;color:#e8ecf5\"\/>\n\n\n\n<p>A UCEO\/PRPPG far\u00e1 a inclus\u00e3o do Estudo T\u00e9cnico Preliminar (ETP) e Termo de Refer\u00eancia (TR).&nbsp;<\/p>\n\n\n\n<hr class=\"wp-block-separator has-text-color has-alpha-channel-opacity has-background is-style-wide\" style=\"background-color:#e8ecf5;color:#e8ecf5\"\/>\n\n\n\n<p>O processo passar\u00e1 pela Unidade de Importa\u00e7\u00e3o para a inclus\u00e3o da planilha de custos e convers\u00e3o (caso o or\u00e7amento\/provoice esteja em moeda estrangeira).\u00a0<\/p>\n\n\n\n<hr class=\"wp-block-separator has-text-color has-alpha-channel-opacity has-background is-style-wide\" style=\"background-color:#e8ecf5;color:#e8ecf5\"\/>\n\n\n\n<p><strong>OBS<\/strong>: No caso de solicita\u00e7\u00f5es para pagamento de taxa de inscri\u00e7\u00e3o para eventos ou cursos para servidores, o processo passar\u00e1 por an\u00e1lise da PROGEPE, quanto \u00e0 adequa\u00e7\u00e3o da demanda ao PDP (Plano de Desenvolvimento de Pessoas) da UFPR.&nbsp;<\/p>\n\n\n\n<div style=\"height:15px\" aria-hidden=\"true\" class=\"wp-block-spacer\"><\/div>\n\n\n\n<hr class=\"wp-block-separator has-alpha-channel-opacity is-style-dots\"\/>\n\n\n\n<div style=\"height:25px\" aria-hidden=\"true\" class=\"wp-block-spacer\"><\/div>\n\n\n\n<h2 class=\"wp-block-heading\">Empenho e Pagamento:\u00a0<\/h2>\n\n\n\n<hr class=\"wp-block-separator has-text-color has-alpha-channel-opacity has-background is-style-wide\" style=\"background-color:#e8ecf5;color:#e8ecf5\"\/>\n\n\n\n<div style=\"height:15px\" aria-hidden=\"true\" class=\"wp-block-spacer\"><\/div>\n\n\n\n<ol start=\"1\" class=\"wp-block-list\">\n<li>Ap\u00f3s o registro de empenho, pela UCEO, o processo ser\u00e1 encaminhado \u00e0 Unidade de Importa\u00e7\u00e3o da PRA para pagamento ao fornecedor estrangeiro;\u00a0<\/li>\n<\/ol>\n\n\n\n<ol start=\"2\" class=\"wp-block-list\">\n<li>Para o caso de aquisi\u00e7\u00e3o de materiais, no ato do recebimento, verificar se os materiais entregues conferem com o empenho registrado e a nota fiscal. Em caso de diverg\u00eancia, n\u00e3o receber o material e informar a UCEO\/PRPPG;\u00a0<\/li>\n<\/ol>\n\n\n\n<ol start=\"3\" class=\"wp-block-list\">\n<li>Ap\u00f3s o recebimento do produto\/servi\u00e7o, anexar ao processo:\u00a0<\/li>\n<\/ol>\n\n\n\n<ul class=\"wp-block-list\">\n<li><strong>Atesto<\/strong>: documento SEI \u201cOR\u00c7.FIN: Atesto de Documentos Fiscais\u201d assinado preferencialmente pelo(a) coordenador(a) do conv\u00eanio\/PPG. A data do atesto sempre deve ser igual ou posterior a da emiss\u00e3o da Nota;\u00a0<\/li>\n<\/ul>\n\n\n\n<ul class=\"wp-block-list\">\n<li>Se a compra for de Material de Consumo, anexar o <strong>Relat\u00f3rio de Incorpora\u00e7\u00e3o<\/strong>, emitido pelo Almoxarifado Setorial;\u00a0<\/li>\n<\/ul>\n\n\n\n<ul class=\"wp-block-list\">\n<li>Se a compra for de Material Permanente, anexar o documento SEI \u201cOR\u00c7.FIN: Termo de Indica\u00e7\u00e3o de Responsabilidade\u201d, integralmente preenchido.\u00a0\u00a0<\/li>\n<\/ul>\n\n\n\n<ul class=\"wp-block-list\">\n<li>Ao tramitar o processo para a UCEO\/PRPPG, o mesmo deve estar conclu\u00eddo em outras unidades (desmarcar a op\u00e7\u00e3o \u201cmanter processo aberto na unidade atual\u201d);\u00a0<\/li>\n<\/ul>\n\n\n\n<ul class=\"wp-block-list\">\n<li>Todos os documentos do processo devem ser assinados ou autenticados.\u00a0<\/li>\n<\/ul>\n\n\n\n<div style=\"height:15px\" aria-hidden=\"true\" class=\"wp-block-spacer\"><\/div>\n\n\n\n<hr class=\"wp-block-separator has-text-color has-alpha-channel-opacity has-background is-style-wide\" style=\"background-color:#e8ecf5;color:#e8ecf5\"\/>\n\n\n\n<p class=\"has-text-color has-link-color wp-elements-16631d866001ae142cbdd3786f7ccd26\" style=\"color:#243673\"><strong><a title=\"\" href=\"#topo\">Voltar ao topo<\/a><\/strong><\/p>\n<\/div>\n\n\n\n<div class=\"wp-block-column is-layout-flow wp-block-column-is-layout-flow\" style=\"flex-basis:4%\"><\/div>\n<\/div>\n\n\n\n<p><\/p>\n","protected":false},"excerpt":{"rendered":"<p>Aqui constam orienta\u00e7\u00f5es para processos executados pela UCEO\/PROPG em car\u00e1ter excepcional.&nbsp; DESPESAS DE EXERC\u00cdCIOS ANTERIORES Tamb\u00e9m conhecido como Reconhecimento de D\u00edvida, trata do pagamento de despesas que n\u00e3o puderam ser realizadas no exerc\u00edcio correspondente.&nbsp; Em processo j\u00e1 existente, caso o Solicitante tenha dado causa a necessidade de realizar o reconhecimento de d\u00edvida, \u00e9 necess\u00e1ria a [&hellip;]<\/p>\n","protected":false},"author":5,"featured_media":0,"parent":2700,"menu_order":0,"comment_status":"closed","ping_status":"closed","template":"","meta":{"footnotes":""},"class_list":["post-6983","page","type-page","status-publish","hentry"],"_links":{"self":[{"href":"https:\/\/ufpr.br\/propg\/wp-json\/wp\/v2\/pages\/6983","targetHints":{"allow":["GET"]}}],"collection":[{"href":"https:\/\/ufpr.br\/propg\/wp-json\/wp\/v2\/pages"}],"about":[{"href":"https:\/\/ufpr.br\/propg\/wp-json\/wp\/v2\/types\/page"}],"author":[{"embeddable":true,"href":"https:\/\/ufpr.br\/propg\/wp-json\/wp\/v2\/users\/5"}],"replies":[{"embeddable":true,"href":"https:\/\/ufpr.br\/propg\/wp-json\/wp\/v2\/comments?post=6983"}],"version-history":[{"count":27,"href":"https:\/\/ufpr.br\/propg\/wp-json\/wp\/v2\/pages\/6983\/revisions"}],"predecessor-version":[{"id":8753,"href":"https:\/\/ufpr.br\/propg\/wp-json\/wp\/v2\/pages\/6983\/revisions\/8753"}],"up":[{"embeddable":true,"href":"https:\/\/ufpr.br\/propg\/wp-json\/wp\/v2\/pages\/2700"}],"wp:attachment":[{"href":"https:\/\/ufpr.br\/propg\/wp-json\/wp\/v2\/media?parent=6983"}],"curies":[{"name":"wp","href":"https:\/\/api.w.org\/{rel}","templated":true}]}}