{"id":6952,"date":"2025-07-09T13:52:26","date_gmt":"2025-07-09T16:52:26","guid":{"rendered":"https:\/\/ufpr.br\/?page=6952"},"modified":"2025-10-28T10:15:32","modified_gmt":"2025-10-28T13:15:32","slug":"convenios-fundacao-araucaria","status":"publish","type":"page","link":"https:\/\/ufpr.br\/propg\/uceo\/convenios-fundacao-araucaria\/","title":{"rendered":"Conv\u00eanios Funda\u00e7\u00e3o Arauc\u00e1ria"},"content":{"rendered":"\n<div style=\"height:50px\" aria-hidden=\"true\" class=\"wp-block-spacer\"><\/div>\n\n\n\n<div class=\"wp-block-columns is-layout-flex wp-container-core-columns-is-layout-9d6595d7 wp-block-columns-is-layout-flex\">\n<div class=\"wp-block-column is-layout-flow wp-block-column-is-layout-flow\" style=\"flex-basis:15%\"><div class=\"wp-block-image\">\n<figure class=\"aligncenter size-full is-resized\" id=\"topo\"><img decoding=\"async\" src=\"https:\/\/ufpr.br\/propg\/wp-content\/uploads\/2025\/06\/Icone_Convenios_Rosa.png\" alt=\"\" class=\"wp-image-9831\" style=\"width:100px\"\/><\/figure><\/div><\/div>\n\n\n\n<div class=\"wp-block-column is-layout-flow wp-block-column-is-layout-flow\" style=\"flex-basis:1%\"><\/div>\n\n\n\n<div class=\"wp-block-column is-layout-flow wp-block-column-is-layout-flow\" style=\"flex-basis:80%\">\n<blockquote class=\"wp-block-quote is-layout-flow wp-block-quote-is-layout-flow\">\n<p>A Funda\u00e7\u00e3o Arauc\u00e1ria de Apoio ao Desenvolvimento Cient\u00edfico e Tecnol\u00f3gico do Estado do Paran\u00e1 (FA) busca o desenvolvimento social, econ\u00f4mico e ambiental do Estado, por meio de investimentos em ci\u00eancia, tecnologia e inova\u00e7\u00e3o.<\/p>\n\n\n\n<p>Quando professores da UFPR concorrem e s\u00e3o aprovados em editais de chamada p\u00fablica pela FA, um conv\u00eanio \u00e9 estabelecido para o financiamento de projetos de pesquisa e participa\u00e7\u00e3o em eventos t\u00e9cnico-cient\u00edficos pela Funda\u00e7\u00e3o. Nesses conv\u00eanios \u00e9 poss\u00edvel a execu\u00e7\u00e3o de gastos relacionados a compras de materiais de consumo, bens, servi\u00e7os, passagens, di\u00e1rias e pagamentos de bolsas conforme o estabelecido nos editais de chamadas p\u00fablicas e nos planos de trabalhos submetidos.<\/p>\n<\/blockquote>\n\n\n\n<div style=\"height:25px\" aria-hidden=\"true\" class=\"wp-block-spacer\"><\/div>\n\n\n\n<hr class=\"wp-block-separator has-text-color has-alpha-channel-opacity has-background is-style-wide\" style=\"background-color:#e8ecf5;color:#e8ecf5\"\/>\n\n\n\n<p>\u00c9&nbsp;imprescind\u00edvel o uso da logomarca da Funda\u00e7\u00e3o Arauc\u00e1ria e do Governo do Estado do Paran\u00e1\/SETI em documentos relativos a projetos por eles apoiados.<\/p>\n\n\n\n<hr class=\"wp-block-separator has-text-color has-alpha-channel-opacity has-background is-style-wide\" style=\"background-color:#e8ecf5;color:#e8ecf5\"\/>\n\n\n\n<p>Quanto a abertura do conv\u00eanio, deve-se entrar em contato com a secretaria da&nbsp;<a href=\"https:\/\/www.prppg.ufpr.br\/site\/a-prppg\/contatos\/#pesquisa\">Coordenadoria de Pesquisa<\/a>&nbsp;da PRPPG.<\/p>\n\n\n\n<div style=\"height:15px\" aria-hidden=\"true\" class=\"wp-block-spacer\"><\/div>\n\n\n\n<hr class=\"wp-block-separator has-alpha-channel-opacity is-style-dots\"\/>\n\n\n\n<div style=\"height:25px\" aria-hidden=\"true\" class=\"wp-block-spacer\"><\/div>\n\n\n\n<h2 class=\"wp-block-heading has-text-align-left has-background has-medium-font-size\" style=\"background-color:#e8ecf5\">PROCEDIMENTOS EXECUTADOS PELA UCEO\/PROPG<\/h2>\n\n\n\n<hr class=\"wp-block-separator has-text-color has-alpha-channel-opacity has-background is-style-wide\" style=\"background-color:#e8ecf5;color:#e8ecf5\"\/>\n\n\n\n<p><strong>(Somente para os conv\u00eanios cuja execu\u00e7\u00e3o \u00e9 feita pela PROPG. Quanto aos conv\u00eanios executados via FUNPAR, recomendamos entrar em contato diretamente com esta funda\u00e7\u00e3o).<\/strong><\/p>\n\n\n\n<hr class=\"wp-block-separator has-text-color has-alpha-channel-opacity has-background is-style-wide\" style=\"background-color:#e8ecf5;color:#e8ecf5\"\/>\n\n\n\n<div style=\"height:25px\" aria-hidden=\"true\" class=\"wp-block-spacer\"><\/div>\n\n\n\n<p>Para todos os procedimentos, deve-se utilizar o respectivo modelo, dispon\u00edvel no&nbsp;<a href=\"https:\/\/www.fappr.pr.gov.br\/Pagina\/Documentos\" target=\"_blank\" rel=\"noreferrer noopener\">site da Funda\u00e7\u00e3o Arauc\u00e1ria<\/a>, no \u201cpacote de documentos de conv\u00eanios\u201d. Os documentos devem ser enviados para o e-mail prestacao.propg@ufpr.br.<\/p>\n\n\n\n<ul class=\"wp-block-list\">\n<li><strong>Troca de Coordenador<\/strong>: Formul\u00e1rio Padr\u00e3o Assuntos Diversos;<\/li>\n<\/ul>\n\n\n\n<ul class=\"wp-block-list\">\n<li><strong>Altera\u00e7\u00f5es no Plano de Trabalho<\/strong>, como inclus\u00e3o de membros e de locais: Formul\u00e1rio Padr\u00e3o Assuntos Diversos;<\/li>\n<\/ul>\n\n\n\n<ul class=\"wp-block-list\">\n<li><strong>Prorroga\u00e7\u00e3o de Prazo&nbsp;do Conv\u00eanio<\/strong>: Of\u00edcio \u2013 Solicita\u00e7\u00e3o de Aditivo;<\/li>\n<\/ul>\n\n\n\n<ul class=\"wp-block-list\">\n<li><strong>Remanejamento de Rubricas:<\/strong>\u00a0Of\u00edcio \u2013 Solicita\u00e7\u00e3o de Remanejamento e Plano de Aplica\u00e7\u00e3o Financeira.\u00a0\u00a0<strong>OBS<\/strong>: Neste caso, enviar tamb\u00e9m para o e-mail <a href=\"mailto:uceo.propg@ufpr.br\" target=\"_blank\" rel=\"noreferrer noopener\">uceo.propg@ufpr.br<\/a>;\u00a0<\/li>\n<\/ul>\n\n\n\n<ul class=\"wp-block-list\">\n<li><strong>Presta\u00e7\u00e3o de Contas Final<\/strong>: Conforme orienta\u00e7\u00f5es a serem enviadas via e-mail pela UCEO\/PROPG, quando do t\u00e9rmino da vig\u00eancia do conv\u00eanio. Enviar os documentos para o e-mail <a href=\"mailto:prestacao.propg@ufpr.br\" target=\"_blank\" rel=\"noreferrer noopener\">prestacao.propg@ufpr.br<\/a> .<\/li>\n<\/ul>\n\n\n\n<hr class=\"wp-block-separator has-text-color has-alpha-channel-opacity has-background is-style-wide\" style=\"background-color:#e8ecf5;color:#e8ecf5\"\/>\n\n\n\n<p><strong>OBS<\/strong>: Todas as solicita\u00e7\u00f5es ser\u00e3o tramitadas para a Funda\u00e7\u00e3o Arauc\u00e1ria via sistema E-Protocolo, do governo estadual. Este cadastramento e encaminhamento devem ser feitos sempre pela UCEO\/PROPG.&nbsp;<\/p>\n\n\n\n<hr class=\"wp-block-separator has-text-color has-alpha-channel-opacity has-background is-style-wide\" style=\"background-color:#e8ecf5;color:#e8ecf5\"\/>\n\n\n\n<p class=\"has-text-color has-link-color wp-elements-16631d866001ae142cbdd3786f7ccd26\" style=\"color:#243673\"><strong><a title=\"\" href=\"#topo\">Voltar ao topo<\/a><\/strong><\/p>\n<\/div>\n\n\n\n<div class=\"wp-block-column is-layout-flow wp-block-column-is-layout-flow\" style=\"flex-basis:4%\"><\/div>\n<\/div>\n","protected":false},"excerpt":{"rendered":"<p>A Funda\u00e7\u00e3o Arauc\u00e1ria de Apoio ao Desenvolvimento Cient\u00edfico e Tecnol\u00f3gico do Estado do Paran\u00e1 (FA) busca o desenvolvimento social, econ\u00f4mico e ambiental do Estado, por meio de investimentos em ci\u00eancia, tecnologia e inova\u00e7\u00e3o. Quando professores da UFPR concorrem e s\u00e3o aprovados em editais de chamada p\u00fablica pela FA, um conv\u00eanio \u00e9 estabelecido para o financiamento [&hellip;]<\/p>\n","protected":false},"author":5,"featured_media":0,"parent":2700,"menu_order":0,"comment_status":"closed","ping_status":"closed","template":"","meta":{"footnotes":""},"class_list":["post-6952","page","type-page","status-publish","hentry"],"_links":{"self":[{"href":"https:\/\/ufpr.br\/propg\/wp-json\/wp\/v2\/pages\/6952","targetHints":{"allow":["GET"]}}],"collection":[{"href":"https:\/\/ufpr.br\/propg\/wp-json\/wp\/v2\/pages"}],"about":[{"href":"https:\/\/ufpr.br\/propg\/wp-json\/wp\/v2\/types\/page"}],"author":[{"embeddable":true,"href":"https:\/\/ufpr.br\/propg\/wp-json\/wp\/v2\/users\/5"}],"replies":[{"embeddable":true,"href":"https:\/\/ufpr.br\/propg\/wp-json\/wp\/v2\/comments?post=6952"}],"version-history":[{"count":33,"href":"https:\/\/ufpr.br\/propg\/wp-json\/wp\/v2\/pages\/6952\/revisions"}],"predecessor-version":[{"id":16497,"href":"https:\/\/ufpr.br\/propg\/wp-json\/wp\/v2\/pages\/6952\/revisions\/16497"}],"up":[{"embeddable":true,"href":"https:\/\/ufpr.br\/propg\/wp-json\/wp\/v2\/pages\/2700"}],"wp:attachment":[{"href":"https:\/\/ufpr.br\/propg\/wp-json\/wp\/v2\/media?parent=6952"}],"curies":[{"name":"wp","href":"https:\/\/api.w.org\/{rel}","templated":true}]}}