{"id":6949,"date":"2025-07-07T21:50:20","date_gmt":"2025-07-08T00:50:20","guid":{"rendered":"https:\/\/ufpr.br\/?page=6949"},"modified":"2025-12-29T11:49:18","modified_gmt":"2025-12-29T14:49:18","slug":"udc","status":"publish","type":"page","link":"https:\/\/ufpr.br\/propg\/udc\/","title":{"rendered":"Diplomas e Certificados"},"content":{"rendered":"\n<div style=\"height:50px\" aria-hidden=\"true\" class=\"wp-block-spacer\"><\/div>\n\n\n\n<div class=\"wp-block-columns is-layout-flex wp-container-core-columns-is-layout-9d6595d7 wp-block-columns-is-layout-flex\">\n<div class=\"wp-block-column is-layout-flow wp-block-column-is-layout-flow\" style=\"flex-basis:10%\"><div class=\"wp-block-image is-style-default\">\n<figure class=\"aligncenter size-full is-resized\"><img decoding=\"async\" src=\"https:\/\/ufpr.br\/propg\/wp-content\/uploads\/2025\/06\/Icone_DadosPos_Rosa.png\" alt=\"\" class=\"wp-image-6145\" style=\"object-fit:cover;width:90px;height:90px\"\/><\/figure><\/div><\/div>\n\n\n\n<div class=\"wp-block-column is-layout-flow wp-block-column-is-layout-flow\" style=\"flex-basis:90%\">\n<div class=\"wp-block-columns is-layout-flex wp-container-core-columns-is-layout-9d6595d7 wp-block-columns-is-layout-flex\">\n<div class=\"wp-block-column is-layout-flow wp-block-column-is-layout-flow\" style=\"flex-basis:35%\">\n<blockquote class=\"wp-block-quote is-layout-flow wp-block-quote-is-layout-flow\">\n<p>A <strong>Unidade de Diplomas e Certificados (UDC)<\/strong> da Pr\u00f3-Reitoria de P\u00f3s-Gradua\u00e7\u00e3o \u00e9 respons\u00e1vel pela emiss\u00e3o e registro dos diplomas de Mestrado e Doutorado e certificados de P\u00f3s-Doutorado e de Reconhecimento de diplomas estrangeiros, de acordo com a legisla\u00e7\u00e3o vigente.<\/p>\n<\/blockquote>\n\n\n\n<div style=\"height:20px\" aria-hidden=\"true\" class=\"wp-block-spacer\"><\/div>\n<\/div>\n\n\n\n<div class=\"wp-block-column is-layout-flow wp-block-column-is-layout-flow\" style=\"flex-basis:63%\">\n<div class=\"wp-block-columns has-background is-layout-flex wp-container-core-columns-is-layout-9d6595d7 wp-block-columns-is-layout-flex\" style=\"background-color:#f0f0f0\">\n<div class=\"wp-block-column is-layout-flow wp-block-column-is-layout-flow\">\n<div style=\"height:20px\" aria-hidden=\"true\" class=\"wp-block-spacer\"><\/div>\n\n\n\n<p class=\"has-white-background-color has-text-color has-background has-link-color wp-elements-793039b4cb74f60cf64914dabc751144\" style=\"color:#202d59\"><strong>ATEN\u00c7\u00c3O!<\/strong> <br>Entregas de diplomas e certificados diariamente <strong>das 9h \u00e0s 12h e das 14h \u00e0s 17h.<\/strong> Em feriados n\u00e3o haver\u00e1 expediente. Em pontos facultativos consultar via e-mail ou telefone na pr\u00f3pria semana.<br><br><strong>Email:<\/strong> <a title=\"\" href=\"mailto:udc@ufpr.br\" target=\"_blank\" rel=\"noopener\">udc@ufpr.br<\/a><br><strong>Telefone:<\/strong> 3360-5414<br><strong>Endere\u00e7o:<\/strong> Rua Dr. Faivre, n\u00ba 405, Ed. D. Pedro II , 1\u00ba Andar \u2013 Sala 11<br><br><strong>Chefe da Unidade:<\/strong> Silvana Hidalgo do Nascimento<br><strong>Equipe T\u00e9cnica:<\/strong> Wender Ribeiro<br><strong>Apoio Administrativo:<\/strong> Laiandra Britte<\/p>\n<\/div>\n<\/div>\n<\/div>\n\n\n\n<div class=\"wp-block-column is-layout-flow wp-block-column-is-layout-flow\" style=\"flex-basis:2%\"><\/div>\n<\/div>\n<\/div>\n<\/div>\n\n\n\n<div class=\"wp-block-columns is-layout-flex wp-container-core-columns-is-layout-9d6595d7 wp-block-columns-is-layout-flex\">\n<div class=\"wp-block-column is-layout-flow wp-block-column-is-layout-flow\" style=\"flex-basis:2%\"><\/div>\n\n\n\n<div class=\"wp-block-column is-layout-flow wp-block-column-is-layout-flow\" style=\"flex-basis:50%\">\n<h2 class=\"wp-block-heading\">Stricto Sensu<\/h2>\n\n\n\n<hr class=\"wp-block-separator has-text-color has-alpha-channel-opacity has-background is-style-wide\" style=\"background-color:#e8ecf5;color:#e8ecf5\"\/>\n\n\n\n<div class=\"wp-block-columns is-layout-flex wp-container-core-columns-is-layout-9d6595d7 wp-block-columns-is-layout-flex\">\n<div class=\"wp-block-column has-background is-layout-flow wp-block-column-is-layout-flow\" style=\"background-color:#e8ecf5\">\n<div class=\"wp-block-columns has-background is-layout-flex wp-container-core-columns-is-layout-9d6595d7 wp-block-columns-is-layout-flex\" style=\"background-color:#e8ecf5\">\n<div class=\"wp-block-column has-background is-layout-flow wp-block-column-is-layout-flow\" style=\"background-color:#e8ecf5;flex-basis:73%\">\n<div style=\"height:25px\" aria-hidden=\"true\" class=\"wp-block-spacer\"><\/div>\n\n\n\n<div class=\"wp-block-columns is-not-stacked-on-mobile is-layout-flex wp-container-core-columns-is-layout-9d6595d7 wp-block-columns-is-layout-flex\">\n<div class=\"wp-block-column has-white-background-color has-text-color has-background has-link-color wp-elements-84819c86561c6a04be78dcee7bfcf090 is-layout-flow wp-block-column-is-layout-flow\" style=\"color:#003c71\">\n<div style=\"height:20px\" aria-hidden=\"true\" class=\"wp-block-spacer\"><\/div>\n\n\n<div class=\"wp-block-image is-style-default\">\n<figure class=\"aligncenter size-full is-resized\"><a href=\"https:\/\/ufpr.br\/propg\/udc\/mestrado-e-doutorado\/\"><img decoding=\"async\" src=\"https:\/\/ufpr.br\/propg\/wp-content\/uploads\/2024\/08\/Icone_Diploma_Rosa.png\" alt=\"\" class=\"wp-image-6123\" style=\"object-fit:cover;width:70px;height:70px\"\/><\/a><\/figure><\/div>\n\n\n<p class=\"has-text-align-center has-text-color has-link-color wp-elements-970a44c7f456f8322f4023bb8393f9da\" style=\"color:#243673;font-size:14px\"><a href=\"https:\/\/ufpr.br\/propg\/udc\/mestrado-e-doutorado\/\"><strong>Mestrado e <\/strong><br><strong>Doutorado<\/strong><\/a><\/p>\n\n\n\n<div style=\"height:25px\" aria-hidden=\"true\" class=\"wp-block-spacer\"><\/div>\n<\/div>\n\n\n\n<div class=\"wp-block-column has-white-background-color has-text-color has-background has-link-color wp-elements-772fe67ba8bdb666fd28dc1312c7cfc2 is-layout-flow wp-block-column-is-layout-flow\" style=\"color:#003c71\">\n<div style=\"height:20px\" aria-hidden=\"true\" class=\"wp-block-spacer\"><\/div>\n\n\n<div class=\"wp-block-image is-style-default\">\n<figure class=\"aligncenter size-full is-resized\" id=\"topo\"><a href=\"https:\/\/ufpr.br\/propg\/udc\/pos-doutorado\/\"><img decoding=\"async\" src=\"https:\/\/ufpr.br\/propg\/wp-content\/uploads\/2025\/06\/Icone_Capelo_Certificado_Rosa.png\" alt=\"\" class=\"wp-image-7236\" style=\"object-fit:cover;width:70px;height:70px\"\/><\/a><\/figure><\/div>\n\n\n<p class=\"has-text-align-center has-text-color has-link-color wp-elements-769fd335725e9926336ac571d3a57b7e\" style=\"color:#243673;font-size:14px\"><strong><a href=\"https:\/\/ufpr.br\/propg\/udc\/pos-doutorado\/\">P\u00f3s-Doutorado<\/a><\/strong><\/p>\n<\/div>\n<\/div>\n<\/div>\n\n\n\n<div class=\"wp-block-column has-background is-layout-flow wp-block-column-is-layout-flow\" style=\"background-color:#e8ecf5;flex-basis:32%\">\n<div style=\"height:25px\" aria-hidden=\"true\" class=\"wp-block-spacer\"><\/div>\n\n\n\n<div class=\"wp-block-columns is-not-stacked-on-mobile is-layout-flex wp-container-core-columns-is-layout-9d6595d7 wp-block-columns-is-layout-flex\">\n<div class=\"wp-block-column has-white-background-color has-text-color has-background has-link-color wp-elements-3a0433cca15cb772f484d88e06c6f862 is-layout-flow wp-block-column-is-layout-flow\" style=\"color:#003c71\">\n<div style=\"height:20px\" aria-hidden=\"true\" class=\"wp-block-spacer\"><\/div>\n\n\n<div class=\"wp-block-image is-style-default\">\n<figure class=\"aligncenter size-full is-resized\" id=\"topo\"><a href=\"https:\/\/ufpr.br\/propg\/udc\/reconhecimento-de-diplomas-estrangeiros\/\"><img decoding=\"async\" src=\"https:\/\/ufpr.br\/propg\/wp-content\/uploads\/2025\/06\/Icone_ReconhecimentoDiplomas_Rosa.png\" alt=\"\" class=\"wp-image-7904\" style=\"object-fit:cover;width:70px;height:70px\"\/><\/a><\/figure><\/div>\n\n\n<p class=\"has-text-align-center has-text-color has-link-color wp-elements-f404d763703b41ecda5bc4dfd619dbab\" style=\"color:#243673;font-size:14px\"><a href=\"https:\/\/ufpr.br\/propg\/udc\/reconhecimento-de-diplomas-estrangeiros\/\"><strong>Reconhecimento <\/strong><br><strong>de Diplomas Estrangeiros<\/strong><\/a><\/p>\n<\/div>\n<\/div>\n<\/div>\n<\/div>\n\n\n\n<div class=\"wp-block-columns has-background is-layout-flex wp-container-core-columns-is-layout-9d6595d7 wp-block-columns-is-layout-flex\" style=\"background-color:#e8ecf5\">\n<div class=\"wp-block-column has-background is-layout-flow wp-block-column-is-layout-flow\" style=\"background-color:#e8ecf5;flex-basis:73%\">\n<div class=\"wp-block-columns is-not-stacked-on-mobile is-layout-flex wp-container-core-columns-is-layout-9d6595d7 wp-block-columns-is-layout-flex\">\n<div class=\"wp-block-column has-white-background-color has-text-color has-background has-link-color wp-elements-b19495f408981605e6ad18e0639c0fe9 is-layout-flow wp-block-column-is-layout-flow\" style=\"color:#003c71\">\n<div style=\"height:10px\" aria-hidden=\"true\" class=\"wp-block-spacer\"><\/div>\n\n\n<div class=\"wp-block-image is-style-default\">\n<figure class=\"aligncenter size-full is-resized\"><a href=\"https:\/\/ufpr.br\/propg\/udc\/segunda-via-de-diplomas\/\"><img decoding=\"async\" src=\"https:\/\/ufpr.br\/propg\/wp-content\/uploads\/2025\/07\/Icone_SegundaVia_Rosa.png\" alt=\"\" class=\"wp-image-12452\" style=\"width:80px\"\/><\/a><\/figure><\/div>\n\n\n<p class=\"has-text-align-center has-text-color has-link-color wp-elements-8f1f6a73dbfe727b170a91f2a5861e53\" style=\"color:#243673;font-size:14px\"><a href=\"https:\/\/ufpr.br\/propg\/udc\/segunda-via-de-diplomas\/\"><strong>Segunda Via <\/strong><br><strong>de Diplomas<\/strong><\/a><\/p>\n\n\n\n<div style=\"height:15px\" aria-hidden=\"true\" class=\"wp-block-spacer\"><\/div>\n<\/div>\n\n\n\n<div class=\"wp-block-column has-white-background-color has-text-color has-background has-link-color wp-elements-9e0d6261c66318666bb6a7196189dffc is-layout-flow wp-block-column-is-layout-flow\" style=\"color:#003c71\">\n<div style=\"height:20px\" aria-hidden=\"true\" class=\"wp-block-spacer\"><\/div>\n\n\n<div class=\"wp-block-image is-style-default\">\n<figure class=\"aligncenter size-full is-resized\" id=\"topo\"><a href=\"https:\/\/ufpr.br\/propg\/udc\/legislacao\/\"><img decoding=\"async\" src=\"https:\/\/ufpr.br\/propg\/wp-content\/uploads\/2025\/06\/Icone_Documentos_Rosa.png\" alt=\"\" class=\"wp-image-6154\" style=\"object-fit:cover;width:70px;height:70px\"\/><\/a><\/figure><\/div>\n\n\n<p class=\"has-text-align-center has-text-color has-link-color wp-elements-ef3f2b253270b281d2f246c56147d2f4\" style=\"color:#243673;font-size:14px\"><strong><a href=\"https:\/\/ufpr.br\/propg\/udc\/legislacao\/\">Legisla\u00e7\u00e3o<\/a><\/strong><\/p>\n<\/div>\n<\/div>\n<\/div>\n\n\n\n<div class=\"wp-block-column has-background is-layout-flow wp-block-column-is-layout-flow\" style=\"background-color:#e8ecf5;flex-basis:32%\">\n<div class=\"wp-block-columns is-not-stacked-on-mobile is-layout-flex wp-container-core-columns-is-layout-9d6595d7 wp-block-columns-is-layout-flex\">\n<div class=\"wp-block-column has-white-background-color has-text-color has-background has-link-color wp-elements-4c03fc79abbf32ff27161be31b87b437 is-layout-flow wp-block-column-is-layout-flow\" style=\"color:#003c71\">\n<div style=\"height:20px\" aria-hidden=\"true\" class=\"wp-block-spacer\"><\/div>\n\n\n<div class=\"wp-block-image is-style-default\">\n<figure class=\"aligncenter size-full is-resized\" id=\"topo\"><a href=\"https:\/\/ufpr.br\/propg\/udc\/perguntas-frequentes\/\"><img decoding=\"async\" src=\"https:\/\/ufpr.br\/propg\/wp-content\/uploads\/2024\/08\/Icone_PergutasFrequentes_Rosa.png\" alt=\"\" class=\"wp-image-6120\" style=\"object-fit:cover;width:70px;height:70px\"\/><\/a><\/figure><\/div>\n\n\n<p class=\"has-text-align-center has-text-color has-link-color wp-elements-ce30ad05c6ad967b2149d8ea56c27194\" style=\"color:#243673;font-size:14px\"><a href=\"https:\/\/ufpr.br\/propg\/udc\/perguntas-frequentes\/\"><strong>Perguntas <\/strong><br><strong>Frequentes<\/strong><\/a><\/p>\n\n\n\n<div style=\"height:15px\" aria-hidden=\"true\" class=\"wp-block-spacer\"><\/div>\n<\/div>\n<\/div>\n<\/div>\n<\/div>\n<\/div>\n<\/div>\n\n\n\n<hr class=\"wp-block-separator has-text-color has-alpha-channel-opacity has-background is-style-wide\" style=\"background-color:#e8ecf5;color:#e8ecf5\"\/>\n<\/div>\n\n\n\n<div class=\"wp-block-column is-layout-flow wp-block-column-is-layout-flow\" style=\"flex-basis:50%\">\n<h2 class=\"wp-block-heading\">Lato Sensu<\/h2>\n\n\n\n<hr class=\"wp-block-separator has-text-color has-alpha-channel-opacity has-background is-style-wide\" style=\"background-color:#e8ecf5;color:#e8ecf5\"\/>\n\n\n\n<div class=\"wp-block-columns has-background is-layout-flex wp-container-core-columns-is-layout-9d6595d7 wp-block-columns-is-layout-flex\" style=\"background-color:#e4e4e5\">\n<div class=\"wp-block-column is-layout-flow wp-block-column-is-layout-flow\" style=\"flex-basis:32%\">\n<div style=\"height:25px\" aria-hidden=\"true\" class=\"wp-block-spacer\"><\/div>\n\n\n\n<div class=\"wp-block-columns is-not-stacked-on-mobile is-layout-flex wp-container-core-columns-is-layout-9d6595d7 wp-block-columns-is-layout-flex\">\n<div class=\"wp-block-column has-white-background-color has-text-color has-background has-link-color wp-elements-ab0cb0e2b82e8319f69f82184f2572b0 is-layout-flow wp-block-column-is-layout-flow\" style=\"color:#003c71\">\n<div style=\"height:20px\" aria-hidden=\"true\" class=\"wp-block-spacer\"><\/div>\n\n\n<div class=\"wp-block-image is-style-default\">\n<figure class=\"aligncenter size-full is-resized\"><a href=\"https:\/\/ufpr.br\/propg\/udc\/especializacao-e-residencia\/\"><img decoding=\"async\" src=\"https:\/\/ufpr.br\/propg\/wp-content\/uploads\/2025\/06\/Icone_DiplomaCertificado_Rosa.png\" alt=\"\" class=\"wp-image-9758\" style=\"object-fit:cover;width:70px;height:70px\"\/><\/a><\/figure><\/div>\n\n\n<p class=\"has-text-align-center has-text-color has-link-color wp-elements-523d9aa54948d55a11cded3605c9de6d\" style=\"color:#243673;font-size:14px\"><strong><a href=\"https:\/\/ufpr.br\/propg\/udc\/especializacao-e-residencia\/\">Especializa\u00e7\u00e3o e Resid\u00eancia<\/a><\/strong><\/p>\n\n\n\n<div style=\"height:23px\" aria-hidden=\"true\" class=\"wp-block-spacer\"><\/div>\n<\/div>\n<\/div>\n<\/div>\n\n\n\n<div class=\"wp-block-column is-layout-flow wp-block-column-is-layout-flow\" style=\"flex-basis:73%\">\n<div style=\"height:25px\" aria-hidden=\"true\" class=\"wp-block-spacer\"><\/div>\n\n\n\n<div class=\"wp-block-columns is-not-stacked-on-mobile is-layout-flex wp-container-core-columns-is-layout-9d6595d7 wp-block-columns-is-layout-flex\">\n<div class=\"wp-block-column has-white-background-color has-text-color has-background has-link-color wp-elements-9e0d6261c66318666bb6a7196189dffc is-layout-flow wp-block-column-is-layout-flow\" style=\"color:#003c71\">\n<div style=\"height:20px\" aria-hidden=\"true\" class=\"wp-block-spacer\"><\/div>\n\n\n<div class=\"wp-block-image is-style-default\">\n<figure class=\"aligncenter size-full is-resized\" id=\"topo\"><a href=\"https:\/\/ufpr.br\/propg\/udc\/legislacao\/\"><img decoding=\"async\" src=\"https:\/\/ufpr.br\/propg\/wp-content\/uploads\/2025\/06\/Icone_Documentos_Rosa.png\" alt=\"\" class=\"wp-image-6154\" style=\"object-fit:cover;width:70px;height:70px\"\/><\/a><\/figure><\/div>\n\n\n<p class=\"has-text-align-center has-text-color has-link-color wp-elements-ef3f2b253270b281d2f246c56147d2f4\" style=\"color:#243673;font-size:14px\"><strong><a href=\"https:\/\/ufpr.br\/propg\/udc\/legislacao\/\">Legisla\u00e7\u00e3o<\/a><\/strong><\/p>\n<\/div>\n\n\n\n<div class=\"wp-block-column has-white-background-color has-text-color has-background has-link-color wp-elements-ed812cbaadfd379a66979404c9fe4456 is-layout-flow wp-block-column-is-layout-flow\" style=\"color:#003c71\">\n<div style=\"height:20px\" aria-hidden=\"true\" class=\"wp-block-spacer\"><\/div>\n\n\n<div class=\"wp-block-image is-style-default\">\n<figure class=\"aligncenter size-full is-resized\" id=\"topo\"><a href=\"https:\/\/ufpr.br\/propg\/udc\/perguntas-frequentes\/\"><img decoding=\"async\" src=\"https:\/\/ufpr.br\/propg\/wp-content\/uploads\/2024\/08\/Icone_PergutasFrequentes_Rosa.png\" alt=\"\" class=\"wp-image-6120\" style=\"object-fit:cover;width:70px;height:70px\"\/><\/a><\/figure><\/div>\n\n\n<p class=\"has-text-align-center has-text-color has-link-color wp-elements-ce30ad05c6ad967b2149d8ea56c27194\" style=\"color:#243673;font-size:14px\"><a href=\"https:\/\/ufpr.br\/propg\/udc\/perguntas-frequentes\/\"><strong>Perguntas <\/strong><br><strong>Frequentes<\/strong><\/a><\/p>\n\n\n\n<div style=\"height:23px\" aria-hidden=\"true\" class=\"wp-block-spacer\"><\/div>\n<\/div>\n<\/div>\n<\/div>\n<\/div>\n\n\n\n<hr class=\"wp-block-separator has-text-color has-alpha-channel-opacity has-background is-style-wide\" style=\"background-color:#e8ecf5;color:#e8ecf5\"\/>\n<\/div>\n\n\n\n<div class=\"wp-block-column is-layout-flow wp-block-column-is-layout-flow\" style=\"flex-basis:2%\"><\/div>\n<\/div>\n\n\n\n<p><\/p>\n","protected":false},"excerpt":{"rendered":"<p>A Unidade de Diplomas e Certificados (UDC) da Pr\u00f3-Reitoria de P\u00f3s-Gradua\u00e7\u00e3o \u00e9 respons\u00e1vel pela emiss\u00e3o e registro dos diplomas de Mestrado e Doutorado e certificados de P\u00f3s-Doutorado e de Reconhecimento de diplomas estrangeiros, de acordo com a legisla\u00e7\u00e3o vigente. ATEN\u00c7\u00c3O! Entregas de diplomas e certificados diariamente das 9h \u00e0s 12h e das 14h \u00e0s 17h. [&hellip;]<\/p>\n","protected":false},"author":5,"featured_media":0,"parent":0,"menu_order":0,"comment_status":"closed","ping_status":"closed","template":"","meta":{"footnotes":""},"class_list":["post-6949","page","type-page","status-publish","hentry"],"_links":{"self":[{"href":"https:\/\/ufpr.br\/propg\/wp-json\/wp\/v2\/pages\/6949","targetHints":{"allow":["GET"]}}],"collection":[{"href":"https:\/\/ufpr.br\/propg\/wp-json\/wp\/v2\/pages"}],"about":[{"href":"https:\/\/ufpr.br\/propg\/wp-json\/wp\/v2\/types\/page"}],"author":[{"embeddable":true,"href":"https:\/\/ufpr.br\/propg\/wp-json\/wp\/v2\/users\/5"}],"replies":[{"embeddable":true,"href":"https:\/\/ufpr.br\/propg\/wp-json\/wp\/v2\/comments?post=6949"}],"version-history":[{"count":208,"href":"https:\/\/ufpr.br\/propg\/wp-json\/wp\/v2\/pages\/6949\/revisions"}],"predecessor-version":[{"id":47012,"href":"https:\/\/ufpr.br\/propg\/wp-json\/wp\/v2\/pages\/6949\/revisions\/47012"}],"wp:attachment":[{"href":"https:\/\/ufpr.br\/propg\/wp-json\/wp\/v2\/media?parent=6949"}],"curies":[{"name":"wp","href":"https:\/\/api.w.org\/{rel}","templated":true}]}}