{"id":6800,"date":"2025-07-03T14:04:06","date_gmt":"2025-07-03T17:04:06","guid":{"rendered":"https:\/\/ufpr.br\/?page=6800"},"modified":"2026-03-23T14:06:07","modified_gmt":"2026-03-23T17:06:07","slug":"residencia","status":"publish","type":"page","link":"https:\/\/ufpr.br\/propg\/especializacao\/residencia\/","title":{"rendered":"Resid\u00eancia"},"content":{"rendered":"\n<div class=\"wp-block-columns is-layout-flex wp-container-core-columns-is-layout-9d6595d7 wp-block-columns-is-layout-flex\">\n<div class=\"wp-block-column is-layout-flow wp-block-column-is-layout-flow\" style=\"flex-basis:15%\">\n<div style=\"height:35px\" aria-hidden=\"true\" class=\"wp-block-spacer\"><\/div>\n\n\n<div class=\"wp-block-image\">\n<figure class=\"aligncenter size-full is-resized\" id=\"topo\"><img decoding=\"async\" src=\"https:\/\/ufpr.br\/propg\/wp-content\/uploads\/2025\/06\/Icone_ResidenciaMedica_Rosa.png\" alt=\"\" class=\"wp-image-8512\" style=\"width:100px\" \/><\/figure><\/div><\/div>\n\n\n\n<div class=\"wp-block-column is-layout-flow wp-block-column-is-layout-flow\" style=\"flex-basis:84%\">\n<hr class=\"wp-block-separator has-text-color has-alpha-channel-opacity has-background is-style-wide\" style=\"background-color:#e8ecf5;color:#e8ecf5\" \/>\n\n\n\n<div class=\"wp-block-columns is-layout-flex wp-container-core-columns-is-layout-9d6595d7 wp-block-columns-is-layout-flex\">\n<div class=\"wp-block-column is-layout-flow wp-block-column-is-layout-flow\" style=\"flex-basis:48%\">\n<h2 class=\"wp-block-heading has-text-align-left has-background has-medium-font-size\" style=\"background-color:#e8ecf5\">RESID\u00caNCIA M\u00c9DICA <br><br><\/h2>\n\n\n\n<hr class=\"wp-block-separator has-text-color has-alpha-channel-opacity has-background is-style-wide\" style=\"background-color:#e8ecf5;color:#e8ecf5\" \/>\n\n\n\n<p>A Resid\u00eancia M\u00e9dica da UFPR tem como principal campo de pr\u00e1tica os hospitais Complexo Hospital de Cl\u00ednicas da UFPR e o Hospital Victor Ferreira do Amaral. Todos os&nbsp;<strong><a href=\"https:\/\/www.gov.br\/ebserh\/pt-br\/hospitais-universitarios\/regiao-sul\/chc-ufpr?q=node\/71\" target=\"_blank\" rel=\"noreferrer noopener\">Programas de Resid\u00eancia M\u00e9dica da UFPR<\/a><\/strong>&nbsp;s\u00e3o autorizados pela Comiss\u00e3o Nacional de Resid\u00eancia M\u00e9dica \/ Minist\u00e9rio da Educa\u00e7\u00e3o.<\/p>\n\n\n\n<hr class=\"wp-block-separator has-text-color has-alpha-channel-opacity has-background is-style-wide\" style=\"background-color:#e8ecf5;color:#e8ecf5\" \/>\n\n\n\n<p><strong>Endere\u00e7o Eletr\u00f4nico:<\/strong><br><a href=\"https:\/\/www.gov.br\/ebserh\/pt-br\/hospitais-universitarios\/regiao-sul\/chc-ufpr?q=node\/71\" target=\"_blank\" rel=\"noreferrer noopener\">https:\/\/www.gov.br\/ebserh\/pt-br\/hospitais-universitarios\/regiao-sul\/chc-ufpr?q=node\/71<\/a><\/p>\n\n\n\n<hr class=\"wp-block-separator has-text-color has-alpha-channel-opacity has-background is-style-wide\" style=\"background-color:#e8ecf5;color:#e8ecf5\" \/>\n\n\n\n<p class=\"has-background\" style=\"background-color:#f1f1f1\"><strong>Coordenador da Comiss\u00e3o de <\/strong><br><strong>Resid\u00eancia M\u00e9dica \u2013 COREME<\/strong><br>Prof. Dr. Andr\u00e9 Luis Santos do Carmo<br><br><strong>Vice-coordenadora da Comiss\u00e3o de <\/strong><br><strong>Resid\u00eancia M\u00e9dica \u2013 COREME<\/strong>&nbsp;<br>Dra. Ana Am\u00e9lia Ramos<br><br><strong>Secretaria<\/strong> <br><strong>Telefone: <\/strong>+ 55 41 3360-1839<br><strong>E-mail:<\/strong> coreme@hc.ufpr.br<\/p>\n\n\n\n<hr class=\"wp-block-separator has-text-color has-alpha-channel-opacity has-background is-style-wide\" style=\"background-color:#e8ecf5;color:#e8ecf5\" \/>\n\n\n\n<hr class=\"wp-block-separator has-text-color has-white-color has-alpha-channel-opacity has-white-background-color has-background is-style-wide\" \/>\n<\/div>\n\n\n\n<div class=\"wp-block-column is-layout-flow wp-block-column-is-layout-flow\" style=\"flex-basis:4%\"><\/div>\n\n\n\n<div class=\"wp-block-column is-layout-flow wp-block-column-is-layout-flow\" style=\"flex-basis:48%\">\n<h1 class=\"wp-block-heading has-text-align-left has-background has-medium-font-size\" style=\"background-color:#e8ecf5\">RESID\u00caNCIA MULTIPROFISSIONAL EM \u00c1REA PROFISSIONAL DA SA\u00daDE<\/h1>\n\n\n\n<hr class=\"wp-block-separator has-text-color has-alpha-channel-opacity has-background is-style-wide\" style=\"background-color:#e8ecf5;color:#e8ecf5\" \/>\n\n\n\n<div class=\"wp-block-columns is-layout-flex wp-container-core-columns-is-layout-9d6595d7 wp-block-columns-is-layout-flex\">\n<div class=\"wp-block-column has-background is-layout-flow wp-block-column-is-layout-flow\" style=\"background-color:#f1f1f1\">\n<p class=\"has-background\" style=\"background-color:#f1f1f1\"><strong>Coordenador da Comiss\u00e3o de Resid\u00eancia Multiprofissional da UFPR &#8211; COREMU<\/strong>&nbsp;<br>Prof. Dr. Ant\u00f4nio Waldir Cunha da Silva<br><br><strong>Vice-coordenador da Comiss\u00e3o de Resid\u00eancia Multiprofissional da UFPR &#8211; COREMU<\/strong>&nbsp;<br>Psic. Marcos Vin\u00edcius Zoreck Portela<br><br><strong>E-mail:<\/strong>&nbsp;coremu@hc.ufpr.br<br><strong>Tel.:<\/strong>&nbsp;(41) 3360-1839<br>(41) 3360-1800 ramal 6004<\/p>\n<\/div>\n<\/div>\n\n\n\n<hr class=\"wp-block-separator has-text-color has-alpha-channel-opacity has-background is-style-wide\" style=\"background-color:#e8ecf5;color:#e8ecf5\" \/>\n\n\n\n<h2 class=\"wp-block-heading\">Programas:<\/h2>\n\n\n\n<details class=\"wp-block-details is-layout-flow wp-block-details-is-layout-flow\"><summary>Programa de Resid\u00eancia Integrada Multiprofissional em Aten\u00e7\u00e3o Hospitalar &#8211; PRIMAH<\/summary>\n<div class=\"wp-block-columns is-layout-flex wp-container-core-columns-is-layout-9d6595d7 wp-block-columns-is-layout-flex\">\n<div class=\"wp-block-column is-layout-flow wp-block-column-is-layout-flow\" style=\"flex-basis:2%\"><\/div>\n\n\n\n<div class=\"wp-block-column is-layout-flow wp-block-column-is-layout-flow\" style=\"flex-basis:98%\">\n<p><strong>Coordenadora<\/strong>: <br>Enf.\u00aa Dra. J\u00e9ssica Alline Pereira Rodrigues<\/p>\n\n\n\n<p><strong>E-mail:<\/strong>&nbsp;jessica.rodrigues@hc.ufpr.br<br><strong>Tel.:<\/strong>&nbsp;(41) 3360-1800, ramal 9325<\/p>\n\n\n\n<p><strong>Endere\u00e7o eletr\u00f4nico:<br><\/strong><a href=\"https:\/\/www.gov.br\/ebserh\/pt-br\/hospitais-universitarios\/regiao-sul\/chc-ufpr\/ensino-e-pesquisa\/ensino\/residencia-multiprofissional\" target=\"_blank\" rel=\"noreferrer noopener\">https:\/\/www.gov.br\/ebserh\/pt-br\/hospitais-universitarios\/regiao-sul\/chc-ufpr\/ensino-e-pesquisa\/ensino\/residencia-multiprofissional<\/a><\/p>\n\n\n\n<hr class=\"wp-block-separator has-text-color has-alpha-channel-opacity has-background is-style-wide\" style=\"background-color:#e8ecf5;color:#e8ecf5\" \/>\n<\/div>\n<\/div>\n<\/details>\n\n\n\n<details class=\"wp-block-details is-layout-flow wp-block-details-is-layout-flow\"><summary>Programa de Resid\u00eancia Multiprofissional em Sa\u00fade da Fam\u00edlia<\/summary>\n<div class=\"wp-block-columns is-layout-flex wp-container-core-columns-is-layout-9d6595d7 wp-block-columns-is-layout-flex\">\n<div class=\"wp-block-column is-layout-flow wp-block-column-is-layout-flow\" style=\"flex-basis:2%\"><\/div>\n\n\n\n<div class=\"wp-block-column is-layout-flow wp-block-column-is-layout-flow\" style=\"flex-basis:98%\">\n<p><strong>Coordenador<\/strong>: <br>Prof. Dr. Eduardo Pizzatto<\/p>\n\n\n\n<p><strong>E-mail:<\/strong>&nbsp;eduardo.pizzatto@ufpr.br<br><strong>Tel.:<\/strong>&nbsp;(41) 3360-7241<\/p>\n\n\n\n<p><strong>Endere\u00e7o eletr\u00f4nico:<br><\/strong><a href=\"https:\/\/saude.ufpr.br\/saudecoletiva\/residencia-multiprofissional-em-saude-da-familia\/\" target=\"_blank\" rel=\"noreferrer noopener\">https:\/\/saude.ufpr.br\/saudecoletiva\/residencia-multiprofissional-em-saude-da-familia\/<\/a><\/p>\n\n\n\n<hr class=\"wp-block-separator has-text-color has-alpha-channel-opacity has-background is-style-wide\" style=\"background-color:#e8ecf5;color:#e8ecf5\" \/>\n<\/div>\n<\/div>\n<\/details>\n\n\n\n<details class=\"wp-block-details is-layout-flow wp-block-details-is-layout-flow\"><summary>Programa de Resid\u00eancia em Cirurgia e Traumatologia Buco Maxilo Faciais<\/summary>\n<div class=\"wp-block-columns is-layout-flex wp-container-core-columns-is-layout-9d6595d7 wp-block-columns-is-layout-flex\">\n<div class=\"wp-block-column is-layout-flow wp-block-column-is-layout-flow\" style=\"flex-basis:2%\"><\/div>\n\n\n\n<div class=\"wp-block-column is-layout-flow wp-block-column-is-layout-flow\" style=\"flex-basis:98%\">\n<p><strong>Coordenador<\/strong>: <br>Prof. Dr. Delson Jo\u00e3o da Costa<\/p>\n\n\n\n<p><strong>E-mail:<\/strong>&nbsp;delsoncosta@ufpr.br<br><strong>Tel.:<\/strong>&nbsp;(41) 3360-4020 \/ 3360-4050 \/ 3360-4130<\/p>\n\n\n\n<p><strong>Endere\u00e7o eletr\u00f4nico:<br><\/strong><a href=\"https:\/\/saude.ufpr.br\/cirurgia\/contato\/\" target=\"_blank\" rel=\"noreferrer noopener\">https:\/\/saude.ufpr.br\/cirurgia\/contato\/<\/a><\/p>\n\n\n\n<hr class=\"wp-block-separator has-text-color has-alpha-channel-opacity has-background is-style-wide\" style=\"background-color:#e8ecf5;color:#e8ecf5\" \/>\n<\/div>\n<\/div>\n<\/details>\n\n\n\n<details class=\"wp-block-details is-layout-flow wp-block-details-is-layout-flow\"><summary>Programa de Resid\u00eancia em Medicina Veterin\u00e1ria &#8211; CAMPUS CURITIBA<\/summary>\n<div class=\"wp-block-columns is-layout-flex wp-container-core-columns-is-layout-9d6595d7 wp-block-columns-is-layout-flex\">\n<div class=\"wp-block-column is-layout-flow wp-block-column-is-layout-flow\" style=\"flex-basis:2%\"><\/div>\n\n\n\n<div class=\"wp-block-column is-layout-flow wp-block-column-is-layout-flow\" style=\"flex-basis:98%\">\n<p><strong>Coordenadora<\/strong>: <br>Prof\u00aa Dr\u00aa Juliana Sperotto Brum<\/p>\n\n\n\n<p><strong>E-mail:<\/strong>&nbsp;prmhvcuritiba@ufpr.br<br><strong>Tel.:<\/strong>&nbsp;(41) 3350-5768<\/p>\n\n\n\n<p><strong>Endere\u00e7o eletr\u00f4nico:<br><\/strong><a href=\"https:\/\/agrarias.ufpr.br\/hv\/coordenacao\/\" target=\"_blank\" rel=\"noreferrer noopener\">https:\/\/agrarias.ufpr.br\/hv\/coordenacao\/<\/a><\/p>\n\n\n\n<hr class=\"wp-block-separator has-text-color has-alpha-channel-opacity has-background is-style-wide\" style=\"background-color:#e8ecf5;color:#e8ecf5\" \/>\n<\/div>\n<\/div>\n<\/details>\n\n\n\n<details class=\"wp-block-details is-layout-flow wp-block-details-is-layout-flow\"><summary>Programa de Resid\u00eancia em Medicina Veterin\u00e1ria &#8211; SETOR PALOTINA<\/summary>\n<div class=\"wp-block-columns is-layout-flex wp-container-core-columns-is-layout-9d6595d7 wp-block-columns-is-layout-flex\">\n<div class=\"wp-block-column is-layout-flow wp-block-column-is-layout-flow\" style=\"flex-basis:2%\"><\/div>\n\n\n\n<div class=\"wp-block-column is-layout-flow wp-block-column-is-layout-flow\" style=\"flex-basis:98%\">\n<p><strong>Coordenador<\/strong>: <br>Prof. Dr. Anderson Luiz de Carvalho<\/p>\n\n\n\n<p><strong>E-mail:<\/strong>&nbsp;coremuhvp@ufpr.br<br><strong>Tel.:<\/strong>&nbsp;(44) 3211-8553<\/p>\n\n\n\n<p><strong>Endere\u00e7o eletr\u00f4nico:<br><\/strong><a href=\"https:\/\/hvp.ufpr.br\/?page_id=47\" target=\"_blank\" rel=\"noreferrer noopener\">https:\/\/hvp.ufpr.br\/?page_id=47<\/a><\/p>\n\n\n\n<hr class=\"wp-block-separator has-text-color has-alpha-channel-opacity has-background is-style-wide\" style=\"background-color:#e8ecf5;color:#e8ecf5\" \/>\n<\/div>\n<\/div>\n<\/details>\n\n\n\n<div style=\"height:25px\" aria-hidden=\"true\" class=\"wp-block-spacer\"><\/div>\n\n\n\n<p class=\"has-text-color has-link-color wp-elements-35347cca6bfe07bb2bf966001a1b447f\" style=\"color:#243673\"><strong><a href=\"#topo\" title=\"\">Voltar ao topo<\/a><\/strong><\/p>\n<\/div>\n<\/div>\n<\/div>\n\n\n\n<div class=\"wp-block-column is-layout-flow wp-block-column-is-layout-flow\" style=\"flex-basis:1%\"><\/div>\n<\/div>\n","protected":false},"excerpt":{"rendered":"<p>RESID\u00caNCIA M\u00c9DICA A Resid\u00eancia M\u00e9dica da UFPR tem como principal campo de pr\u00e1tica os hospitais Complexo Hospital de Cl\u00ednicas da UFPR e o Hospital Victor Ferreira do Amaral. Todos os&nbsp;Programas de Resid\u00eancia M\u00e9dica da UFPR&nbsp;s\u00e3o autorizados pela Comiss\u00e3o Nacional de Resid\u00eancia M\u00e9dica \/ Minist\u00e9rio da Educa\u00e7\u00e3o. Endere\u00e7o Eletr\u00f4nico:https:\/\/www.gov.br\/ebserh\/pt-br\/hospitais-universitarios\/regiao-sul\/chc-ufpr?q=node\/71 Coordenador da Comiss\u00e3o de Resid\u00eancia M\u00e9dica \u2013 [&hellip;]<\/p>\n","protected":false},"author":5,"featured_media":0,"parent":3465,"menu_order":0,"comment_status":"closed","ping_status":"closed","template":"","meta":{"footnotes":""},"class_list":["post-6800","page","type-page","status-publish","hentry"],"_links":{"self":[{"href":"https:\/\/ufpr.br\/propg\/wp-json\/wp\/v2\/pages\/6800","targetHints":{"allow":["GET"]}}],"collection":[{"href":"https:\/\/ufpr.br\/propg\/wp-json\/wp\/v2\/pages"}],"about":[{"href":"https:\/\/ufpr.br\/propg\/wp-json\/wp\/v2\/types\/page"}],"author":[{"embeddable":true,"href":"https:\/\/ufpr.br\/propg\/wp-json\/wp\/v2\/users\/5"}],"replies":[{"embeddable":true,"href":"https:\/\/ufpr.br\/propg\/wp-json\/wp\/v2\/comments?post=6800"}],"version-history":[{"count":116,"href":"https:\/\/ufpr.br\/propg\/wp-json\/wp\/v2\/pages\/6800\/revisions"}],"predecessor-version":[{"id":52004,"href":"https:\/\/ufpr.br\/propg\/wp-json\/wp\/v2\/pages\/6800\/revisions\/52004"}],"up":[{"embeddable":true,"href":"https:\/\/ufpr.br\/propg\/wp-json\/wp\/v2\/pages\/3465"}],"wp:attachment":[{"href":"https:\/\/ufpr.br\/propg\/wp-json\/wp\/v2\/media?parent=6800"}],"curies":[{"name":"wp","href":"https:\/\/api.w.org\/{rel}","templated":true}]}}