{"id":6651,"date":"2025-06-17T21:50:25","date_gmt":"2025-06-18T00:50:25","guid":{"rendered":"https:\/\/ufpr.br\/?page=6651"},"modified":"2025-09-26T08:33:27","modified_gmt":"2025-09-26T11:33:27","slug":"bdtd","status":"publish","type":"page","link":"https:\/\/ufpr.br\/propg\/cpgss\/bdtd\/","title":{"rendered":"Biblioteca de Teses e Disserta\u00e7\u00f5es da UFPR"},"content":{"rendered":"\n<div style=\"height:50px\" aria-hidden=\"true\" class=\"wp-block-spacer\"><\/div>\n\n\n\n<div class=\"wp-block-columns is-layout-flex wp-container-core-columns-is-layout-9d6595d7 wp-block-columns-is-layout-flex\">\n<div class=\"wp-block-column is-layout-flow wp-block-column-is-layout-flow\" style=\"flex-basis:20%\"><div class=\"wp-block-image\">\n<figure class=\"aligncenter size-full is-resized\" id=\"topo\"><img decoding=\"async\" src=\"https:\/\/ufpr.br\/propg\/wp-content\/uploads\/2025\/06\/Icone_Teses_Rosa.png\" alt=\"\" class=\"wp-image-7901\" style=\"width:120px\"\/><\/figure><\/div><\/div>\n\n\n\n<div class=\"wp-block-column is-layout-flow wp-block-column-is-layout-flow\" style=\"flex-basis:70%\">\n<blockquote class=\"wp-block-quote is-layout-flow wp-block-quote-is-layout-flow\">\n<p>A&nbsp;<a href=\"https:\/\/acervodigital.ufpr.br\/xmlui\/\" target=\"_blank\" rel=\"noreferrer noopener\"><strong>Biblioteca Digital de Teses e Disserta\u00e7\u00f5es&nbsp;(BDTD)<\/strong><\/a>&nbsp;da Universidade Federal do Paran\u00e1 \u00e9 resultado de um esfor\u00e7o conjunto entre a&nbsp;<strong>Pr\u00f3-Reitoria de Pesquisa e P\u00f3s Gradua\u00e7\u00e3o<\/strong>&nbsp;<strong>(PRPPG)<\/strong>, o&nbsp;<strong>Sistema de Bibliotecas (SIBI)<\/strong>&nbsp;e o&nbsp;<strong>Departamento de Inform\u00e1tica (DeInf)<\/strong>, com o apoio da&nbsp;<strong>Pr\u00f3-Reitoria de Planejamento, Or\u00e7amento e Finan\u00e7as (PROPLAN)<\/strong>&nbsp;da UFPR. Sua manuten\u00e7\u00e3o \u00e9 de responsabilidade do SIBI desde 2005. <\/p>\n<\/blockquote>\n\n\n\n<div style=\"height:25px\" aria-hidden=\"true\" class=\"wp-block-spacer\"><\/div>\n\n\n\n<p>A integra\u00e7\u00e3o entre a biblioteca digital e o cat\u00e1logo do acervo bibliogr\u00e1fico informatizado \u00e9 totalmente transparente para o usu\u00e1rio que poder\u00e1 realizar suas buscas em uma \u00fanica plataforma, indexada seguindo o padr\u00e3o escolhido pelo Sistema de Bibliotecas. No quadro (i)Communities in Dspace(\/i), clicando em&nbsp;<a href=\"https:\/\/acervodigital.ufpr.br\/xmlui\/handle\/1884\/284\">Teses &amp; Disserta\u00e7\u00f5es<\/a>&nbsp;a busca poder\u00e1 ser feita por t\u00edtulos (<em>Titles<\/em>), autores (<em>Authors<\/em>) ou por data (<em>By Date<\/em>):<\/p>\n\n\n\n<ul class=\"wp-block-list\">\n<li>clicando em&nbsp;<em>Titles<\/em>, aparecer\u00e1 a data do volume, o T\u00edtulo e o Autor com os trabalhos organizados por ordem alfab\u00e9tica dos t\u00edtulos;<\/li>\n<\/ul>\n\n\n\n<ul class=\"wp-block-list\">\n<li>clicando em&nbsp;<em>Authors<\/em>, aparecer\u00e1 uma listagem dos autores cadastrados no sistema em ordem alfab\u00e9tica;<\/li>\n<\/ul>\n\n\n\n<ul class=\"wp-block-list\">\n<li>clicando em&nbsp;<em>By Date<\/em>&nbsp;aparecer\u00e1 a data do volume, o titulo e o autor em ordem decrescente de data;<\/li>\n<\/ul>\n\n\n\n<ul class=\"wp-block-list\">\n<li>clicando sobre o T\u00edtulo voc\u00ea ter\u00e1 acesso \u00e0 ficha catalogr\u00e1fica do trabalho e em View\/Open poder\u00e1 obter o resumo e o trabalho completo.<\/li>\n<\/ul>\n<\/div>\n\n\n\n<div class=\"wp-block-column is-layout-flow wp-block-column-is-layout-flow\" style=\"flex-basis:10%\"><\/div>\n<\/div>\n\n\n\n<p><\/p>\n","protected":false},"excerpt":{"rendered":"<p>A&nbsp;Biblioteca Digital de Teses e Disserta\u00e7\u00f5es&nbsp;(BDTD)&nbsp;da Universidade Federal do Paran\u00e1 \u00e9 resultado de um esfor\u00e7o conjunto entre a&nbsp;Pr\u00f3-Reitoria de Pesquisa e P\u00f3s Gradua\u00e7\u00e3o&nbsp;(PRPPG), o&nbsp;Sistema de Bibliotecas (SIBI)&nbsp;e o&nbsp;Departamento de Inform\u00e1tica (DeInf), com o apoio da&nbsp;Pr\u00f3-Reitoria de Planejamento, Or\u00e7amento e Finan\u00e7as (PROPLAN)&nbsp;da UFPR. Sua manuten\u00e7\u00e3o \u00e9 de responsabilidade do SIBI desde 2005. A integra\u00e7\u00e3o entre a [&hellip;]<\/p>\n","protected":false},"author":5,"featured_media":0,"parent":2756,"menu_order":0,"comment_status":"closed","ping_status":"closed","template":"","meta":{"footnotes":""},"class_list":["post-6651","page","type-page","status-publish","hentry"],"_links":{"self":[{"href":"https:\/\/ufpr.br\/propg\/wp-json\/wp\/v2\/pages\/6651","targetHints":{"allow":["GET"]}}],"collection":[{"href":"https:\/\/ufpr.br\/propg\/wp-json\/wp\/v2\/pages"}],"about":[{"href":"https:\/\/ufpr.br\/propg\/wp-json\/wp\/v2\/types\/page"}],"author":[{"embeddable":true,"href":"https:\/\/ufpr.br\/propg\/wp-json\/wp\/v2\/users\/5"}],"replies":[{"embeddable":true,"href":"https:\/\/ufpr.br\/propg\/wp-json\/wp\/v2\/comments?post=6651"}],"version-history":[{"count":17,"href":"https:\/\/ufpr.br\/propg\/wp-json\/wp\/v2\/pages\/6651\/revisions"}],"predecessor-version":[{"id":13579,"href":"https:\/\/ufpr.br\/propg\/wp-json\/wp\/v2\/pages\/6651\/revisions\/13579"}],"up":[{"embeddable":true,"href":"https:\/\/ufpr.br\/propg\/wp-json\/wp\/v2\/pages\/2756"}],"wp:attachment":[{"href":"https:\/\/ufpr.br\/propg\/wp-json\/wp\/v2\/media?parent=6651"}],"curies":[{"name":"wp","href":"https:\/\/api.w.org\/{rel}","templated":true}]}}