{"id":6380,"date":"2025-06-16T12:56:11","date_gmt":"2025-06-16T15:56:11","guid":{"rendered":"https:\/\/ufpr.br\/?page=6380"},"modified":"2026-03-23T13:54:33","modified_gmt":"2026-03-23T16:54:33","slug":"perguntas-frequentes","status":"publish","type":"page","link":"https:\/\/ufpr.br\/propg\/especializacao\/perguntas-frequentes\/","title":{"rendered":"Perguntas Frequentes"},"content":{"rendered":"\n<div style=\"height:50px\" aria-hidden=\"true\" class=\"wp-block-spacer\"><\/div>\n\n\n\n<h2 class=\"wp-block-heading\">Lato Sensu (Especializa\u00e7\u00e3o e Resid\u00eancia)<\/h2>\n\n\n\n<hr class=\"wp-block-separator has-text-color has-alpha-channel-opacity has-background is-style-wide\" style=\"background-color:#e8ecf5;color:#e8ecf5\" \/>\n\n\n\n<div class=\"wp-block-columns is-layout-flex wp-container-core-columns-is-layout-9d6595d7 wp-block-columns-is-layout-flex\">\n<div class=\"wp-block-column is-layout-flow wp-block-column-is-layout-flow\" style=\"flex-basis:30%\">\n<div class=\"wp-block-columns is-layout-flex wp-container-core-columns-is-layout-9d6595d7 wp-block-columns-is-layout-flex\">\n<div class=\"wp-block-column is-layout-flow wp-block-column-is-layout-flow\">\n<div class=\"wp-block-columns is-layout-flex wp-container-core-columns-is-layout-9d6595d7 wp-block-columns-is-layout-flex\">\n<div class=\"wp-block-column has-background is-layout-flow wp-block-column-is-layout-flow\" style=\"background-color:#e8ecf5\" id=\"topo\">\n<div style=\"height:30px\" aria-hidden=\"true\" class=\"wp-block-spacer\"><\/div>\n\n\n\n<div class=\"wp-block-columns is-not-stacked-on-mobile is-layout-flex wp-container-core-columns-is-layout-9d6595d7 wp-block-columns-is-layout-flex\">\n<div class=\"wp-block-column is-layout-flow wp-block-column-is-layout-flow\" style=\"flex-basis:1px\"><\/div>\n\n\n\n<div class=\"wp-block-column has-white-background-color has-text-color has-background has-link-color wp-elements-3fecef4446f1fc13480308ec31090f37 is-layout-flow wp-block-column-is-layout-flow\" style=\"color:#003c71\">\n<div style=\"height:20px\" aria-hidden=\"true\" class=\"wp-block-spacer\"><\/div>\n\n\n<div class=\"wp-block-image is-style-default\">\n<figure class=\"aligncenter size-full is-resized\" id=\"topo\"><a href=\"#alunos\"><img decoding=\"async\" src=\"https:\/\/ufpr.br\/propg\/wp-content\/uploads\/2025\/06\/Icone_PerguntasAlunos_Rosa.png\" alt=\"\" class=\"wp-image-9752\" style=\"object-fit:cover;width:70px;height:70px\" \/><\/a><\/figure><\/div>\n\n\n<p class=\"has-text-align-center has-text-color has-link-color wp-elements-76b5bfe33baa5dc54eb92d23d9baa210\" style=\"color:#243673;font-size:14px\"><strong><a href=\"#alunos\">Alunos<\/a><\/strong><\/p>\n<\/div>\n\n\n\n<div class=\"wp-block-column has-white-background-color has-text-color has-background has-link-color wp-elements-8e435c8a3117423bab6097b3524a1003 is-layout-flow wp-block-column-is-layout-flow\" style=\"color:#003c71\">\n<div style=\"height:20px\" aria-hidden=\"true\" class=\"wp-block-spacer\"><\/div>\n\n\n<div class=\"wp-block-image is-style-default\">\n<figure class=\"aligncenter size-full is-resized\"><a href=\"#coordenacoes\"><img decoding=\"async\" src=\"https:\/\/ufpr.br\/propg\/wp-content\/uploads\/2025\/06\/Icone_PerguntasCoordenacao_Rosa.png\" alt=\"\" class=\"wp-image-9746\" style=\"width:70px\" \/><\/a><\/figure><\/div>\n\n\n<p class=\"has-text-align-center has-text-color has-link-color wp-elements-063ab956831de60fcb417527413f7e6f\" style=\"color:#243673;font-size:14px\"><strong><a href=\"#coordenacoes\">Coordena\u00e7\u00f5es<\/a><\/strong><\/p>\n<\/div>\n\n\n\n<div class=\"wp-block-column is-layout-flow wp-block-column-is-layout-flow\" style=\"flex-basis:1px\"><\/div>\n<\/div>\n\n\n\n<hr class=\"wp-block-separator has-text-color has-white-color has-alpha-channel-opacity has-white-background-color has-background is-style-wide\" \/>\n<\/div>\n<\/div>\n<\/div>\n<\/div>\n<\/div>\n\n\n\n<div class=\"wp-block-column is-layout-flow wp-block-column-is-layout-flow\" style=\"flex-basis:5%\"><\/div>\n\n\n\n<div class=\"wp-block-column is-layout-flow wp-block-column-is-layout-flow\" style=\"flex-basis:60%\">\n<div class=\"wp-block-columns is-layout-flex wp-container-core-columns-is-layout-9d6595d7 wp-block-columns-is-layout-flex\">\n<div class=\"wp-block-column is-layout-flow wp-block-column-is-layout-flow\">\n<h2 class=\"wp-block-heading has-text-align-left has-background has-medium-font-size\" id=\"alunos\" style=\"background-color:#e8ecf5\">ALUNOS<\/h2>\n\n\n\n<hr class=\"wp-block-separator has-text-color has-alpha-channel-opacity has-background is-style-wide\" style=\"background-color:#e8ecf5;color:#e8ecf5\" \/>\n\n\n\n<h2 class=\"wp-block-heading\">Ingresso<\/h2>\n\n\n\n<details class=\"wp-block-details is-layout-flow wp-block-details-is-layout-flow\"><summary>Como ingressar em um curso de P\u00f3s-Gradua\u00e7\u00e3o?<\/summary>\n<p>As p\u00f3s-gradua\u00e7\u00f5es dividem-se em <strong>Stricto sensu<\/strong> e <strong>Lato sensu<\/strong>. Lato sensu s\u00e3o as especializa\u00e7\u00f5es e os MBA, enquanto que os cursos Stricto sensu compreendem os mestrados e doutorados.<\/p>\n\n\n\n<p>Apenas ap\u00f3s o t\u00e9rmino da gradua\u00e7\u00e3o (cola\u00e7\u00e3o de grau) \u00e9 que se pode ingressar em uma p\u00f3s-gradua\u00e7\u00e3o. Cabe ao estudante decidir se ele quer fazer uma especializa\u00e7\u00e3o ou ingressar direto em um mestrado. <\/p>\n\n\n\n<p>A especializa\u00e7\u00e3o n\u00e3o \u00e9 pr\u00e9-requisito para o mestrado, mas o torna um processo menos penoso, uma vez que o estudante, com o t\u00e9rmino da especializa\u00e7\u00e3o, possui maior experi\u00eancia acad\u00eamica.<\/p>\n\n\n\n<hr class=\"wp-block-separator has-alpha-channel-opacity is-style-dots\" \/>\n<\/details>\n\n\n\n<details class=\"wp-block-details is-layout-flow wp-block-details-is-layout-flow\"><summary>Quais s\u00e3o os cursos e as formas de ingresso?<\/summary>\n<p>Os cursos que vem abrindo turmas est\u00e3o dispon\u00edveis na <a href=\"https:\/\/ufpr.br\/propg\/especializacao\/cursos\/\">p\u00e1gina da PROPG<\/a>.<\/p>\n\n\n\n<p>As especializa\u00e7\u00f5es da UFPR n\u00e3o seguem um calend\u00e1rio \u00fanico como as gradua\u00e7\u00f5es, podendo come\u00e7ar suas atividades em qualquer m\u00eas do ano, de janeiro a dezembro. Por esse motivo, a PROPPG sugere aos interessados em ingressar nas especializa\u00e7\u00f5es que visualizem os cursos, no link supracitado, e, caso se interessem por algum, entrem em contato com a coordena\u00e7\u00e3o do curso de interesse, atrav\u00e9s do telefone que est\u00e1 relacionado.<\/p>\n\n\n\n<p>Somente a coordena\u00e7\u00e3o pode informar corretamente as datas de inscri\u00e7\u00e3o, datas e crit\u00e9rios de sele\u00e7\u00e3o, aulas, dias da semana, valores, crit\u00e9rios de sele\u00e7\u00e3o de bolsistas, entre outros.<\/p>\n\n\n\n<hr class=\"wp-block-separator has-alpha-channel-opacity is-style-dots\" \/>\n<\/details>\n\n\n\n<details class=\"wp-block-details is-layout-flow wp-block-details-is-layout-flow\"><summary>Como funcionam as especializa\u00e7\u00f5es na UFPR?<\/summary>\n<p>Os cursos de especializa\u00e7\u00e3o da UFPR tem, em sua maioria, a dura\u00e7\u00e3o de 1 (um) ano. H\u00e1 cursos gratuitos e cursos pagos, sendo que para estes pode-se pleitear uma bolsa de estudos, que consiste na isen\u00e7\u00e3o de quaisquer taxas. <\/p>\n\n\n\n<p>Para obter o certificado, o aluno deve cumprir todas as disciplinas obrigat\u00f3rias do curso, obter o m\u00ednimo de 75% de frequ\u00eancia por disciplina e aproveitamento m\u00ednimo de 70% no conjunto das avalia\u00e7\u00f5es realizadas. Alguns cursos fazem exig\u00eancias superiores a esse m\u00ednimo, ficando sob responsabilidade do aluno buscar a informa\u00e7\u00e3o junto \u00e0 coordena\u00e7\u00e3o do curso sobre os crit\u00e9rios de aprova\u00e7\u00e3o e obten\u00e7\u00e3o do certificado. <\/p>\n\n\n\n<p>O Trabalho de Conclus\u00e3o de Curso (TCC) pode ser realizado sob a forma de artigo ou monografia, a ser definido pela coordena\u00e7\u00e3o do curso. Ao aluno que entregar o TCC e o tiver aprovado, caber\u00e1 o certificado de especialista; j\u00e1 ao aluno que cumprir todos os cr\u00e9ditos, com aprova\u00e7\u00e3o, mas n\u00e3o entregar o TCC, caber\u00e1 o certificado de aperfei\u00e7oamento.<\/p>\n\n\n\n<hr class=\"wp-block-separator has-alpha-channel-opacity is-style-dots\" \/>\n<\/details>\n\n\n\n<h2 class=\"wp-block-heading\">Bolsistas<\/h2>\n\n\n\n<details class=\"wp-block-details is-layout-flow wp-block-details-is-layout-flow\"><summary>Como fa\u00e7o para ser bolsista?<\/summary>\n<p>10% das vagas de todos os cursos pagos s\u00e3o destinados a bolsas integrais, sendo que os servidores da UFPR tem prefer\u00eancia no preenchimento de 5 desses 10%. Caso n\u00e3o haja nenhum servidor da UFPR interessado no curso, os 10% das vagas devem ser distribu\u00eddos para a comunidade. <\/p>\n\n\n\n<p>Para pleitear uma bolsa, que consiste na isen\u00e7\u00e3o de quaisquer taxas do curso, \u00e9 necess\u00e1rio, ao entrar em contato com a coordena\u00e7\u00e3o, informar do interesse pela gratuidade. <\/p>\n\n\n\n<p>Os crit\u00e9rios de sele\u00e7\u00e3o s\u00e3o vari\u00e1veis e ficam a crit\u00e9rio de cada coordenador. No entanto, \u00e9 importante ressaltar que os Princ\u00edpios da Administra\u00e7\u00e3o P\u00fablica devem ser respeitados: Legalidade, Impessoalidade, Moralidade, Publicidade e Efici\u00eancia.<\/p>\n\n\n\n<p>Os alunos que se tornarem bolsistas n\u00e3o tem obriga\u00e7\u00e3o de prestar quaisquer tipos de servi\u00e7os administrativos.<\/p>\n\n\n\n<hr class=\"wp-block-separator has-alpha-channel-opacity is-style-dots\" \/>\n<\/details>\n\n\n\n<h2 class=\"wp-block-heading\">Conclus\u00e3o de Curso<\/h2>\n\n\n\n<details class=\"wp-block-details is-layout-flow wp-block-details-is-layout-flow\"><summary>Quando recebo meu certificado?<\/summary>\n<p>O certificado n\u00e3o \u00e9 entregue no dia imediatamente posterior ao t\u00e9rmino das aulas. Deve ser considerado o prazo m\u00ednimo de 3 (tr\u00eas) meses ap\u00f3s a data final para a entrega da monografia. Caso, ap\u00f3s esse per\u00edodo, o certificado ainda n\u00e3o tenha sido confeccionado, o aluno dever\u00e1 entrar em contato com a coordena\u00e7\u00e3o do seu curso para verificar a exist\u00eancia de eventuais pend\u00eancias.<\/p>\n\n\n\n<p>A responsabilidade por solicitar a emiss\u00e3o dos certificados dos alunos \u00e9 da coordena\u00e7\u00e3o do curso. Na aus\u00eancia da Coordena\u00e7\u00e3o ou da Secretaria, essa responsabilidade passa a ser do Departamento respons\u00e1vel pelo Curso de Especializa\u00e7\u00e3o, o qual deve manter a guarda dos registros acad\u00eamicos e administrativos necess\u00e1rios.<\/p>\n<\/details>\n\n\n\n<details class=\"wp-block-details is-layout-flow wp-block-details-is-layout-flow\"><summary>Como solicito a segunda via do meu hist\u00f3rico e certificado<\/summary>\n<details class=\"wp-block-details is-layout-flow wp-block-details-is-layout-flow\"><summary>O aluno dever\u00e1 entrar em contato com a coordena\u00e7\u00e3o do respectivo curso e formalizar a solicita\u00e7\u00e3o. Compete \u00e0 coordena\u00e7\u00e3o do curso encaminhar \u00e0 PROPG uma nova via do hist\u00f3rico escolar do aluno, bem como a solicita\u00e7\u00e3o da segunda via do certificado a ser confeccionado.<\/summary><\/details>\n<\/details>\n\n\n\n<details class=\"wp-block-details is-layout-flow wp-block-details-is-layout-flow\"><summary>Quando e como recebo meu hist\u00f3rico?<br>&nbsp;<\/summary>\n<p>O hist\u00f3rico escolar \u00e9 gerado e entregue aos alunos pelo coordenador respons\u00e1vel pelo curso assim que este for conclu\u00eddo. Na aus\u00eancia da Coordena\u00e7\u00e3o ou da Secretaria, essa responsabilidade passa a ser do Departamento respons\u00e1vel pelo Curso de Especializa\u00e7\u00e3o, que deve manter a guarda de registros acad\u00eamicos e administrativos necess\u00e1rios.<\/p>\n<\/details>\n\n\n\n<div style=\"height:25px\" aria-hidden=\"true\" class=\"wp-block-spacer\"><\/div>\n\n\n\n<p class=\"has-text-color has-link-color wp-elements-d54f3e06e46ccb349d694cc34849e759\" style=\"color:#243673\"><strong><a href=\"#topo\" title=\"\">Voltar ao topo<\/a><\/strong><\/p>\n<\/div>\n<\/div>\n\n\n\n<div class=\"wp-block-columns is-layout-flex wp-container-core-columns-is-layout-9d6595d7 wp-block-columns-is-layout-flex\">\n<div class=\"wp-block-column is-layout-flow wp-block-column-is-layout-flow\">\n<h2 class=\"wp-block-heading has-text-align-left has-background has-medium-font-size\" id=\"coordenacoes\" style=\"background-color:#e8ecf5\">COORDENA\u00c7\u00d5ES<\/h2>\n\n\n\n<hr class=\"wp-block-separator has-text-color has-alpha-channel-opacity has-background is-style-wide\" style=\"background-color:#e8ecf5;color:#e8ecf5\" \/>\n\n\n\n<h2 class=\"wp-block-heading\">Cria\u00e7\u00e3o de Curso<\/h2>\n\n\n\n<details class=\"wp-block-details is-layout-flow wp-block-details-is-layout-flow\"><summary>Quais os procedimentos necess\u00e1rios para a Cria\u00e7\u00e3o de um curso de Especializa\u00e7\u00e3o na UFPR?<\/summary>\n<p>Para criar um curso novo de Especializa\u00e7\u00e3o e ou Aperfei\u00e7oamento na UFPR deve ser realizado o cadastro no <a href=\"https:\/\/siga.ufpr.br\/sigasispro\/login\">SISPRO-SIGA<\/a> das informa\u00e7\u00f5es de Cria\u00e7\u00e3o de Curso e Abertura de Primeira Turma. Esse cadastro dever\u00e1 ser aprovado pelas plen\u00e1rias departamental e setorial, PROPG, SEADIP (se forem cursos EaD), CEPE e PROPLAN (se forem cursos pagos).<\/p>\n\n\n\n<p>Dever\u00e3o ser encaminhados para a PROPG com anteced\u00eancia de 60 dias da data prevista para as inscri\u00e7\u00f5es, que s\u00f3 poder\u00e3o ser realizadas ap\u00f3s aprova\u00e7\u00e3o da PROPG e do CEPE.<\/p>\n\n\n\n<hr class=\"wp-block-separator has-alpha-channel-opacity is-style-dots\" \/>\n<\/details>\n\n\n\n<h2 class=\"wp-block-heading\">Abertura de Nova Turma<\/h2>\n\n\n\n<details class=\"wp-block-details is-layout-flow wp-block-details-is-layout-flow\"><summary>Quais os procedimentos para Abertura de uma nova turma de um curso de Especializa\u00e7\u00e3o na UFPR?<\/summary>\n<p>Para abrir uma nova turma de Especializa\u00e7\u00e3o e ou Aperfei\u00e7oamento na UFPR deve ser realizado o cadastro no <a href=\"https:\/\/siga.ufpr.br\/sigasispro\/login\">SISPRO-SIGA<\/a> das informa\u00e7\u00f5es da Abertura de Turma. Esse cadastro dever\u00e1 ser aprovado pelas plen\u00e1rias departamental e setorial, PROPG, SEADIP (se forem cursos EaD), e PROPLAN (se forem cursos pagos).<\/p>\n\n\n\n<p>Dever\u00e3o ser encaminhados para a PROPG com anteced\u00eancia de 30 dias da data prevista para as inscri\u00e7\u00f5es, as quais s\u00f3 poder\u00e3o ser realizadas ap\u00f3s aprova\u00e7\u00e3o da PROPG.<\/p>\n\n\n\n<hr class=\"wp-block-separator has-alpha-channel-opacity is-style-dots\" \/>\n<\/details>\n\n\n\n<h2 class=\"wp-block-heading\">Relat\u00f3rio Final<\/h2>\n\n\n\n<details class=\"wp-block-details is-layout-flow wp-block-details-is-layout-flow\"><summary>Como proceder com o Relat\u00f3rio Final de Turma de Especializa\u00e7\u00e3o?<\/summary>\n<p>Assim que o per\u00edodo para entrega dos trabalhos de conclus\u00e3o de curso se encerrar (data informada nos processos anteriores), a coordena\u00e7\u00e3o do curso ter\u00e1 at\u00e9 60 dias para encaminhar o processo de Relat\u00f3rio Final do curso (retirado do SIGA) e a PROPG ter\u00e1 30 dias para sua aprova\u00e7\u00e3o e mais 30 dias para a emiss\u00e3o dos certificados. Todos os processos dever\u00e3o ser tramitados via SEI.<\/p>\n\n\n\n<hr class=\"wp-block-separator has-alpha-channel-opacity is-style-dots\" \/>\n<\/details>\n\n\n\n<div style=\"height:25px\" aria-hidden=\"true\" class=\"wp-block-spacer\"><\/div>\n\n\n\n<p class=\"has-text-color has-link-color wp-elements-35347cca6bfe07bb2bf966001a1b447f\" style=\"color:#243673\"><strong><a href=\"#topo\" title=\"\">Voltar ao topo<\/a><\/strong><\/p>\n<\/div>\n<\/div>\n<\/div>\n\n\n\n<div class=\"wp-block-column is-layout-flow wp-block-column-is-layout-flow\" style=\"flex-basis:5%\"><\/div>\n<\/div>\n\n\n\n<p><\/p>\n","protected":false},"excerpt":{"rendered":"<p>Lato Sensu (Especializa\u00e7\u00e3o e Resid\u00eancia) Alunos Coordena\u00e7\u00f5es ALUNOS Ingresso Bolsistas Conclus\u00e3o de Curso Voltar ao topo COORDENA\u00c7\u00d5ES Cria\u00e7\u00e3o de Curso Abertura de Nova Turma Relat\u00f3rio Final Voltar ao topo<\/p>\n","protected":false},"author":5,"featured_media":0,"parent":3465,"menu_order":0,"comment_status":"closed","ping_status":"closed","template":"","meta":{"footnotes":""},"class_list":["post-6380","page","type-page","status-publish","hentry"],"_links":{"self":[{"href":"https:\/\/ufpr.br\/propg\/wp-json\/wp\/v2\/pages\/6380","targetHints":{"allow":["GET"]}}],"collection":[{"href":"https:\/\/ufpr.br\/propg\/wp-json\/wp\/v2\/pages"}],"about":[{"href":"https:\/\/ufpr.br\/propg\/wp-json\/wp\/v2\/types\/page"}],"author":[{"embeddable":true,"href":"https:\/\/ufpr.br\/propg\/wp-json\/wp\/v2\/users\/5"}],"replies":[{"embeddable":true,"href":"https:\/\/ufpr.br\/propg\/wp-json\/wp\/v2\/comments?post=6380"}],"version-history":[{"count":72,"href":"https:\/\/ufpr.br\/propg\/wp-json\/wp\/v2\/pages\/6380\/revisions"}],"predecessor-version":[{"id":51999,"href":"https:\/\/ufpr.br\/propg\/wp-json\/wp\/v2\/pages\/6380\/revisions\/51999"}],"up":[{"embeddable":true,"href":"https:\/\/ufpr.br\/propg\/wp-json\/wp\/v2\/pages\/3465"}],"wp:attachment":[{"href":"https:\/\/ufpr.br\/propg\/wp-json\/wp\/v2\/media?parent=6380"}],"curies":[{"name":"wp","href":"https:\/\/api.w.org\/{rel}","templated":true}]}}