{"id":6236,"date":"2025-06-15T13:11:32","date_gmt":"2025-06-15T16:11:32","guid":{"rendered":"https:\/\/ufpr.br\/?page=6236"},"modified":"2025-12-29T14:45:23","modified_gmt":"2025-12-29T17:45:23","slug":"documentos","status":"publish","type":"page","link":"https:\/\/ufpr.br\/propg\/especializacao\/documentos\/","title":{"rendered":"Documentos"},"content":{"rendered":"\n<div style=\"height:50px\" aria-hidden=\"true\" class=\"wp-block-spacer\"><\/div>\n\n\n\n<div class=\"wp-block-columns is-layout-flex wp-container-core-columns-is-layout-9d6595d7 wp-block-columns-is-layout-flex\">\n<div class=\"wp-block-column is-layout-flow wp-block-column-is-layout-flow\" style=\"flex-basis:15%\"><div class=\"wp-block-image\">\n<figure class=\"aligncenter size-full is-resized\" id=\"topo\"><img decoding=\"async\" src=\"https:\/\/ufpr.br\/propg\/wp-content\/uploads\/2025\/06\/Icone_Documentos_Rosa.png\" alt=\"\" class=\"wp-image-6154\" style=\"width:100px\"\/><\/figure><\/div><\/div>\n\n\n\n<div class=\"wp-block-column is-layout-flow wp-block-column-is-layout-flow\" style=\"flex-basis:1%\"><\/div>\n\n\n\n<div class=\"wp-block-column is-layout-flow wp-block-column-is-layout-flow\" style=\"flex-basis:80%\">\n<blockquote class=\"wp-block-quote has-text-color has-link-color wp-elements-1f49012c144d5bf454c3fa92f1d24728 is-layout-flow wp-block-quote-is-layout-flow\" style=\"color:#243673\">\n<p>Aqui est\u00e3o listadas<strong>&nbsp;legisla\u00e7\u00f5es vigentes,formul\u00e1rios e modelos dos cursos de especializa\u00e7\u00e3o<\/strong>.<\/p>\n\n\n\n<p>Clique sobre o nome do documento para acess\u00e1-lo.<\/p>\n<\/blockquote>\n\n\n\n<div style=\"height:40px\" aria-hidden=\"true\" class=\"wp-block-spacer\"><\/div>\n\n\n\n<hr class=\"wp-block-separator has-text-color has-alpha-channel-opacity has-background is-style-wide\" style=\"background-color:#e8ecf5;color:#e8ecf5\"\/>\n\n\n\n<div class=\"wp-block-columns is-layout-flex wp-container-core-columns-is-layout-9d6595d7 wp-block-columns-is-layout-flex\">\n<div class=\"wp-block-column is-layout-flow wp-block-column-is-layout-flow\" style=\"flex-basis:48%\">\n<h2 class=\"wp-block-heading has-text-align-left has-background has-medium-font-size\" style=\"background-color:#e8ecf5\">LEGISLA\u00c7\u00d5ES <br>VIGENTES<\/h2>\n\n\n\n<hr class=\"wp-block-separator has-text-color has-alpha-channel-opacity has-background is-style-wide\" style=\"background-color:#e8ecf5;color:#e8ecf5\"\/>\n\n\n\n<p><a href=\"https:\/\/ufpr.br\/propg\/wp-content\/uploads\/2025\/06\/portaria-22.pdf\" target=\"_blank\" rel=\"noreferrer noopener\">Portaria n\u00ba 22\/2018 \u2013&nbsp;PRPPG\/GAB<\/a>&nbsp;&nbsp;\u2013 Fixa as normas para reingresso de alunos de especializa\u00e7\u00e3o e aperfei\u00e7oamento e equival\u00eancias de disciplinas de cursos de P\u00f3s-gradua\u00e7\u00e3o Lato Sensu no \u00e2mbito da Universidade Federal do Paran\u00e1<\/p>\n\n\n\n<p><a href=\"https:\/\/ufpr.br\/propg\/wp-content\/uploads\/2025\/06\/sei_ufpr-3360208-ordem-de-servico_segunda-via-certificados.pdf\" target=\"_blank\" rel=\"noreferrer noopener\">Ordem de Servi\u00e7o&nbsp;n\u00ba 3360208\/2021<\/a>&nbsp;&nbsp;\u2013&nbsp;Disp\u00f5e sobre a normatiza\u00e7\u00e3o, orienta\u00e7\u00f5es, informa\u00e7\u00f5es, procedimentos, documenta\u00e7\u00e3o necess\u00e1ria e modelo de requerimento para solicita\u00e7\u00e3o de segunda via de Certificados e Hist\u00f3ricos<\/p>\n\n\n\n<p><a href=\"https:\/\/ufpr.br\/propg\/wp-content\/uploads\/2025\/06\/ordem-servico-lato-sei_23075-004476_2020_01.pdf\" target=\"_blank\" rel=\"noreferrer noopener\">ORDEM DE SERVI\u00c7O N. 0001\/ 2020 \u2013 CPGLS\/PRPPG<\/a><strong>&nbsp;<\/strong>\u2013&nbsp;Disp\u00f5e sobre Procedimentos de entrega de Certificados, Hist\u00f3ricos, Documentos, Certid\u00f5es, Declara\u00e7\u00f5es a discentes de Especializa\u00e7\u00e3o, bem como sua guarda e conserva\u00e7\u00e3o.<\/p>\n\n\n\n<p><a href=\"https:\/\/ufpr.br\/propg\/wp-content\/uploads\/2025\/06\/resolucao-no-89-2020-cepe-1.pdf\" target=\"_blank\" rel=\"noreferrer noopener\">Resolu\u00e7\u00e3o 89\/20 CEPE<\/a><strong>&nbsp;&nbsp;&nbsp;\u2013&nbsp;<\/strong>Fixa as normas para os Cursos Lato Sensu<strong>&nbsp;<mark style=\"background-color:rgba(0, 0, 0, 0)\" class=\"has-inline-color has-vivid-red-color\">(NOVO!!!)<\/mark><\/strong><\/p>\n\n\n\n<p><a href=\"https:\/\/ufpr.br\/propg\/wp-content\/uploads\/2025\/06\/rces001_18.pdf\" target=\"_blank\" rel=\"noreferrer noopener\">Resolu\u00e7\u00e3o 01\/18 CNE\/CES<\/a>&nbsp;\u2013 Normas externas para as especializa\u00e7\u00f5es&nbsp;<\/p>\n\n\n\n<p><a href=\"https:\/\/ufpr.br\/propg\/wp-content\/uploads\/2025\/06\/resolucao_cepe_02102008-322.pdf\" target=\"_blank\" rel=\"noreferrer noopener\">Resolu\u00e7\u00e3o 38\/08 CEPE<\/a> \u2013&nbsp; Normas para as resid\u00eancias m\u00e9dica<\/p>\n\n\n\n<p><a href=\"https:\/\/soc.ufpr.br\/wp-content\/uploads\/2017\/12\/Res-41-17-COPLAD-reformula%C3%A7%C3%A3o-Res.-17-11-alt.-pela-Res-30-18-COPLAD-final.pdf\" target=\"_blank\" rel=\"noreferrer noopener\">Resolu\u00e7\u00e3o 41\/17&nbsp; COPLAD<\/a>&nbsp;\u2013 Fixa as normas de relacionamento entre a UfPR com suas funda\u00e7\u00f5es de apoio<\/p>\n\n\n\n<p><a href=\"https:\/\/ufpr.br\/propg\/wp-content\/uploads\/2025\/06\/ordem-de-servico-001-09.pdf\" target=\"_blank\" rel=\"noreferrer noopener\">Ordem de Servi\u00e7o 01\/2009<\/a><\/p>\n\n\n\n<p><a href=\"https:\/\/ufpr.br\/propg\/wp-content\/uploads\/2025\/06\/20180424100345127.pdf\" target=\"_blank\" rel=\"noreferrer noopener\">Ordem de Servi\u00e7o 01\/2018-PRPPG<\/a>&nbsp;\u2013&nbsp;Entrega de TCC<\/p>\n\n\n\n<p><strong>Resolu\u00e7\u00e3o 42\/03 COUN<\/strong> \u2013<strong>&nbsp;<\/strong><del>Normas internas para as especializa\u00e7\u00f5es<\/del>&nbsp;(substitu\u00edda pela resolu\u00e7\u00e3o 89\/20 \u2013 CEPE)<\/p>\n\n\n\n<p><strong>Resolu\u00e7\u00e3o 82\/08 CEPE<\/strong> \u2013&nbsp;<del>Normas para cursos na modalidade EaD<\/del>&nbsp;(substitu\u00edda pela resolu\u00e7\u00e3o 89\/20 \u2013 CEPE)<\/p>\n\n\n\n<hr class=\"wp-block-separator has-text-color has-alpha-channel-opacity has-background is-style-wide\" style=\"background-color:#e8ecf5;color:#e8ecf5\"\/>\n\n\n\n<p class=\"has-text-color has-link-color wp-elements-d54f3e06e46ccb349d694cc34849e759\" style=\"color:#243673\"><strong><a href=\"#topo\" title=\"\">Voltar ao topo<\/a><\/strong><\/p>\n<\/div>\n\n\n\n<div class=\"wp-block-column is-layout-flow wp-block-column-is-layout-flow\" style=\"flex-basis:4%\"><\/div>\n\n\n\n<div class=\"wp-block-column is-layout-flow wp-block-column-is-layout-flow\" style=\"flex-basis:48%\">\n<div class=\"wp-block-group\"><div class=\"wp-block-group__inner-container is-layout-constrained wp-block-group-is-layout-constrained\">\n<h2 class=\"wp-block-heading has-text-align-left has-background has-medium-font-size\" style=\"background-color:#e8ecf5\">CADASTRO DE CURSOS DE <br>P\u00d3S-GRADUA\u00c7\u00c3O LATO SENSU<\/h2>\n\n\n\n<hr class=\"wp-block-separator has-text-color has-alpha-channel-opacity has-background is-style-wide\" style=\"background-color:#e8ecf5;color:#e8ecf5\"\/>\n\n\n\n<p><a href=\"https:\/\/ufpr.br\/propg\/wp-content\/uploads\/2025\/06\/manual-abertura-curso-esp_2021_pub.pdf\" target=\"_blank\" rel=\"noreferrer noopener\">Manual de Abertura de Curso \/ Turmas para Especializa\u00e7\u00e3o<\/a><\/p>\n<\/div><\/div>\n\n\n\n<div style=\"height:50px\" aria-hidden=\"true\" class=\"wp-block-spacer\"><\/div>\n\n\n\n<h2 class=\"wp-block-heading has-text-align-left has-background has-medium-font-size\" style=\"background-color:#e8ecf5\">FORMUL\u00c1RIOS MODELOS DE DOCUMENTOS<\/h2>\n\n\n\n<hr class=\"wp-block-separator has-text-color has-alpha-channel-opacity has-background is-style-wide\" style=\"background-color:#e8ecf5;color:#e8ecf5\"\/>\n\n\n\n<ul class=\"wp-block-list\">\n<li><a href=\"https:\/\/www.prppg.ufpr.br\/sites\/default\/files\/documentos\/especializacao\/modelos\/modelo_historico_escolar.doc\" target=\"_blank\" rel=\"noreferrer noopener\">Modelo para Hist\u00f3rico Escolar<\/a> <mark style=\"background-color:#fcb900\" class=\"has-inline-color\">link quebrado<\/mark><\/li>\n<\/ul>\n\n\n\n<ul class=\"wp-block-list\">\n<li><a href=\"https:\/\/www.prppg.ufpr.br\/sites\/default\/files\/documentos\/especializacao\/modelos\/modelo_cadastro_disciplina.doc\" target=\"_blank\" rel=\"noreferrer noopener\">Ficha Cadastro de Disciplinas<\/a> <mark style=\"background-color:#fcb900\" class=\"has-inline-color\">link quebrado<\/mark><\/li>\n<\/ul>\n\n\n\n<ul class=\"wp-block-list\">\n<li><a href=\"https:\/\/www.prppg.ufpr.br\/sites\/default\/files\/documentos\/especializacao\/modelos\/modelo_justificativa_docente_sem_titulacao.doc\" target=\"_blank\" rel=\"noreferrer noopener\">Justificativa para docente sem titula\u00e7\u00e3o<\/a> <mark style=\"background-color:#fcb900\" class=\"has-inline-color\">link quebrado<\/mark><\/li>\n<\/ul>\n\n\n\n<ul class=\"wp-block-list\">\n<li><a href=\"https:\/\/ufpr.br\/propg\/wp-content\/uploads\/2025\/12\/plano_individual_trabalho.docx\" target=\"_blank\" rel=\"noreferrer noopener\">Plano Individual de Trabalho \u2013 PIT<\/a><\/li>\n<\/ul>\n\n\n\n<ul class=\"wp-block-list\">\n<li><a href=\"https:\/\/www.prppg.ufpr.br\/sites\/default\/files\/documentos\/especializacao\/modelos\/modelo_contrato_aluno.doc\" target=\"_blank\" rel=\"noreferrer noopener\">Modelo de contrato com o aluno<\/a> <mark style=\"background-color:#fcb900\" class=\"has-inline-color\">link quebrado<\/mark><\/li>\n<\/ul>\n\n\n\n<ul class=\"wp-block-list\">\n<li><a href=\"https:\/\/ufpr.br\/propg\/wp-content\/uploads\/2025\/06\/procedimento-2a-via-de-certificados-lato-senso-orientacoes-1.pdf\" target=\"_blank\" rel=\"noreferrer noopener\">PROCEDIMENTO 2\u00aa via de certificados Lato Sensu \u2013 orienta\u00e7\u00f5es (1)<\/a><\/li>\n<\/ul>\n\n\n\n<hr class=\"wp-block-separator has-text-color has-alpha-channel-opacity has-background is-style-wide\" style=\"background-color:#e8ecf5;color:#e8ecf5\"\/>\n\n\n\n<p class=\"has-text-color has-link-color wp-elements-35347cca6bfe07bb2bf966001a1b447f\" style=\"color:#243673\"><strong><a href=\"#topo\" title=\"\">Voltar ao topo<\/a><\/strong><\/p>\n<\/div>\n<\/div>\n<\/div>\n\n\n\n<div class=\"wp-block-column is-layout-flow wp-block-column-is-layout-flow\" style=\"flex-basis:4%\"><\/div>\n<\/div>\n\n\n\n<p><\/p>\n","protected":false},"excerpt":{"rendered":"<p>Aqui est\u00e3o listadas&nbsp;legisla\u00e7\u00f5es vigentes,formul\u00e1rios e modelos dos cursos de especializa\u00e7\u00e3o. Clique sobre o nome do documento para acess\u00e1-lo. LEGISLA\u00c7\u00d5ES VIGENTES Portaria n\u00ba 22\/2018 \u2013&nbsp;PRPPG\/GAB&nbsp;&nbsp;\u2013 Fixa as normas para reingresso de alunos de especializa\u00e7\u00e3o e aperfei\u00e7oamento e equival\u00eancias de disciplinas de cursos de P\u00f3s-gradua\u00e7\u00e3o Lato Sensu no \u00e2mbito da Universidade Federal do Paran\u00e1 Ordem de Servi\u00e7o&nbsp;n\u00ba [&hellip;]<\/p>\n","protected":false},"author":5,"featured_media":0,"parent":3465,"menu_order":0,"comment_status":"closed","ping_status":"closed","template":"","meta":{"footnotes":""},"class_list":["post-6236","page","type-page","status-publish","hentry"],"_links":{"self":[{"href":"https:\/\/ufpr.br\/propg\/wp-json\/wp\/v2\/pages\/6236","targetHints":{"allow":["GET"]}}],"collection":[{"href":"https:\/\/ufpr.br\/propg\/wp-json\/wp\/v2\/pages"}],"about":[{"href":"https:\/\/ufpr.br\/propg\/wp-json\/wp\/v2\/types\/page"}],"author":[{"embeddable":true,"href":"https:\/\/ufpr.br\/propg\/wp-json\/wp\/v2\/users\/5"}],"replies":[{"embeddable":true,"href":"https:\/\/ufpr.br\/propg\/wp-json\/wp\/v2\/comments?post=6236"}],"version-history":[{"count":102,"href":"https:\/\/ufpr.br\/propg\/wp-json\/wp\/v2\/pages\/6236\/revisions"}],"predecessor-version":[{"id":47075,"href":"https:\/\/ufpr.br\/propg\/wp-json\/wp\/v2\/pages\/6236\/revisions\/47075"}],"up":[{"embeddable":true,"href":"https:\/\/ufpr.br\/propg\/wp-json\/wp\/v2\/pages\/3465"}],"wp:attachment":[{"href":"https:\/\/ufpr.br\/propg\/wp-json\/wp\/v2\/media?parent=6236"}],"curies":[{"name":"wp","href":"https:\/\/api.w.org\/{rel}","templated":true}]}}