{"id":5932,"date":"2025-06-12T15:06:28","date_gmt":"2025-06-12T18:06:28","guid":{"rendered":"https:\/\/ufpr.br\/?page=5932"},"modified":"2025-12-18T09:02:39","modified_gmt":"2025-12-18T12:02:39","slug":"acesso-as-informacoes","status":"publish","type":"page","link":"https:\/\/ufpr.br\/propg\/a-propg\/acesso-as-informacoes\/","title":{"rendered":"Acesso \u00e0s Informa\u00e7\u00f5es"},"content":{"rendered":"\n<div style=\"height:50px\" aria-hidden=\"true\" class=\"wp-block-spacer\"><\/div>\n\n\n\n<div class=\"wp-block-columns is-layout-flex wp-container-core-columns-is-layout-9d6595d7 wp-block-columns-is-layout-flex\">\n<div class=\"wp-block-column is-layout-flow wp-block-column-is-layout-flow\" style=\"flex-basis:20%\">\n<div style=\"height:35px\" aria-hidden=\"true\" class=\"wp-block-spacer\"><\/div>\n\n\n<div class=\"wp-block-image\">\n<figure class=\"aligncenter size-full is-resized\"><img decoding=\"async\" src=\"https:\/\/ufpr.br\/propg\/wp-content\/uploads\/2025\/06\/Icone_AcessoInformacao_Rosa.png\" alt=\"\" class=\"wp-image-6157\" style=\"width:100px\"\/><\/figure><\/div><\/div>\n\n\n\n<div class=\"wp-block-column is-layout-flow wp-block-column-is-layout-flow\" style=\"flex-basis:70%\">\n<div style=\"height:25px\" aria-hidden=\"true\" class=\"wp-block-spacer\"><\/div>\n\n\n\n<blockquote class=\"wp-block-quote is-layout-flow wp-block-quote-is-layout-flow\">\n<p>A Pr\u00f3-Reitoria de P\u00f3s-Gradua\u00e7\u00e3o obedece a Lei de Acesso \u00e0 Informa\u00e7\u00e3o (Lei 12.527, de 18 de novembro de 2011), a qual estabelece que as informa\u00e7\u00f5es de interesse coletivo ou geral dever\u00e3o ser divulgadas de of\u00edcio pelos \u00f3rg\u00e3os p\u00fablicos, espont\u00e2nea e proativamente, independentemente de solicita\u00e7\u00f5es. Al\u00e9m disso, o art. 8\u00ba da Lei prev\u00ea um rol m\u00ednimo de informa\u00e7\u00f5es que os \u00f3rg\u00e3os e entidades p\u00fablicas devem obrigatoriamente divulgar na internet.<\/p>\n<\/blockquote>\n\n\n\n<div style=\"height:25px\" aria-hidden=\"true\" class=\"wp-block-spacer\"><\/div>\n\n\n\n<div style=\"height:50px\" aria-hidden=\"true\" class=\"wp-block-spacer\"><\/div>\n\n\n\n<h2 class=\"wp-block-heading has-text-align-left has-background has-medium-font-size\" id=\"coordenadoria\" style=\"background-color:#e8ecf5\">ACESSO \u00c0 INFORMA\u00c7\u00c3O E TRANSPAR\u00caNCIA<\/h2>\n\n\n\n<hr class=\"wp-block-separator has-text-color has-alpha-channel-opacity has-background is-style-wide\" style=\"background-color:#e8ecf5;color:#e8ecf5\"\/>\n\n\n\n<p><a href=\"https:\/\/www.gov.br\/acessoainformacao\/pt-br\/central-de-conteudo\/publicacoes\/arquivos\/cartilhaacessoainformacao-1.pdf\" target=\"_blank\" rel=\"noreferrer noopener\">Cartilha de Acesso \u00e0 Informa\u00e7\u00e3o P\u00fablica<\/a>: Controladoria-Geral da Uni\u00e3o \u2013 Uma introdu\u00e7\u00e3o \u00e0 Lei n\u00ba 12.527, de 18 de novembro de 2011.<\/p>\n\n\n\n<p><a href=\"https:\/\/portaldatransparencia.gov.br\">https:\/\/portaldatransparencia.gov.br<\/a><\/p>\n\n\n\n<p><a href=\"https:\/\/ufpr.br\">https:\/\/ufpr.br<\/a><\/p>\n\n\n\n<p><a href=\"https:\/\/transparencia.ufpr.br\/public\/index.jsf\" target=\"_blank\" rel=\"noreferrer noopener\">Portal de Transpar\u00eancia da UFPR<\/a> <\/p>\n\n\n\n<p><a href=\"https:\/\/sic.ufpr.br\/\">Servi\u00e7o de Informa\u00e7\u00e3o ao Cidad\u00e3o<\/a> &#8211; UFPR<\/p>\n\n\n\n<p><a href=\"https:\/\/ufpr.br\/propg\/avaliacao-institucional\/\">Avalia\u00e7\u00e3o Institucional<\/a><\/p>\n\n\n\n<div style=\"height:10px\" aria-hidden=\"true\" class=\"wp-block-spacer\"><\/div>\n\n\n\n<hr class=\"wp-block-separator has-alpha-channel-opacity is-style-dots\"\/>\n\n\n\n<div style=\"height:20px\" aria-hidden=\"true\" class=\"wp-block-spacer\"><\/div>\n\n\n\n<div style=\"height:0px\" aria-hidden=\"true\" class=\"wp-block-spacer\"><\/div>\n\n\n\n<h2 class=\"wp-block-heading has-text-align-left has-background has-medium-font-size\" id=\"coordenadoria\" style=\"background-color:#e8ecf5\">CONHE\u00c7A TAMB\u00c9M<\/h2>\n\n\n\n<hr class=\"wp-block-separator has-text-color has-alpha-channel-opacity has-background is-style-wide\" style=\"background-color:#e8ecf5;color:#e8ecf5\"\/>\n\n\n\n<p><a href=\"https:\/\/www.funpar.ufpr.br\/\" target=\"_blank\" rel=\"noreferrer noopener\">Funpar<\/a><\/p>\n\n\n\n<p><a href=\"https:\/\/fupef.org.br\/\" target=\"_blank\" rel=\"noreferrer noopener\">FUPEF<\/a><\/p>\n\n\n\n<p><a href=\"https:\/\/www.fappr.pr.gov.br\/\">Funda\u00e7\u00e3o Arauc\u00e1ria<\/a><\/p>\n\n\n\n<p><a href=\"https:\/\/www.gov.br\/capes\/pt-br\" target=\"_blank\" rel=\"noreferrer noopener\">CAPES<\/a><\/p>\n\n\n\n<p><a href=\"https:\/\/www.gov.br\/cnpq\/pt-br\" target=\"_blank\" rel=\"noreferrer noopener\">CNPq<\/a><\/p>\n\n\n\n<p><a href=\"https:\/\/www.gov.br\/mec\/pt-br\">Minist\u00e9rio da Educa\u00e7\u00e3o<\/a><\/p>\n\n\n\n<hr class=\"wp-block-separator has-text-color has-alpha-channel-opacity has-background is-style-wide\" style=\"background-color:#e8ecf5;color:#e8ecf5\"\/>\n<\/div>\n\n\n\n<div class=\"wp-block-column is-layout-flow wp-block-column-is-layout-flow\" style=\"flex-basis:10%\"><\/div>\n<\/div>\n","protected":false},"excerpt":{"rendered":"<p>A Pr\u00f3-Reitoria de P\u00f3s-Gradua\u00e7\u00e3o obedece a Lei de Acesso \u00e0 Informa\u00e7\u00e3o (Lei 12.527, de 18 de novembro de 2011), a qual estabelece que as informa\u00e7\u00f5es de interesse coletivo ou geral dever\u00e3o ser divulgadas de of\u00edcio pelos \u00f3rg\u00e3os p\u00fablicos, espont\u00e2nea e proativamente, independentemente de solicita\u00e7\u00f5es. Al\u00e9m disso, o art. 8\u00ba da Lei prev\u00ea um rol m\u00ednimo [&hellip;]<\/p>\n","protected":false},"author":5,"featured_media":0,"parent":7,"menu_order":0,"comment_status":"closed","ping_status":"closed","template":"","meta":{"footnotes":""},"class_list":["post-5932","page","type-page","status-publish","hentry"],"_links":{"self":[{"href":"https:\/\/ufpr.br\/propg\/wp-json\/wp\/v2\/pages\/5932","targetHints":{"allow":["GET"]}}],"collection":[{"href":"https:\/\/ufpr.br\/propg\/wp-json\/wp\/v2\/pages"}],"about":[{"href":"https:\/\/ufpr.br\/propg\/wp-json\/wp\/v2\/types\/page"}],"author":[{"embeddable":true,"href":"https:\/\/ufpr.br\/propg\/wp-json\/wp\/v2\/users\/5"}],"replies":[{"embeddable":true,"href":"https:\/\/ufpr.br\/propg\/wp-json\/wp\/v2\/comments?post=5932"}],"version-history":[{"count":29,"href":"https:\/\/ufpr.br\/propg\/wp-json\/wp\/v2\/pages\/5932\/revisions"}],"predecessor-version":[{"id":46682,"href":"https:\/\/ufpr.br\/propg\/wp-json\/wp\/v2\/pages\/5932\/revisions\/46682"}],"up":[{"embeddable":true,"href":"https:\/\/ufpr.br\/propg\/wp-json\/wp\/v2\/pages\/7"}],"wp:attachment":[{"href":"https:\/\/ufpr.br\/propg\/wp-json\/wp\/v2\/media?parent=5932"}],"curies":[{"name":"wp","href":"https:\/\/api.w.org\/{rel}","templated":true}]}}