{"id":5927,"date":"2025-06-12T14:31:53","date_gmt":"2025-06-12T17:31:53","guid":{"rendered":"https:\/\/ufpr.br\/?page=5927"},"modified":"2026-03-17T14:00:08","modified_gmt":"2026-03-17T17:00:08","slug":"tutoriais","status":"publish","type":"page","link":"https:\/\/ufpr.br\/propg\/cpgss\/tutoriais\/","title":{"rendered":"Tutoriais, Orienta\u00e7\u00f5es e Outros Documentos"},"content":{"rendered":"\n<div style=\"height:50px\" aria-hidden=\"true\" class=\"wp-block-spacer\"><\/div>\n\n\n\n<div class=\"wp-block-columns is-layout-flex wp-container-core-columns-is-layout-9d6595d7 wp-block-columns-is-layout-flex\">\n<div class=\"wp-block-column is-layout-flow wp-block-column-is-layout-flow\" style=\"flex-basis:15%\"><div class=\"wp-block-image\">\n<figure class=\"aligncenter size-full is-resized\" id=\"topo\"><img decoding=\"async\" src=\"https:\/\/ufpr.br\/propg\/wp-content\/uploads\/2025\/06\/Icone_TutoriaisOrientacoes_Rosa.png\" alt=\"\" class=\"wp-image-7928\" style=\"width:100px\" \/><\/figure><\/div><\/div>\n\n\n\n<div class=\"wp-block-column is-layout-flow wp-block-column-is-layout-flow\" style=\"flex-basis:83%\">\n<blockquote class=\"wp-block-quote is-layout-flow wp-block-quote-is-layout-flow\">\n<p>Esta p\u00e1gina re\u00fane tutoriais, orienta\u00e7\u00f5es e documentos sobre os principais sistemas utilizados pelas secretarias e coordena\u00e7\u00f5es dos programa de p\u00f3s-gradua\u00e7\u00e3o stricto sensu (PPG) da UFPR.<\/p>\n<\/blockquote>\n\n\n\n<div style=\"height:50px\" aria-hidden=\"true\" class=\"wp-block-spacer\"><\/div>\n\n\n\n<div class=\"wp-block-columns has-background is-layout-flex wp-container-core-columns-is-layout-9d6595d7 wp-block-columns-is-layout-flex\" style=\"background-color:#e8ecf5\">\n<div class=\"wp-block-column has-background is-layout-flow wp-block-column-is-layout-flow\" style=\"background-color:#e8ecf5;flex-basis:41%\">\n<div style=\"height:25px\" aria-hidden=\"true\" class=\"wp-block-spacer\"><\/div>\n\n\n\n<div class=\"wp-block-columns is-not-stacked-on-mobile is-layout-flex wp-container-core-columns-is-layout-9d6595d7 wp-block-columns-is-layout-flex\">\n<div class=\"wp-block-column has-white-background-color has-text-color has-background has-link-color wp-elements-679d44a124371986cd26d844624ad60e is-layout-flow wp-block-column-is-layout-flow\" style=\"color:#003c71\">\n<div style=\"height:50px\" aria-hidden=\"true\" class=\"wp-block-spacer\"><\/div>\n\n\n<div class=\"wp-block-image is-style-default\">\n<figure class=\"aligncenter size-full is-resized\"><a href=\"#siga\"><img decoding=\"async\" src=\"https:\/\/ufpr.br\/propg\/wp-content\/uploads\/2025\/09\/logo_Siga.png\" alt=\"\" class=\"wp-image-27457\" style=\"width:120px\" \/><\/a><\/figure><\/div>\n\n\n<p class=\"has-text-align-center has-text-color has-link-color wp-elements-933b1f54b369a71ac079d700987bfb08\" style=\"color:#243673;font-size:14px\"><strong><a href=\"#siga\">SIGA<\/a><\/strong><\/p>\n<\/div>\n\n\n\n<div class=\"wp-block-column has-white-background-color has-text-color has-background has-link-color wp-elements-33ab9f217dee58a7ebb7dd8ac88cc5e9 is-layout-flow wp-block-column-is-layout-flow\" style=\"color:#003c71\">\n<div style=\"height:20px\" aria-hidden=\"true\" class=\"wp-block-spacer\"><\/div>\n\n\n<div class=\"wp-block-image is-style-default\">\n<figure class=\"aligncenter size-full is-resized\"><a href=\"#sites\"><img decoding=\"async\" src=\"https:\/\/ufpr.br\/propg\/wp-content\/uploads\/2025\/09\/Icone_WordPress_Rosa.png\" alt=\"\" class=\"wp-image-27412\" style=\"object-fit:cover;width:70px;height:70px\" \/><\/a><\/figure><\/div>\n\n\n<p class=\"has-text-align-center has-text-color has-link-color wp-elements-779ad3b16e48d26ce3e18b57ba7392e7\" style=\"color:#243673;font-size:14px\"><strong><a href=\"#sites\">Sites PPG <br>WordPress<\/a><\/strong><\/p>\n\n\n\n<div style=\"height:5px\" aria-hidden=\"true\" class=\"wp-block-spacer\"><\/div>\n<\/div>\n<\/div>\n<\/div>\n\n\n\n<div class=\"wp-block-column has-background is-layout-flow wp-block-column-is-layout-flow\" style=\"background-color:#e8ecf5;flex-basis:41%\">\n<div style=\"height:25px\" aria-hidden=\"true\" class=\"wp-block-spacer\"><\/div>\n\n\n\n<div class=\"wp-block-columns is-not-stacked-on-mobile is-layout-flex wp-container-core-columns-is-layout-9d6595d7 wp-block-columns-is-layout-flex\">\n<div class=\"wp-block-column has-white-background-color has-text-color has-background has-link-color wp-elements-0e8dfe46778cef518ab650ed68cfe87b is-layout-flow wp-block-column-is-layout-flow\" style=\"color:#003c71\">\n<div style=\"height:20px\" aria-hidden=\"true\" class=\"wp-block-spacer\"><\/div>\n\n\n<div class=\"wp-block-image is-style-default\">\n<figure class=\"aligncenter size-full is-resized\" id=\"topo\"><a href=\"#plataforma\"><img decoding=\"async\" src=\"https:\/\/ufpr.br\/propg\/wp-content\/uploads\/2025\/08\/Icone_Computador_Rosa.png\" alt=\"\" class=\"wp-image-25126\" style=\"object-fit:cover;width:70px;height:70px\" \/><\/a><\/figure><\/div>\n\n\n<p class=\"has-text-align-center has-text-color has-link-color wp-elements-ec9acb667171c14c97ad49484888a59e\" style=\"color:#243673;font-size:14px\"><strong><a href=\"#plataforma\">Plataforma Sucupira CAPES<\/a><\/strong><\/p>\n<\/div>\n\n\n\n<div class=\"wp-block-column has-white-background-color has-text-color has-background has-link-color wp-elements-b117cf9109fe1730d622e892efe95329 is-layout-flow wp-block-column-is-layout-flow\" style=\"color:#003c71\">\n<div style=\"height:20px\" aria-hidden=\"true\" class=\"wp-block-spacer\"><\/div>\n\n\n<div class=\"wp-block-image is-style-default\">\n<figure class=\"aligncenter size-full is-resized\"><a href=\"#sei\"><img decoding=\"async\" src=\"https:\/\/ufpr.br\/propg\/wp-content\/uploads\/2025\/09\/sei-1.png\" alt=\"\" class=\"wp-image-27432\" style=\"width:80px\" \/><\/a><\/figure><\/div>\n\n\n<p class=\"has-text-align-center has-text-color has-link-color wp-elements-e9bafa9e2bd05d689f6d79b3602b39a4\" style=\"color:#243673;font-size:14px\"><a href=\"#sei\"><strong>Sistema Eletr\u00f4nico <\/strong><br><strong>de Informa\u00e7\u00f5es<\/strong><\/a><\/p>\n<\/div>\n<\/div>\n<\/div>\n\n\n\n<div class=\"wp-block-column has-background is-layout-flow wp-block-column-is-layout-flow\" style=\"background-color:#e8ecf5;flex-basis:18%\">\n<div style=\"height:25px\" aria-hidden=\"true\" class=\"wp-block-spacer\"><\/div>\n\n\n\n<div class=\"wp-block-columns is-not-stacked-on-mobile is-layout-flex wp-container-core-columns-is-layout-9d6595d7 wp-block-columns-is-layout-flex\">\n<div class=\"wp-block-column has-white-background-color has-text-color has-background has-link-color wp-elements-c117051b0ac243344707030dc2a66025 is-layout-flow wp-block-column-is-layout-flow\" style=\"color:#003c71\">\n<div style=\"height:30px\" aria-hidden=\"true\" class=\"wp-block-spacer\"><\/div>\n\n\n<div class=\"wp-block-image is-style-default\">\n<figure class=\"aligncenter size-full is-resized\" id=\"topo\"><a href=\"#outros\"><img decoding=\"async\" src=\"https:\/\/ufpr.br\/propg\/wp-content\/uploads\/2025\/09\/Icone_Catalogo_Rosa.png\" alt=\"\" class=\"wp-image-27436\" style=\"object-fit:cover;width:70px;height:70px\" \/><\/a><\/figure><\/div>\n\n\n<p class=\"has-text-align-center has-text-color has-link-color wp-elements-a9e7e668ed2af363c7227ea5a52f713f\" style=\"color:#243673;font-size:14px\"><strong><a href=\"#outros\">Outros tutoriais<\/a><\/strong><\/p>\n\n\n\n<div style=\"height:20px\" aria-hidden=\"true\" class=\"wp-block-spacer\"><\/div>\n<\/div>\n<\/div>\n<\/div>\n<\/div>\n\n\n\n<hr class=\"wp-block-separator has-alpha-channel-opacity is-style-dots\" \/>\n\n\n\n<div style=\"height:20px\" aria-hidden=\"true\" class=\"wp-block-spacer\"><\/div>\n\n\n\n<div class=\"wp-block-columns is-layout-flex wp-container-core-columns-is-layout-9d6595d7 wp-block-columns-is-layout-flex\">\n<div class=\"wp-block-column is-layout-flow wp-block-column-is-layout-flow\">\n<h2 class=\"wp-block-heading has-text-align-left has-background has-medium-font-size\" id=\"siga\" style=\"background-color:#e8ecf5\">SIGA<\/h2>\n\n\n\n<hr class=\"wp-block-separator has-text-color has-alpha-channel-opacity has-background is-style-wide\" style=\"background-color:#e8ecf5;color:#e8ecf5\" \/>\n\n\n\n<div class=\"wp-block-columns is-layout-flex wp-container-core-columns-is-layout-9d6595d7 wp-block-columns-is-layout-flex\">\n<div class=\"wp-block-column is-layout-flow wp-block-column-is-layout-flow\">\n<h2 class=\"wp-block-heading\">SIGA Secretarias:<\/h2>\n\n\n\n<div style=\"height:15px\" aria-hidden=\"true\" class=\"wp-block-spacer\"><\/div>\n\n\n\n<ol class=\"wp-block-list\">\n<li><a href=\"https:\/\/ufpr.br\/propg\/cpgss\/tutoriais\/orientacao-alterar-turma-siga\/\">Alterar nota, conceito, frequ\u00eancia em turma j\u00e1 encerrada<\/a><\/li>\n<\/ol>\n\n\n\n<ol start=\"2\" class=\"wp-block-list\">\n<li><a href=\"https:\/\/ufpr.br\/propg\/wp-content\/uploads\/2025\/09\/ajustecurricular-1.pdf\" target=\"_blank\" rel=\"noreferrer noopener\">Ajuste Curricular: altera\u00e7\u00e3o em disciplinas<\/a><\/li>\n<\/ol>\n\n\n\n<ol start=\"3\" class=\"wp-block-list\">\n<li><a href=\"https:\/\/ufpr.br\/propg\/wp-content\/uploads\/2025\/09\/reformulao2.pdf\" target=\"_blank\" rel=\"noreferrer noopener\">Reformula\u00e7\u00e3o curricular: altera\u00e7\u00e3o em linhas de pesquisa (exceto \u00e1reas de concentra\u00e7\u00e3o)<\/a><\/li>\n<\/ol>\n\n\n\n<ol start=\"4\" class=\"wp-block-list\">\n<li><a href=\"https:\/\/ufpr.br\/propg\/wp-content\/uploads\/2025\/09\/of-013-de-2019-equivalncia-ou-aproveitamento-de-disciplinas-no-siga.pdf\" target=\"_blank\" rel=\"noreferrer noopener\">Aproveitamento e equival\u00eancia de disciplinas: como cadastrar<\/a><\/li>\n<\/ol>\n\n\n\n<ol start=\"5\" class=\"wp-block-list\">\n<li><a href=\"https:\/\/ufpr.br\/propg\/wp-content\/uploads\/2025\/09\/siga-cadastrar-secretariado-do-ppg.pdf\" target=\"_blank\" rel=\"noreferrer noopener\">Cadastrar Secretaria do PPG (novos usu\u00e1rios)<\/a><\/li>\n<\/ol>\n\n\n\n<ol start=\"6\" class=\"wp-block-list\">\n<li><a href=\"https:\/\/ufpr.br\/propg\/wp-content\/uploads\/2025\/09\/siga-tutorial-discente-mobilidade_032025.pdf\" target=\"_blank\" rel=\"noreferrer noopener\">Cadastrar discente mobilidade acad\u00eamica (entradas)<\/a><\/li>\n<\/ol>\n\n\n\n<ol start=\"7\" class=\"wp-block-list\">\n<li><a href=\"https:\/\/ufpr.br\/propg\/wp-content\/uploads\/2025\/09\/siga-cadastrar-docente-no-ppg-1.pdf\" target=\"_blank\" rel=\"noreferrer noopener\">Cadastrar docente no PPG (credenciamento como permanente\/colaborador\/visitante)<\/a><\/li>\n<\/ol>\n\n\n\n<ol start=\"8\" class=\"wp-block-list\">\n<li><a href=\"https:\/\/ufpr.br\/propg\/wp-content\/uploads\/2025\/09\/siga-carteira-de-estudante-secretariappg-2.pdf\" target=\"_blank\" rel=\"noreferrer noopener\">Carteira de estudante<\/a><\/li>\n<\/ol>\n\n\n\n<ol start=\"9\" class=\"wp-block-list\">\n<li><a href=\"https:\/\/ufpr.br\/propg\/wp-content\/uploads\/2025\/09\/instrues-ata-digital-2-1.pdf\" target=\"_blank\" rel=\"noreferrer noopener\">Assinatura digital em Ata de defesa<\/a><\/li>\n<\/ol>\n\n\n\n<ol start=\"10\" class=\"wp-block-list\">\n<li><a href=\"https:\/\/ufpr.br\/propg\/cpgss\/mudanca-de-ano-base-no-siga\/\">Mudan\u00e7a de ano base<\/a><\/li>\n<\/ol>\n\n\n\n<ol start=\"11\" class=\"wp-block-list\">\n<li><a href=\"https:\/\/ufpr.br\/propg\/wp-content\/uploads\/2025\/09\/problemas-de-contagem-de-creditos-no-historico.pdf\" target=\"_blank\" rel=\"noreferrer noopener\">Problemas de contagem de cr\u00e9ditos no hist\u00f3rico (Dilig\u00eancia comum em Diplomas)<\/a><\/li>\n<\/ol>\n\n\n\n<ol start=\"12\" class=\"wp-block-list\">\n<li><a href=\"https:\/\/ufpr.br\/agtic\/tutoriais\/\" target=\"_blank\" rel=\"noreferrer noopener\">Manual Sistema de chamados UFPR (perfil padr\u00e3o)<\/a><\/li>\n<\/ol>\n\n\n\n<ol start=\"13\" class=\"wp-block-list\">\n<li><s><a href=\"https:\/\/ufpr.br\/propg\/wp-content\/uploads\/2025\/09\/manual_glpi_perfil_padrao_pilotosiga-1.pdf\" target=\"_blank\" rel=\"noreferrer noopener\">Manual GLPI-Abertura de chamados-Piloto (stricto sensu e lato sensu)<\/a>(desatualizado)<\/s><\/li>\n<\/ol>\n\n\n\n<ul class=\"wp-block-list\">\n<li><s><a href=\"https:\/\/web.microsoftstream.com\/video\/07190f10-7546-48fa-bfdc-2ba071dcbded\" target=\"_blank\" rel=\"noreferrer noopener\">GLPI \u2013 Treinamento em v\u00eddeo<\/a>&nbsp;(10\/10\/2022) (desatualizado)<\/s><\/li>\n<\/ul>\n\n\n\n<div style=\"height:15px\" aria-hidden=\"true\" class=\"wp-block-spacer\"><\/div>\n\n\n\n<hr class=\"wp-block-separator has-alpha-channel-opacity is-style-dots\" \/>\n\n\n\n<h2 class=\"wp-block-heading\">SIGA Alunos:<\/h2>\n\n\n\n<div style=\"height:15px\" aria-hidden=\"true\" class=\"wp-block-spacer\"><\/div>\n\n\n\n<ol start=\"1\" class=\"wp-block-list\">\n<li><a href=\"https:\/\/ufpr.br\/propg\/wp-content\/uploads\/2025\/09\/of-017-de-2019-declarao-de-disciplina-cursada-passo-a-passo.pdf\" target=\"_blank\" rel=\"noreferrer noopener\">Como Gerar declara\u00e7\u00e3o de disciplina cursada<\/a><\/li>\n<\/ol>\n\n\n\n<ol start=\"2\" class=\"wp-block-list\">\n<li><a href=\"https:\/\/ufpr.br\/propg\/wp-content\/uploads\/2025\/11\/siga-aluno-de-pos-graduacao_emitir-declaracao-de-matricula-e-outros-documentos.pdf\" target=\"_blank\" rel=\"noreferrer noopener\">Gerar Declara\u00e7\u00e3o de matr\u00edcula e outros documentos<\/a><\/li>\n<\/ol>\n\n\n\n<ol start=\"3\" class=\"wp-block-list\">\n<li><a href=\"https:\/\/ufpr.br\/propg\/cpgss\/tutoriais\/como-criar-e-mail-institucional-ufpr-br\/\">Como criar e-mail institucional @ufpr.br<\/a><\/li>\n<\/ol>\n\n\n\n<ol start=\"4\" class=\"wp-block-list\">\n<li><a href=\"https:\/\/ufpr.br\/propg\/wp-content\/uploads\/2025\/09\/siga-carteira-de-estudante-portal-discente-1.pdf\" target=\"_blank\" rel=\"noreferrer noopener\">Gerar carteira de estudante no portal do discente<\/a><\/li>\n<\/ol>\n<\/div>\n<\/div>\n<\/div>\n<\/div>\n\n\n\n<div style=\"height:50px\" aria-hidden=\"true\" class=\"wp-block-spacer\"><\/div>\n\n\n\n<div class=\"wp-block-columns is-layout-flex wp-container-core-columns-is-layout-9d6595d7 wp-block-columns-is-layout-flex\">\n<div class=\"wp-block-column is-layout-flow wp-block-column-is-layout-flow\">\n<h2 class=\"wp-block-heading has-text-align-left has-background has-medium-font-size\" id=\"sites\" style=\"background-color:#e8ecf5\">SITES PPG &#8211; WORDPRESS<\/h2>\n\n\n\n<hr class=\"wp-block-separator has-text-color has-alpha-channel-opacity has-background is-style-wide\" style=\"background-color:#e8ecf5;color:#e8ecf5\" \/>\n\n\n\n<p><a href=\"https:\/\/ufpr.br\/propg\/wp-content\/uploads\/2025\/09\/tutorial_traducaosites_ppgs_2025_04_22.pdf\" target=\"_blank\" rel=\"noreferrer noopener\">Tutorial para tradu\u00e7\u00e3o da p\u00e1gina: sites wordpress<\/a>&nbsp;(atualizado 23\/04\/25)<\/p>\n\n\n\n<hr class=\"wp-block-separator has-text-color has-alpha-channel-opacity has-background is-style-wide\" style=\"background-color:#e8ecf5;color:#e8ecf5\" \/>\n\n\n\n<p>Treinamento edi\u00e7\u00e3o de site WordPress para PPG<\/p>\n\n\n\n<ul class=\"wp-block-list\">\n<li><a href=\"https:\/\/ufprbr0-my.sharepoint.com\/:v:\/r\/personal\/rosanechernij_ufpr_br\/Documents\/Grava%C3%A7%C3%B5es\/Treinamento%20Wordpress%20para%20PPG%20(TURMA%2001)%20-%20Rosane%20Agtic_Siga-20240305_100638-Grava%C3%A7%C3%A3o%20de%20Reuni%C3%A3o.mp4?csf=1&amp;web=1&amp;e=KpvdwF&amp;nav=eyJyZWZlcnJhbEluZm8iOnsicmVmZXJyYWxBcHAiOiJTdHJlYW1XZWJBcHAiLCJyZWZlcnJhbFZpZXciOiJTaGFyZURpYWxvZy1MaW5rIiwicmVmZXJyYWxBcHBQbGF0Zm9ybSI6IldlYiIsInJlZmVycmFsTW9kZSI6InZpZXcifX0%3D\" target=\"_blank\" rel=\"noreferrer noopener\">Turma 01 (05\/03\/2024)<\/a><\/li>\n<\/ul>\n\n\n\n<ul class=\"wp-block-list\">\n<li><a href=\"https:\/\/ufprbr0-my.sharepoint.com\/personal\/rosanechernij_ufpr_br\/_layouts\/15\/stream.aspx?id=%2Fpersonal%2Frosanechernij%5Fufpr%5Fbr%2FDocuments%2FGrava%C3%A7%C3%B5es%2FTreinamento%20Wordpress%20para%20PPG%20%28TURMA%2002%29%2DRosane%20Agtic%5FSiga%2D20240307%5F140242%2DGrava%C3%A7%C3%A3o%20de%20Reuni%C3%A3o%2Emp4&amp;referrer=StreamWebApp%2EWeb&amp;referrerScenario=AddressBarCopied%2Eview\" target=\"_blank\" rel=\"noreferrer noopener\">Turma 02 (07\/03\/2024)<\/a><\/li>\n<\/ul>\n\n\n\n<hr class=\"wp-block-separator has-text-color has-alpha-channel-opacity has-background is-style-wide\" style=\"background-color:#e8ecf5;color:#e8ecf5\" \/>\n\n\n\n<p><a href=\"https:\/\/ufpr.br\/propg\/wp-content\/uploads\/2025\/09\/modelo_slider_1200px_400px_generico.pptx\" target=\"_blank\" rel=\"noreferrer noopener\">Modelo para Banner.pptx<\/a>: Este \u00e9 um modelo de slide do Power Point para refer\u00eancia na edi\u00e7\u00e3o das imagens para uso como banner nos sites da PRPPG e PPGs em Posts na categoria Slider<\/p>\n<\/div>\n<\/div>\n\n\n\n<div style=\"height:50px\" aria-hidden=\"true\" class=\"wp-block-spacer\"><\/div>\n\n\n\n<div class=\"wp-block-columns is-layout-flex wp-container-core-columns-is-layout-9d6595d7 wp-block-columns-is-layout-flex\">\n<div class=\"wp-block-column is-layout-flow wp-block-column-is-layout-flow\">\n<h2 class=\"wp-block-heading has-text-align-left has-background has-medium-font-size\" id=\"plataforma\" style=\"background-color:#e8ecf5\">PLATAFORMA SUCUPIRA &#8211; CAPES<\/h2>\n\n\n\n<hr class=\"wp-block-separator has-text-color has-alpha-channel-opacity has-background is-style-wide\" style=\"background-color:#e8ecf5;color:#e8ecf5\" \/>\n\n\n\n<p><a href=\"https:\/\/sites.google.com\/view\/tutorialsucupira\/home\" target=\"_blank\" rel=\"noreferrer noopener\">Tutorial Coleta Capes<\/a><\/p>\n\n\n\n<hr class=\"wp-block-separator has-text-color has-alpha-channel-opacity has-background is-style-wide\" style=\"background-color:#e8ecf5;color:#e8ecf5\" \/>\n\n\n\n<p><strong>Curso M\u00f3dulo Coleta<\/strong><\/p>\n\n\n\n<p><a href=\"https:\/\/youtube.com\/playlist?list=PLvBD2eYOmy4C4It2L_IyYmDYkFFnDw8LK&amp;feature=shared\" target=\"_blank\" rel=\"noreferrer noopener\">Link para playlist<\/a><\/p>\n\n\n\n<ul class=\"wp-block-list\">\n<li>M\u00f3dulo 1 \u2013 Programa (28\/01\/2024)<\/li>\n<\/ul>\n\n\n\n<ul class=\"wp-block-list\">\n<li>M\u00f3dulo 2 \u2013 Pessoas (05\/03\/2024)&nbsp;<\/li>\n<\/ul>\n\n\n\n<ul class=\"wp-block-list\">\n<li>M\u00f3dulo 3 \u2013 Produ\u00e7\u00e3o intelectual (11\/03\/2024)<\/li>\n<\/ul>\n\n\n\n<hr class=\"wp-block-separator has-text-color has-alpha-channel-opacity has-background is-style-wide\" style=\"background-color:#e8ecf5;color:#e8ecf5\" \/>\n\n\n\n<p><a href=\"https:\/\/ufpr.br\/propg\/cpgss\/coleta-capes\/\">Orienta\u00e7\u00f5es gerais e calend\u00e1rio coleta Capes<\/a><\/p>\n\n\n\n<ul class=\"wp-block-list\">\n<li><a href=\"https:\/\/ufpr.br\/propg\/wp-content\/uploads\/2025\/09\/boletim_2035034_boletim_sucupira_41___edicao_extra___perfil_de_apoio_ao_preenchimento.pdf\" target=\"_blank\" rel=\"noreferrer noopener\">boletim 41<\/a>&nbsp;(10\/08\/2023): cadastrar equipe de apoio para o preenchimento do Coleta<\/li>\n<\/ul>\n\n\n\n<ul class=\"wp-block-list\">\n<li><a href=\"https:\/\/ufpr.br\/propg\/wp-content\/uploads\/2025\/09\/boletim-sucupira-42-discente-licenca-maternidade-extra.pdf\" target=\"_blank\" rel=\"noreferrer noopener\">boletim 42<\/a>&nbsp;(07\/03\/2023): cadastrar licen\u00e7a parental para discentes no Sucupira<\/li>\n<\/ul>\n\n\n\n<hr class=\"wp-block-separator has-text-color has-alpha-channel-opacity has-background is-style-wide\" style=\"background-color:#e8ecf5;color:#e8ecf5\" \/>\n\n\n\n<p><strong>D\u00favidas? Envie e-mail para falecomdav@capes.gov.br<\/strong><\/p>\n\n\n\n<hr class=\"wp-block-separator has-text-color has-alpha-channel-opacity has-background is-style-wide\" style=\"background-color:#e8ecf5;color:#e8ecf5\" \/>\n\n\n\n<div style=\"height:25px\" aria-hidden=\"true\" class=\"wp-block-spacer\"><\/div>\n\n\n\n<p>Textos com informa\u00e7\u00f5es sobre a p\u00f3s-gradua\u00e7\u00e3o da UFPR para subsidiar a elabora\u00e7\u00e3o de propostas (<a href=\"https:\/\/ufpr.br\/propg\/cpgss\/textos-padrao-stricto\/\">textos edit\u00e1veis<\/a>)<\/p>\n\n\n\n<p>T\u00f3picos abordados:<\/p>\n\n\n\n<ol class=\"wp-block-list\">\n<li>A Universidade Federal do Paran\u00e1<\/li>\n<\/ol>\n\n\n\n<ol start=\"2\" class=\"wp-block-list\">\n<li>A P\u00f3s-gradua\u00e7\u00e3o na UFPR<\/li>\n<\/ol>\n\n\n\n<ol start=\"3\" class=\"wp-block-list\">\n<li>Autoavalia\u00e7\u00e3o Institucional<\/li>\n<\/ol>\n\n\n\n<ol start=\"4\" class=\"wp-block-list\">\n<li>Autoavalia\u00e7\u00e3o do Programa de P\u00f3s-gradua\u00e7\u00e3o<\/li>\n<\/ol>\n\n\n\n<ol start=\"5\" class=\"wp-block-list\">\n<li>Centro de Assessoria de Publica\u00e7\u00e3o Acad\u00eamica (CAPA)<\/li>\n<\/ol>\n\n\n\n<ol start=\"6\" class=\"wp-block-list\">\n<li>Tecnologia da Informa\u00e7\u00e3o e Comunica\u00e7\u00e3o: servi\u00e7os ofertados pela AGTIC<\/li>\n<\/ol>\n\n\n\n<ol start=\"7\" class=\"wp-block-list\">\n<li>Sistema Integrado de Gest\u00e3o Acad\u00eamica da P\u00f3s-gradua\u00e7\u00e3o<\/li>\n<\/ol>\n\n\n\n<ol start=\"8\" class=\"wp-block-list\">\n<li>Ferramentas de Gest\u00e3o da Informa\u00e7\u00e3o: SIGAUFPR<\/li>\n<\/ol>\n\n\n\n<ol start=\"9\" class=\"wp-block-list\">\n<li>Integra\u00e7\u00e3o com Outras Plataformas<\/li>\n<\/ol>\n\n\n\n<ol start=\"10\" class=\"wp-block-list\">\n<li>Acompanhamento de Egressos<\/li>\n<\/ol>\n\n\n\n<ol start=\"11\" class=\"wp-block-list\">\n<li>Portal do Egresso re\u00fane informa\u00e7\u00f5es sobre carreira dos ex-alunos da UFPR<\/li>\n<\/ol>\n\n\n\n<ol start=\"12\" class=\"wp-block-list\">\n<li>Sistema de Bibliotecas da UFPR (SiBi\/UFPR)<\/li>\n<\/ol>\n\n\n\n<ol start=\"13\" class=\"wp-block-list\">\n<li>Superintend\u00eancia de Parcerias e Inova\u00e7\u00e3o<\/li>\n<\/ol>\n\n\n\n<ol start=\"14\" class=\"wp-block-list\">\n<li>Internacionaliza\u00e7\u00e3o: Ag\u00eancia UFPR Internacional (AUI)<\/li>\n<\/ol>\n\n\n\n<ol start=\"15\" class=\"wp-block-list\">\n<li>Inova\u00e7\u00e3o em Atividades de Ensino: as Disciplinas Transversais<\/li>\n<\/ol>\n\n\n\n<ol start=\"16\" class=\"wp-block-list\">\n<li>Disciplinas Transversais na UFPR<\/li>\n<\/ol>\n\n\n\n<ol start=\"17\" class=\"wp-block-list\">\n<li>Hist\u00f3rico do Projeto de Disciplinas Transversais<\/li>\n<\/ol>\n\n\n\n<ol start=\"18\" class=\"wp-block-list\">\n<li>Pr\u00eamio excel\u00eancia acad\u00eamica 2021-2022<\/li>\n<\/ol>\n<\/div>\n<\/div>\n\n\n\n<div style=\"height:50px\" aria-hidden=\"true\" class=\"wp-block-spacer\"><\/div>\n\n\n\n<div class=\"wp-block-columns is-layout-flex wp-container-core-columns-is-layout-9d6595d7 wp-block-columns-is-layout-flex\">\n<div class=\"wp-block-column is-layout-flow wp-block-column-is-layout-flow\">\n<h2 class=\"wp-block-heading has-text-align-left has-background has-medium-font-size\" id=\"sei\" style=\"background-color:#e8ecf5\">SEI &#8211; SISTEMA ELETR\u00d4NICO DE INFORMA\u00c7\u00d5ES<\/h2>\n\n\n\n<hr class=\"wp-block-separator has-text-color has-alpha-channel-opacity has-background is-style-wide\" style=\"background-color:#e8ecf5;color:#e8ecf5\" \/>\n\n\n\n<p>A plataforma oficial para abertura, instru\u00e7\u00e3o e acompanhamento dos processos administrativos da universidade \u00e9 o SEI<\/p>\n\n\n\n<ul class=\"wp-block-list\">\n<li><a href=\"https:\/\/sei.ufmg.br\/wp-content\/uploads\/2024\/03\/manual_sei_ufmg2024_1_1.pdf\">Manual SEI 4.0 (UFMG)<\/a><\/li>\n<\/ul>\n\n\n\n<ul class=\"wp-block-list\">\n<li><a href=\"https:\/\/www.escolavirtual.gov.br\/curso\/74\" target=\"_blank\" rel=\"noreferrer noopener\">Curso Sistema Eletr\u00f4nico de Informa\u00e7\u00f5es \u2013 SEI! USAR<\/a><\/li>\n<\/ul>\n\n\n\n<ul class=\"wp-block-list\">\n<li>Aqui voc\u00ea encontra tutoriais, v\u00eddeos e dicas:&nbsp;<a href=\"https:\/\/cgr.ufpr.br\/portal\/sei-material-de-apoio\/\" target=\"_blank\" rel=\"noreferrer noopener\">https:\/\/cgr.ufpr.br\/portal\/sei-material-de-apoio\/<\/a><\/li>\n<\/ul>\n<\/div>\n<\/div>\n\n\n\n<div style=\"height:50px\" aria-hidden=\"true\" class=\"wp-block-spacer\"><\/div>\n\n\n\n<div class=\"wp-block-columns is-layout-flex wp-container-core-columns-is-layout-9d6595d7 wp-block-columns-is-layout-flex\">\n<div class=\"wp-block-column is-layout-flow wp-block-column-is-layout-flow\">\n<h2 class=\"wp-block-heading has-text-align-left has-background has-medium-font-size\" id=\"outros\" style=\"background-color:#e8ecf5\">OUTROS<\/h2>\n\n\n\n<hr class=\"wp-block-separator has-text-color has-alpha-channel-opacity has-background is-style-wide\" style=\"background-color:#e8ecf5;color:#e8ecf5\" \/>\n\n\n\n<ul class=\"wp-block-list\">\n<li><a href=\"https:\/\/ufpr.br\/propg\/wp-content\/uploads\/2025\/09\/tutorial-acesso-scival.pdf\" target=\"_blank\" rel=\"noreferrer noopener\">Scival-Elsevier <\/a>(tutorial de acesso UFPR)<\/li>\n<\/ul>\n<\/div>\n<\/div>\n\n\n\n<hr class=\"wp-block-separator has-text-color has-alpha-channel-opacity has-background is-style-wide\" style=\"background-color:#e8ecf5;color:#e8ecf5\" \/>\n\n\n\n<p class=\"has-text-color has-link-color wp-elements-16631d866001ae142cbdd3786f7ccd26\" style=\"color:#243673\"><strong><a title=\"\" href=\"#topo\">Voltar ao topo<\/a><\/strong><\/p>\n<\/div>\n\n\n\n<div class=\"wp-block-column is-layout-flow wp-block-column-is-layout-flow\" style=\"flex-basis:2%\"><\/div>\n<\/div>\n\n\n\n<p><\/p>\n","protected":false},"excerpt":{"rendered":"<p>Esta p\u00e1gina re\u00fane tutoriais, orienta\u00e7\u00f5es e documentos sobre os principais sistemas utilizados pelas secretarias e coordena\u00e7\u00f5es dos programa de p\u00f3s-gradua\u00e7\u00e3o stricto sensu (PPG) da UFPR. SIGA Sites PPG WordPress Plataforma Sucupira CAPES Sistema Eletr\u00f4nico de Informa\u00e7\u00f5es Outros tutoriais SIGA SIGA Secretarias: SIGA Alunos: SITES PPG &#8211; WORDPRESS Tutorial para tradu\u00e7\u00e3o da p\u00e1gina: sites wordpress&nbsp;(atualizado 23\/04\/25) [&hellip;]<\/p>\n","protected":false},"author":5,"featured_media":0,"parent":2756,"menu_order":0,"comment_status":"closed","ping_status":"closed","template":"","meta":{"footnotes":""},"class_list":["post-5927","page","type-page","status-publish","hentry"],"_links":{"self":[{"href":"https:\/\/ufpr.br\/propg\/wp-json\/wp\/v2\/pages\/5927","targetHints":{"allow":["GET"]}}],"collection":[{"href":"https:\/\/ufpr.br\/propg\/wp-json\/wp\/v2\/pages"}],"about":[{"href":"https:\/\/ufpr.br\/propg\/wp-json\/wp\/v2\/types\/page"}],"author":[{"embeddable":true,"href":"https:\/\/ufpr.br\/propg\/wp-json\/wp\/v2\/users\/5"}],"replies":[{"embeddable":true,"href":"https:\/\/ufpr.br\/propg\/wp-json\/wp\/v2\/comments?post=5927"}],"version-history":[{"count":177,"href":"https:\/\/ufpr.br\/propg\/wp-json\/wp\/v2\/pages\/5927\/revisions"}],"predecessor-version":[{"id":51825,"href":"https:\/\/ufpr.br\/propg\/wp-json\/wp\/v2\/pages\/5927\/revisions\/51825"}],"up":[{"embeddable":true,"href":"https:\/\/ufpr.br\/propg\/wp-json\/wp\/v2\/pages\/2756"}],"wp:attachment":[{"href":"https:\/\/ufpr.br\/propg\/wp-json\/wp\/v2\/media?parent=5927"}],"curies":[{"name":"wp","href":"https:\/\/api.w.org\/{rel}","templated":true}]}}