{"id":52008,"date":"2026-03-24T09:03:44","date_gmt":"2026-03-24T12:03:44","guid":{"rendered":"https:\/\/ufpr.br\/propg\/?page_id=52008"},"modified":"2026-03-24T09:03:44","modified_gmt":"2026-03-24T12:03:44","slug":"entre-diplomas-e-tetos-de-vidro","status":"publish","type":"page","link":"https:\/\/ufpr.br\/propg\/cpgss\/cafe-com-sucupira\/entre-diplomas-e-tetos-de-vidro\/","title":{"rendered":"Entre diplomas e tetos de vidro"},"content":{"rendered":"\n<h2 class=\"wp-block-heading\"><strong>Caf\u00e9 com Sucupira | Entre diplomas e tetos de vidro: os desafios invis\u00edveis das mulheres p\u00f3s-graduadas<\/strong><\/h2>\n\n\n\n<figure class=\"wp-block-image size-large is-resized\"><img loading=\"lazy\" decoding=\"async\" width=\"819\" height=\"1024\" src=\"https:\/\/ufpr.br\/propg\/wp-content\/uploads\/2026\/03\/cafe-com-sucupira-site-mes-da-mulher-1-819x1024.jpg\" alt=\"\" class=\"wp-image-52010\" style=\"width:400px\" srcset=\"https:\/\/ufpr.br\/propg\/wp-content\/uploads\/2026\/03\/cafe-com-sucupira-site-mes-da-mulher-1-819x1024.jpg 819w, https:\/\/ufpr.br\/propg\/wp-content\/uploads\/2026\/03\/cafe-com-sucupira-site-mes-da-mulher-1-240x300.jpg 240w, https:\/\/ufpr.br\/propg\/wp-content\/uploads\/2026\/03\/cafe-com-sucupira-site-mes-da-mulher-1-768x960.jpg 768w, https:\/\/ufpr.br\/propg\/wp-content\/uploads\/2026\/03\/cafe-com-sucupira-site-mes-da-mulher-1-78x98.jpg 78w, https:\/\/ufpr.br\/propg\/wp-content\/uploads\/2026\/03\/cafe-com-sucupira-site-mes-da-mulher-1-46x57.jpg 46w, https:\/\/ufpr.br\/propg\/wp-content\/uploads\/2026\/03\/cafe-com-sucupira-site-mes-da-mulher-1.jpg 1080w\" sizes=\"auto, (max-width: 819px) 100vw, 819px\" \/><\/figure>\n\n\n\n<p class=\"has-medium-font-size\">A PROPG e a PROAFE, com apoio do PPG Letras promovem o evento&nbsp;<strong>\u201cCaf\u00e9 com Sucupira | Entre diplomas e tetos de vidro: os desafios invis\u00edveis das mulheres p\u00f3s-graduadas\u201d<\/strong>, como atividade integrante da programa\u00e7\u00e3o da 7\u00aa edi\u00e7\u00e3o do Mar\u00e7o das Mulheres na UFPR.<\/p>\n\n\n\n<p class=\"has-medium-font-size\">O 6\u00ba evento do Caf\u00e9 com Sucupira discutir\u00e1 os desafios estruturais, institucionais e socioculturais enfrentados por mulheres com forma\u00e7\u00e3o em p\u00f3s-gradua\u00e7\u00e3o, evidenciando mecanismos \u2014 muitas vezes invis\u00edveis \u2014 que limitam sua inser\u00e7\u00e3o, perman\u00eancia e progress\u00e3o na carreira acad\u00eamica e profissional. Tamb\u00e9m ser\u00e3o debatidos caminhos para promover maior equidade de g\u00eanero nos ambientes de pesquisa, ensino e trabalho.<\/p>\n\n\n\n<p>O evento \u00e9 gratuito, aberto ao p\u00fablico interno e externo mediante inscri\u00e7\u00e3o.<\/p>\n\n\n\n<p><strong>Caf\u00e9 com Sucupira | Entre diplomas e tetos de vidro: os desafios invis\u00edveis das mulheres p\u00f3s-graduadas<\/strong><\/p>\n\n\n\n<p class=\"has-medium-font-size\"><a href=\"https:\/\/forms.office.com\/r\/Ru5PFRa8Bi\" target=\"_blank\" rel=\"noreferrer noopener\"><strong>Inscreva-se aqui:\u00a0Clique para preencher o formul\u00e1rio<\/strong><\/a><\/p>\n\n\n\n<p class=\"has-medium-font-size\"><strong>Data:<\/strong>&nbsp;23 de mar\u00e7o de 2026 (segunda-feira)<br><strong>Hor\u00e1rio:<\/strong>&nbsp;10h \u00e0s 11h30<br><strong>Local:<\/strong>&nbsp;Anfiteatro 400 \u2013 Edif\u00edcio Dom Pedro I (Rua General Carneiro, 460 \u2013 Centro \u2013 Curitiba\/PR)<\/p>\n\n\n\n<p class=\"has-medium-font-size\"><strong>Organiza\u00e7\u00e3o<\/strong>: PROPG e PROAFE<\/p>\n\n\n\n<p class=\"has-medium-font-size\"><strong>Apoio<\/strong>: PPG Letras e CAPES<\/p>\n\n\n\n<h2 class=\"wp-block-heading\">Sobre as convidadas<\/h2>\n\n\n\n<p><strong>Patr\u00edcia Souza Santos de Rezende<\/strong><br>Doutoranda em Gest\u00e3o da Informa\u00e7\u00e3o no Programa de P\u00f3s-Gradua\u00e7\u00e3o em Gest\u00e3o da Informa\u00e7\u00e3o \u2013 PPGGI \u2013 da Universidade Federal do Paran\u00e1. Mestre em Gest\u00e3o da Informa\u00e7\u00e3o pelo Programa de P\u00f3s-Gradua\u00e7\u00e3o em Gest\u00e3o da Informa\u00e7\u00e3o \u2013 PPGGI \u2013 da Universidade Federal do Paran\u00e1 UFPR. Forma\u00e7\u00e3o em Biblioteconomia pela Universidade de Caxias do Sul (2016).Tem experi\u00eancia na \u00e1rea de Ci\u00eancia da Informa\u00e7\u00e3o, com \u00eanfase em Biblioteconomia, atuando principalmente nos seguintes temas: ci\u00eancia aberta, indexa\u00e7\u00e3o, controle de vocabul\u00e1rio, gest\u00e3o da informa\u00e7\u00e3o jur\u00eddica, gest\u00e3o eletr\u00f4nica de documentos (GED), peri\u00f3dicos cient\u00edficos, normas da ABNT, usabilidade da informa\u00e7\u00e3o, arquitetura da informa\u00e7\u00e3o e unidades de informa\u00e7\u00e3o. Atua no Grupo de Pesquisa Infojus \u2013 Informa\u00e7\u00e3o, Direito e Sociedade e Grupo de Pesquisa Metodologias para a Gest\u00e3o da Informa\u00e7\u00e3o, todos pertencentes ao PPGGI da UFPR.<\/p>\n\n\n\n<p><strong>Cibele De Biasi da Silva<\/strong><br>Possui gradua\u00e7\u00e3o em Ci\u00eancias Econ\u00f4micas pela Universidade Federal do Paran\u00e1 (2016), p\u00f3s-gradua\u00e7\u00e3o em Rela\u00e7\u00f5es Internacionais e Diplomacia pela Universidade Positivo (2017), mestrado em Desenvolvimento Econ\u00f4mico pela Universidade Federal do Paran\u00e1 (2020) e doutorado em Desenvolvimento Econ\u00f4mico pela Universidade Federal do Paran\u00e1 (2024). \u00c9 economista da Secretaria de Cultura do Estado do Paran\u00e1.<\/p>\n\n\n\n<p><strong>Isadora Dallarmi Miguel<\/strong><br>M\u00e9dica, graduada pela Faculdade Evang\u00e9lica Mackenzie do Paran\u00e1 (FEMPAR), em 2024. Certificada pela Advanced Cardiovascular Life Support \u2013 ACLS e pelo Programa de Suporte B\u00e1sico de Vida \u2013 SBV da American Heart Association. \u00c9 membro do Grupo de Pesquisa Farmacot\u00e9cnica UFPR. Foi aprovada no concurso da Funda\u00e7\u00e3o Estatal de Aten\u00e7\u00e3o \u00e0 Sa\u00fade em Curitiba. Autora e coautura de 11 artigos publicados em revistas nacionais e indexadas e 1 cap\u00edtulo de livro durante a gradua\u00e7\u00e3o. Durante a gradua\u00e7\u00e3o participou ativamente como volunt\u00e1ria em Projetos de Inicia\u00e7\u00e3o Cient\u00edfica (PIBIC) na Universidade Federal do Paran\u00e1 (UFPR) nas \u00e1rea de farmacot\u00e9cnica, nas linhas de pesquisa de imunologia aplicada a produtos naturais, homeopatia e fitoqu\u00edmica. Foi Presidente (2021) e Diretora de extens\u00e3o (2020) do Projeto de extens\u00e3o M\u00e9dicos na Comunidade (MEDCOM), pela (FEMPAR). Foi Presidente (2022) e Diretora Cient\u00edfica (2021) da Liga Acad\u00eamica de Doen\u00e7as Osteomusculares do Hospital Universit\u00e1rio Evang\u00e9lico Mackenzie (LADOM). Atualmente, atua como profissional m\u00e9dica na Cl\u00ednica Acesso Sa\u00fade.<\/p>\n\n\n\n<hr class=\"wp-block-separator has-alpha-channel-opacity\" \/>\n","protected":false},"excerpt":{"rendered":"<p>Caf\u00e9 com Sucupira | Entre diplomas e tetos de vidro: os desafios invis\u00edveis das mulheres p\u00f3s-graduadas A PROPG e a PROAFE, com apoio do PPG Letras promovem o evento&nbsp;\u201cCaf\u00e9 com Sucupira | Entre diplomas e tetos de vidro: os desafios invis\u00edveis das mulheres p\u00f3s-graduadas\u201d, como atividade integrante da programa\u00e7\u00e3o da 7\u00aa edi\u00e7\u00e3o do Mar\u00e7o das [&hellip;]<\/p>\n","protected":false},"author":18,"featured_media":0,"parent":17252,"menu_order":0,"comment_status":"closed","ping_status":"closed","template":"","meta":{"footnotes":""},"class_list":["post-52008","page","type-page","status-publish","hentry"],"_links":{"self":[{"href":"https:\/\/ufpr.br\/propg\/wp-json\/wp\/v2\/pages\/52008","targetHints":{"allow":["GET"]}}],"collection":[{"href":"https:\/\/ufpr.br\/propg\/wp-json\/wp\/v2\/pages"}],"about":[{"href":"https:\/\/ufpr.br\/propg\/wp-json\/wp\/v2\/types\/page"}],"author":[{"embeddable":true,"href":"https:\/\/ufpr.br\/propg\/wp-json\/wp\/v2\/users\/18"}],"replies":[{"embeddable":true,"href":"https:\/\/ufpr.br\/propg\/wp-json\/wp\/v2\/comments?post=52008"}],"version-history":[{"count":1,"href":"https:\/\/ufpr.br\/propg\/wp-json\/wp\/v2\/pages\/52008\/revisions"}],"predecessor-version":[{"id":52012,"href":"https:\/\/ufpr.br\/propg\/wp-json\/wp\/v2\/pages\/52008\/revisions\/52012"}],"up":[{"embeddable":true,"href":"https:\/\/ufpr.br\/propg\/wp-json\/wp\/v2\/pages\/17252"}],"wp:attachment":[{"href":"https:\/\/ufpr.br\/propg\/wp-json\/wp\/v2\/media?parent=52008"}],"curies":[{"name":"wp","href":"https:\/\/api.w.org\/{rel}","templated":true}]}}