{"id":5198,"date":"2025-01-10T15:08:24","date_gmt":"2025-01-10T18:08:24","guid":{"rendered":"https:\/\/ufpr.br\/?page=5198"},"modified":"2025-09-11T13:34:06","modified_gmt":"2025-09-11T16:34:06","slug":"programa-professor-leitor","status":"publish","type":"page","link":"https:\/\/ufpr.br\/propg\/cpgss\/programa-professor-leitor\/","title":{"rendered":"Programa Professor Leitor"},"content":{"rendered":"\n<div style=\"height:50px\" aria-hidden=\"true\" class=\"wp-block-spacer\"><\/div>\n\n\n\n<div class=\"wp-block-columns is-layout-flex wp-container-core-columns-is-layout-9d6595d7 wp-block-columns-is-layout-flex\">\n<div class=\"wp-block-column is-layout-flow wp-block-column-is-layout-flow\" style=\"flex-basis:20%\"><div class=\"wp-block-image\">\n<figure class=\"aligncenter size-full is-resized\" id=\"topo\"><img decoding=\"async\" src=\"https:\/\/ufpr.br\/propg\/wp-content\/uploads\/2025\/06\/Icone_ProfessorSenior_Rosa.png\" alt=\"\" class=\"wp-image-7955\" style=\"width:120px\"\/><\/figure><\/div><\/div>\n\n\n\n<div class=\"wp-block-column is-layout-flow wp-block-column-is-layout-flow\" style=\"flex-basis:70%\">\n<blockquote class=\"wp-block-quote is-layout-flow wp-block-quote-is-layout-flow\">\n<p>Informa\u00e7\u00f5es sobre o Programa Professor Leitor da Universidade Federal do Paran\u00e1<\/p>\n<\/blockquote>\n\n\n\n<h2 class=\"wp-block-heading has-text-align-left has-background has-medium-font-size\" id=\"coordenadoria\" style=\"background-color:#e8ecf5\">O PROGRAMA PROFESSOR LEITOR<\/h2>\n\n\n\n<hr class=\"wp-block-separator has-text-color has-alpha-channel-opacity has-background is-style-wide\" style=\"background-color:#e8ecf5;color:#e8ecf5\"\/>\n\n\n\n<p><a href=\"http:\/\/www.soc.ufpr.br\/portal\/wp-content\/uploads\/2016\/07\/resolucao_cepe_07042004-34.pdf\" target=\"_blank\" rel=\"noreferrer noopener\">Resolu\u00e7\u00e3o 35\/04-CEPE<\/a><\/p>\n\n\n\n<div style=\"height:50px\" aria-hidden=\"true\" class=\"wp-block-spacer\"><\/div>\n\n\n\n<h2 class=\"wp-block-heading has-text-align-left has-background has-medium-font-size\" id=\"coordenadoria\" style=\"background-color:#e8ecf5\">HIST\u00d3RICO<\/h2>\n\n\n\n<hr class=\"wp-block-separator has-text-color has-alpha-channel-opacity has-background is-style-wide\" style=\"background-color:#e8ecf5;color:#e8ecf5\"\/>\n\n\n\n<p>Em breve mais informa\u00e7\u00f5es.<\/p>\n\n\n\n<div style=\"height:50px\" aria-hidden=\"true\" class=\"wp-block-spacer\"><\/div>\n\n\n\n<h2 class=\"wp-block-heading has-text-align-left has-background has-medium-font-size\" id=\"coordenadoria\" style=\"background-color:#e8ecf5\">O QUE \u00c9 UM LEITORADO<\/h2>\n\n\n\n<hr class=\"wp-block-separator has-text-color has-alpha-channel-opacity has-background is-style-wide\" style=\"background-color:#e8ecf5;color:#e8ecf5\"\/>\n\n\n\n<p>Em breve mais informa\u00e7\u00f5es.<\/p>\n\n\n\n<div style=\"height:50px\" aria-hidden=\"true\" class=\"wp-block-spacer\"><\/div>\n\n\n\n<h2 class=\"wp-block-heading has-text-align-left has-background has-medium-font-size\" id=\"coordenadoria\" style=\"background-color:#e8ecf5\">D\u00daVIDAS FREQUENTES<\/h2>\n\n\n\n<hr class=\"wp-block-separator has-text-color has-alpha-channel-opacity has-background is-style-wide\" style=\"background-color:#e8ecf5;color:#e8ecf5\"\/>\n\n\n\n<p>Em breve mais informa\u00e7\u00f5es.<\/p>\n\n\n\n<div style=\"height:50px\" aria-hidden=\"true\" class=\"wp-block-spacer\"><\/div>\n\n\n\n<h2 class=\"wp-block-heading has-text-align-left has-background has-medium-font-size\" id=\"coordenadoria\" style=\"background-color:#e8ecf5\">COMIT\u00ca GESTOR<\/h2>\n\n\n\n<hr class=\"wp-block-separator has-text-color has-alpha-channel-opacity has-background is-style-wide\" style=\"background-color:#e8ecf5;color:#e8ecf5\"\/>\n\n\n\n<p>O\u00a0<strong>Comit\u00ea Gestor\u00a0<\/strong>do<strong>\u00a0Programa Professor Leitor<\/strong>\u00a0para o per\u00edodo de dezembro de 2022 a dezembro de 2023, foi nomeado pela\u00a0<a href=\"https:\/\/ufpr.br\/propg\/wp-content\/uploads\/2025\/09\/portaria_64_2022_prppg_cpgss.pdf\" target=\"_blank\" rel=\"noreferrer noopener\">Portaria 64 PRPPG\/CPGSS<\/a>\u00a0nos termos da\u00a0<a href=\"https:\/\/ufpr.br\/propg\/wp-content\/uploads\/2025\/09\/resolucao_cepe_35_04.pdf\" target=\"_blank\" rel=\"noreferrer noopener\">Resolu\u00e7\u00e3o 35\/04-CEPE<\/a>:<\/p>\n\n\n\n<ul class=\"wp-block-list\">\n<li><strong>Karine Marielly Rocha da Cunha<\/strong>,\u00a0<strong>presidente do comit\u00ea<\/strong>\u00a0e representante do Setor de Ci\u00eancias Humanas (CH);<\/li>\n<\/ul>\n\n\n\n<ul class=\"wp-block-list\">\n<li><strong>Mayara Elita Braz Carneiro<\/strong>, representante da Pr\u00f3-reitoria de Extens\u00e3o e Cultura (PROEC);\u00a0<\/li>\n<\/ul>\n\n\n\n<ul class=\"wp-block-list\">\n<li><strong>Maria Tereza Carneiro Soares<\/strong>, representante da Pr\u00f3-reitoria de Gradua\u00e7\u00e3o e Educa\u00e7\u00e3o Profissional (PROGRAD);<\/li>\n<\/ul>\n\n\n\n<ul class=\"wp-block-list\">\n<li><strong>Orlando Cesar Devai<\/strong>, representante da Pr\u00f3-reitoria de Planejamento, Or\u00e7amento e Finan\u00e7as (PROPLAN);<\/li>\n<\/ul>\n\n\n\n<ul class=\"wp-block-list\">\n<li><strong>Lucimara Stolz Roman<\/strong>, representante da Pr\u00f3-reitoria de Pesquisa e P\u00f3s-gradua\u00e7\u00e3o (PRPPG).<\/li>\n<\/ul>\n\n\n\n<div style=\"height:50px\" aria-hidden=\"true\" class=\"wp-block-spacer\"><\/div>\n\n\n\n<h2 class=\"wp-block-heading has-text-align-left has-background has-medium-font-size\" id=\"coordenadoria\" style=\"background-color:#e8ecf5\">ATAS DE REUNI\u00c3O<\/h2>\n\n\n\n<hr class=\"wp-block-separator has-text-color has-alpha-channel-opacity has-background is-style-wide\" style=\"background-color:#e8ecf5;color:#e8ecf5\"\/>\n\n\n\n<ul class=\"wp-block-list\">\n<li><a href=\"https:\/\/ufpr.br\/propg\/wp-content\/uploads\/2025\/09\/sei_5194287_ata_de_reuniao.pdf\" target=\"_blank\" rel=\"noreferrer noopener\">Ata da Reuni\u00e3o do Comit\u00ea Gestor do Programa Professor Leitor <\/a>realizada em 28\/12\/2022<\/li>\n<\/ul>\n\n\n\n<div style=\"height:50px\" aria-hidden=\"true\" class=\"wp-block-spacer\"><\/div>\n\n\n\n<h2 class=\"wp-block-heading has-text-align-left has-background has-medium-font-size\" id=\"coordenadoria\" style=\"background-color:#e8ecf5\">DOCUMENTOS<\/h2>\n\n\n\n<hr class=\"wp-block-separator has-text-color has-alpha-channel-opacity has-background is-style-wide\" style=\"background-color:#e8ecf5;color:#e8ecf5\"\/>\n\n\n\n<ul class=\"wp-block-list\">\n<li><a href=\"https:\/\/ufpr.br\/propg\/wp-content\/uploads\/2025\/09\/resolucao_cepe_35_04.pdf\" target=\"_blank\" rel=\"noreferrer noopener\">Resolu\u00e7\u00e3o 35\/04-CEPE<\/a>: estabelece normas para o Programa Professor Leitor na Universidade Federal do Paran\u00e1.<\/li>\n<\/ul>\n\n\n\n<ul class=\"wp-block-list\">\n<li><a href=\"https:\/\/ufpr.br\/propg\/wp-content\/uploads\/2025\/09\/portaria_64_2022_prppg_cpgss.pdf\" target=\"_blank\" rel=\"noreferrer noopener\">Portaria 64\/23-PRPPG\/CPGSS<\/a>: nomeia Comit\u00ea Gestor do Programa Professor Leitor para o per\u00edodo de dezembro de 2022 a dezembro de 2023<\/li>\n<\/ul>\n\n\n\n<div style=\"height:50px\" aria-hidden=\"true\" class=\"wp-block-spacer\"><\/div>\n\n\n\n<h2 class=\"wp-block-heading has-text-align-left has-background has-medium-font-size\" id=\"coordenadoria\" style=\"background-color:#e8ecf5\">LEITORADOS VIGENTES<\/h2>\n\n\n\n<hr class=\"wp-block-separator has-text-color has-alpha-channel-opacity has-background is-style-wide\" style=\"background-color:#e8ecf5;color:#e8ecf5\"\/>\n\n\n\n<h2 class=\"wp-block-heading\">Leitorado austr\u00edaco: Cristina Nicol Rettenberger<\/h2>\n\n\n\n<ul class=\"wp-block-list\">\n<li>para o ano de 2021 (mar\u00e7o a dezembro), processo SEI 23075.053826\/2020-55<\/li>\n<\/ul>\n\n\n\n<ul class=\"wp-block-list\">\n<li>para o ano de 2022 (janeiro a dezembro), processo SEI 23075.059127\/2021-08<\/li>\n<\/ul>\n\n\n\n<ul class=\"wp-block-list\">\n<li>para o ano de 2023 (janeiro a dezembro), processo SEI 23075.078336\/2022-23<\/li>\n<\/ul>\n\n\n\n<h2 class=\"wp-block-heading\">Leitorado alem\u00e3o: Sabine Reiter<\/h2>\n\n\n\n<ul class=\"wp-block-list\">\n<li>para os anos de 2021 e 2022 (maio de 2021 a dezembro de 2022), processo SEI 23075.006796\/2021-79<\/li>\n<\/ul>\n\n\n\n<ul class=\"wp-block-list\">\n<li>para o ano de 2023 (janeiro a dezembro), processo SEI 23075.078338\/2022-12<\/li>\n<\/ul>\n\n\n\n<h2 class=\"wp-block-heading\">Leitorado Polon\u00eas: Michalina Kny\u015b<\/h2>\n\n\n\n<ul class=\"wp-block-list\">\n<li>para os anos de 2021 e 2022 (fevereiro de 2021 a dezembro de 2022), processo SEI 23075.078331\/2022-09<\/li>\n<\/ul>\n\n\n\n<ul class=\"wp-block-list\">\n<li>para o ano de 2023 (janeiro a dezembro), processo SEI 23075.078338\/2022-12<\/li>\n<\/ul>\n\n\n\n<hr class=\"wp-block-separator has-text-color has-alpha-channel-opacity has-background is-style-wide\" style=\"background-color:#e8ecf5;color:#e8ecf5\"\/>\n\n\n\n<p class=\"has-text-color has-link-color wp-elements-35347cca6bfe07bb2bf966001a1b447f\" style=\"color:#243673\"><strong><a href=\"#topo\" title=\"\">Voltar ao topo<\/a><\/strong><\/p>\n<\/div>\n\n\n\n<div class=\"wp-block-column is-layout-flow wp-block-column-is-layout-flow\" style=\"flex-basis:10%\"><\/div>\n<\/div>\n","protected":false},"excerpt":{"rendered":"<p>Informa\u00e7\u00f5es sobre o Programa Professor Leitor da Universidade Federal do Paran\u00e1 O PROGRAMA PROFESSOR LEITOR Resolu\u00e7\u00e3o 35\/04-CEPE HIST\u00d3RICO Em breve mais informa\u00e7\u00f5es. O QUE \u00c9 UM LEITORADO Em breve mais informa\u00e7\u00f5es. D\u00daVIDAS FREQUENTES Em breve mais informa\u00e7\u00f5es. COMIT\u00ca GESTOR O\u00a0Comit\u00ea Gestor\u00a0do\u00a0Programa Professor Leitor\u00a0para o per\u00edodo de dezembro de 2022 a dezembro de 2023, foi nomeado [&hellip;]<\/p>\n","protected":false},"author":5,"featured_media":0,"parent":2756,"menu_order":0,"comment_status":"closed","ping_status":"closed","template":"","meta":{"footnotes":""},"class_list":["post-5198","page","type-page","status-publish","hentry"],"_links":{"self":[{"href":"https:\/\/ufpr.br\/propg\/wp-json\/wp\/v2\/pages\/5198","targetHints":{"allow":["GET"]}}],"collection":[{"href":"https:\/\/ufpr.br\/propg\/wp-json\/wp\/v2\/pages"}],"about":[{"href":"https:\/\/ufpr.br\/propg\/wp-json\/wp\/v2\/types\/page"}],"author":[{"embeddable":true,"href":"https:\/\/ufpr.br\/propg\/wp-json\/wp\/v2\/users\/5"}],"replies":[{"embeddable":true,"href":"https:\/\/ufpr.br\/propg\/wp-json\/wp\/v2\/comments?post=5198"}],"version-history":[{"count":27,"href":"https:\/\/ufpr.br\/propg\/wp-json\/wp\/v2\/pages\/5198\/revisions"}],"predecessor-version":[{"id":12856,"href":"https:\/\/ufpr.br\/propg\/wp-json\/wp\/v2\/pages\/5198\/revisions\/12856"}],"up":[{"embeddable":true,"href":"https:\/\/ufpr.br\/propg\/wp-json\/wp\/v2\/pages\/2756"}],"wp:attachment":[{"href":"https:\/\/ufpr.br\/propg\/wp-json\/wp\/v2\/media?parent=5198"}],"curies":[{"name":"wp","href":"https:\/\/api.w.org\/{rel}","templated":true}]}}