{"id":51880,"date":"2026-03-18T16:10:02","date_gmt":"2026-03-18T19:10:02","guid":{"rendered":"https:\/\/ufpr.br\/propg\/?page_id=51880"},"modified":"2026-04-24T16:23:55","modified_gmt":"2026-04-24T19:23:55","slug":"programa-de-assistencia-estudantil-da-pos-graduacao-paepg","status":"publish","type":"page","link":"https:\/\/ufpr.br\/propg\/sae\/programa-de-assistencia-estudantil-da-pos-graduacao-paepg\/","title":{"rendered":"Programa de Assist\u00eancia Estudantil da P\u00f3s-Gradua\u00e7\u00e3o (PAEPG)"},"content":{"rendered":"\n<p>A PROPG e a P4E lan\u00e7aram o\u00a0<strong>Programa de Assist\u00eancia Estudantil da P\u00f3s-Gradua\u00e7\u00e3o (PAEPG)<\/strong>, com\u00a0<strong>bolsas mensais de R$ 600,00<\/strong>\u00a0com vig\u00eancia de\u00a0<strong>at\u00e9 12 meses<\/strong>\u00a0para estudantes de mestrado e doutorado em situa\u00e7\u00e3o de vulnerabilidade socioecon\u00f4mica.<\/p>\n\n\n\n<p>Edital 2026: <a href=\"https:\/\/ufpr.br\/propg\/editais\/\">https:\/\/ufpr.br\/propg\/editais\/<\/a><strong>\u00a0<\/strong><\/p>\n\n\n\n<p>Edital 2025: <a href=\"https:\/\/ufpr.br\/propg\/editais\/edital-06-2025-propg-sae-e-p4e\/\">https:\/\/ufpr.br\/propg\/editais\/edital-06-2025-propg-sae-e-p4e\/<\/a><\/p>\n\n\n\n<p><\/p>\n\n\n\n<p>O PAEPG refor\u00e7a as pol\u00edticas institucionais de&nbsp;<strong>perman\u00eancia e equidade<\/strong>&nbsp;na p\u00f3s-gradua\u00e7\u00e3o.<\/p>\n","protected":false},"excerpt":{"rendered":"<p>A PROPG e a P4E lan\u00e7aram o\u00a0Programa de Assist\u00eancia Estudantil da P\u00f3s-Gradua\u00e7\u00e3o (PAEPG), com\u00a0bolsas mensais de R$ 600,00\u00a0com vig\u00eancia de\u00a0at\u00e9 12 meses\u00a0para estudantes de mestrado e doutorado em situa\u00e7\u00e3o de vulnerabilidade socioecon\u00f4mica. Edital 2026: https:\/\/ufpr.br\/propg\/editais\/\u00a0 Edital 2025: https:\/\/ufpr.br\/propg\/editais\/edital-06-2025-propg-sae-e-p4e\/ O PAEPG refor\u00e7a as pol\u00edticas institucionais de&nbsp;perman\u00eancia e equidade&nbsp;na p\u00f3s-gradua\u00e7\u00e3o.<\/p>\n","protected":false},"author":18,"featured_media":0,"parent":8941,"menu_order":0,"comment_status":"closed","ping_status":"closed","template":"","meta":{"footnotes":""},"class_list":["post-51880","page","type-page","status-publish","hentry"],"_links":{"self":[{"href":"https:\/\/ufpr.br\/propg\/wp-json\/wp\/v2\/pages\/51880","targetHints":{"allow":["GET"]}}],"collection":[{"href":"https:\/\/ufpr.br\/propg\/wp-json\/wp\/v2\/pages"}],"about":[{"href":"https:\/\/ufpr.br\/propg\/wp-json\/wp\/v2\/types\/page"}],"author":[{"embeddable":true,"href":"https:\/\/ufpr.br\/propg\/wp-json\/wp\/v2\/users\/18"}],"replies":[{"embeddable":true,"href":"https:\/\/ufpr.br\/propg\/wp-json\/wp\/v2\/comments?post=51880"}],"version-history":[{"count":4,"href":"https:\/\/ufpr.br\/propg\/wp-json\/wp\/v2\/pages\/51880\/revisions"}],"predecessor-version":[{"id":52342,"href":"https:\/\/ufpr.br\/propg\/wp-json\/wp\/v2\/pages\/51880\/revisions\/52342"}],"up":[{"embeddable":true,"href":"https:\/\/ufpr.br\/propg\/wp-json\/wp\/v2\/pages\/8941"}],"wp:attachment":[{"href":"https:\/\/ufpr.br\/propg\/wp-json\/wp\/v2\/media?parent=51880"}],"curies":[{"name":"wp","href":"https:\/\/api.w.org\/{rel}","templated":true}]}}