{"id":51652,"date":"2026-03-17T14:17:20","date_gmt":"2026-03-17T17:17:20","guid":{"rendered":"https:\/\/ufpr.br\/propg\/?page_id=51652"},"modified":"2026-03-24T11:23:29","modified_gmt":"2026-03-24T14:23:29","slug":"coleta-capes-2026-ano-base-2025","status":"publish","type":"page","link":"https:\/\/ufpr.br\/propg\/cpgss\/coleta-capes\/coleta-capes-2026-ano-base-2025\/","title":{"rendered":"Coleta Capes 2026 (ano base 2025)"},"content":{"rendered":"\n<p class=\"has-medium-font-size\">Atualizado em 24\/03\/2026<\/p>\n\n\n\n<p>\u00c0s Coordena\u00e7\u00f5es e&nbsp;Secretarias&nbsp;dos Programas de P\u00f3s-gradua\u00e7\u00e3o stricto sensu,<\/p>\n\n\n\n<p>Esta p\u00e1gina re\u00fane informa\u00e7\u00f5es gerais sobre o procedimento Coleta Capes 2026 (ano base 2025).&nbsp;&nbsp;<\/p>\n\n\n\n<p><\/p>\n\n\n\n<h2 class=\"wp-block-heading\">Calend\u00e1rio Coleta Capes<\/h2>\n\n\n\n<hr class=\"wp-block-separator has-alpha-channel-opacity\" id=\"topo\" \/>\n\n\n\n<div class=\"wp-block-group is-vertical is-layout-flex wp-container-core-group-is-layout-8cf370e7 wp-block-group-is-layout-flex\">\n<p>Conforme <a href=\"https:\/\/cad.capes.gov.br\/ato-administrativo-detalhar?idAtoAdmElastic=19688#anchor\">Portaria n\u00b0 14\/2026-Capes<\/a>:<\/p>\n\n\n\n<p>Art. 3\u00ba O preenchimento do Coleta de Dados do ano base 2025, excepcionalmente, ser\u00e1 realizado de forma parcial e autom\u00e1tica pela Plataforma Sucupira, n\u00e3o havendo homologa\u00e7\u00e3o da&nbsp;pr\u00f3-reitoria.<\/p>\n\n\n\n<p>Art. 4\u00ba O preenchimento dever\u00e1 ser realizado na Plataforma Sucupira com acesso por meio de login e senha, dispon\u00edvel em: https:\/\/sucupira.capes.gov.br, e deve contemplar o registro de discentes matriculados e titulados, de docentes e seus v\u00ednculos com o programa de p\u00f3s-gradua\u00e7\u00e3o stricto sensu e de&nbsp;p\u00f3s-doutorandos.&nbsp;<\/p>\n\n\n\n<p>Art. 5\u00ba O preenchimento do Coleta do ano base 2025 seguir\u00e1 o prazo definido na tabela abaixo:&nbsp;<\/p>\n\n\n\n<p>\u202f&nbsp;<\/p>\n\n\n\n<figure class=\"wp-block-table\"><table class=\"has-fixed-layout\"><tbody><tr><td>Processo&nbsp;<\/td><td>Submiss\u00e3o pelos Programas&nbsp;<\/td><td>Modo de envio&nbsp;<\/td><\/tr><tr><td>COLETA DE DADOS \u2013 ano base 2025 (Coleta Parcial) *&nbsp;<\/td><td><strong>At\u00e9 31\/03\/2026<\/strong>&nbsp;<\/td><td>Coleta autom\u00e1tica pela Plataforma Sucupira&nbsp;<\/td><\/tr><\/tbody><\/table><\/figure>\n\n\n\n<p>*Data limite para registro de discentes matriculados e titulados, de docentes e seus v\u00ednculos com o PPG e de&nbsp;p\u00f3s-doutorandos.&nbsp;<\/p>\n<\/div>\n\n\n\n<h2 class=\"wp-block-heading\"><strong>Perguntas frequentes (FAQ<\/strong>)<\/h2>\n\n\n\n<div class=\"wp-block-group\"><div class=\"wp-block-group__inner-container is-layout-constrained wp-block-group-is-layout-constrained\">\n<div class=\"wp-block-group\"><div class=\"wp-block-group__inner-container is-layout-constrained wp-block-group-is-layout-constrained\">\n<ul class=\"wp-block-list\">\n<li><strong>O que o programa precisa informar?<\/strong>&nbsp;<\/li>\n<\/ul>\n\n\n\n<p>Registro de discentes matriculados e titulados, de docentes e seus v\u00ednculos com o programa de p\u00f3s-gradua\u00e7\u00e3o stricto sensu e de&nbsp;p\u00f3s-doutorandos.&nbsp;<\/p>\n\n\n\n<p>N\u00e3o \u00e9 necess\u00e1rio informar dados&nbsp;como produ\u00e7\u00e3o&nbsp;intelectual, texto sobre o programa, disciplinas, linhas de&nbsp;pesquisa, etc.&nbsp;Esses m\u00f3dulos ainda n\u00e3o est\u00e3o dispon\u00edveis na plataforma.<\/p>\n\n\n\n<p>Na&nbsp;se\u00e7\u00e3o mais&nbsp;abaixo listamos os&nbsp;tutorias&nbsp;da Capes sobre&nbsp;sobre&nbsp;os m\u00f3dulos&nbsp;dispon\u00edveis na plataforma.&nbsp;<\/p>\n\n\n\n<ul class=\"wp-block-list\">\n<li><strong>Como&nbsp;o programa vai&nbsp;informar&nbsp;os dados?<\/strong>&nbsp;<\/li>\n<\/ul>\n\n\n\n<p>O preenchimento dever\u00e1 ser realizado&nbsp;pela coordena\u00e7\u00e3o do PPG via&nbsp;Plataforma Sucupira,&nbsp;com acesso por meio de login e senha: https:\/\/sucupira.capes.gov.br&nbsp;<\/p>\n\n\n\n<ul class=\"wp-block-list\">\n<li><strong>Como enviar os dados?<\/strong>&nbsp;<\/li>\n<\/ul>\n\n\n\n<p>N\u00e3o \u00e9 necess\u00e1rio enviar os dados como feito anteriormente. Basta atualizar os dados necess\u00e1rios at\u00e9 a data prevista no cronograma. Na sequ\u00eancia a Capes far\u00e1&nbsp;coleta autom\u00e1tica pela Plataforma Sucupira.&nbsp;<\/p>\n\n\n\n<ul class=\"wp-block-list\">\n<li><strong>A Plataforma Sucupira vai pegar os dados do Siga&nbsp;UFPR&nbsp;automaticamente?<\/strong>&nbsp;<\/li>\n<\/ul>\n\n\n\n<p>Ainda n\u00e3o. A integra\u00e7\u00e3o entre a Plataforma Sucupira e o Siga UFPR&nbsp;j\u00e1&nbsp;est\u00e1&nbsp;na etapa de&nbsp;desenvolvimento, conforme parceria estabelecida entre as institui\u00e7\u00f5es no&nbsp;Programa de Governan\u00e7a Colaborativa de Informa\u00e7\u00f5es da P\u00f3s-Gradua\u00e7\u00e3o (GoPG).&nbsp;Portanto, ainda n\u00e3o haver\u00e1 troca automatizada dos dados&nbsp;entre Siga-Sucupira.&nbsp;Assim que a integra\u00e7\u00e3o estiver pronta e funcional, os programas ser\u00e3o amplamente comunicados.<\/p>\n\n\n\n<ul class=\"wp-block-list\">\n<li><strong>Como cadastrar o apoio ao preenchimento (secretarias, vice-coord, etc.)?<\/strong><\/li>\n<\/ul>\n\n\n\n<p>A coordena\u00e7\u00e3o do PPG deve acessar a Plataforma Sucupira no m\u00f3dulo antigo e registrar a pessoa no menu Pessoas&gt;Apoio ao preenchimento. Ap\u00f3s isso, a pessoa registrada ter\u00e1 acesso \u00e0 nova Plataforma Sucupira, ao perfil espec\u00edfico de apoio ao preenchimento. Veja aqui Tutorial registro de Apoio ao preenchimento:&nbsp;<a href=\"https:\/\/sites.google.com\/view\/tutorialsucupira\/pessoas\/apoio-ao-preenchimento\">https:\/\/sites.google.com\/view\/tutorialsucupira\/pessoas\/apoio-ao-preenchimento<\/a><\/p>\n\n\n\n<ul class=\"wp-block-list\">\n<li><strong>Como encerrar o v\u00ednculo discente (titula\u00e7\u00e3o, desligamento, mudan\u00e7a de n\u00edvel)?<\/strong><\/li>\n<\/ul>\n\n\n\n<p>\u00a0O registro deve ser feito no cadastro do discente, na aba Desvincula\u00e7\u00e3o. <a href=\"https:\/\/ufpr.br\/propg\/wp-content\/uploads\/2026\/03\/coelta_email_titular_resp.pdf\">Veja aqui a resposta da Capes sobre o tema.<\/a><\/p>\n<\/div><\/div>\n<\/div><\/div>\n\n\n\n<h2 class=\"wp-block-heading\"><strong>Tutoriais<\/strong><\/h2>\n\n\n\n<ul class=\"wp-block-list\">\n<li>Tutorial de uso plataforma sucupira novo coleta de dados (playlist):&nbsp;<a href=\"https:\/\/youtube.com\/playlist?list=PLvBD2eYOmy4DaoCC0D0vlMfOmjWy6D75b&amp;si=NilZ25dd_4C71NTO\">https:\/\/youtube.com\/playlist?list=PLvBD2eYOmy4DaoCC0D0vlMfOmjWy6D75b&amp;si=NilZ25dd_4C71NTO<\/a><\/li>\n\n\n\n<li>Tutorial registro de Apoio ao preenchimento:&nbsp;<a href=\"https:\/\/sites.google.com\/view\/tutorialsucupira\/pessoas\/apoio-ao-preenchimento\">https:\/\/sites.google.com\/view\/tutorialsucupira\/pessoas\/apoio-ao-preenchimento<\/a>&nbsp;<\/li>\n<\/ul>\n\n\n\n<p><strong>Contato Capes<\/strong><\/p>\n\n\n\n<p>Em caso de d\u00favidas ou problemas t\u00e9cnicos envie e-mail para:&nbsp;<a href=\"mailto:falecomdav@capes.gov.br\">falecomdav@capes.gov.br<\/a><\/p>\n\n\n\n<p>\u00c9 interessante informar no e-mail o nome e c\u00f3digo do programa, bem como inserir imagem das telas utilizadas (printscreen)<\/p>\n\n\n\n<figure class=\"wp-block-embed is-type-video is-provider-youtube wp-block-embed-youtube wp-embed-aspect-16-9 wp-has-aspect-ratio\"><div class=\"wp-block-embed__wrapper\">\n<iframe loading=\"lazy\" title=\"Tutoriais de uso da Plataforma Sucupira (nova sistem\u00e1tica do Coleta 2025)\" width=\"500\" height=\"281\" src=\"https:\/\/www.youtube.com\/embed\/videoseries?list=PLvBD2eYOmy4DaoCC0D0vlMfOmjWy6D75b\" frameborder=\"0\" allow=\"accelerometer; autoplay; clipboard-write; encrypted-media; gyroscope; picture-in-picture; web-share\" referrerpolicy=\"strict-origin-when-cross-origin\" allowfullscreen><\/iframe>\n<\/div><\/figure>\n\n\n\n<h2 class=\"wp-block-heading\">Normas relacionadas<\/h2>\n\n\n\n<ul class=\"wp-block-list\">\n<li>Portaria n\u00ba 14, de 9 de Janeiro de 2026 Capes: Estabelece o calend\u00e1rio da avalia\u00e7\u00e3o da p\u00f3s-gradua\u00e7\u00e3o stricto sensu para o ano de 2026:&nbsp;<a href=\"https:\/\/cad.capes.gov.br\/ato-administrativo-detalhar?idAtoAdmElastic=19688%23anchor\">https:\/\/cad.capes.gov.br\/ato-administrativo-detalhar?idAtoAdmElastic=19688#anchor<\/a>&nbsp;<\/li>\n<\/ul>\n\n\n\n<h2 class=\"wp-block-heading\">Outros Documentos<\/h2>\n\n\n\n<ul class=\"wp-block-list\">\n<li>Of\u00edcio Circular\u00a0n\u00ba 2\/2026-DAV\/CAPES:\u00a0Portaria Capes n\u00ba 14, de 09 de janeiro de 2026. Calend\u00e1rio de atividades da avalia\u00e7\u00e3o da p\u00f3s-gradua\u00e7\u00e3o stricto sensu para o ano de 2026\u00a0(20\/01\/2026):\u00a0<a href=\"https:\/\/ufpr.br\/propg\/wp-content\/uploads\/2026\/03\/oficio_circular_2753867.pdf\">https:\/\/ufpr.br\/propg\/wp-content\/uploads\/2026\/03\/oficio_circular_2753867.pdf<\/a><\/li>\n\n\n\n<li>Of\u00edcio Circular n\u00ba 13\/2026-DAV\/CAPES &#8211; Coleta de Dados da nova Plataforma Sucupira (19\/03\/26): <a href=\"https:\/\/ufpr.br\/propg\/wp-content\/uploads\/2026\/03\/Oficio_Circular_13_DAV_COLETA.pdf\">https:\/\/ufpr.br\/propg\/wp-content\/uploads\/2026\/03\/Oficio_Circular_13_DAV_COLETA.pdf<\/a>\u00a0<\/li>\n<\/ul>\n\n\n\n<div class=\"wp-block-buttons is-layout-flex wp-block-buttons-is-layout-flex\">\n<div class=\"wp-block-button\"><a class=\"wp-block-button__link wp-element-button\" href=\"#topo\">Voltar ao topo<\/a><\/div>\n<\/div>\n","protected":false},"excerpt":{"rendered":"<p>Atualizado em 24\/03\/2026 \u00c0s Coordena\u00e7\u00f5es e&nbsp;Secretarias&nbsp;dos Programas de P\u00f3s-gradua\u00e7\u00e3o stricto sensu, Esta p\u00e1gina re\u00fane informa\u00e7\u00f5es gerais sobre o procedimento Coleta Capes 2026 (ano base 2025).&nbsp;&nbsp; Calend\u00e1rio Coleta Capes Conforme Portaria n\u00b0 14\/2026-Capes: Art. 3\u00ba O preenchimento do Coleta de Dados do ano base 2025, excepcionalmente, ser\u00e1 realizado de forma parcial e autom\u00e1tica pela Plataforma Sucupira, [&hellip;]<\/p>\n","protected":false},"author":18,"featured_media":0,"parent":3780,"menu_order":0,"comment_status":"closed","ping_status":"closed","template":"","meta":{"footnotes":""},"class_list":["post-51652","page","type-page","status-publish","hentry"],"_links":{"self":[{"href":"https:\/\/ufpr.br\/propg\/wp-json\/wp\/v2\/pages\/51652","targetHints":{"allow":["GET"]}}],"collection":[{"href":"https:\/\/ufpr.br\/propg\/wp-json\/wp\/v2\/pages"}],"about":[{"href":"https:\/\/ufpr.br\/propg\/wp-json\/wp\/v2\/types\/page"}],"author":[{"embeddable":true,"href":"https:\/\/ufpr.br\/propg\/wp-json\/wp\/v2\/users\/18"}],"replies":[{"embeddable":true,"href":"https:\/\/ufpr.br\/propg\/wp-json\/wp\/v2\/comments?post=51652"}],"version-history":[{"count":9,"href":"https:\/\/ufpr.br\/propg\/wp-json\/wp\/v2\/pages\/51652\/revisions"}],"predecessor-version":[{"id":52050,"href":"https:\/\/ufpr.br\/propg\/wp-json\/wp\/v2\/pages\/51652\/revisions\/52050"}],"up":[{"embeddable":true,"href":"https:\/\/ufpr.br\/propg\/wp-json\/wp\/v2\/pages\/3780"}],"wp:attachment":[{"href":"https:\/\/ufpr.br\/propg\/wp-json\/wp\/v2\/media?parent=51652"}],"curies":[{"name":"wp","href":"https:\/\/api.w.org\/{rel}","templated":true}]}}